{"id":250955,"date":"2025-06-05T11:05:23","date_gmt":"2025-06-05T09:05:23","guid":{"rendered":"https:\/\/www.educaborras.com\/product\/18930\/"},"modified":"2026-04-30T02:09:48","modified_gmt":"2026-04-30T00:09:48","slug":"18930-ca","status":"publish","type":"product","link":"https:\/\/www.educaborras.com\/ca\/producte\/18930-ca\/","title":{"rendered":"Acuarela m\u00e1gica Miraculous Ladybug"},"content":{"rendered":"<p>Pinta 5 quadres amb pintura d&#8217;aquarel\u00b7la. \u00c9s f\u00e0cil, els quadres tenen una textura impresa que fa que l&#8217;aquarel\u00b7la nom\u00e9s es dipositi en les \u00e0rees a pintar (sense sortir de la l\u00ednia), donant un bell efecte i un acabat espectacular a el quadre. Cont\u00e9: 5 quadres per a pintar amb aquarel\u00b7la m\u00e0giques, 1 caixa d&#8217;aquarel\u00b7la de 12 colors, 1 pinzell ample i pla, 1 pinzell fi, instruccions.<\/p>\n","protected":false},"excerpt":{"rendered":"<p>Pinta 5 quadres amb pintura d&#8217;aquarel\u00b7la.<\/p>\n","protected":false},"featured_media":162163,"template":"","meta":{"_acf_changed":false},"product_brand":[],"product_cat":[73223],"product_tag":[92782,92783,92784,92785,92786,92787,92788,82614,74080,92789,92790,92791,92792,92793,81659,81959,92794,92795,81961,92796,81963,92797,92798,92799,92800,92801,92802,92803,92804,92805,83670,92806,92807],"class_list":{"0":"post-250955","1":"product","2":"type-product","3":"status-publish","4":"has-post-thumbnail","6":"product_cat-producte-descatalogat","7":"product_tag-18930-ca","8":"product_tag-actividad-ca","9":"product_tag-activite-ca","10":"product_tag-acuarela-ca","11":"product_tag-adrien-ca","12":"product_tag-aquarella-ca","13":"product_tag-aquarelle-ca","14":"product_tag-art-ca","15":"product_tag-arte-ca","16":"product_tag-artistic-ca","17":"product_tag-artistico-ca","18":"product_tag-artistique-ca","19":"product_tag-auguarela-ca","20":"product_tag-chat-noir-ca","21":"product_tag-creacion-ca","22":"product_tag-creatif-ca","23":"product_tag-creation-ca","24":"product_tag-creatiu-ca","25":"product_tag-creative-ca","26":"product_tag-creativo-ca","27":"product_tag-creer-ca","28":"product_tag-ladybug-ca","29":"product_tag-magic-watercolor-ca","30":"product_tag-magica-ca","31":"product_tag-magique-ca","32":"product_tag-marinette-ca","33":"product_tag-miraculous-ca","34":"product_tag-miraculous-ladybug-ca","35":"product_tag-peindre-ca","36":"product_tag-peinture-ca","37":"product_tag-pintar-ca","38":"product_tag-tableau-ca","39":"product_tag-tableaux-ca","41":"first","42":"instock","43":"shipping-taxable","44":"product-type-simple"},"acf":[],"yoast_head":"<!-- This site is optimized with the Yoast SEO plugin v27.1.1 - https:\/\/yoast.com\/product\/yoast-seo-wordpress\/ -->\n<title>Acuarela m\u00e1gica Miraculous Ladybug - Educa Borras<\/title>\n<meta name=\"robots\" content=\"index, follow, max-snippet:-1, max-image-preview:large, max-video-preview:-1\" \/>\n<link rel=\"canonical\" href=\"https:\/\/www.educaborras.com\/ca\/producte\/18930-ca\/\" \/>\n<script type=\"application\/ld+json\" class=\"yoast-schema-graph\">{\"@context\":\"https:\/\/schema.org\",\"@graph\":[{\"@type\":\"WebPage\",\"@id\":\"https:\/\/www.educaborras.com\/ca\/producte\/18930-ca\/\",\"url\":\"https:\/\/www.educaborras.com\/ca\/producte\/18930-ca\/\",\"name\":\"Acuarela m\u00e1gica Miraculous Ladybug - Educa Borras\",\"isPartOf\":{\"@id\":\"https:\/\/www.educaborras.com\/ca\/#website\"},\"primaryImageOfPage\":{\"@id\":\"https:\/\/www.educaborras.com\/ca\/producte\/18930-ca\/#primaryimage\"},\"image\":{\"@id\":\"https:\/\/www.educaborras.com\/ca\/producte\/18930-ca\/#primaryimage\"},\"thumbnailUrl\":\"https:\/\/www.educaborras.com\/wp-content\/uploads\/18930_01_med-11.jpg\",\"datePublished\":\"2025-06-05T09:05:23+00:00\",\"dateModified\":\"2026-04-30T00:09:48+00:00\",\"breadcrumb\":{\"@id\":\"https:\/\/www.educaborras.com\/ca\/producte\/18930-ca\/#breadcrumb\"},\"inLanguage\":\"ca\",\"potentialAction\":[{\"@type\":\"ReadAction\",\"target\":[\"https:\/\/www.educaborras.com\/ca\/producte\/18930-ca\/\"]}]},{\"@type\":\"ImageObject\",\"inLanguage\":\"ca\",\"@id\":\"https:\/\/www.educaborras.com\/ca\/producte\/18930-ca\/#primaryimage\",\"url\":\"https:\/\/www.educaborras.com\/wp-content\/uploads\/18930_01_med-11.jpg\",\"contentUrl\":\"https:\/\/www.educaborras.com\/wp-content\/uploads\/18930_01_med-11.jpg\"},{\"@type\":\"BreadcrumbList\",\"@id\":\"https:\/\/www.educaborras.com\/ca\/producte\/18930-ca\/#breadcrumb\",\"itemListElement\":[{\"@type\":\"ListItem\",\"position\":1,\"name\":\"Portada\",\"item\":\"https:\/\/www.educaborras.com\/ca\/\"},{\"@type\":\"ListItem\",\"position\":2,\"name\":\"Productes\",\"item\":\"https:\/\/www.educaborras.com\/ca\/shop\/\"},{\"@type\":\"ListItem\",\"position\":3,\"name\":\"Acuarela m\u00e1gica Miraculous Ladybug\"}]},{\"@type\":\"WebSite\",\"@id\":\"https:\/\/www.educaborras.com\/ca\/#website\",\"url\":\"https:\/\/www.educaborras.com\/ca\/\",\"name\":\"Educa Borras\",\"description\":\"\",\"publisher\":{\"@id\":\"https:\/\/www.educaborras.com\/ca\/#organization\"},\"potentialAction\":[{\"@type\":\"SearchAction\",\"target\":{\"@type\":\"EntryPoint\",\"urlTemplate\":\"https:\/\/www.educaborras.com\/ca\/?s={search_term_string}\"},\"query-input\":{\"@type\":\"PropertyValueSpecification\",\"valueRequired\":true,\"valueName\":\"search_term_string\"}}],\"inLanguage\":\"ca\"},{\"@type\":\"Organization\",\"@id\":\"https:\/\/www.educaborras.com\/ca\/#organization\",\"name\":\"Educa Borras\",\"url\":\"https:\/\/www.educaborras.com\/ca\/\",\"logo\":{\"@type\":\"ImageObject\",\"inLanguage\":\"ca\",\"@id\":\"https:\/\/www.educaborras.com\/ca\/#\/schema\/logo\/image\/\",\"url\":\"https:\/\/www.educaborras.com\/wp-content\/uploads\/cropped-LOGOS-EDUCA-BORRAS_retina.png\",\"contentUrl\":\"https:\/\/www.educaborras.com\/wp-content\/uploads\/cropped-LOGOS-EDUCA-BORRAS_retina.png\",\"caption\":\"Educa Borras\"},\"image\":{\"@id\":\"https:\/\/www.educaborras.com\/ca\/#\/schema\/logo\/image\/\"}}]}<\/script>\n<!-- \/ Yoast SEO plugin. -->","yoast_head_json":{"title":"Acuarela m\u00e1gica Miraculous Ladybug - Educa Borras","robots":{"index":"index","follow":"follow","max-snippet":"max-snippet:-1","max-image-preview":"max-image-preview:large","max-video-preview":"max-video-preview:-1"},"canonical":"https:\/\/www.educaborras.com\/ca\/producte\/18930-ca\/","schema":{"@context":"https:\/\/schema.org","@graph":[{"@type":"WebPage","@id":"https:\/\/www.educaborras.com\/ca\/producte\/18930-ca\/","url":"https:\/\/www.educaborras.com\/ca\/producte\/18930-ca\/","name":"Acuarela m\u00e1gica Miraculous Ladybug - Educa Borras","isPartOf":{"@id":"https:\/\/www.educaborras.com\/ca\/#website"},"primaryImageOfPage":{"@id":"https:\/\/www.educaborras.com\/ca\/producte\/18930-ca\/#primaryimage"},"image":{"@id":"https:\/\/www.educaborras.com\/ca\/producte\/18930-ca\/#primaryimage"},"thumbnailUrl":"https:\/\/www.educaborras.com\/wp-content\/uploads\/18930_01_med-11.jpg","datePublished":"2025-06-05T09:05:23+00:00","dateModified":"2026-04-30T00:09:48+00:00","breadcrumb":{"@id":"https:\/\/www.educaborras.com\/ca\/producte\/18930-ca\/#breadcrumb"},"inLanguage":"ca","potentialAction":[{"@type":"ReadAction","target":["https:\/\/www.educaborras.com\/ca\/producte\/18930-ca\/"]}]},{"@type":"ImageObject","inLanguage":"ca","@id":"https:\/\/www.educaborras.com\/ca\/producte\/18930-ca\/#primaryimage","url":"https:\/\/www.educaborras.com\/wp-content\/uploads\/18930_01_med-11.jpg","contentUrl":"https:\/\/www.educaborras.com\/wp-content\/uploads\/18930_01_med-11.jpg"},{"@type":"BreadcrumbList","@id":"https:\/\/www.educaborras.com\/ca\/producte\/18930-ca\/#breadcrumb","itemListElement":[{"@type":"ListItem","position":1,"name":"Portada","item":"https:\/\/www.educaborras.com\/ca\/"},{"@type":"ListItem","position":2,"name":"Productes","item":"https:\/\/www.educaborras.com\/ca\/shop\/"},{"@type":"ListItem","position":3,"name":"Acuarela m\u00e1gica Miraculous Ladybug"}]},{"@type":"WebSite","@id":"https:\/\/www.educaborras.com\/ca\/#website","url":"https:\/\/www.educaborras.com\/ca\/","name":"Educa Borras","description":"","publisher":{"@id":"https:\/\/www.educaborras.com\/ca\/#organization"},"potentialAction":[{"@type":"SearchAction","target":{"@type":"EntryPoint","urlTemplate":"https:\/\/www.educaborras.com\/ca\/?s={search_term_string}"},"query-input":{"@type":"PropertyValueSpecification","valueRequired":true,"valueName":"search_term_string"}}],"inLanguage":"ca"},{"@type":"Organization","@id":"https:\/\/www.educaborras.com\/ca\/#organization","name":"Educa Borras","url":"https:\/\/www.educaborras.com\/ca\/","logo":{"@type":"ImageObject","inLanguage":"ca","@id":"https:\/\/www.educaborras.com\/ca\/#\/schema\/logo\/image\/","url":"https:\/\/www.educaborras.com\/wp-content\/uploads\/cropped-LOGOS-EDUCA-BORRAS_retina.png","contentUrl":"https:\/\/www.educaborras.com\/wp-content\/uploads\/cropped-LOGOS-EDUCA-BORRAS_retina.png","caption":"Educa Borras"},"image":{"@id":"https:\/\/www.educaborras.com\/ca\/#\/schema\/logo\/image\/"}}]}},"_links":{"self":[{"href":"https:\/\/www.educaborras.com\/ca\/wp-json\/wp\/v2\/product\/250955","targetHints":{"allow":["GET"]}}],"collection":[{"href":"https:\/\/www.educaborras.com\/ca\/wp-json\/wp\/v2\/product"}],"about":[{"href":"https:\/\/www.educaborras.com\/ca\/wp-json\/wp\/v2\/types\/product"}],"wp:featuredmedia":[{"embeddable":true,"href":"https:\/\/www.educaborras.com\/ca\/wp-json\/wp\/v2\/media\/162163"}],"wp:attachment":[{"href":"https:\/\/www.educaborras.com\/ca\/wp-json\/wp\/v2\/media?parent=250955"}],"wp:term":[{"taxonomy":"product_brand","embeddable":true,"href":"https:\/\/www.educaborras.com\/ca\/wp-json\/wp\/v2\/product_brand?post=250955"},{"taxonomy":"product_cat","embeddable":true,"href":"https:\/\/www.educaborras.com\/ca\/wp-json\/wp\/v2\/product_cat?post=250955"},{"taxonomy":"product_tag","embeddable":true,"href":"https:\/\/www.educaborras.com\/ca\/wp-json\/wp\/v2\/product_tag?post=250955"}],"curies":[{"name":"wp","href":"https:\/\/api.w.org\/{rel}","templated":true}]}}