{"id":250947,"date":"2025-06-05T11:05:29","date_gmt":"2025-06-05T09:05:29","guid":{"rendered":"https:\/\/www.educaborras.com\/product\/11874\/"},"modified":"2026-04-20T02:55:32","modified_gmt":"2026-04-20T00:55:32","slug":"11874-ca","status":"publish","type":"product","link":"https:\/\/www.educaborras.com\/ca\/producte\/11874-ca\/","title":{"rendered":"1000 Collage Gaud\u00ed &#8220;Miniature&#8221;"},"content":{"rendered":"<p>Educa\u00ae t&#8217;ofereix la col\u00b7lecci\u00f3 de puzles adults m\u00e9s completa del mercat, amb formats des de les 500 fins a les 42000 peces i amb les millors imatges i els personatges m\u00e9s divertits. Mides aproximades del puzle muntat: 30 x 46 cm. En tots els puzles des de 500 fins a 2.000 peces (inclosos) regalem la cola especial FIX PUZZLE\u00ae per poder penjar el puzle un cop finalitzat el muntatge.<\/p>\n","protected":false},"excerpt":{"rendered":"<p>El puzle de 1.000 peces m\u00e9s petit del m\u00f3n.<\/p>\n","protected":false},"featured_media":162198,"template":"","meta":{"_acf_changed":false},"product_brand":[],"product_cat":[73223],"product_tag":[74153,74154,74155,74156,74157,74158,74159,74160,74161,74162,74163,74164,74165,74166,74167,74168,74169,74170,74171,74172,74173,74174],"class_list":{"0":"post-250947","1":"product","2":"type-product","3":"status-publish","4":"has-post-thumbnail","6":"product_cat-producte-descatalogat","7":"product_tag-1000-collage-gaudi-miniature-ca","8":"product_tag-1000-gaudi-ca","9":"product_tag-1000-gaudi-collage-miniature-ca","10":"product_tag-11874-ca","11":"product_tag-barcelona-ca","12":"product_tag-barna-ca","13":"product_tag-collage-miniature-ca","14":"product_tag-educa-ca","15":"product_tag-educa-borras-ca","16":"product_tag-educa-borras-puzzle-ca","17":"product_tag-educa-miniature-ca","18":"product_tag-educa-puzzle-ca","19":"product_tag-educa-puzzle-miniature-ca","20":"product_tag-educa-puzzle-passion-ca","21":"product_tag-educa-puzzles-ca","22":"product_tag-gaudi-ca","23":"product_tag-puzzle-mil-pieces-miniature-ca","24":"product_tag-puzzle-miniature-ca","25":"product_tag-puzzle-miniature-educa-ca","26":"product_tag-puzzle-passion-ca","27":"product_tag-puzzle-pecas-pequenas-ca","28":"product_tag-puzzle-plus-petit-ca","30":"first","31":"instock","32":"shipping-taxable","33":"product-type-simple"},"acf":[],"yoast_head":"<!-- This site is optimized with the Yoast SEO plugin v27.1.1 - https:\/\/yoast.com\/product\/yoast-seo-wordpress\/ -->\n<title>1000 Collage Gaud\u00ed &quot;Miniature&quot; - Educa Borras<\/title>\n<meta name=\"robots\" content=\"index, follow, max-snippet:-1, max-image-preview:large, max-video-preview:-1\" \/>\n<link rel=\"canonical\" href=\"https:\/\/www.educaborras.com\/ca\/producte\/11874-ca\/\" \/>\n<script type=\"application\/ld+json\" class=\"yoast-schema-graph\">{\"@context\":\"https:\/\/schema.org\",\"@graph\":[{\"@type\":\"WebPage\",\"@id\":\"https:\/\/www.educaborras.com\/ca\/producte\/11874-ca\/\",\"url\":\"https:\/\/www.educaborras.com\/ca\/producte\/11874-ca\/\",\"name\":\"1000 Collage Gaud\u00ed \\\"Miniature\\\" - Educa Borras\",\"isPartOf\":{\"@id\":\"https:\/\/www.educaborras.com\/ca\/#website\"},\"primaryImageOfPage\":{\"@id\":\"https:\/\/www.educaborras.com\/ca\/producte\/11874-ca\/#primaryimage\"},\"image\":{\"@id\":\"https:\/\/www.educaborras.com\/ca\/producte\/11874-ca\/#primaryimage\"},\"thumbnailUrl\":\"https:\/\/www.educaborras.com\/wp-content\/uploads\/11876_01_high-1-8.jpg\",\"datePublished\":\"2025-06-05T09:05:29+00:00\",\"dateModified\":\"2026-04-20T00:55:32+00:00\",\"breadcrumb\":{\"@id\":\"https:\/\/www.educaborras.com\/ca\/producte\/11874-ca\/#breadcrumb\"},\"inLanguage\":\"ca\",\"potentialAction\":[{\"@type\":\"ReadAction\",\"target\":[\"https:\/\/www.educaborras.com\/ca\/producte\/11874-ca\/\"]}]},{\"@type\":\"ImageObject\",\"inLanguage\":\"ca\",\"@id\":\"https:\/\/www.educaborras.com\/ca\/producte\/11874-ca\/#primaryimage\",\"url\":\"https:\/\/www.educaborras.com\/wp-content\/uploads\/11876_01_high-1-8.jpg\",\"contentUrl\":\"https:\/\/www.educaborras.com\/wp-content\/uploads\/11876_01_high-1-8.jpg\"},{\"@type\":\"BreadcrumbList\",\"@id\":\"https:\/\/www.educaborras.com\/ca\/producte\/11874-ca\/#breadcrumb\",\"itemListElement\":[{\"@type\":\"ListItem\",\"position\":1,\"name\":\"Portada\",\"item\":\"https:\/\/www.educaborras.com\/ca\/\"},{\"@type\":\"ListItem\",\"position\":2,\"name\":\"Productes\",\"item\":\"https:\/\/www.educaborras.com\/ca\/shop\/\"},{\"@type\":\"ListItem\",\"position\":3,\"name\":\"1000 Collage Gaud\u00ed &#8220;Miniature&#8221;\"}]},{\"@type\":\"WebSite\",\"@id\":\"https:\/\/www.educaborras.com\/ca\/#website\",\"url\":\"https:\/\/www.educaborras.com\/ca\/\",\"name\":\"Educa Borras\",\"description\":\"\",\"publisher\":{\"@id\":\"https:\/\/www.educaborras.com\/ca\/#organization\"},\"potentialAction\":[{\"@type\":\"SearchAction\",\"target\":{\"@type\":\"EntryPoint\",\"urlTemplate\":\"https:\/\/www.educaborras.com\/ca\/?s={search_term_string}\"},\"query-input\":{\"@type\":\"PropertyValueSpecification\",\"valueRequired\":true,\"valueName\":\"search_term_string\"}}],\"inLanguage\":\"ca\"},{\"@type\":\"Organization\",\"@id\":\"https:\/\/www.educaborras.com\/ca\/#organization\",\"name\":\"Educa Borras\",\"url\":\"https:\/\/www.educaborras.com\/ca\/\",\"logo\":{\"@type\":\"ImageObject\",\"inLanguage\":\"ca\",\"@id\":\"https:\/\/www.educaborras.com\/ca\/#\/schema\/logo\/image\/\",\"url\":\"https:\/\/www.educaborras.com\/wp-content\/uploads\/cropped-LOGOS-EDUCA-BORRAS_retina.png\",\"contentUrl\":\"https:\/\/www.educaborras.com\/wp-content\/uploads\/cropped-LOGOS-EDUCA-BORRAS_retina.png\",\"caption\":\"Educa Borras\"},\"image\":{\"@id\":\"https:\/\/www.educaborras.com\/ca\/#\/schema\/logo\/image\/\"}}]}<\/script>\n<!-- \/ Yoast SEO plugin. -->","yoast_head_json":{"title":"1000 Collage Gaud\u00ed \"Miniature\" - Educa Borras","robots":{"index":"index","follow":"follow","max-snippet":"max-snippet:-1","max-image-preview":"max-image-preview:large","max-video-preview":"max-video-preview:-1"},"canonical":"https:\/\/www.educaborras.com\/ca\/producte\/11874-ca\/","schema":{"@context":"https:\/\/schema.org","@graph":[{"@type":"WebPage","@id":"https:\/\/www.educaborras.com\/ca\/producte\/11874-ca\/","url":"https:\/\/www.educaborras.com\/ca\/producte\/11874-ca\/","name":"1000 Collage Gaud\u00ed \"Miniature\" - Educa Borras","isPartOf":{"@id":"https:\/\/www.educaborras.com\/ca\/#website"},"primaryImageOfPage":{"@id":"https:\/\/www.educaborras.com\/ca\/producte\/11874-ca\/#primaryimage"},"image":{"@id":"https:\/\/www.educaborras.com\/ca\/producte\/11874-ca\/#primaryimage"},"thumbnailUrl":"https:\/\/www.educaborras.com\/wp-content\/uploads\/11876_01_high-1-8.jpg","datePublished":"2025-06-05T09:05:29+00:00","dateModified":"2026-04-20T00:55:32+00:00","breadcrumb":{"@id":"https:\/\/www.educaborras.com\/ca\/producte\/11874-ca\/#breadcrumb"},"inLanguage":"ca","potentialAction":[{"@type":"ReadAction","target":["https:\/\/www.educaborras.com\/ca\/producte\/11874-ca\/"]}]},{"@type":"ImageObject","inLanguage":"ca","@id":"https:\/\/www.educaborras.com\/ca\/producte\/11874-ca\/#primaryimage","url":"https:\/\/www.educaborras.com\/wp-content\/uploads\/11876_01_high-1-8.jpg","contentUrl":"https:\/\/www.educaborras.com\/wp-content\/uploads\/11876_01_high-1-8.jpg"},{"@type":"BreadcrumbList","@id":"https:\/\/www.educaborras.com\/ca\/producte\/11874-ca\/#breadcrumb","itemListElement":[{"@type":"ListItem","position":1,"name":"Portada","item":"https:\/\/www.educaborras.com\/ca\/"},{"@type":"ListItem","position":2,"name":"Productes","item":"https:\/\/www.educaborras.com\/ca\/shop\/"},{"@type":"ListItem","position":3,"name":"1000 Collage Gaud\u00ed &#8220;Miniature&#8221;"}]},{"@type":"WebSite","@id":"https:\/\/www.educaborras.com\/ca\/#website","url":"https:\/\/www.educaborras.com\/ca\/","name":"Educa Borras","description":"","publisher":{"@id":"https:\/\/www.educaborras.com\/ca\/#organization"},"potentialAction":[{"@type":"SearchAction","target":{"@type":"EntryPoint","urlTemplate":"https:\/\/www.educaborras.com\/ca\/?s={search_term_string}"},"query-input":{"@type":"PropertyValueSpecification","valueRequired":true,"valueName":"search_term_string"}}],"inLanguage":"ca"},{"@type":"Organization","@id":"https:\/\/www.educaborras.com\/ca\/#organization","name":"Educa Borras","url":"https:\/\/www.educaborras.com\/ca\/","logo":{"@type":"ImageObject","inLanguage":"ca","@id":"https:\/\/www.educaborras.com\/ca\/#\/schema\/logo\/image\/","url":"https:\/\/www.educaborras.com\/wp-content\/uploads\/cropped-LOGOS-EDUCA-BORRAS_retina.png","contentUrl":"https:\/\/www.educaborras.com\/wp-content\/uploads\/cropped-LOGOS-EDUCA-BORRAS_retina.png","caption":"Educa Borras"},"image":{"@id":"https:\/\/www.educaborras.com\/ca\/#\/schema\/logo\/image\/"}}]}},"_links":{"self":[{"href":"https:\/\/www.educaborras.com\/ca\/wp-json\/wp\/v2\/product\/250947","targetHints":{"allow":["GET"]}}],"collection":[{"href":"https:\/\/www.educaborras.com\/ca\/wp-json\/wp\/v2\/product"}],"about":[{"href":"https:\/\/www.educaborras.com\/ca\/wp-json\/wp\/v2\/types\/product"}],"wp:featuredmedia":[{"embeddable":true,"href":"https:\/\/www.educaborras.com\/ca\/wp-json\/wp\/v2\/media\/162198"}],"wp:attachment":[{"href":"https:\/\/www.educaborras.com\/ca\/wp-json\/wp\/v2\/media?parent=250947"}],"wp:term":[{"taxonomy":"product_brand","embeddable":true,"href":"https:\/\/www.educaborras.com\/ca\/wp-json\/wp\/v2\/product_brand?post=250947"},{"taxonomy":"product_cat","embeddable":true,"href":"https:\/\/www.educaborras.com\/ca\/wp-json\/wp\/v2\/product_cat?post=250947"},{"taxonomy":"product_tag","embeddable":true,"href":"https:\/\/www.educaborras.com\/ca\/wp-json\/wp\/v2\/product_tag?post=250947"}],"curies":[{"name":"wp","href":"https:\/\/api.w.org\/{rel}","templated":true}]}}