{"id":250727,"date":"2025-06-05T11:07:04","date_gmt":"2025-06-05T09:07:04","guid":{"rendered":"https:\/\/www.educaborras.com\/product\/18901\/"},"modified":"2026-04-30T02:03:25","modified_gmt":"2026-04-30T00:03:25","slug":"18901-ca","status":"publish","type":"product","link":"https:\/\/www.educaborras.com\/ca\/producte\/18901-ca\/","title":{"rendered":"26 Vehicles de la ciutat Story Puzzle"},"content":{"rendered":"<p>Puzle panor\u00e0mic de 26 peces. Cont\u00e9 parts extra\u00efbles d&#8217;1 a 4 peces per a aprendre els nombres de l&#8217;1 al 4. La quantitat de peces est\u00e0 relacionada amb el nombre de figures incloses a cadascuna d\u2019elles. Tem\u00e0tica: vehicles. Mides aproximades del puzle muntat: 96 x 16 cm.<\/p>\n","protected":false},"excerpt":{"rendered":"<p>Puzle panor\u00e0mic de 26 peces. Cont\u00e9 parts extra\u00efbles per a aprendre els nombres de l&#8217;1 al 4.<\/p>\n","protected":false},"featured_media":162613,"template":"","meta":{"_acf_changed":false},"product_brand":[],"product_cat":[73223],"product_tag":[96572,96573,96575,96576,96577,96578,96579,74160,74161,74162,83535,74164,74166,74167,96526,74462,74463,74038,96580,83538,83539,83540,83541,76537,83542,96530,96531,83543,74172,96581,83547,83549,96532],"class_list":{"0":"post-250727","1":"product","2":"type-product","3":"status-publish","4":"has-post-thumbnail","6":"product_cat-producte-descatalogat","7":"product_tag-18901-ca","8":"product_tag-26-city-vehicles-story-puzzle-ca","9":"product_tag-26-stadtfahrzeuge-story-puzzle-ca-2","10":"product_tag-26-vehicles-de-la-ciutat-story-puzzle-ca","11":"product_tag-26-vehicules-urbains-story-puzzle-ca","12":"product_tag-26-vehiculos-de-la-ciudad-story-puzzle-ca","13":"product_tag-26-veiculos-urbanos-story-puzzle-ca","14":"product_tag-educa-ca","15":"product_tag-educa-borras-ca","16":"product_tag-educa-borras-puzzle-ca","17":"product_tag-educa-junior-ca","18":"product_tag-educa-puzzle-ca","19":"product_tag-educa-puzzle-passion-ca","20":"product_tag-educa-puzzles-ca","21":"product_tag-educa-story-puzzle-ca","22":"product_tag-piece-ca","23":"product_tag-pieces-ca","24":"product_tag-puzzle-ca","25":"product_tag-puzzle-ciudad-ca","26":"product_tag-puzzle-educa-ninos-ca","27":"product_tag-puzzle-infantil-ca","28":"product_tag-puzzle-infantil-nina-ca","29":"product_tag-puzzle-infantil-nino-ca","30":"product_tag-puzzle-junior-ca","31":"product_tag-puzzle-ninos-ca","32":"product_tag-puzzle-panorama-infantil-ca","33":"product_tag-puzzle-panoramico-infantil-ca","34":"product_tag-puzzle-para-ninos-ca","35":"product_tag-puzzle-passion-ca","36":"product_tag-puzzle-vehiculos-ca","37":"product_tag-puzzles-infantiles-ca","38":"product_tag-rompecabezas-educa-ca","39":"product_tag-story-puzzle-ca","41":"first","42":"instock","43":"shipping-taxable","44":"product-type-simple"},"acf":[],"yoast_head":"<!-- This site is optimized with the Yoast SEO plugin v27.1.1 - https:\/\/yoast.com\/product\/yoast-seo-wordpress\/ -->\n<title>26 Vehicles de la ciutat Story Puzzle - Educa Borras<\/title>\n<meta name=\"robots\" content=\"index, follow, max-snippet:-1, max-image-preview:large, max-video-preview:-1\" \/>\n<link rel=\"canonical\" href=\"https:\/\/www.educaborras.com\/ca\/producte\/18901-ca\/\" \/>\n<script type=\"application\/ld+json\" class=\"yoast-schema-graph\">{\"@context\":\"https:\/\/schema.org\",\"@graph\":[{\"@type\":\"WebPage\",\"@id\":\"https:\/\/www.educaborras.com\/ca\/producte\/18901-ca\/\",\"url\":\"https:\/\/www.educaborras.com\/ca\/producte\/18901-ca\/\",\"name\":\"26 Vehicles de la ciutat Story Puzzle - Educa Borras\",\"isPartOf\":{\"@id\":\"https:\/\/www.educaborras.com\/ca\/#website\"},\"primaryImageOfPage\":{\"@id\":\"https:\/\/www.educaborras.com\/ca\/producte\/18901-ca\/#primaryimage\"},\"image\":{\"@id\":\"https:\/\/www.educaborras.com\/ca\/producte\/18901-ca\/#primaryimage\"},\"thumbnailUrl\":\"https:\/\/www.educaborras.com\/wp-content\/uploads\/18901_01_high-13.jpg\",\"datePublished\":\"2025-06-05T09:07:04+00:00\",\"dateModified\":\"2026-04-30T00:03:25+00:00\",\"breadcrumb\":{\"@id\":\"https:\/\/www.educaborras.com\/ca\/producte\/18901-ca\/#breadcrumb\"},\"inLanguage\":\"ca\",\"potentialAction\":[{\"@type\":\"ReadAction\",\"target\":[\"https:\/\/www.educaborras.com\/ca\/producte\/18901-ca\/\"]}]},{\"@type\":\"ImageObject\",\"inLanguage\":\"ca\",\"@id\":\"https:\/\/www.educaborras.com\/ca\/producte\/18901-ca\/#primaryimage\",\"url\":\"https:\/\/www.educaborras.com\/wp-content\/uploads\/18901_01_high-13.jpg\",\"contentUrl\":\"https:\/\/www.educaborras.com\/wp-content\/uploads\/18901_01_high-13.jpg\"},{\"@type\":\"BreadcrumbList\",\"@id\":\"https:\/\/www.educaborras.com\/ca\/producte\/18901-ca\/#breadcrumb\",\"itemListElement\":[{\"@type\":\"ListItem\",\"position\":1,\"name\":\"Portada\",\"item\":\"https:\/\/www.educaborras.com\/ca\/\"},{\"@type\":\"ListItem\",\"position\":2,\"name\":\"Productes\",\"item\":\"https:\/\/www.educaborras.com\/ca\/shop\/\"},{\"@type\":\"ListItem\",\"position\":3,\"name\":\"26 Vehicles de la ciutat Story Puzzle\"}]},{\"@type\":\"WebSite\",\"@id\":\"https:\/\/www.educaborras.com\/ca\/#website\",\"url\":\"https:\/\/www.educaborras.com\/ca\/\",\"name\":\"Educa Borras\",\"description\":\"\",\"publisher\":{\"@id\":\"https:\/\/www.educaborras.com\/ca\/#organization\"},\"potentialAction\":[{\"@type\":\"SearchAction\",\"target\":{\"@type\":\"EntryPoint\",\"urlTemplate\":\"https:\/\/www.educaborras.com\/ca\/?s={search_term_string}\"},\"query-input\":{\"@type\":\"PropertyValueSpecification\",\"valueRequired\":true,\"valueName\":\"search_term_string\"}}],\"inLanguage\":\"ca\"},{\"@type\":\"Organization\",\"@id\":\"https:\/\/www.educaborras.com\/ca\/#organization\",\"name\":\"Educa Borras\",\"url\":\"https:\/\/www.educaborras.com\/ca\/\",\"logo\":{\"@type\":\"ImageObject\",\"inLanguage\":\"ca\",\"@id\":\"https:\/\/www.educaborras.com\/ca\/#\/schema\/logo\/image\/\",\"url\":\"https:\/\/www.educaborras.com\/wp-content\/uploads\/cropped-LOGOS-EDUCA-BORRAS_retina.png\",\"contentUrl\":\"https:\/\/www.educaborras.com\/wp-content\/uploads\/cropped-LOGOS-EDUCA-BORRAS_retina.png\",\"caption\":\"Educa Borras\"},\"image\":{\"@id\":\"https:\/\/www.educaborras.com\/ca\/#\/schema\/logo\/image\/\"}}]}<\/script>\n<!-- \/ Yoast SEO plugin. -->","yoast_head_json":{"title":"26 Vehicles de la ciutat Story Puzzle - Educa Borras","robots":{"index":"index","follow":"follow","max-snippet":"max-snippet:-1","max-image-preview":"max-image-preview:large","max-video-preview":"max-video-preview:-1"},"canonical":"https:\/\/www.educaborras.com\/ca\/producte\/18901-ca\/","schema":{"@context":"https:\/\/schema.org","@graph":[{"@type":"WebPage","@id":"https:\/\/www.educaborras.com\/ca\/producte\/18901-ca\/","url":"https:\/\/www.educaborras.com\/ca\/producte\/18901-ca\/","name":"26 Vehicles de la ciutat Story Puzzle - Educa Borras","isPartOf":{"@id":"https:\/\/www.educaborras.com\/ca\/#website"},"primaryImageOfPage":{"@id":"https:\/\/www.educaborras.com\/ca\/producte\/18901-ca\/#primaryimage"},"image":{"@id":"https:\/\/www.educaborras.com\/ca\/producte\/18901-ca\/#primaryimage"},"thumbnailUrl":"https:\/\/www.educaborras.com\/wp-content\/uploads\/18901_01_high-13.jpg","datePublished":"2025-06-05T09:07:04+00:00","dateModified":"2026-04-30T00:03:25+00:00","breadcrumb":{"@id":"https:\/\/www.educaborras.com\/ca\/producte\/18901-ca\/#breadcrumb"},"inLanguage":"ca","potentialAction":[{"@type":"ReadAction","target":["https:\/\/www.educaborras.com\/ca\/producte\/18901-ca\/"]}]},{"@type":"ImageObject","inLanguage":"ca","@id":"https:\/\/www.educaborras.com\/ca\/producte\/18901-ca\/#primaryimage","url":"https:\/\/www.educaborras.com\/wp-content\/uploads\/18901_01_high-13.jpg","contentUrl":"https:\/\/www.educaborras.com\/wp-content\/uploads\/18901_01_high-13.jpg"},{"@type":"BreadcrumbList","@id":"https:\/\/www.educaborras.com\/ca\/producte\/18901-ca\/#breadcrumb","itemListElement":[{"@type":"ListItem","position":1,"name":"Portada","item":"https:\/\/www.educaborras.com\/ca\/"},{"@type":"ListItem","position":2,"name":"Productes","item":"https:\/\/www.educaborras.com\/ca\/shop\/"},{"@type":"ListItem","position":3,"name":"26 Vehicles de la ciutat Story Puzzle"}]},{"@type":"WebSite","@id":"https:\/\/www.educaborras.com\/ca\/#website","url":"https:\/\/www.educaborras.com\/ca\/","name":"Educa Borras","description":"","publisher":{"@id":"https:\/\/www.educaborras.com\/ca\/#organization"},"potentialAction":[{"@type":"SearchAction","target":{"@type":"EntryPoint","urlTemplate":"https:\/\/www.educaborras.com\/ca\/?s={search_term_string}"},"query-input":{"@type":"PropertyValueSpecification","valueRequired":true,"valueName":"search_term_string"}}],"inLanguage":"ca"},{"@type":"Organization","@id":"https:\/\/www.educaborras.com\/ca\/#organization","name":"Educa Borras","url":"https:\/\/www.educaborras.com\/ca\/","logo":{"@type":"ImageObject","inLanguage":"ca","@id":"https:\/\/www.educaborras.com\/ca\/#\/schema\/logo\/image\/","url":"https:\/\/www.educaborras.com\/wp-content\/uploads\/cropped-LOGOS-EDUCA-BORRAS_retina.png","contentUrl":"https:\/\/www.educaborras.com\/wp-content\/uploads\/cropped-LOGOS-EDUCA-BORRAS_retina.png","caption":"Educa Borras"},"image":{"@id":"https:\/\/www.educaborras.com\/ca\/#\/schema\/logo\/image\/"}}]}},"_links":{"self":[{"href":"https:\/\/www.educaborras.com\/ca\/wp-json\/wp\/v2\/product\/250727","targetHints":{"allow":["GET"]}}],"collection":[{"href":"https:\/\/www.educaborras.com\/ca\/wp-json\/wp\/v2\/product"}],"about":[{"href":"https:\/\/www.educaborras.com\/ca\/wp-json\/wp\/v2\/types\/product"}],"wp:featuredmedia":[{"embeddable":true,"href":"https:\/\/www.educaborras.com\/ca\/wp-json\/wp\/v2\/media\/162613"}],"wp:attachment":[{"href":"https:\/\/www.educaborras.com\/ca\/wp-json\/wp\/v2\/media?parent=250727"}],"wp:term":[{"taxonomy":"product_brand","embeddable":true,"href":"https:\/\/www.educaborras.com\/ca\/wp-json\/wp\/v2\/product_brand?post=250727"},{"taxonomy":"product_cat","embeddable":true,"href":"https:\/\/www.educaborras.com\/ca\/wp-json\/wp\/v2\/product_cat?post=250727"},{"taxonomy":"product_tag","embeddable":true,"href":"https:\/\/www.educaborras.com\/ca\/wp-json\/wp\/v2\/product_tag?post=250727"}],"curies":[{"name":"wp","href":"https:\/\/api.w.org\/{rel}","templated":true}]}}