{"id":250655,"date":"2025-06-05T11:07:38","date_gmt":"2025-06-05T09:07:38","guid":{"rendered":"https:\/\/www.educaborras.com\/product\/19222\/"},"modified":"2026-04-28T02:55:55","modified_gmt":"2026-04-28T00:55:55","slug":"19222-ca","status":"publish","type":"product","link":"https:\/\/www.educaborras.com\/ca\/producte\/19222-ca\/","title":{"rendered":"The Kiubis. L&#8217;Estable del Burro"},"content":{"rendered":"<p>El petit granger va a visitar al burret amb el seu tractor. On estar\u00e0? Mira! Apareix per la finestreta! S&#8217;havia amagat dins del seu estable! Contingut: 2 personatges 1 tractor 1 escenari 3D Fomenta el desenvolupament de la motricitat fina i la coordinaci\u00f3 ull-m\u00e0. Amb aix\u00f2, els nens i nenes aprendran a entendre i explicar petites hist\u00f2ries i practicar les relacions espacials. https:\/\/youtu.be\/yk6BtQTt20c<\/p>\n","protected":false},"excerpt":{"rendered":"<p>El petit granger va a visitar al burret amb el seu tractor. On estar\u00e0? Mira! Apareix per la finestreta! S&#8217;havia amagat dins del seu estable!<\/p>\n","protected":false},"featured_media":162808,"template":"","meta":{"_acf_changed":false},"product_brand":[],"product_cat":[73223],"product_tag":[82269,82226,82227,74637,82228,82229,82230,82231,82232,82233,82234,82235],"class_list":{"0":"post-250655","1":"product","2":"type-product","3":"status-publish","4":"has-post-thumbnail","6":"product_cat-producte-descatalogat","7":"product_tag-19222-ca","8":"product_tag-baby-cubes-ca","9":"product_tag-cubes-ca","10":"product_tag-cubos-ca","11":"product_tag-cubos-preescolar-ca","12":"product_tag-juegos-de-cubos-ca","13":"product_tag-juegos-infantiles-ca","14":"product_tag-kiubis-ca","15":"product_tag-preescolar-ca","16":"product_tag-puericultura-ca","17":"product_tag-the-kiubis-ca","18":"product_tag-the-kiubis-cubes-ca","20":"first","21":"instock","22":"shipping-taxable","23":"product-type-simple"},"acf":[],"yoast_head":"<!-- This site is optimized with the Yoast SEO plugin v27.1.1 - https:\/\/yoast.com\/product\/yoast-seo-wordpress\/ -->\n<title>The Kiubis. L&#039;Estable del Burro - Educa Borras<\/title>\n<meta name=\"description\" content=\"El peque\u00f1o granjero va a visitar al burrito en su tractor. \u00bfD\u00f3nde estar\u00e1? \u00a1Mira! \u00a1Aparece por la ventanita! Se hab\u00eda escondido dentro de su establo!\" \/>\n<meta name=\"robots\" content=\"index, follow, max-snippet:-1, max-image-preview:large, max-video-preview:-1\" \/>\n<link rel=\"canonical\" href=\"https:\/\/www.educaborras.com\/ca\/producte\/19222-ca\/\" \/>\n<script type=\"application\/ld+json\" class=\"yoast-schema-graph\">{\"@context\":\"https:\/\/schema.org\",\"@graph\":[{\"@type\":\"WebPage\",\"@id\":\"https:\/\/www.educaborras.com\/ca\/producte\/19222-ca\/\",\"url\":\"https:\/\/www.educaborras.com\/ca\/producte\/19222-ca\/\",\"name\":\"The Kiubis. L'Estable del Burro - Educa Borras\",\"isPartOf\":{\"@id\":\"https:\/\/www.educaborras.com\/ca\/#website\"},\"primaryImageOfPage\":{\"@id\":\"https:\/\/www.educaborras.com\/ca\/producte\/19222-ca\/#primaryimage\"},\"image\":{\"@id\":\"https:\/\/www.educaborras.com\/ca\/producte\/19222-ca\/#primaryimage\"},\"thumbnailUrl\":\"https:\/\/www.educaborras.com\/wp-content\/uploads\/19222_01_high-31.jpg\",\"datePublished\":\"2025-06-05T09:07:38+00:00\",\"dateModified\":\"2026-04-28T00:55:55+00:00\",\"description\":\"El peque\u00f1o granjero va a visitar al burrito en su tractor. \u00bfD\u00f3nde estar\u00e1? \u00a1Mira! \u00a1Aparece por la ventanita! Se hab\u00eda escondido dentro de su establo!\",\"breadcrumb\":{\"@id\":\"https:\/\/www.educaborras.com\/ca\/producte\/19222-ca\/#breadcrumb\"},\"inLanguage\":\"ca\",\"potentialAction\":[{\"@type\":\"ReadAction\",\"target\":[\"https:\/\/www.educaborras.com\/ca\/producte\/19222-ca\/\"]}]},{\"@type\":\"ImageObject\",\"inLanguage\":\"ca\",\"@id\":\"https:\/\/www.educaborras.com\/ca\/producte\/19222-ca\/#primaryimage\",\"url\":\"https:\/\/www.educaborras.com\/wp-content\/uploads\/19222_01_high-31.jpg\",\"contentUrl\":\"https:\/\/www.educaborras.com\/wp-content\/uploads\/19222_01_high-31.jpg\"},{\"@type\":\"BreadcrumbList\",\"@id\":\"https:\/\/www.educaborras.com\/ca\/producte\/19222-ca\/#breadcrumb\",\"itemListElement\":[{\"@type\":\"ListItem\",\"position\":1,\"name\":\"Portada\",\"item\":\"https:\/\/www.educaborras.com\/ca\/\"},{\"@type\":\"ListItem\",\"position\":2,\"name\":\"Productes\",\"item\":\"https:\/\/www.educaborras.com\/ca\/shop\/\"},{\"@type\":\"ListItem\",\"position\":3,\"name\":\"The Kiubis. L&#8217;Estable del Burro\"}]},{\"@type\":\"WebSite\",\"@id\":\"https:\/\/www.educaborras.com\/ca\/#website\",\"url\":\"https:\/\/www.educaborras.com\/ca\/\",\"name\":\"Educa Borras\",\"description\":\"\",\"publisher\":{\"@id\":\"https:\/\/www.educaborras.com\/ca\/#organization\"},\"potentialAction\":[{\"@type\":\"SearchAction\",\"target\":{\"@type\":\"EntryPoint\",\"urlTemplate\":\"https:\/\/www.educaborras.com\/ca\/?s={search_term_string}\"},\"query-input\":{\"@type\":\"PropertyValueSpecification\",\"valueRequired\":true,\"valueName\":\"search_term_string\"}}],\"inLanguage\":\"ca\"},{\"@type\":\"Organization\",\"@id\":\"https:\/\/www.educaborras.com\/ca\/#organization\",\"name\":\"Educa Borras\",\"url\":\"https:\/\/www.educaborras.com\/ca\/\",\"logo\":{\"@type\":\"ImageObject\",\"inLanguage\":\"ca\",\"@id\":\"https:\/\/www.educaborras.com\/ca\/#\/schema\/logo\/image\/\",\"url\":\"https:\/\/www.educaborras.com\/wp-content\/uploads\/cropped-LOGOS-EDUCA-BORRAS_retina.png\",\"contentUrl\":\"https:\/\/www.educaborras.com\/wp-content\/uploads\/cropped-LOGOS-EDUCA-BORRAS_retina.png\",\"caption\":\"Educa Borras\"},\"image\":{\"@id\":\"https:\/\/www.educaborras.com\/ca\/#\/schema\/logo\/image\/\"}}]}<\/script>\n<!-- \/ Yoast SEO plugin. -->","yoast_head_json":{"title":"The Kiubis. L'Estable del Burro - Educa Borras","description":"El peque\u00f1o granjero va a visitar al burrito en su tractor. \u00bfD\u00f3nde estar\u00e1? \u00a1Mira! \u00a1Aparece por la ventanita! Se hab\u00eda escondido dentro de su establo!","robots":{"index":"index","follow":"follow","max-snippet":"max-snippet:-1","max-image-preview":"max-image-preview:large","max-video-preview":"max-video-preview:-1"},"canonical":"https:\/\/www.educaborras.com\/ca\/producte\/19222-ca\/","schema":{"@context":"https:\/\/schema.org","@graph":[{"@type":"WebPage","@id":"https:\/\/www.educaborras.com\/ca\/producte\/19222-ca\/","url":"https:\/\/www.educaborras.com\/ca\/producte\/19222-ca\/","name":"The Kiubis. L'Estable del Burro - Educa Borras","isPartOf":{"@id":"https:\/\/www.educaborras.com\/ca\/#website"},"primaryImageOfPage":{"@id":"https:\/\/www.educaborras.com\/ca\/producte\/19222-ca\/#primaryimage"},"image":{"@id":"https:\/\/www.educaborras.com\/ca\/producte\/19222-ca\/#primaryimage"},"thumbnailUrl":"https:\/\/www.educaborras.com\/wp-content\/uploads\/19222_01_high-31.jpg","datePublished":"2025-06-05T09:07:38+00:00","dateModified":"2026-04-28T00:55:55+00:00","description":"El peque\u00f1o granjero va a visitar al burrito en su tractor. \u00bfD\u00f3nde estar\u00e1? \u00a1Mira! \u00a1Aparece por la ventanita! Se hab\u00eda escondido dentro de su establo!","breadcrumb":{"@id":"https:\/\/www.educaborras.com\/ca\/producte\/19222-ca\/#breadcrumb"},"inLanguage":"ca","potentialAction":[{"@type":"ReadAction","target":["https:\/\/www.educaborras.com\/ca\/producte\/19222-ca\/"]}]},{"@type":"ImageObject","inLanguage":"ca","@id":"https:\/\/www.educaborras.com\/ca\/producte\/19222-ca\/#primaryimage","url":"https:\/\/www.educaborras.com\/wp-content\/uploads\/19222_01_high-31.jpg","contentUrl":"https:\/\/www.educaborras.com\/wp-content\/uploads\/19222_01_high-31.jpg"},{"@type":"BreadcrumbList","@id":"https:\/\/www.educaborras.com\/ca\/producte\/19222-ca\/#breadcrumb","itemListElement":[{"@type":"ListItem","position":1,"name":"Portada","item":"https:\/\/www.educaborras.com\/ca\/"},{"@type":"ListItem","position":2,"name":"Productes","item":"https:\/\/www.educaborras.com\/ca\/shop\/"},{"@type":"ListItem","position":3,"name":"The Kiubis. L&#8217;Estable del Burro"}]},{"@type":"WebSite","@id":"https:\/\/www.educaborras.com\/ca\/#website","url":"https:\/\/www.educaborras.com\/ca\/","name":"Educa Borras","description":"","publisher":{"@id":"https:\/\/www.educaborras.com\/ca\/#organization"},"potentialAction":[{"@type":"SearchAction","target":{"@type":"EntryPoint","urlTemplate":"https:\/\/www.educaborras.com\/ca\/?s={search_term_string}"},"query-input":{"@type":"PropertyValueSpecification","valueRequired":true,"valueName":"search_term_string"}}],"inLanguage":"ca"},{"@type":"Organization","@id":"https:\/\/www.educaborras.com\/ca\/#organization","name":"Educa Borras","url":"https:\/\/www.educaborras.com\/ca\/","logo":{"@type":"ImageObject","inLanguage":"ca","@id":"https:\/\/www.educaborras.com\/ca\/#\/schema\/logo\/image\/","url":"https:\/\/www.educaborras.com\/wp-content\/uploads\/cropped-LOGOS-EDUCA-BORRAS_retina.png","contentUrl":"https:\/\/www.educaborras.com\/wp-content\/uploads\/cropped-LOGOS-EDUCA-BORRAS_retina.png","caption":"Educa Borras"},"image":{"@id":"https:\/\/www.educaborras.com\/ca\/#\/schema\/logo\/image\/"}}]}},"_links":{"self":[{"href":"https:\/\/www.educaborras.com\/ca\/wp-json\/wp\/v2\/product\/250655","targetHints":{"allow":["GET"]}}],"collection":[{"href":"https:\/\/www.educaborras.com\/ca\/wp-json\/wp\/v2\/product"}],"about":[{"href":"https:\/\/www.educaborras.com\/ca\/wp-json\/wp\/v2\/types\/product"}],"wp:featuredmedia":[{"embeddable":true,"href":"https:\/\/www.educaborras.com\/ca\/wp-json\/wp\/v2\/media\/162808"}],"wp:attachment":[{"href":"https:\/\/www.educaborras.com\/ca\/wp-json\/wp\/v2\/media?parent=250655"}],"wp:term":[{"taxonomy":"product_brand","embeddable":true,"href":"https:\/\/www.educaborras.com\/ca\/wp-json\/wp\/v2\/product_brand?post=250655"},{"taxonomy":"product_cat","embeddable":true,"href":"https:\/\/www.educaborras.com\/ca\/wp-json\/wp\/v2\/product_cat?post=250655"},{"taxonomy":"product_tag","embeddable":true,"href":"https:\/\/www.educaborras.com\/ca\/wp-json\/wp\/v2\/product_tag?post=250655"}],"curies":[{"name":"wp","href":"https:\/\/api.w.org\/{rel}","templated":true}]}}