{"id":250447,"date":"2025-06-05T11:10:10","date_gmt":"2025-06-05T09:10:10","guid":{"rendered":"https:\/\/www.educaborras.com\/product\/19432\/"},"modified":"2026-04-30T02:16:11","modified_gmt":"2026-04-30T00:16:11","slug":"19432-ca","status":"publish","type":"product","link":"https:\/\/www.educaborras.com\/ca\/producte\/19432-ca\/","title":{"rendered":"Lince Super Champion 1000 imatges"},"content":{"rendered":"<p>Llen\u00e7a el dau gegant i descobreix la manera de jugar a cada partida. Hi ha 5 din\u00e0miques de joc diferents. Sigues el primer a trobar les teves imatges al tauler, reuneix el major nombre de fitxes i\u2026 guanya! Contingut: \u00b7 1 tauler muntable \u00b7 1026 fitxes amb imatges \u00b7 18 fitxes de colors \u00b7 1 dau gegant \u00b7 1 cartilla informativa \u00b7 Instruccions de joc<\/p>\n","protected":false},"excerpt":{"rendered":"<p>Una edici\u00f3 exclusiva amb m\u00e9s de 1000 imatges i noves din\u00e0miques de joc!<\/p>\n","protected":false},"featured_media":163818,"template":"","meta":{"_acf_changed":false},"product_brand":[],"product_cat":[73223],"product_tag":[97961,97962,97963,97964,97965,97966,74160,77941,82102,82103,82104,77022,77460,82105,77942,76298,82106,76337,77463,82107,82108,82109,82110,82111,97967],"class_list":{"0":"post-250447","1":"product","2":"type-product","3":"status-publish","4":"has-post-thumbnail","6":"product_cat-producte-descatalogat","7":"product_tag-1000-imagenes-ca","8":"product_tag-1000-imagens-ca","9":"product_tag-1000-imatges-ca","10":"product_tag-1026-ca","11":"product_tag-19432-ca","12":"product_tag-champion-ca","13":"product_tag-educa-ca","14":"product_tag-game-ca","15":"product_tag-habilidad-ca","16":"product_tag-habilitat-ca","17":"product_tag-image-ca","18":"product_tag-imagen-ca","19":"product_tag-imagenes-ca","20":"product_tag-imatge-ca","21":"product_tag-joc-ca","22":"product_tag-joc-de-taula-ca","23":"product_tag-joc-familiar-ca","24":"product_tag-juego-ca","25":"product_tag-lince-ca","26":"product_tag-lince-edicio-familia-ca","27":"product_tag-lince-edicion-familia-ca","28":"product_tag-lynx-ca","29":"product_tag-observacio-ca","30":"product_tag-observacion-ca","31":"product_tag-super-champion-ca","33":"first","34":"instock","35":"shipping-taxable","36":"product-type-simple"},"acf":[],"yoast_head":"<!-- This site is optimized with the Yoast SEO plugin v27.1.1 - https:\/\/yoast.com\/product\/yoast-seo-wordpress\/ -->\n<title>Lince Super Champion 1000 imatges - Educa Borras<\/title>\n<meta name=\"description\" content=\"\u00a1Una edici\u00f3n exclusiva con m\u00e1s de 1000 im\u00e1genes y nuevas din\u00e1micas de juego!\" \/>\n<meta name=\"robots\" content=\"index, follow, max-snippet:-1, max-image-preview:large, max-video-preview:-1\" \/>\n<link rel=\"canonical\" href=\"https:\/\/www.educaborras.com\/ca\/producte\/19432-ca\/\" \/>\n<script type=\"application\/ld+json\" class=\"yoast-schema-graph\">{\"@context\":\"https:\/\/schema.org\",\"@graph\":[{\"@type\":\"WebPage\",\"@id\":\"https:\/\/www.educaborras.com\/ca\/producte\/19432-ca\/\",\"url\":\"https:\/\/www.educaborras.com\/ca\/producte\/19432-ca\/\",\"name\":\"Lince Super Champion 1000 imatges - Educa Borras\",\"isPartOf\":{\"@id\":\"https:\/\/www.educaborras.com\/ca\/#website\"},\"primaryImageOfPage\":{\"@id\":\"https:\/\/www.educaborras.com\/ca\/producte\/19432-ca\/#primaryimage\"},\"image\":{\"@id\":\"https:\/\/www.educaborras.com\/ca\/producte\/19432-ca\/#primaryimage\"},\"thumbnailUrl\":\"https:\/\/www.educaborras.com\/wp-content\/uploads\/19432_01_high-9.jpg\",\"datePublished\":\"2025-06-05T09:10:10+00:00\",\"dateModified\":\"2026-04-30T00:16:11+00:00\",\"description\":\"\u00a1Una edici\u00f3n exclusiva con m\u00e1s de 1000 im\u00e1genes y nuevas din\u00e1micas de juego!\",\"breadcrumb\":{\"@id\":\"https:\/\/www.educaborras.com\/ca\/producte\/19432-ca\/#breadcrumb\"},\"inLanguage\":\"ca\",\"potentialAction\":[{\"@type\":\"ReadAction\",\"target\":[\"https:\/\/www.educaborras.com\/ca\/producte\/19432-ca\/\"]}]},{\"@type\":\"ImageObject\",\"inLanguage\":\"ca\",\"@id\":\"https:\/\/www.educaborras.com\/ca\/producte\/19432-ca\/#primaryimage\",\"url\":\"https:\/\/www.educaborras.com\/wp-content\/uploads\/19432_01_high-9.jpg\",\"contentUrl\":\"https:\/\/www.educaborras.com\/wp-content\/uploads\/19432_01_high-9.jpg\"},{\"@type\":\"BreadcrumbList\",\"@id\":\"https:\/\/www.educaborras.com\/ca\/producte\/19432-ca\/#breadcrumb\",\"itemListElement\":[{\"@type\":\"ListItem\",\"position\":1,\"name\":\"Portada\",\"item\":\"https:\/\/www.educaborras.com\/ca\/\"},{\"@type\":\"ListItem\",\"position\":2,\"name\":\"Productes\",\"item\":\"https:\/\/www.educaborras.com\/ca\/shop\/\"},{\"@type\":\"ListItem\",\"position\":3,\"name\":\"Lince Super Champion 1000 imatges\"}]},{\"@type\":\"WebSite\",\"@id\":\"https:\/\/www.educaborras.com\/ca\/#website\",\"url\":\"https:\/\/www.educaborras.com\/ca\/\",\"name\":\"Educa Borras\",\"description\":\"\",\"publisher\":{\"@id\":\"https:\/\/www.educaborras.com\/ca\/#organization\"},\"potentialAction\":[{\"@type\":\"SearchAction\",\"target\":{\"@type\":\"EntryPoint\",\"urlTemplate\":\"https:\/\/www.educaborras.com\/ca\/?s={search_term_string}\"},\"query-input\":{\"@type\":\"PropertyValueSpecification\",\"valueRequired\":true,\"valueName\":\"search_term_string\"}}],\"inLanguage\":\"ca\"},{\"@type\":\"Organization\",\"@id\":\"https:\/\/www.educaborras.com\/ca\/#organization\",\"name\":\"Educa Borras\",\"url\":\"https:\/\/www.educaborras.com\/ca\/\",\"logo\":{\"@type\":\"ImageObject\",\"inLanguage\":\"ca\",\"@id\":\"https:\/\/www.educaborras.com\/ca\/#\/schema\/logo\/image\/\",\"url\":\"https:\/\/www.educaborras.com\/wp-content\/uploads\/cropped-LOGOS-EDUCA-BORRAS_retina.png\",\"contentUrl\":\"https:\/\/www.educaborras.com\/wp-content\/uploads\/cropped-LOGOS-EDUCA-BORRAS_retina.png\",\"caption\":\"Educa Borras\"},\"image\":{\"@id\":\"https:\/\/www.educaborras.com\/ca\/#\/schema\/logo\/image\/\"}}]}<\/script>\n<!-- \/ Yoast SEO plugin. -->","yoast_head_json":{"title":"Lince Super Champion 1000 imatges - Educa Borras","description":"\u00a1Una edici\u00f3n exclusiva con m\u00e1s de 1000 im\u00e1genes y nuevas din\u00e1micas de juego!","robots":{"index":"index","follow":"follow","max-snippet":"max-snippet:-1","max-image-preview":"max-image-preview:large","max-video-preview":"max-video-preview:-1"},"canonical":"https:\/\/www.educaborras.com\/ca\/producte\/19432-ca\/","schema":{"@context":"https:\/\/schema.org","@graph":[{"@type":"WebPage","@id":"https:\/\/www.educaborras.com\/ca\/producte\/19432-ca\/","url":"https:\/\/www.educaborras.com\/ca\/producte\/19432-ca\/","name":"Lince Super Champion 1000 imatges - Educa Borras","isPartOf":{"@id":"https:\/\/www.educaborras.com\/ca\/#website"},"primaryImageOfPage":{"@id":"https:\/\/www.educaborras.com\/ca\/producte\/19432-ca\/#primaryimage"},"image":{"@id":"https:\/\/www.educaborras.com\/ca\/producte\/19432-ca\/#primaryimage"},"thumbnailUrl":"https:\/\/www.educaborras.com\/wp-content\/uploads\/19432_01_high-9.jpg","datePublished":"2025-06-05T09:10:10+00:00","dateModified":"2026-04-30T00:16:11+00:00","description":"\u00a1Una edici\u00f3n exclusiva con m\u00e1s de 1000 im\u00e1genes y nuevas din\u00e1micas de juego!","breadcrumb":{"@id":"https:\/\/www.educaborras.com\/ca\/producte\/19432-ca\/#breadcrumb"},"inLanguage":"ca","potentialAction":[{"@type":"ReadAction","target":["https:\/\/www.educaborras.com\/ca\/producte\/19432-ca\/"]}]},{"@type":"ImageObject","inLanguage":"ca","@id":"https:\/\/www.educaborras.com\/ca\/producte\/19432-ca\/#primaryimage","url":"https:\/\/www.educaborras.com\/wp-content\/uploads\/19432_01_high-9.jpg","contentUrl":"https:\/\/www.educaborras.com\/wp-content\/uploads\/19432_01_high-9.jpg"},{"@type":"BreadcrumbList","@id":"https:\/\/www.educaborras.com\/ca\/producte\/19432-ca\/#breadcrumb","itemListElement":[{"@type":"ListItem","position":1,"name":"Portada","item":"https:\/\/www.educaborras.com\/ca\/"},{"@type":"ListItem","position":2,"name":"Productes","item":"https:\/\/www.educaborras.com\/ca\/shop\/"},{"@type":"ListItem","position":3,"name":"Lince Super Champion 1000 imatges"}]},{"@type":"WebSite","@id":"https:\/\/www.educaborras.com\/ca\/#website","url":"https:\/\/www.educaborras.com\/ca\/","name":"Educa Borras","description":"","publisher":{"@id":"https:\/\/www.educaborras.com\/ca\/#organization"},"potentialAction":[{"@type":"SearchAction","target":{"@type":"EntryPoint","urlTemplate":"https:\/\/www.educaborras.com\/ca\/?s={search_term_string}"},"query-input":{"@type":"PropertyValueSpecification","valueRequired":true,"valueName":"search_term_string"}}],"inLanguage":"ca"},{"@type":"Organization","@id":"https:\/\/www.educaborras.com\/ca\/#organization","name":"Educa Borras","url":"https:\/\/www.educaborras.com\/ca\/","logo":{"@type":"ImageObject","inLanguage":"ca","@id":"https:\/\/www.educaborras.com\/ca\/#\/schema\/logo\/image\/","url":"https:\/\/www.educaborras.com\/wp-content\/uploads\/cropped-LOGOS-EDUCA-BORRAS_retina.png","contentUrl":"https:\/\/www.educaborras.com\/wp-content\/uploads\/cropped-LOGOS-EDUCA-BORRAS_retina.png","caption":"Educa Borras"},"image":{"@id":"https:\/\/www.educaborras.com\/ca\/#\/schema\/logo\/image\/"}}]}},"_links":{"self":[{"href":"https:\/\/www.educaborras.com\/ca\/wp-json\/wp\/v2\/product\/250447","targetHints":{"allow":["GET"]}}],"collection":[{"href":"https:\/\/www.educaborras.com\/ca\/wp-json\/wp\/v2\/product"}],"about":[{"href":"https:\/\/www.educaborras.com\/ca\/wp-json\/wp\/v2\/types\/product"}],"wp:featuredmedia":[{"embeddable":true,"href":"https:\/\/www.educaborras.com\/ca\/wp-json\/wp\/v2\/media\/163818"}],"wp:attachment":[{"href":"https:\/\/www.educaborras.com\/ca\/wp-json\/wp\/v2\/media?parent=250447"}],"wp:term":[{"taxonomy":"product_brand","embeddable":true,"href":"https:\/\/www.educaborras.com\/ca\/wp-json\/wp\/v2\/product_brand?post=250447"},{"taxonomy":"product_cat","embeddable":true,"href":"https:\/\/www.educaborras.com\/ca\/wp-json\/wp\/v2\/product_cat?post=250447"},{"taxonomy":"product_tag","embeddable":true,"href":"https:\/\/www.educaborras.com\/ca\/wp-json\/wp\/v2\/product_tag?post=250447"}],"curies":[{"name":"wp","href":"https:\/\/api.w.org\/{rel}","templated":true}]}}