{"id":250379,"date":"2025-06-05T11:11:03","date_gmt":"2025-06-05T09:11:03","guid":{"rendered":"https:\/\/www.educaborras.com\/product\/19462\/"},"modified":"2026-04-30T03:51:36","modified_gmt":"2026-04-30T01:51:36","slug":"19462-ca","status":"publish","type":"product","link":"https:\/\/www.educaborras.com\/ca\/producte\/19462-ca\/","title":{"rendered":"\u00bfY si te toca?"},"content":{"rendered":"<p>Per qu\u00e8 esperar Nadal per viure tota la il\u00b7lusi\u00f3 i l&#8217;emoci\u00f3 de la loteria? Amb aquest divertit joc i el seu doble bombo, podrem comprar bitllets, regalar-los, rebre&#8217;ls i somiar que ens toqui el premi gros tantes vegades com vulguem. Cada partida t\u00e9 dues parts: a la primera, recorrerem el tauler de joc intentant aconseguir tantes butlletes com puguem la segona part, es realitzar\u00e0 l&#8217;esperat sorteig fent girar els bombos de n\u00fameros i premis tal com es fa a la loteria de Nadal. Qui guanyi m\u00e9s premis, ser\u00e0 el guanyador de la partida. Que la sort t&#8217;hi acompanyi! Contingut: \u00b7 Doble bombo de loteria amb safata per col\u00b7locar els premis \u00b7 30 boles de n\u00fameros \u00b7 10 boles de premis \u00b7 38 butlletes \u00b7 Tauler de joc \u00b7 6 fitxes de jugador \u00b7 3 targetons d&#8217;administraci\u00f3 de loteria \u00b7 2 daus \u00b7 25 targetes de sort \u00b7 25 targetes de loteria \u00b7 25 targetes amb preguntes de fan de la loteria \u00b7 50 bitllets de 20 \u00b7 10 bitllets de premis \u00b7 Instruccions<\/p>\n","protected":false},"excerpt":{"rendered":"<p>Per qu\u00e8 esperar Nadal per viure tota la il\u00b7lusi\u00f3 i l&#8217;emoci\u00f3 de la loteria? Amb aquest divertit joc i el seu doble bombo, podrem comprar bitllets, regalar-los, rebre&#8217;ls i somiar que ens toqui el premi gros tantes vegades com vulguem.<\/p>\n","protected":false},"featured_media":164128,"template":"","meta":{"_acf_changed":false},"product_brand":[],"product_cat":[73223],"product_tag":[98122,98123,98124,98125,98126,98127,98128,97692,98129,98130,98131,98090,77268,98132,98133,87674,78028,98134,98135,98136],"class_list":{"0":"post-250379","1":"product","2":"type-product","3":"status-publish","4":"has-post-thumbnail","6":"product_cat-producte-descatalogat","7":"product_tag-19462-ca","8":"product_tag-administracion-de-loteria-ca","9":"product_tag-boletos-ca","10":"product_tag-bombo-ca","11":"product_tag-bombos-ca","12":"product_tag-convertirse-en-millonario-ca","13":"product_tag-decimos-de-loteria-ca","14":"product_tag-fichas-ca","15":"product_tag-loteria-ca","16":"product_tag-loteria-de-navidad-ca","17":"product_tag-navidad-ca","18":"product_tag-partidas-ca","19":"product_tag-preguntas-ca","20":"product_tag-recibir-ca","21":"product_tag-regalar-ca","22":"product_tag-tablero-de-juego-ca","23":"product_tag-tarjetas-ca","24":"product_tag-tarjetas-de-la-suerte-ca","25":"product_tag-tarjetones-ca","26":"product_tag-y-si-te-toca-ca","28":"first","29":"instock","30":"shipping-taxable","31":"product-type-simple"},"acf":[],"yoast_head":"<!-- This site is optimized with the Yoast SEO plugin v27.1.1 - https:\/\/yoast.com\/product\/yoast-seo-wordpress\/ -->\n<title>\u00bfY si te toca? - Educa Borras<\/title>\n<meta name=\"description\" content=\"\u00bfPor qu\u00e9 esperar a Navidad para vivir toda la ilusi\u00f3n y la emoci\u00f3n de la loter\u00eda? Con este divertido juego y su doble bombo, podremos comprar boletos, regalarlos, recibirlos y so\u00f1ar con que nos toque el premio gordo tantas veces como queramos.\" \/>\n<meta name=\"robots\" content=\"index, follow, max-snippet:-1, max-image-preview:large, max-video-preview:-1\" \/>\n<link rel=\"canonical\" href=\"https:\/\/www.educaborras.com\/ca\/producte\/19462-ca\/\" \/>\n<meta name=\"twitter:label1\" content=\"Temps estimat de lectura\" \/>\n\t<meta name=\"twitter:data1\" content=\"1 minut\" \/>\n<script type=\"application\/ld+json\" class=\"yoast-schema-graph\">{\"@context\":\"https:\/\/schema.org\",\"@graph\":[{\"@type\":\"WebPage\",\"@id\":\"https:\/\/www.educaborras.com\/ca\/producte\/19462-ca\/\",\"url\":\"https:\/\/www.educaborras.com\/ca\/producte\/19462-ca\/\",\"name\":\"\u00bfY si te toca? - Educa Borras\",\"isPartOf\":{\"@id\":\"https:\/\/www.educaborras.com\/ca\/#website\"},\"primaryImageOfPage\":{\"@id\":\"https:\/\/www.educaborras.com\/ca\/producte\/19462-ca\/#primaryimage\"},\"image\":{\"@id\":\"https:\/\/www.educaborras.com\/ca\/producte\/19462-ca\/#primaryimage\"},\"thumbnailUrl\":\"https:\/\/www.educaborras.com\/wp-content\/uploads\/19462_01_high-10.jpg\",\"datePublished\":\"2025-06-05T09:11:03+00:00\",\"dateModified\":\"2026-04-30T01:51:36+00:00\",\"description\":\"\u00bfPor qu\u00e9 esperar a Navidad para vivir toda la ilusi\u00f3n y la emoci\u00f3n de la loter\u00eda? Con este divertido juego y su doble bombo, podremos comprar boletos, regalarlos, recibirlos y so\u00f1ar con que nos toque el premio gordo tantas veces como queramos.\",\"breadcrumb\":{\"@id\":\"https:\/\/www.educaborras.com\/ca\/producte\/19462-ca\/#breadcrumb\"},\"inLanguage\":\"ca\",\"potentialAction\":[{\"@type\":\"ReadAction\",\"target\":[\"https:\/\/www.educaborras.com\/ca\/producte\/19462-ca\/\"]}]},{\"@type\":\"ImageObject\",\"inLanguage\":\"ca\",\"@id\":\"https:\/\/www.educaborras.com\/ca\/producte\/19462-ca\/#primaryimage\",\"url\":\"https:\/\/www.educaborras.com\/wp-content\/uploads\/19462_01_high-10.jpg\",\"contentUrl\":\"https:\/\/www.educaborras.com\/wp-content\/uploads\/19462_01_high-10.jpg\"},{\"@type\":\"BreadcrumbList\",\"@id\":\"https:\/\/www.educaborras.com\/ca\/producte\/19462-ca\/#breadcrumb\",\"itemListElement\":[{\"@type\":\"ListItem\",\"position\":1,\"name\":\"Portada\",\"item\":\"https:\/\/www.educaborras.com\/ca\/\"},{\"@type\":\"ListItem\",\"position\":2,\"name\":\"Productes\",\"item\":\"https:\/\/www.educaborras.com\/ca\/shop\/\"},{\"@type\":\"ListItem\",\"position\":3,\"name\":\"\u00bfY si te toca?\"}]},{\"@type\":\"WebSite\",\"@id\":\"https:\/\/www.educaborras.com\/ca\/#website\",\"url\":\"https:\/\/www.educaborras.com\/ca\/\",\"name\":\"Educa Borras\",\"description\":\"\",\"publisher\":{\"@id\":\"https:\/\/www.educaborras.com\/ca\/#organization\"},\"potentialAction\":[{\"@type\":\"SearchAction\",\"target\":{\"@type\":\"EntryPoint\",\"urlTemplate\":\"https:\/\/www.educaborras.com\/ca\/?s={search_term_string}\"},\"query-input\":{\"@type\":\"PropertyValueSpecification\",\"valueRequired\":true,\"valueName\":\"search_term_string\"}}],\"inLanguage\":\"ca\"},{\"@type\":\"Organization\",\"@id\":\"https:\/\/www.educaborras.com\/ca\/#organization\",\"name\":\"Educa Borras\",\"url\":\"https:\/\/www.educaborras.com\/ca\/\",\"logo\":{\"@type\":\"ImageObject\",\"inLanguage\":\"ca\",\"@id\":\"https:\/\/www.educaborras.com\/ca\/#\/schema\/logo\/image\/\",\"url\":\"https:\/\/www.educaborras.com\/wp-content\/uploads\/cropped-LOGOS-EDUCA-BORRAS_retina.png\",\"contentUrl\":\"https:\/\/www.educaborras.com\/wp-content\/uploads\/cropped-LOGOS-EDUCA-BORRAS_retina.png\",\"caption\":\"Educa Borras\"},\"image\":{\"@id\":\"https:\/\/www.educaborras.com\/ca\/#\/schema\/logo\/image\/\"}}]}<\/script>\n<!-- \/ Yoast SEO plugin. -->","yoast_head_json":{"title":"\u00bfY si te toca? - Educa Borras","description":"\u00bfPor qu\u00e9 esperar a Navidad para vivir toda la ilusi\u00f3n y la emoci\u00f3n de la loter\u00eda? Con este divertido juego y su doble bombo, podremos comprar boletos, regalarlos, recibirlos y so\u00f1ar con que nos toque el premio gordo tantas veces como queramos.","robots":{"index":"index","follow":"follow","max-snippet":"max-snippet:-1","max-image-preview":"max-image-preview:large","max-video-preview":"max-video-preview:-1"},"canonical":"https:\/\/www.educaborras.com\/ca\/producte\/19462-ca\/","twitter_misc":{"Temps estimat de lectura":"1 minut"},"schema":{"@context":"https:\/\/schema.org","@graph":[{"@type":"WebPage","@id":"https:\/\/www.educaborras.com\/ca\/producte\/19462-ca\/","url":"https:\/\/www.educaborras.com\/ca\/producte\/19462-ca\/","name":"\u00bfY si te toca? - Educa Borras","isPartOf":{"@id":"https:\/\/www.educaborras.com\/ca\/#website"},"primaryImageOfPage":{"@id":"https:\/\/www.educaborras.com\/ca\/producte\/19462-ca\/#primaryimage"},"image":{"@id":"https:\/\/www.educaborras.com\/ca\/producte\/19462-ca\/#primaryimage"},"thumbnailUrl":"https:\/\/www.educaborras.com\/wp-content\/uploads\/19462_01_high-10.jpg","datePublished":"2025-06-05T09:11:03+00:00","dateModified":"2026-04-30T01:51:36+00:00","description":"\u00bfPor qu\u00e9 esperar a Navidad para vivir toda la ilusi\u00f3n y la emoci\u00f3n de la loter\u00eda? Con este divertido juego y su doble bombo, podremos comprar boletos, regalarlos, recibirlos y so\u00f1ar con que nos toque el premio gordo tantas veces como queramos.","breadcrumb":{"@id":"https:\/\/www.educaborras.com\/ca\/producte\/19462-ca\/#breadcrumb"},"inLanguage":"ca","potentialAction":[{"@type":"ReadAction","target":["https:\/\/www.educaborras.com\/ca\/producte\/19462-ca\/"]}]},{"@type":"ImageObject","inLanguage":"ca","@id":"https:\/\/www.educaborras.com\/ca\/producte\/19462-ca\/#primaryimage","url":"https:\/\/www.educaborras.com\/wp-content\/uploads\/19462_01_high-10.jpg","contentUrl":"https:\/\/www.educaborras.com\/wp-content\/uploads\/19462_01_high-10.jpg"},{"@type":"BreadcrumbList","@id":"https:\/\/www.educaborras.com\/ca\/producte\/19462-ca\/#breadcrumb","itemListElement":[{"@type":"ListItem","position":1,"name":"Portada","item":"https:\/\/www.educaborras.com\/ca\/"},{"@type":"ListItem","position":2,"name":"Productes","item":"https:\/\/www.educaborras.com\/ca\/shop\/"},{"@type":"ListItem","position":3,"name":"\u00bfY si te toca?"}]},{"@type":"WebSite","@id":"https:\/\/www.educaborras.com\/ca\/#website","url":"https:\/\/www.educaborras.com\/ca\/","name":"Educa Borras","description":"","publisher":{"@id":"https:\/\/www.educaborras.com\/ca\/#organization"},"potentialAction":[{"@type":"SearchAction","target":{"@type":"EntryPoint","urlTemplate":"https:\/\/www.educaborras.com\/ca\/?s={search_term_string}"},"query-input":{"@type":"PropertyValueSpecification","valueRequired":true,"valueName":"search_term_string"}}],"inLanguage":"ca"},{"@type":"Organization","@id":"https:\/\/www.educaborras.com\/ca\/#organization","name":"Educa Borras","url":"https:\/\/www.educaborras.com\/ca\/","logo":{"@type":"ImageObject","inLanguage":"ca","@id":"https:\/\/www.educaborras.com\/ca\/#\/schema\/logo\/image\/","url":"https:\/\/www.educaborras.com\/wp-content\/uploads\/cropped-LOGOS-EDUCA-BORRAS_retina.png","contentUrl":"https:\/\/www.educaborras.com\/wp-content\/uploads\/cropped-LOGOS-EDUCA-BORRAS_retina.png","caption":"Educa Borras"},"image":{"@id":"https:\/\/www.educaborras.com\/ca\/#\/schema\/logo\/image\/"}}]}},"_links":{"self":[{"href":"https:\/\/www.educaborras.com\/ca\/wp-json\/wp\/v2\/product\/250379","targetHints":{"allow":["GET"]}}],"collection":[{"href":"https:\/\/www.educaborras.com\/ca\/wp-json\/wp\/v2\/product"}],"about":[{"href":"https:\/\/www.educaborras.com\/ca\/wp-json\/wp\/v2\/types\/product"}],"wp:featuredmedia":[{"embeddable":true,"href":"https:\/\/www.educaborras.com\/ca\/wp-json\/wp\/v2\/media\/164128"}],"wp:attachment":[{"href":"https:\/\/www.educaborras.com\/ca\/wp-json\/wp\/v2\/media?parent=250379"}],"wp:term":[{"taxonomy":"product_brand","embeddable":true,"href":"https:\/\/www.educaborras.com\/ca\/wp-json\/wp\/v2\/product_brand?post=250379"},{"taxonomy":"product_cat","embeddable":true,"href":"https:\/\/www.educaborras.com\/ca\/wp-json\/wp\/v2\/product_cat?post=250379"},{"taxonomy":"product_tag","embeddable":true,"href":"https:\/\/www.educaborras.com\/ca\/wp-json\/wp\/v2\/product_tag?post=250379"}],"curies":[{"name":"wp","href":"https:\/\/api.w.org\/{rel}","templated":true}]}}