{"id":250307,"date":"2025-06-05T11:11:55","date_gmt":"2025-06-05T09:11:55","guid":{"rendered":"https:\/\/www.educaborras.com\/product\/19558\/"},"modified":"2026-05-04T03:42:01","modified_gmt":"2026-05-04T01:42:01","slug":"19558-ca","status":"publish","type":"product","link":"https:\/\/www.educaborras.com\/ca\/producte\/19558-ca\/","title":{"rendered":"1000 Collage d&#8217;Orqu\u00eddies"},"content":{"rendered":"<p>Educa\u00ae t&#8217;ofereix la col\u00b7lecci\u00f3 de puzles adults m\u00e9s completa del mercat, amb formats des de les 500 fins a les 42000 peces i amb les millors imatges i els personatges m\u00e9s divertits. Mides aproximades del puzle muntat: 68 x 48 cm.<\/p>\n","protected":false},"excerpt":{"rendered":"<p>Educa\u00ae t&#8217;ofereix la col\u00b7lecci\u00f3 de puzles adults m\u00e9s completa del mercat, amb formats des de les 500 fins a les 42000 peces i amb les millors imatges i els personatges m\u00e9s divertits.<\/p>\n","protected":false},"featured_media":164483,"template":"","meta":{"_acf_changed":false},"product_brand":[],"product_cat":[73223],"product_tag":[74334,75628,98905,74160,74161,80284,88474,78541,98721,98906,82288,82289,98907,98908,98909,98910,98911,98912,74337,74461,74462,74463,98823,75637,74038,82366,82291,74172,82292,82293,82367,82368,74338,82296],"class_list":{"0":"post-250307","1":"product","2":"type-product","3":"status-publish","4":"has-post-thumbnail","6":"product_cat-producte-descatalogat","7":"product_tag-piezas-ca","8":"product_tag-1000-ca","9":"product_tag-19558-ca","10":"product_tag-educa-ca","11":"product_tag-educa-borras-ca","12":"product_tag-fix-puzzle-ca","13":"product_tag-flor-ca","14":"product_tag-flores-ca","15":"product_tag-fotografia-ca","16":"product_tag-fragancia-ca","17":"product_tag-jigsaw-ca","18":"product_tag-jigsaw-puzzle-ca","19":"product_tag-micorrizas-ca","20":"product_tag-monocotiledoneas-ca","21":"product_tag-orchidaceae-ca","22":"product_tag-orchids-ca","23":"product_tag-orquidea-ca","24":"product_tag-orquiedas-ca","25":"product_tag-peca-ca","26":"product_tag-peces-ca","27":"product_tag-piece-ca","28":"product_tag-pieces-ca","29":"product_tag-planta-ca","30":"product_tag-puzle-ca","31":"product_tag-puzzle-ca","32":"product_tag-puzzle-1000-ca","33":"product_tag-puzzle-pasion-ca","34":"product_tag-puzzle-passion-ca","35":"product_tag-puzzlemania-ca","36":"product_tag-puzzlepassion-ca","37":"product_tag-puzzles-1000-ca","38":"product_tag-puzzles-1000-piezas-ca","39":"product_tag-rompecabezas-ca","40":"product_tag-trencaclosques-ca","42":"first","43":"instock","44":"shipping-taxable","45":"product-type-simple"},"acf":[],"yoast_head":"<!-- This site is optimized with the Yoast SEO plugin v27.1.1 - https:\/\/yoast.com\/product\/yoast-seo-wordpress\/ -->\n<title>1000 Collage d&#039;Orqu\u00eddies - Educa Borras<\/title>\n<meta name=\"robots\" content=\"index, follow, max-snippet:-1, max-image-preview:large, max-video-preview:-1\" \/>\n<link rel=\"canonical\" href=\"https:\/\/www.educaborras.com\/ca\/producte\/19558-ca\/\" \/>\n<script type=\"application\/ld+json\" class=\"yoast-schema-graph\">{\"@context\":\"https:\/\/schema.org\",\"@graph\":[{\"@type\":\"WebPage\",\"@id\":\"https:\/\/www.educaborras.com\/ca\/producte\/19558-ca\/\",\"url\":\"https:\/\/www.educaborras.com\/ca\/producte\/19558-ca\/\",\"name\":\"1000 Collage d'Orqu\u00eddies - Educa Borras\",\"isPartOf\":{\"@id\":\"https:\/\/www.educaborras.com\/ca\/#website\"},\"primaryImageOfPage\":{\"@id\":\"https:\/\/www.educaborras.com\/ca\/producte\/19558-ca\/#primaryimage\"},\"image\":{\"@id\":\"https:\/\/www.educaborras.com\/ca\/producte\/19558-ca\/#primaryimage\"},\"thumbnailUrl\":\"https:\/\/www.educaborras.com\/wp-content\/uploads\/19558_01_high-scaled-12.jpg\",\"datePublished\":\"2025-06-05T09:11:55+00:00\",\"dateModified\":\"2026-05-04T01:42:01+00:00\",\"breadcrumb\":{\"@id\":\"https:\/\/www.educaborras.com\/ca\/producte\/19558-ca\/#breadcrumb\"},\"inLanguage\":\"ca\",\"potentialAction\":[{\"@type\":\"ReadAction\",\"target\":[\"https:\/\/www.educaborras.com\/ca\/producte\/19558-ca\/\"]}]},{\"@type\":\"ImageObject\",\"inLanguage\":\"ca\",\"@id\":\"https:\/\/www.educaborras.com\/ca\/producte\/19558-ca\/#primaryimage\",\"url\":\"https:\/\/www.educaborras.com\/wp-content\/uploads\/19558_01_high-scaled-12.jpg\",\"contentUrl\":\"https:\/\/www.educaborras.com\/wp-content\/uploads\/19558_01_high-scaled-12.jpg\"},{\"@type\":\"BreadcrumbList\",\"@id\":\"https:\/\/www.educaborras.com\/ca\/producte\/19558-ca\/#breadcrumb\",\"itemListElement\":[{\"@type\":\"ListItem\",\"position\":1,\"name\":\"Portada\",\"item\":\"https:\/\/www.educaborras.com\/ca\/\"},{\"@type\":\"ListItem\",\"position\":2,\"name\":\"Productes\",\"item\":\"https:\/\/www.educaborras.com\/ca\/shop\/\"},{\"@type\":\"ListItem\",\"position\":3,\"name\":\"1000 Collage d&#8217;Orqu\u00eddies\"}]},{\"@type\":\"WebSite\",\"@id\":\"https:\/\/www.educaborras.com\/ca\/#website\",\"url\":\"https:\/\/www.educaborras.com\/ca\/\",\"name\":\"Educa Borras\",\"description\":\"\",\"publisher\":{\"@id\":\"https:\/\/www.educaborras.com\/ca\/#organization\"},\"potentialAction\":[{\"@type\":\"SearchAction\",\"target\":{\"@type\":\"EntryPoint\",\"urlTemplate\":\"https:\/\/www.educaborras.com\/ca\/?s={search_term_string}\"},\"query-input\":{\"@type\":\"PropertyValueSpecification\",\"valueRequired\":true,\"valueName\":\"search_term_string\"}}],\"inLanguage\":\"ca\"},{\"@type\":\"Organization\",\"@id\":\"https:\/\/www.educaborras.com\/ca\/#organization\",\"name\":\"Educa Borras\",\"url\":\"https:\/\/www.educaborras.com\/ca\/\",\"logo\":{\"@type\":\"ImageObject\",\"inLanguage\":\"ca\",\"@id\":\"https:\/\/www.educaborras.com\/ca\/#\/schema\/logo\/image\/\",\"url\":\"https:\/\/www.educaborras.com\/wp-content\/uploads\/cropped-LOGOS-EDUCA-BORRAS_retina.png\",\"contentUrl\":\"https:\/\/www.educaborras.com\/wp-content\/uploads\/cropped-LOGOS-EDUCA-BORRAS_retina.png\",\"caption\":\"Educa Borras\"},\"image\":{\"@id\":\"https:\/\/www.educaborras.com\/ca\/#\/schema\/logo\/image\/\"}}]}<\/script>\n<!-- \/ Yoast SEO plugin. -->","yoast_head_json":{"title":"1000 Collage d'Orqu\u00eddies - Educa Borras","robots":{"index":"index","follow":"follow","max-snippet":"max-snippet:-1","max-image-preview":"max-image-preview:large","max-video-preview":"max-video-preview:-1"},"canonical":"https:\/\/www.educaborras.com\/ca\/producte\/19558-ca\/","schema":{"@context":"https:\/\/schema.org","@graph":[{"@type":"WebPage","@id":"https:\/\/www.educaborras.com\/ca\/producte\/19558-ca\/","url":"https:\/\/www.educaborras.com\/ca\/producte\/19558-ca\/","name":"1000 Collage d'Orqu\u00eddies - Educa Borras","isPartOf":{"@id":"https:\/\/www.educaborras.com\/ca\/#website"},"primaryImageOfPage":{"@id":"https:\/\/www.educaborras.com\/ca\/producte\/19558-ca\/#primaryimage"},"image":{"@id":"https:\/\/www.educaborras.com\/ca\/producte\/19558-ca\/#primaryimage"},"thumbnailUrl":"https:\/\/www.educaborras.com\/wp-content\/uploads\/19558_01_high-scaled-12.jpg","datePublished":"2025-06-05T09:11:55+00:00","dateModified":"2026-05-04T01:42:01+00:00","breadcrumb":{"@id":"https:\/\/www.educaborras.com\/ca\/producte\/19558-ca\/#breadcrumb"},"inLanguage":"ca","potentialAction":[{"@type":"ReadAction","target":["https:\/\/www.educaborras.com\/ca\/producte\/19558-ca\/"]}]},{"@type":"ImageObject","inLanguage":"ca","@id":"https:\/\/www.educaborras.com\/ca\/producte\/19558-ca\/#primaryimage","url":"https:\/\/www.educaborras.com\/wp-content\/uploads\/19558_01_high-scaled-12.jpg","contentUrl":"https:\/\/www.educaborras.com\/wp-content\/uploads\/19558_01_high-scaled-12.jpg"},{"@type":"BreadcrumbList","@id":"https:\/\/www.educaborras.com\/ca\/producte\/19558-ca\/#breadcrumb","itemListElement":[{"@type":"ListItem","position":1,"name":"Portada","item":"https:\/\/www.educaborras.com\/ca\/"},{"@type":"ListItem","position":2,"name":"Productes","item":"https:\/\/www.educaborras.com\/ca\/shop\/"},{"@type":"ListItem","position":3,"name":"1000 Collage d&#8217;Orqu\u00eddies"}]},{"@type":"WebSite","@id":"https:\/\/www.educaborras.com\/ca\/#website","url":"https:\/\/www.educaborras.com\/ca\/","name":"Educa Borras","description":"","publisher":{"@id":"https:\/\/www.educaborras.com\/ca\/#organization"},"potentialAction":[{"@type":"SearchAction","target":{"@type":"EntryPoint","urlTemplate":"https:\/\/www.educaborras.com\/ca\/?s={search_term_string}"},"query-input":{"@type":"PropertyValueSpecification","valueRequired":true,"valueName":"search_term_string"}}],"inLanguage":"ca"},{"@type":"Organization","@id":"https:\/\/www.educaborras.com\/ca\/#organization","name":"Educa Borras","url":"https:\/\/www.educaborras.com\/ca\/","logo":{"@type":"ImageObject","inLanguage":"ca","@id":"https:\/\/www.educaborras.com\/ca\/#\/schema\/logo\/image\/","url":"https:\/\/www.educaborras.com\/wp-content\/uploads\/cropped-LOGOS-EDUCA-BORRAS_retina.png","contentUrl":"https:\/\/www.educaborras.com\/wp-content\/uploads\/cropped-LOGOS-EDUCA-BORRAS_retina.png","caption":"Educa Borras"},"image":{"@id":"https:\/\/www.educaborras.com\/ca\/#\/schema\/logo\/image\/"}}]}},"_links":{"self":[{"href":"https:\/\/www.educaborras.com\/ca\/wp-json\/wp\/v2\/product\/250307","targetHints":{"allow":["GET"]}}],"collection":[{"href":"https:\/\/www.educaborras.com\/ca\/wp-json\/wp\/v2\/product"}],"about":[{"href":"https:\/\/www.educaborras.com\/ca\/wp-json\/wp\/v2\/types\/product"}],"wp:featuredmedia":[{"embeddable":true,"href":"https:\/\/www.educaborras.com\/ca\/wp-json\/wp\/v2\/media\/164483"}],"wp:attachment":[{"href":"https:\/\/www.educaborras.com\/ca\/wp-json\/wp\/v2\/media?parent=250307"}],"wp:term":[{"taxonomy":"product_brand","embeddable":true,"href":"https:\/\/www.educaborras.com\/ca\/wp-json\/wp\/v2\/product_brand?post=250307"},{"taxonomy":"product_cat","embeddable":true,"href":"https:\/\/www.educaborras.com\/ca\/wp-json\/wp\/v2\/product_cat?post=250307"},{"taxonomy":"product_tag","embeddable":true,"href":"https:\/\/www.educaborras.com\/ca\/wp-json\/wp\/v2\/product_tag?post=250307"}],"curies":[{"name":"wp","href":"https:\/\/api.w.org\/{rel}","templated":true}]}}