{"id":250155,"date":"2025-06-05T11:13:37","date_gmt":"2025-06-05T09:13:37","guid":{"rendered":"https:\/\/www.educaborras.com\/product\/41349\/"},"modified":"2026-04-29T02:45:28","modified_gmt":"2026-04-29T00:45:28","slug":"41349-ca","status":"publish","type":"product","link":"https:\/\/www.educaborras.com\/ca\/producte\/41349-ca\/","title":{"rendered":"Exoesqueleto"},"content":{"rendered":"<p>Amb m\u00e9s de 21 peces per muntar, t&#8217;ho passar\u00e0s d&#8217;all\u00f2 m\u00e9s b\u00e9 construint el teu robot i connectant els cables d&#8217;alimentaci\u00f3 per posar-lo en marxa. Un cop enc\u00e8s, el teu robot seguir\u00e0 caminant per si mateix mentre tu utilitzes les mans per subjectar petits objectes que millorin la teva experi\u00e8ncia de joc. https:\/\/youtu.be\/HazUZj6EaXI?si=dwlyNcperhaaMwAl<\/p>\n","protected":false},"excerpt":{"rendered":"<p>Prepara&#8217;t per construir el teu propi robot exoesquelet errant i veure com cobra vida.<\/p>\n","protected":false},"featured_media":112216,"template":"","meta":{"_acf_changed":false},"product_brand":[],"product_cat":[73223],"product_tag":[83563,83564,83565,83566,83567,81655,83568,83569,83570,83571,83572,83573,83574,83575,83576,83577,83578],"class_list":{"0":"post-250155","1":"product","2":"type-product","3":"status-publish","4":"has-post-thumbnail","6":"product_cat-producte-descatalogat","7":"product_tag-41349-ca","8":"product_tag-astronauta-ca","9":"product_tag-astropod-ca","10":"product_tag-cientifico-ca","11":"product_tag-completar-misiones-ca","12":"product_tag-construccion-ca","13":"product_tag-construir-ca","14":"product_tag-descubre-ca","15":"product_tag-exoesqueleto-ca","16":"product_tag-explora-ca","17":"product_tag-explorar-ca","18":"product_tag-investigacion-ca","19":"product_tag-juguete-ca","20":"product_tag-mision-a-la-luna-ca","21":"product_tag-motorizado-ca","22":"product_tag-robot-ca","23":"product_tag-robotica-ca","25":"first","26":"instock","27":"shipping-taxable","28":"product-type-simple"},"acf":[],"yoast_head":"<!-- This site is optimized with the Yoast SEO plugin v27.1.1 - https:\/\/yoast.com\/product\/yoast-seo-wordpress\/ -->\n<title>Exoesqueleto - Educa Borras<\/title>\n<meta name=\"description\" content=\"Con m\u00e1s de 21 piezas para montar, te lo pasar\u00e1s en grande construyendo tu robot y conectando los cables de alimentaci\u00f3n para ponerlo en marcha.\" \/>\n<meta name=\"robots\" content=\"index, follow, max-snippet:-1, max-image-preview:large, max-video-preview:-1\" \/>\n<link rel=\"canonical\" href=\"https:\/\/www.educaborras.com\/ca\/producte\/41349-ca\/\" \/>\n<script type=\"application\/ld+json\" class=\"yoast-schema-graph\">{\"@context\":\"https:\/\/schema.org\",\"@graph\":[{\"@type\":\"WebPage\",\"@id\":\"https:\/\/www.educaborras.com\/ca\/producte\/41349-ca\/\",\"url\":\"https:\/\/www.educaborras.com\/ca\/producte\/41349-ca\/\",\"name\":\"Exoesqueleto - Educa Borras\",\"isPartOf\":{\"@id\":\"https:\/\/www.educaborras.com\/ca\/#website\"},\"primaryImageOfPage\":{\"@id\":\"https:\/\/www.educaborras.com\/ca\/producte\/41349-ca\/#primaryimage\"},\"image\":{\"@id\":\"https:\/\/www.educaborras.com\/ca\/producte\/41349-ca\/#primaryimage\"},\"thumbnailUrl\":\"https:\/\/www.educaborras.com\/wp-content\/uploads\/41349_01_high.jpg\",\"datePublished\":\"2025-06-05T09:13:37+00:00\",\"dateModified\":\"2026-04-29T00:45:28+00:00\",\"description\":\"Con m\u00e1s de 21 piezas para montar, te lo pasar\u00e1s en grande construyendo tu robot y conectando los cables de alimentaci\u00f3n para ponerlo en marcha.\",\"breadcrumb\":{\"@id\":\"https:\/\/www.educaborras.com\/ca\/producte\/41349-ca\/#breadcrumb\"},\"inLanguage\":\"ca\",\"potentialAction\":[{\"@type\":\"ReadAction\",\"target\":[\"https:\/\/www.educaborras.com\/ca\/producte\/41349-ca\/\"]}]},{\"@type\":\"ImageObject\",\"inLanguage\":\"ca\",\"@id\":\"https:\/\/www.educaborras.com\/ca\/producte\/41349-ca\/#primaryimage\",\"url\":\"https:\/\/www.educaborras.com\/wp-content\/uploads\/41349_01_high.jpg\",\"contentUrl\":\"https:\/\/www.educaborras.com\/wp-content\/uploads\/41349_01_high.jpg\",\"width\":2400,\"height\":2400},{\"@type\":\"BreadcrumbList\",\"@id\":\"https:\/\/www.educaborras.com\/ca\/producte\/41349-ca\/#breadcrumb\",\"itemListElement\":[{\"@type\":\"ListItem\",\"position\":1,\"name\":\"Portada\",\"item\":\"https:\/\/www.educaborras.com\/ca\/\"},{\"@type\":\"ListItem\",\"position\":2,\"name\":\"Productes\",\"item\":\"https:\/\/www.educaborras.com\/ca\/shop\/\"},{\"@type\":\"ListItem\",\"position\":3,\"name\":\"Exoesqueleto\"}]},{\"@type\":\"WebSite\",\"@id\":\"https:\/\/www.educaborras.com\/ca\/#website\",\"url\":\"https:\/\/www.educaborras.com\/ca\/\",\"name\":\"Educa Borras\",\"description\":\"\",\"publisher\":{\"@id\":\"https:\/\/www.educaborras.com\/ca\/#organization\"},\"potentialAction\":[{\"@type\":\"SearchAction\",\"target\":{\"@type\":\"EntryPoint\",\"urlTemplate\":\"https:\/\/www.educaborras.com\/ca\/?s={search_term_string}\"},\"query-input\":{\"@type\":\"PropertyValueSpecification\",\"valueRequired\":true,\"valueName\":\"search_term_string\"}}],\"inLanguage\":\"ca\"},{\"@type\":\"Organization\",\"@id\":\"https:\/\/www.educaborras.com\/ca\/#organization\",\"name\":\"Educa Borras\",\"url\":\"https:\/\/www.educaborras.com\/ca\/\",\"logo\":{\"@type\":\"ImageObject\",\"inLanguage\":\"ca\",\"@id\":\"https:\/\/www.educaborras.com\/ca\/#\/schema\/logo\/image\/\",\"url\":\"https:\/\/www.educaborras.com\/wp-content\/uploads\/cropped-LOGOS-EDUCA-BORRAS_retina.png\",\"contentUrl\":\"https:\/\/www.educaborras.com\/wp-content\/uploads\/cropped-LOGOS-EDUCA-BORRAS_retina.png\",\"caption\":\"Educa Borras\"},\"image\":{\"@id\":\"https:\/\/www.educaborras.com\/ca\/#\/schema\/logo\/image\/\"}}]}<\/script>\n<!-- \/ Yoast SEO plugin. -->","yoast_head_json":{"title":"Exoesqueleto - Educa Borras","description":"Con m\u00e1s de 21 piezas para montar, te lo pasar\u00e1s en grande construyendo tu robot y conectando los cables de alimentaci\u00f3n para ponerlo en marcha.","robots":{"index":"index","follow":"follow","max-snippet":"max-snippet:-1","max-image-preview":"max-image-preview:large","max-video-preview":"max-video-preview:-1"},"canonical":"https:\/\/www.educaborras.com\/ca\/producte\/41349-ca\/","schema":{"@context":"https:\/\/schema.org","@graph":[{"@type":"WebPage","@id":"https:\/\/www.educaborras.com\/ca\/producte\/41349-ca\/","url":"https:\/\/www.educaborras.com\/ca\/producte\/41349-ca\/","name":"Exoesqueleto - Educa Borras","isPartOf":{"@id":"https:\/\/www.educaborras.com\/ca\/#website"},"primaryImageOfPage":{"@id":"https:\/\/www.educaborras.com\/ca\/producte\/41349-ca\/#primaryimage"},"image":{"@id":"https:\/\/www.educaborras.com\/ca\/producte\/41349-ca\/#primaryimage"},"thumbnailUrl":"https:\/\/www.educaborras.com\/wp-content\/uploads\/41349_01_high.jpg","datePublished":"2025-06-05T09:13:37+00:00","dateModified":"2026-04-29T00:45:28+00:00","description":"Con m\u00e1s de 21 piezas para montar, te lo pasar\u00e1s en grande construyendo tu robot y conectando los cables de alimentaci\u00f3n para ponerlo en marcha.","breadcrumb":{"@id":"https:\/\/www.educaborras.com\/ca\/producte\/41349-ca\/#breadcrumb"},"inLanguage":"ca","potentialAction":[{"@type":"ReadAction","target":["https:\/\/www.educaborras.com\/ca\/producte\/41349-ca\/"]}]},{"@type":"ImageObject","inLanguage":"ca","@id":"https:\/\/www.educaborras.com\/ca\/producte\/41349-ca\/#primaryimage","url":"https:\/\/www.educaborras.com\/wp-content\/uploads\/41349_01_high.jpg","contentUrl":"https:\/\/www.educaborras.com\/wp-content\/uploads\/41349_01_high.jpg","width":2400,"height":2400},{"@type":"BreadcrumbList","@id":"https:\/\/www.educaborras.com\/ca\/producte\/41349-ca\/#breadcrumb","itemListElement":[{"@type":"ListItem","position":1,"name":"Portada","item":"https:\/\/www.educaborras.com\/ca\/"},{"@type":"ListItem","position":2,"name":"Productes","item":"https:\/\/www.educaborras.com\/ca\/shop\/"},{"@type":"ListItem","position":3,"name":"Exoesqueleto"}]},{"@type":"WebSite","@id":"https:\/\/www.educaborras.com\/ca\/#website","url":"https:\/\/www.educaborras.com\/ca\/","name":"Educa Borras","description":"","publisher":{"@id":"https:\/\/www.educaborras.com\/ca\/#organization"},"potentialAction":[{"@type":"SearchAction","target":{"@type":"EntryPoint","urlTemplate":"https:\/\/www.educaborras.com\/ca\/?s={search_term_string}"},"query-input":{"@type":"PropertyValueSpecification","valueRequired":true,"valueName":"search_term_string"}}],"inLanguage":"ca"},{"@type":"Organization","@id":"https:\/\/www.educaborras.com\/ca\/#organization","name":"Educa Borras","url":"https:\/\/www.educaborras.com\/ca\/","logo":{"@type":"ImageObject","inLanguage":"ca","@id":"https:\/\/www.educaborras.com\/ca\/#\/schema\/logo\/image\/","url":"https:\/\/www.educaborras.com\/wp-content\/uploads\/cropped-LOGOS-EDUCA-BORRAS_retina.png","contentUrl":"https:\/\/www.educaborras.com\/wp-content\/uploads\/cropped-LOGOS-EDUCA-BORRAS_retina.png","caption":"Educa Borras"},"image":{"@id":"https:\/\/www.educaborras.com\/ca\/#\/schema\/logo\/image\/"}}]}},"_links":{"self":[{"href":"https:\/\/www.educaborras.com\/ca\/wp-json\/wp\/v2\/product\/250155","targetHints":{"allow":["GET"]}}],"collection":[{"href":"https:\/\/www.educaborras.com\/ca\/wp-json\/wp\/v2\/product"}],"about":[{"href":"https:\/\/www.educaborras.com\/ca\/wp-json\/wp\/v2\/types\/product"}],"wp:featuredmedia":[{"embeddable":true,"href":"https:\/\/www.educaborras.com\/ca\/wp-json\/wp\/v2\/media\/112216"}],"wp:attachment":[{"href":"https:\/\/www.educaborras.com\/ca\/wp-json\/wp\/v2\/media?parent=250155"}],"wp:term":[{"taxonomy":"product_brand","embeddable":true,"href":"https:\/\/www.educaborras.com\/ca\/wp-json\/wp\/v2\/product_brand?post=250155"},{"taxonomy":"product_cat","embeddable":true,"href":"https:\/\/www.educaborras.com\/ca\/wp-json\/wp\/v2\/product_cat?post=250155"},{"taxonomy":"product_tag","embeddable":true,"href":"https:\/\/www.educaborras.com\/ca\/wp-json\/wp\/v2\/product_tag?post=250155"}],"curies":[{"name":"wp","href":"https:\/\/api.w.org\/{rel}","templated":true}]}}