{"id":250151,"date":"2025-06-05T11:13:40","date_gmt":"2025-06-05T09:13:40","guid":{"rendered":"https:\/\/www.educaborras.com\/product\/41350\/"},"modified":"2026-04-29T02:45:31","modified_gmt":"2026-04-29T00:45:31","slug":"41350-ca","status":"publish","type":"product","link":"https:\/\/www.educaborras.com\/ca\/producte\/41350-ca\/","title":{"rendered":"Cohete Espacial"},"content":{"rendered":"<p>Aquest pack inclou dues missions diferents que us mantindran entretingut durant hores. La primera missi\u00f3 \u00e9s Llan\u00e7ament de coet, que inclou un coet amb efectes realistes de llum i so. Omple el dip\u00f2sit d&#8217;aigua per crear aut\u00e8ntics efectes de nebulitzaci\u00f3 i prepara&#8217;t per a l&#8217;enlairament. 3. 2. 1.. llan\u00e7a&#8217;t a l&#8217;espai! https:\/\/youtu.be\/HazUZj6EaXI?si=dwlyNcperhaaMwAl<\/p>\n","protected":false},"excerpt":{"rendered":"<p>Prepara&#8217;t per a una aventura espacial definitiva amb el pack Ultimate Mission!<\/p>\n","protected":false},"featured_media":112236,"template":"","meta":{"_acf_changed":false},"product_brand":[],"product_cat":[73223],"product_tag":[96649,83564,83565,83566,96650,81655,96651,96652,96653,96654,96655,96656,83571,83572,83574,96657,80722,96658,96659,94372,83575,77219,96660,96661,96662],"class_list":{"0":"post-250151","1":"product","2":"type-product","3":"status-publish","4":"has-post-thumbnail","6":"product_cat-producte-descatalogat","7":"product_tag-41350-ca","8":"product_tag-astronauta-ca","9":"product_tag-astropod-ca","10":"product_tag-cientifico-ca","11":"product_tag-cohete-espacial-ca","12":"product_tag-construccion-ca","13":"product_tag-despegue-ca","14":"product_tag-detector-metales-ca","15":"product_tag-discos-metalicos-ca","16":"product_tag-efecto-vapor-ca","17":"product_tag-efectos-ca","18":"product_tag-efectos-de-sonido-ca","19":"product_tag-explora-ca","20":"product_tag-explorar-ca","21":"product_tag-juguete-ca","22":"product_tag-lanzamiento-ca","23":"product_tag-led-ca","24":"product_tag-leds-ca","25":"product_tag-luces-ca","26":"product_tag-mision-ca","27":"product_tag-mision-a-la-luna-ca","28":"product_tag-pack-ca","29":"product_tag-sensor-metales-ca","30":"product_tag-sonido-ca","31":"product_tag-vapor-ca","33":"first","34":"instock","35":"shipping-taxable","36":"product-type-simple"},"acf":[],"yoast_head":"<!-- This site is optimized with the Yoast SEO plugin v27.1.1 - https:\/\/yoast.com\/product\/yoast-seo-wordpress\/ -->\n<title>Cohete Espacial - Educa Borras<\/title>\n<meta name=\"description\" content=\"Este pack incluye dos misiones diferentes que te mantendr\u00e1n entretenido durante horas. La primera misi\u00f3n es Lanzamiento de cohete, que incluye un cohete con efectos realistas de luz y sonido.\" \/>\n<meta name=\"robots\" content=\"index, follow, max-snippet:-1, max-image-preview:large, max-video-preview:-1\" \/>\n<link rel=\"canonical\" href=\"https:\/\/www.educaborras.com\/ca\/producte\/41350-ca\/\" \/>\n<script type=\"application\/ld+json\" class=\"yoast-schema-graph\">{\"@context\":\"https:\/\/schema.org\",\"@graph\":[{\"@type\":\"WebPage\",\"@id\":\"https:\/\/www.educaborras.com\/ca\/producte\/41350-ca\/\",\"url\":\"https:\/\/www.educaborras.com\/ca\/producte\/41350-ca\/\",\"name\":\"Cohete Espacial - Educa Borras\",\"isPartOf\":{\"@id\":\"https:\/\/www.educaborras.com\/ca\/#website\"},\"primaryImageOfPage\":{\"@id\":\"https:\/\/www.educaborras.com\/ca\/producte\/41350-ca\/#primaryimage\"},\"image\":{\"@id\":\"https:\/\/www.educaborras.com\/ca\/producte\/41350-ca\/#primaryimage\"},\"thumbnailUrl\":\"https:\/\/www.educaborras.com\/wp-content\/uploads\/41350_01_high.jpg\",\"datePublished\":\"2025-06-05T09:13:40+00:00\",\"dateModified\":\"2026-04-29T00:45:31+00:00\",\"description\":\"Este pack incluye dos misiones diferentes que te mantendr\u00e1n entretenido durante horas. La primera misi\u00f3n es Lanzamiento de cohete, que incluye un cohete con efectos realistas de luz y sonido.\",\"breadcrumb\":{\"@id\":\"https:\/\/www.educaborras.com\/ca\/producte\/41350-ca\/#breadcrumb\"},\"inLanguage\":\"ca\",\"potentialAction\":[{\"@type\":\"ReadAction\",\"target\":[\"https:\/\/www.educaborras.com\/ca\/producte\/41350-ca\/\"]}]},{\"@type\":\"ImageObject\",\"inLanguage\":\"ca\",\"@id\":\"https:\/\/www.educaborras.com\/ca\/producte\/41350-ca\/#primaryimage\",\"url\":\"https:\/\/www.educaborras.com\/wp-content\/uploads\/41350_01_high.jpg\",\"contentUrl\":\"https:\/\/www.educaborras.com\/wp-content\/uploads\/41350_01_high.jpg\",\"width\":2400,\"height\":2400},{\"@type\":\"BreadcrumbList\",\"@id\":\"https:\/\/www.educaborras.com\/ca\/producte\/41350-ca\/#breadcrumb\",\"itemListElement\":[{\"@type\":\"ListItem\",\"position\":1,\"name\":\"Portada\",\"item\":\"https:\/\/www.educaborras.com\/ca\/\"},{\"@type\":\"ListItem\",\"position\":2,\"name\":\"Productes\",\"item\":\"https:\/\/www.educaborras.com\/ca\/shop\/\"},{\"@type\":\"ListItem\",\"position\":3,\"name\":\"Cohete Espacial\"}]},{\"@type\":\"WebSite\",\"@id\":\"https:\/\/www.educaborras.com\/ca\/#website\",\"url\":\"https:\/\/www.educaborras.com\/ca\/\",\"name\":\"Educa Borras\",\"description\":\"\",\"publisher\":{\"@id\":\"https:\/\/www.educaborras.com\/ca\/#organization\"},\"potentialAction\":[{\"@type\":\"SearchAction\",\"target\":{\"@type\":\"EntryPoint\",\"urlTemplate\":\"https:\/\/www.educaborras.com\/ca\/?s={search_term_string}\"},\"query-input\":{\"@type\":\"PropertyValueSpecification\",\"valueRequired\":true,\"valueName\":\"search_term_string\"}}],\"inLanguage\":\"ca\"},{\"@type\":\"Organization\",\"@id\":\"https:\/\/www.educaborras.com\/ca\/#organization\",\"name\":\"Educa Borras\",\"url\":\"https:\/\/www.educaborras.com\/ca\/\",\"logo\":{\"@type\":\"ImageObject\",\"inLanguage\":\"ca\",\"@id\":\"https:\/\/www.educaborras.com\/ca\/#\/schema\/logo\/image\/\",\"url\":\"https:\/\/www.educaborras.com\/wp-content\/uploads\/cropped-LOGOS-EDUCA-BORRAS_retina.png\",\"contentUrl\":\"https:\/\/www.educaborras.com\/wp-content\/uploads\/cropped-LOGOS-EDUCA-BORRAS_retina.png\",\"caption\":\"Educa Borras\"},\"image\":{\"@id\":\"https:\/\/www.educaborras.com\/ca\/#\/schema\/logo\/image\/\"}}]}<\/script>\n<!-- \/ Yoast SEO plugin. -->","yoast_head_json":{"title":"Cohete Espacial - Educa Borras","description":"Este pack incluye dos misiones diferentes que te mantendr\u00e1n entretenido durante horas. La primera misi\u00f3n es Lanzamiento de cohete, que incluye un cohete con efectos realistas de luz y sonido.","robots":{"index":"index","follow":"follow","max-snippet":"max-snippet:-1","max-image-preview":"max-image-preview:large","max-video-preview":"max-video-preview:-1"},"canonical":"https:\/\/www.educaborras.com\/ca\/producte\/41350-ca\/","schema":{"@context":"https:\/\/schema.org","@graph":[{"@type":"WebPage","@id":"https:\/\/www.educaborras.com\/ca\/producte\/41350-ca\/","url":"https:\/\/www.educaborras.com\/ca\/producte\/41350-ca\/","name":"Cohete Espacial - Educa Borras","isPartOf":{"@id":"https:\/\/www.educaborras.com\/ca\/#website"},"primaryImageOfPage":{"@id":"https:\/\/www.educaborras.com\/ca\/producte\/41350-ca\/#primaryimage"},"image":{"@id":"https:\/\/www.educaborras.com\/ca\/producte\/41350-ca\/#primaryimage"},"thumbnailUrl":"https:\/\/www.educaborras.com\/wp-content\/uploads\/41350_01_high.jpg","datePublished":"2025-06-05T09:13:40+00:00","dateModified":"2026-04-29T00:45:31+00:00","description":"Este pack incluye dos misiones diferentes que te mantendr\u00e1n entretenido durante horas. La primera misi\u00f3n es Lanzamiento de cohete, que incluye un cohete con efectos realistas de luz y sonido.","breadcrumb":{"@id":"https:\/\/www.educaborras.com\/ca\/producte\/41350-ca\/#breadcrumb"},"inLanguage":"ca","potentialAction":[{"@type":"ReadAction","target":["https:\/\/www.educaborras.com\/ca\/producte\/41350-ca\/"]}]},{"@type":"ImageObject","inLanguage":"ca","@id":"https:\/\/www.educaborras.com\/ca\/producte\/41350-ca\/#primaryimage","url":"https:\/\/www.educaborras.com\/wp-content\/uploads\/41350_01_high.jpg","contentUrl":"https:\/\/www.educaborras.com\/wp-content\/uploads\/41350_01_high.jpg","width":2400,"height":2400},{"@type":"BreadcrumbList","@id":"https:\/\/www.educaborras.com\/ca\/producte\/41350-ca\/#breadcrumb","itemListElement":[{"@type":"ListItem","position":1,"name":"Portada","item":"https:\/\/www.educaborras.com\/ca\/"},{"@type":"ListItem","position":2,"name":"Productes","item":"https:\/\/www.educaborras.com\/ca\/shop\/"},{"@type":"ListItem","position":3,"name":"Cohete Espacial"}]},{"@type":"WebSite","@id":"https:\/\/www.educaborras.com\/ca\/#website","url":"https:\/\/www.educaborras.com\/ca\/","name":"Educa Borras","description":"","publisher":{"@id":"https:\/\/www.educaborras.com\/ca\/#organization"},"potentialAction":[{"@type":"SearchAction","target":{"@type":"EntryPoint","urlTemplate":"https:\/\/www.educaborras.com\/ca\/?s={search_term_string}"},"query-input":{"@type":"PropertyValueSpecification","valueRequired":true,"valueName":"search_term_string"}}],"inLanguage":"ca"},{"@type":"Organization","@id":"https:\/\/www.educaborras.com\/ca\/#organization","name":"Educa Borras","url":"https:\/\/www.educaborras.com\/ca\/","logo":{"@type":"ImageObject","inLanguage":"ca","@id":"https:\/\/www.educaborras.com\/ca\/#\/schema\/logo\/image\/","url":"https:\/\/www.educaborras.com\/wp-content\/uploads\/cropped-LOGOS-EDUCA-BORRAS_retina.png","contentUrl":"https:\/\/www.educaborras.com\/wp-content\/uploads\/cropped-LOGOS-EDUCA-BORRAS_retina.png","caption":"Educa Borras"},"image":{"@id":"https:\/\/www.educaborras.com\/ca\/#\/schema\/logo\/image\/"}}]}},"_links":{"self":[{"href":"https:\/\/www.educaborras.com\/ca\/wp-json\/wp\/v2\/product\/250151","targetHints":{"allow":["GET"]}}],"collection":[{"href":"https:\/\/www.educaborras.com\/ca\/wp-json\/wp\/v2\/product"}],"about":[{"href":"https:\/\/www.educaborras.com\/ca\/wp-json\/wp\/v2\/types\/product"}],"wp:featuredmedia":[{"embeddable":true,"href":"https:\/\/www.educaborras.com\/ca\/wp-json\/wp\/v2\/media\/112236"}],"wp:attachment":[{"href":"https:\/\/www.educaborras.com\/ca\/wp-json\/wp\/v2\/media?parent=250151"}],"wp:term":[{"taxonomy":"product_brand","embeddable":true,"href":"https:\/\/www.educaborras.com\/ca\/wp-json\/wp\/v2\/product_brand?post=250151"},{"taxonomy":"product_cat","embeddable":true,"href":"https:\/\/www.educaborras.com\/ca\/wp-json\/wp\/v2\/product_cat?post=250151"},{"taxonomy":"product_tag","embeddable":true,"href":"https:\/\/www.educaborras.com\/ca\/wp-json\/wp\/v2\/product_tag?post=250151"}],"curies":[{"name":"wp","href":"https:\/\/api.w.org\/{rel}","templated":true}]}}