{"id":250075,"date":"2025-06-05T11:14:23","date_gmt":"2025-06-05T09:14:23","guid":{"rendered":"https:\/\/www.educaborras.com\/product\/17154\/"},"modified":"2026-04-20T03:47:18","modified_gmt":"2026-04-20T01:47:18","slug":"17154-ca","status":"publish","type":"product","link":"https:\/\/www.educaborras.com\/ca\/producte\/17154-ca\/","title":{"rendered":"200 Gatet"},"content":{"rendered":"<p>Nova col\u00b7lecci\u00f3 de puzles de cartr\u00f3 amb els millors personatges. Puzles amb una \u00e0rea d&#8217;imatge m\u00e9s gran i acabat brillant. Educa t&#8217;ofereix uns puzles amb peces grans i resistents, especials per a les mans m\u00e9s petites. Mides aproximades del puzle muntat: 40 x 28 cm<\/p>\n","protected":false},"excerpt":{"rendered":"<p>Educa t&#8217;ofereix uns puzles amb peces grans i resistents, especials per a les mans m\u00e9s petites.<\/p>\n","protected":false},"featured_media":165513,"template":"","meta":{"_acf_changed":false},"product_brand":[],"product_cat":[73227,73526],"product_tag":[80093,74398,80094,80095,80096,80097,80098,78113,74530,74531,74532,80099,80100,80101,80102,80103,80104,80105,80106,76536,80107,80108,80109,80110,76537],"class_list":{"0":"post-250075","1":"product","2":"type-product","3":"status-publish","4":"has-post-thumbnail","6":"product_cat-puzles-de-200-a-400-peces","7":"product_cat-puzles-infantils","8":"product_tag-17154-ca","9":"product_tag-200-ca","10":"product_tag-200-chaton-ca","11":"product_tag-200-gatet-ca","12":"product_tag-200-gatito-ca","13":"product_tag-200-kitten-ca","14":"product_tag-200-kittens-ca","15":"product_tag-2017-ca","16":"product_tag-animales-ca","17":"product_tag-animals-ca","18":"product_tag-animaux-ca","19":"product_tag-cat-ca","20":"product_tag-cats-ca","21":"product_tag-chaton-ca","22":"product_tag-gatet-ca","23":"product_tag-gatito-ca","24":"product_tag-gato-ca","25":"product_tag-gatos-ca","26":"product_tag-gats-ca","27":"product_tag-junior-puzzles-ca","28":"product_tag-kitten-ca","29":"product_tag-kittens-ca","30":"product_tag-mascotas-ca","31":"product_tag-pets-ca","32":"product_tag-puzzle-junior-ca","34":"first","35":"instock","36":"shipping-taxable","37":"product-type-simple"},"acf":[],"yoast_head":"<!-- This site is optimized with the Yoast SEO plugin v27.1.1 - https:\/\/yoast.com\/product\/yoast-seo-wordpress\/ -->\n<title>200 Gatet - Educa Borras<\/title>\n<meta name=\"robots\" content=\"index, follow, max-snippet:-1, max-image-preview:large, max-video-preview:-1\" \/>\n<link rel=\"canonical\" href=\"https:\/\/www.educaborras.com\/ca\/producte\/17154-ca\/\" \/>\n<script type=\"application\/ld+json\" class=\"yoast-schema-graph\">{\"@context\":\"https:\/\/schema.org\",\"@graph\":[{\"@type\":\"WebPage\",\"@id\":\"https:\/\/www.educaborras.com\/ca\/producte\/17154-ca\/\",\"url\":\"https:\/\/www.educaborras.com\/ca\/producte\/17154-ca\/\",\"name\":\"200 Gatet - Educa Borras\",\"isPartOf\":{\"@id\":\"https:\/\/www.educaborras.com\/ca\/#website\"},\"primaryImageOfPage\":{\"@id\":\"https:\/\/www.educaborras.com\/ca\/producte\/17154-ca\/#primaryimage\"},\"image\":{\"@id\":\"https:\/\/www.educaborras.com\/ca\/producte\/17154-ca\/#primaryimage\"},\"thumbnailUrl\":\"https:\/\/www.educaborras.com\/wp-content\/uploads\/17154_01_med-18.jpg\",\"datePublished\":\"2025-06-05T09:14:23+00:00\",\"dateModified\":\"2026-04-20T01:47:18+00:00\",\"breadcrumb\":{\"@id\":\"https:\/\/www.educaborras.com\/ca\/producte\/17154-ca\/#breadcrumb\"},\"inLanguage\":\"ca\",\"potentialAction\":[{\"@type\":\"ReadAction\",\"target\":[\"https:\/\/www.educaborras.com\/ca\/producte\/17154-ca\/\"]}]},{\"@type\":\"ImageObject\",\"inLanguage\":\"ca\",\"@id\":\"https:\/\/www.educaborras.com\/ca\/producte\/17154-ca\/#primaryimage\",\"url\":\"https:\/\/www.educaborras.com\/wp-content\/uploads\/17154_01_med-18.jpg\",\"contentUrl\":\"https:\/\/www.educaborras.com\/wp-content\/uploads\/17154_01_med-18.jpg\"},{\"@type\":\"BreadcrumbList\",\"@id\":\"https:\/\/www.educaborras.com\/ca\/producte\/17154-ca\/#breadcrumb\",\"itemListElement\":[{\"@type\":\"ListItem\",\"position\":1,\"name\":\"Portada\",\"item\":\"https:\/\/www.educaborras.com\/ca\/\"},{\"@type\":\"ListItem\",\"position\":2,\"name\":\"Productes\",\"item\":\"https:\/\/www.educaborras.com\/ca\/shop\/\"},{\"@type\":\"ListItem\",\"position\":3,\"name\":\"200 Gatet\"}]},{\"@type\":\"WebSite\",\"@id\":\"https:\/\/www.educaborras.com\/ca\/#website\",\"url\":\"https:\/\/www.educaborras.com\/ca\/\",\"name\":\"Educa Borras\",\"description\":\"\",\"publisher\":{\"@id\":\"https:\/\/www.educaborras.com\/ca\/#organization\"},\"potentialAction\":[{\"@type\":\"SearchAction\",\"target\":{\"@type\":\"EntryPoint\",\"urlTemplate\":\"https:\/\/www.educaborras.com\/ca\/?s={search_term_string}\"},\"query-input\":{\"@type\":\"PropertyValueSpecification\",\"valueRequired\":true,\"valueName\":\"search_term_string\"}}],\"inLanguage\":\"ca\"},{\"@type\":\"Organization\",\"@id\":\"https:\/\/www.educaborras.com\/ca\/#organization\",\"name\":\"Educa Borras\",\"url\":\"https:\/\/www.educaborras.com\/ca\/\",\"logo\":{\"@type\":\"ImageObject\",\"inLanguage\":\"ca\",\"@id\":\"https:\/\/www.educaborras.com\/ca\/#\/schema\/logo\/image\/\",\"url\":\"https:\/\/www.educaborras.com\/wp-content\/uploads\/cropped-LOGOS-EDUCA-BORRAS_retina.png\",\"contentUrl\":\"https:\/\/www.educaborras.com\/wp-content\/uploads\/cropped-LOGOS-EDUCA-BORRAS_retina.png\",\"caption\":\"Educa Borras\"},\"image\":{\"@id\":\"https:\/\/www.educaborras.com\/ca\/#\/schema\/logo\/image\/\"}}]}<\/script>\n<!-- \/ Yoast SEO plugin. -->","yoast_head_json":{"title":"200 Gatet - Educa Borras","robots":{"index":"index","follow":"follow","max-snippet":"max-snippet:-1","max-image-preview":"max-image-preview:large","max-video-preview":"max-video-preview:-1"},"canonical":"https:\/\/www.educaborras.com\/ca\/producte\/17154-ca\/","schema":{"@context":"https:\/\/schema.org","@graph":[{"@type":"WebPage","@id":"https:\/\/www.educaborras.com\/ca\/producte\/17154-ca\/","url":"https:\/\/www.educaborras.com\/ca\/producte\/17154-ca\/","name":"200 Gatet - Educa Borras","isPartOf":{"@id":"https:\/\/www.educaborras.com\/ca\/#website"},"primaryImageOfPage":{"@id":"https:\/\/www.educaborras.com\/ca\/producte\/17154-ca\/#primaryimage"},"image":{"@id":"https:\/\/www.educaborras.com\/ca\/producte\/17154-ca\/#primaryimage"},"thumbnailUrl":"https:\/\/www.educaborras.com\/wp-content\/uploads\/17154_01_med-18.jpg","datePublished":"2025-06-05T09:14:23+00:00","dateModified":"2026-04-20T01:47:18+00:00","breadcrumb":{"@id":"https:\/\/www.educaborras.com\/ca\/producte\/17154-ca\/#breadcrumb"},"inLanguage":"ca","potentialAction":[{"@type":"ReadAction","target":["https:\/\/www.educaborras.com\/ca\/producte\/17154-ca\/"]}]},{"@type":"ImageObject","inLanguage":"ca","@id":"https:\/\/www.educaborras.com\/ca\/producte\/17154-ca\/#primaryimage","url":"https:\/\/www.educaborras.com\/wp-content\/uploads\/17154_01_med-18.jpg","contentUrl":"https:\/\/www.educaborras.com\/wp-content\/uploads\/17154_01_med-18.jpg"},{"@type":"BreadcrumbList","@id":"https:\/\/www.educaborras.com\/ca\/producte\/17154-ca\/#breadcrumb","itemListElement":[{"@type":"ListItem","position":1,"name":"Portada","item":"https:\/\/www.educaborras.com\/ca\/"},{"@type":"ListItem","position":2,"name":"Productes","item":"https:\/\/www.educaborras.com\/ca\/shop\/"},{"@type":"ListItem","position":3,"name":"200 Gatet"}]},{"@type":"WebSite","@id":"https:\/\/www.educaborras.com\/ca\/#website","url":"https:\/\/www.educaborras.com\/ca\/","name":"Educa Borras","description":"","publisher":{"@id":"https:\/\/www.educaborras.com\/ca\/#organization"},"potentialAction":[{"@type":"SearchAction","target":{"@type":"EntryPoint","urlTemplate":"https:\/\/www.educaborras.com\/ca\/?s={search_term_string}"},"query-input":{"@type":"PropertyValueSpecification","valueRequired":true,"valueName":"search_term_string"}}],"inLanguage":"ca"},{"@type":"Organization","@id":"https:\/\/www.educaborras.com\/ca\/#organization","name":"Educa Borras","url":"https:\/\/www.educaborras.com\/ca\/","logo":{"@type":"ImageObject","inLanguage":"ca","@id":"https:\/\/www.educaborras.com\/ca\/#\/schema\/logo\/image\/","url":"https:\/\/www.educaborras.com\/wp-content\/uploads\/cropped-LOGOS-EDUCA-BORRAS_retina.png","contentUrl":"https:\/\/www.educaborras.com\/wp-content\/uploads\/cropped-LOGOS-EDUCA-BORRAS_retina.png","caption":"Educa Borras"},"image":{"@id":"https:\/\/www.educaborras.com\/ca\/#\/schema\/logo\/image\/"}}]}},"_links":{"self":[{"href":"https:\/\/www.educaborras.com\/ca\/wp-json\/wp\/v2\/product\/250075","targetHints":{"allow":["GET"]}}],"collection":[{"href":"https:\/\/www.educaborras.com\/ca\/wp-json\/wp\/v2\/product"}],"about":[{"href":"https:\/\/www.educaborras.com\/ca\/wp-json\/wp\/v2\/types\/product"}],"wp:featuredmedia":[{"embeddable":true,"href":"https:\/\/www.educaborras.com\/ca\/wp-json\/wp\/v2\/media\/165513"}],"wp:attachment":[{"href":"https:\/\/www.educaborras.com\/ca\/wp-json\/wp\/v2\/media?parent=250075"}],"wp:term":[{"taxonomy":"product_brand","embeddable":true,"href":"https:\/\/www.educaborras.com\/ca\/wp-json\/wp\/v2\/product_brand?post=250075"},{"taxonomy":"product_cat","embeddable":true,"href":"https:\/\/www.educaborras.com\/ca\/wp-json\/wp\/v2\/product_cat?post=250075"},{"taxonomy":"product_tag","embeddable":true,"href":"https:\/\/www.educaborras.com\/ca\/wp-json\/wp\/v2\/product_tag?post=250075"}],"curies":[{"name":"wp","href":"https:\/\/api.w.org\/{rel}","templated":true}]}}