{"id":250043,"date":"2025-06-05T11:14:35","date_gmt":"2025-06-05T09:14:35","guid":{"rendered":"https:\/\/www.educaborras.com\/product\/19648\/"},"modified":"2026-04-30T02:50:15","modified_gmt":"2026-04-30T00:50:15","slug":"19648-ca","status":"publish","type":"product","link":"https:\/\/www.educaborras.com\/ca\/producte\/19648-ca\/","title":{"rendered":"300 Vet aqu\u00ed una vegada la vida"},"content":{"rendered":"<p>Puzle amb peces grans i resistents, perfectament acabades per tal que la seva manipulaci\u00f3 sigui senzilla i segura. Mides aproximades del puzle muntat: 28 x 40 cm.<\/p>\n","protected":false},"excerpt":{"rendered":"<p>Educa\u00ae t&#8217;ofereix una col\u00b7lecci\u00f3 de puzles infantils per a totes les edats, amb formats des de 2 fins a 400 peces<\/p>\n","protected":false},"featured_media":165598,"template":"","meta":{"_acf_changed":false},"product_brand":[],"product_cat":[73227,73526],"product_tag":[74334,100564,100565,100566,100567,100568,100569,100570,74160,74161,74162,74164,74166,74167,75737,74538,82288,74461,74463,77857,82452,74172,83631,83549,100571,82296],"class_list":{"0":"post-250043","1":"product","2":"type-product","3":"status-publish","4":"has-post-thumbnail","6":"product_cat-puzles-de-200-a-400-peces","7":"product_cat-puzles-infantils","8":"product_tag-piezas-ca","9":"product_tag-19648-ca","10":"product_tag-300-ca","11":"product_tag-300-era-uma-vez-a-vida-ca","12":"product_tag-300-erase-una-vez-la-vida-ca","13":"product_tag-300-es-war-einmal-das-leben-ca","14":"product_tag-300-il-etait-une-fois-ca","15":"product_tag-300p-il-etait-une-fois-ca","16":"product_tag-educa-ca","17":"product_tag-educa-borras-ca","18":"product_tag-educa-borras-puzzle-ca","19":"product_tag-educa-puzzle-ca","20":"product_tag-educa-puzzle-passion-ca","21":"product_tag-educa-puzzles-ca","22":"product_tag-educativo-ca","23":"product_tag-infantil-ca","24":"product_tag-jigsaw-ca","25":"product_tag-peces-ca","26":"product_tag-pieces-ca","27":"product_tag-pieza-ca","28":"product_tag-puzzle-educa-ca","29":"product_tag-puzzle-passion-ca","30":"product_tag-puzzles-educa-ca","31":"product_tag-rompecabezas-educa-ca","32":"product_tag-serie-tv-ca","33":"product_tag-trencaclosques-ca","35":"first","36":"instock","37":"shipping-taxable","38":"product-type-simple"},"acf":[],"yoast_head":"<!-- This site is optimized with the Yoast SEO plugin v27.1.1 - https:\/\/yoast.com\/product\/yoast-seo-wordpress\/ -->\n<title>300 Vet aqu\u00ed una vegada la vida - Educa Borras<\/title>\n<meta name=\"description\" content=\"Este puzzle est\u00e1 compuesto por grandes piezas, perfectamente acabadas para que sea sencilla y segura su manipulaci\u00f3n por los ni\u00f1os.\" \/>\n<meta name=\"robots\" content=\"index, follow, max-snippet:-1, max-image-preview:large, max-video-preview:-1\" \/>\n<link rel=\"canonical\" href=\"https:\/\/www.educaborras.com\/ca\/producte\/19648-ca\/\" \/>\n<script type=\"application\/ld+json\" class=\"yoast-schema-graph\">{\"@context\":\"https:\/\/schema.org\",\"@graph\":[{\"@type\":\"WebPage\",\"@id\":\"https:\/\/www.educaborras.com\/ca\/producte\/19648-ca\/\",\"url\":\"https:\/\/www.educaborras.com\/ca\/producte\/19648-ca\/\",\"name\":\"300 Vet aqu\u00ed una vegada la vida - Educa Borras\",\"isPartOf\":{\"@id\":\"https:\/\/www.educaborras.com\/ca\/#website\"},\"primaryImageOfPage\":{\"@id\":\"https:\/\/www.educaborras.com\/ca\/producte\/19648-ca\/#primaryimage\"},\"image\":{\"@id\":\"https:\/\/www.educaborras.com\/ca\/producte\/19648-ca\/#primaryimage\"},\"thumbnailUrl\":\"https:\/\/www.educaborras.com\/wp-content\/uploads\/19648_01_high-13.jpg\",\"datePublished\":\"2025-06-05T09:14:35+00:00\",\"dateModified\":\"2026-04-30T00:50:15+00:00\",\"description\":\"Este puzzle est\u00e1 compuesto por grandes piezas, perfectamente acabadas para que sea sencilla y segura su manipulaci\u00f3n por los ni\u00f1os.\",\"breadcrumb\":{\"@id\":\"https:\/\/www.educaborras.com\/ca\/producte\/19648-ca\/#breadcrumb\"},\"inLanguage\":\"ca\",\"potentialAction\":[{\"@type\":\"ReadAction\",\"target\":[\"https:\/\/www.educaborras.com\/ca\/producte\/19648-ca\/\"]}]},{\"@type\":\"ImageObject\",\"inLanguage\":\"ca\",\"@id\":\"https:\/\/www.educaborras.com\/ca\/producte\/19648-ca\/#primaryimage\",\"url\":\"https:\/\/www.educaborras.com\/wp-content\/uploads\/19648_01_high-13.jpg\",\"contentUrl\":\"https:\/\/www.educaborras.com\/wp-content\/uploads\/19648_01_high-13.jpg\"},{\"@type\":\"BreadcrumbList\",\"@id\":\"https:\/\/www.educaborras.com\/ca\/producte\/19648-ca\/#breadcrumb\",\"itemListElement\":[{\"@type\":\"ListItem\",\"position\":1,\"name\":\"Portada\",\"item\":\"https:\/\/www.educaborras.com\/ca\/\"},{\"@type\":\"ListItem\",\"position\":2,\"name\":\"Productes\",\"item\":\"https:\/\/www.educaborras.com\/ca\/shop\/\"},{\"@type\":\"ListItem\",\"position\":3,\"name\":\"300 Vet aqu\u00ed una vegada la vida\"}]},{\"@type\":\"WebSite\",\"@id\":\"https:\/\/www.educaborras.com\/ca\/#website\",\"url\":\"https:\/\/www.educaborras.com\/ca\/\",\"name\":\"Educa Borras\",\"description\":\"\",\"publisher\":{\"@id\":\"https:\/\/www.educaborras.com\/ca\/#organization\"},\"potentialAction\":[{\"@type\":\"SearchAction\",\"target\":{\"@type\":\"EntryPoint\",\"urlTemplate\":\"https:\/\/www.educaborras.com\/ca\/?s={search_term_string}\"},\"query-input\":{\"@type\":\"PropertyValueSpecification\",\"valueRequired\":true,\"valueName\":\"search_term_string\"}}],\"inLanguage\":\"ca\"},{\"@type\":\"Organization\",\"@id\":\"https:\/\/www.educaborras.com\/ca\/#organization\",\"name\":\"Educa Borras\",\"url\":\"https:\/\/www.educaborras.com\/ca\/\",\"logo\":{\"@type\":\"ImageObject\",\"inLanguage\":\"ca\",\"@id\":\"https:\/\/www.educaborras.com\/ca\/#\/schema\/logo\/image\/\",\"url\":\"https:\/\/www.educaborras.com\/wp-content\/uploads\/cropped-LOGOS-EDUCA-BORRAS_retina.png\",\"contentUrl\":\"https:\/\/www.educaborras.com\/wp-content\/uploads\/cropped-LOGOS-EDUCA-BORRAS_retina.png\",\"caption\":\"Educa Borras\"},\"image\":{\"@id\":\"https:\/\/www.educaborras.com\/ca\/#\/schema\/logo\/image\/\"}}]}<\/script>\n<!-- \/ Yoast SEO plugin. -->","yoast_head_json":{"title":"300 Vet aqu\u00ed una vegada la vida - Educa Borras","description":"Este puzzle est\u00e1 compuesto por grandes piezas, perfectamente acabadas para que sea sencilla y segura su manipulaci\u00f3n por los ni\u00f1os.","robots":{"index":"index","follow":"follow","max-snippet":"max-snippet:-1","max-image-preview":"max-image-preview:large","max-video-preview":"max-video-preview:-1"},"canonical":"https:\/\/www.educaborras.com\/ca\/producte\/19648-ca\/","schema":{"@context":"https:\/\/schema.org","@graph":[{"@type":"WebPage","@id":"https:\/\/www.educaborras.com\/ca\/producte\/19648-ca\/","url":"https:\/\/www.educaborras.com\/ca\/producte\/19648-ca\/","name":"300 Vet aqu\u00ed una vegada la vida - Educa Borras","isPartOf":{"@id":"https:\/\/www.educaborras.com\/ca\/#website"},"primaryImageOfPage":{"@id":"https:\/\/www.educaborras.com\/ca\/producte\/19648-ca\/#primaryimage"},"image":{"@id":"https:\/\/www.educaborras.com\/ca\/producte\/19648-ca\/#primaryimage"},"thumbnailUrl":"https:\/\/www.educaborras.com\/wp-content\/uploads\/19648_01_high-13.jpg","datePublished":"2025-06-05T09:14:35+00:00","dateModified":"2026-04-30T00:50:15+00:00","description":"Este puzzle est\u00e1 compuesto por grandes piezas, perfectamente acabadas para que sea sencilla y segura su manipulaci\u00f3n por los ni\u00f1os.","breadcrumb":{"@id":"https:\/\/www.educaborras.com\/ca\/producte\/19648-ca\/#breadcrumb"},"inLanguage":"ca","potentialAction":[{"@type":"ReadAction","target":["https:\/\/www.educaborras.com\/ca\/producte\/19648-ca\/"]}]},{"@type":"ImageObject","inLanguage":"ca","@id":"https:\/\/www.educaborras.com\/ca\/producte\/19648-ca\/#primaryimage","url":"https:\/\/www.educaborras.com\/wp-content\/uploads\/19648_01_high-13.jpg","contentUrl":"https:\/\/www.educaborras.com\/wp-content\/uploads\/19648_01_high-13.jpg"},{"@type":"BreadcrumbList","@id":"https:\/\/www.educaborras.com\/ca\/producte\/19648-ca\/#breadcrumb","itemListElement":[{"@type":"ListItem","position":1,"name":"Portada","item":"https:\/\/www.educaborras.com\/ca\/"},{"@type":"ListItem","position":2,"name":"Productes","item":"https:\/\/www.educaborras.com\/ca\/shop\/"},{"@type":"ListItem","position":3,"name":"300 Vet aqu\u00ed una vegada la vida"}]},{"@type":"WebSite","@id":"https:\/\/www.educaborras.com\/ca\/#website","url":"https:\/\/www.educaborras.com\/ca\/","name":"Educa Borras","description":"","publisher":{"@id":"https:\/\/www.educaborras.com\/ca\/#organization"},"potentialAction":[{"@type":"SearchAction","target":{"@type":"EntryPoint","urlTemplate":"https:\/\/www.educaborras.com\/ca\/?s={search_term_string}"},"query-input":{"@type":"PropertyValueSpecification","valueRequired":true,"valueName":"search_term_string"}}],"inLanguage":"ca"},{"@type":"Organization","@id":"https:\/\/www.educaborras.com\/ca\/#organization","name":"Educa Borras","url":"https:\/\/www.educaborras.com\/ca\/","logo":{"@type":"ImageObject","inLanguage":"ca","@id":"https:\/\/www.educaborras.com\/ca\/#\/schema\/logo\/image\/","url":"https:\/\/www.educaborras.com\/wp-content\/uploads\/cropped-LOGOS-EDUCA-BORRAS_retina.png","contentUrl":"https:\/\/www.educaborras.com\/wp-content\/uploads\/cropped-LOGOS-EDUCA-BORRAS_retina.png","caption":"Educa Borras"},"image":{"@id":"https:\/\/www.educaborras.com\/ca\/#\/schema\/logo\/image\/"}}]}},"_links":{"self":[{"href":"https:\/\/www.educaborras.com\/ca\/wp-json\/wp\/v2\/product\/250043","targetHints":{"allow":["GET"]}}],"collection":[{"href":"https:\/\/www.educaborras.com\/ca\/wp-json\/wp\/v2\/product"}],"about":[{"href":"https:\/\/www.educaborras.com\/ca\/wp-json\/wp\/v2\/types\/product"}],"wp:featuredmedia":[{"embeddable":true,"href":"https:\/\/www.educaborras.com\/ca\/wp-json\/wp\/v2\/media\/165598"}],"wp:attachment":[{"href":"https:\/\/www.educaborras.com\/ca\/wp-json\/wp\/v2\/media?parent=250043"}],"wp:term":[{"taxonomy":"product_brand","embeddable":true,"href":"https:\/\/www.educaborras.com\/ca\/wp-json\/wp\/v2\/product_brand?post=250043"},{"taxonomy":"product_cat","embeddable":true,"href":"https:\/\/www.educaborras.com\/ca\/wp-json\/wp\/v2\/product_cat?post=250043"},{"taxonomy":"product_tag","embeddable":true,"href":"https:\/\/www.educaborras.com\/ca\/wp-json\/wp\/v2\/product_tag?post=250043"}],"curies":[{"name":"wp","href":"https:\/\/api.w.org\/{rel}","templated":true}]}}