{"id":249987,"date":"2025-06-05T11:15:00","date_gmt":"2025-06-05T09:15:00","guid":{"rendered":"https:\/\/www.educaborras.com\/product\/18899\/"},"modified":"2026-04-20T02:10:05","modified_gmt":"2026-04-20T00:10:05","slug":"18899-ca","status":"publish","type":"product","link":"https:\/\/www.educaborras.com\/ca\/producte\/18899-ca\/","title":{"rendered":"Mares i Beb\u00e8s de la Granja My First Puzzles"},"content":{"rendered":"<p>Puzles progressius de 5 a 8 peces. Cada puzle cont\u00e9 figures extra\u00efbles de 1, 2 o 3 peces. Escenes vistoses i atractives, aptes per a edats a partir de 24 mesos. Peces grans, f\u00e0cils de manipular i d\u2019encaixar. Tem\u00e0tica: Mares i beb\u00e8s de la granja. Mides aproximades de cada puzle muntat: 23,5 x 16,2 cm.<\/p>\n","protected":false},"excerpt":{"rendered":"<p>Puzles progressius de 5 a 8 peces. Cada puzle cont\u00e9 figures extra\u00efbles de 1, 2 o 3 peces.<\/p>\n","protected":false},"featured_media":165763,"template":"","meta":{"_acf_changed":false},"product_brand":[],"product_cat":[73225],"product_tag":[74334,101024,92898,74160,74161,74162,83535,74164,74166,74167,101025,101026,101027,101028,101029,101030,74337,74461,74462,74463,77857,75637,74038,92902,92903,92904,83538,83539,90820,101031,83540,83541,76537,83542,83543,74172,76454,92905,83547,74338,83549],"class_list":{"0":"post-249987","1":"product","2":"type-product","3":"status-publish","4":"has-post-thumbnail","6":"product_cat-puzles-baby","7":"product_tag-piezas-ca","8":"product_tag-18899-ca","9":"product_tag-baby-puzzles-ca","10":"product_tag-educa-ca","11":"product_tag-educa-borras-ca","12":"product_tag-educa-borras-puzzle-ca","13":"product_tag-educa-junior-ca","14":"product_tag-educa-puzzle-ca","15":"product_tag-educa-puzzle-passion-ca","16":"product_tag-educa-puzzles-ca","17":"product_tag-farm-mothers-and-babies-my-first-puzzles-ca","18":"product_tag-maes-e-bebes-my-first-puzzles-ca","19":"product_tag-mamas-y-bebes-de-la-granja-my-first-puzzles-ca","20":"product_tag-mares-i-bebes-de-la-granja-my-first-puzzles-ca","21":"product_tag-meres-et-bebes-my-first-puzzles-ca","22":"product_tag-mutter-und-babys-my-first-puzzles-ca","23":"product_tag-peca-ca","24":"product_tag-peces-ca","25":"product_tag-piece-ca","26":"product_tag-pieces-ca","27":"product_tag-pieza-ca","28":"product_tag-puzle-ca","29":"product_tag-puzzle-ca","30":"product_tag-puzzle-2-anos-ca","31":"product_tag-puzzle-24-meses-ca","32":"product_tag-puzzle-bebe-ca","33":"product_tag-puzzle-educa-ninos-ca","34":"product_tag-puzzle-infantil-ca","35":"product_tag-puzzle-infantil-animales-ca","36":"product_tag-puzzle-infantil-animales-granja-ca","37":"product_tag-puzzle-infantil-nina-ca","38":"product_tag-puzzle-infantil-nino-ca","39":"product_tag-puzzle-junior-ca","40":"product_tag-puzzle-ninos-ca","41":"product_tag-puzzle-para-ninos-ca","42":"product_tag-puzzle-passion-ca","43":"product_tag-puzzle-progresivo-ca","44":"product_tag-puzzle-progresivo-bebe-ca","45":"product_tag-puzzles-infantiles-ca","46":"product_tag-rompecabezas-ca","47":"product_tag-rompecabezas-educa-ca","49":"first","50":"instock","51":"shipping-taxable","52":"product-type-simple"},"acf":[],"yoast_head":"<!-- This site is optimized with the Yoast SEO plugin v27.1.1 - https:\/\/yoast.com\/product\/yoast-seo-wordpress\/ -->\n<title>Mares i Beb\u00e8s de la Granja My First Puzzles - Educa Borras<\/title>\n<meta name=\"robots\" content=\"index, follow, max-snippet:-1, max-image-preview:large, max-video-preview:-1\" \/>\n<link rel=\"canonical\" href=\"https:\/\/www.educaborras.com\/ca\/producte\/18899-ca\/\" \/>\n<script type=\"application\/ld+json\" class=\"yoast-schema-graph\">{\"@context\":\"https:\/\/schema.org\",\"@graph\":[{\"@type\":\"WebPage\",\"@id\":\"https:\/\/www.educaborras.com\/ca\/producte\/18899-ca\/\",\"url\":\"https:\/\/www.educaborras.com\/ca\/producte\/18899-ca\/\",\"name\":\"Mares i Beb\u00e8s de la Granja My First Puzzles - Educa Borras\",\"isPartOf\":{\"@id\":\"https:\/\/www.educaborras.com\/ca\/#website\"},\"primaryImageOfPage\":{\"@id\":\"https:\/\/www.educaborras.com\/ca\/producte\/18899-ca\/#primaryimage\"},\"image\":{\"@id\":\"https:\/\/www.educaborras.com\/ca\/producte\/18899-ca\/#primaryimage\"},\"thumbnailUrl\":\"https:\/\/www.educaborras.com\/wp-content\/uploads\/18899_01_high-13.jpg\",\"datePublished\":\"2025-06-05T09:15:00+00:00\",\"dateModified\":\"2026-04-20T00:10:05+00:00\",\"breadcrumb\":{\"@id\":\"https:\/\/www.educaborras.com\/ca\/producte\/18899-ca\/#breadcrumb\"},\"inLanguage\":\"ca\",\"potentialAction\":[{\"@type\":\"ReadAction\",\"target\":[\"https:\/\/www.educaborras.com\/ca\/producte\/18899-ca\/\"]}]},{\"@type\":\"ImageObject\",\"inLanguage\":\"ca\",\"@id\":\"https:\/\/www.educaborras.com\/ca\/producte\/18899-ca\/#primaryimage\",\"url\":\"https:\/\/www.educaborras.com\/wp-content\/uploads\/18899_01_high-13.jpg\",\"contentUrl\":\"https:\/\/www.educaborras.com\/wp-content\/uploads\/18899_01_high-13.jpg\"},{\"@type\":\"BreadcrumbList\",\"@id\":\"https:\/\/www.educaborras.com\/ca\/producte\/18899-ca\/#breadcrumb\",\"itemListElement\":[{\"@type\":\"ListItem\",\"position\":1,\"name\":\"Portada\",\"item\":\"https:\/\/www.educaborras.com\/ca\/\"},{\"@type\":\"ListItem\",\"position\":2,\"name\":\"Productes\",\"item\":\"https:\/\/www.educaborras.com\/ca\/shop\/\"},{\"@type\":\"ListItem\",\"position\":3,\"name\":\"Mares i Beb\u00e8s de la Granja My First Puzzles\"}]},{\"@type\":\"WebSite\",\"@id\":\"https:\/\/www.educaborras.com\/ca\/#website\",\"url\":\"https:\/\/www.educaborras.com\/ca\/\",\"name\":\"Educa Borras\",\"description\":\"\",\"publisher\":{\"@id\":\"https:\/\/www.educaborras.com\/ca\/#organization\"},\"potentialAction\":[{\"@type\":\"SearchAction\",\"target\":{\"@type\":\"EntryPoint\",\"urlTemplate\":\"https:\/\/www.educaborras.com\/ca\/?s={search_term_string}\"},\"query-input\":{\"@type\":\"PropertyValueSpecification\",\"valueRequired\":true,\"valueName\":\"search_term_string\"}}],\"inLanguage\":\"ca\"},{\"@type\":\"Organization\",\"@id\":\"https:\/\/www.educaborras.com\/ca\/#organization\",\"name\":\"Educa Borras\",\"url\":\"https:\/\/www.educaborras.com\/ca\/\",\"logo\":{\"@type\":\"ImageObject\",\"inLanguage\":\"ca\",\"@id\":\"https:\/\/www.educaborras.com\/ca\/#\/schema\/logo\/image\/\",\"url\":\"https:\/\/www.educaborras.com\/wp-content\/uploads\/cropped-LOGOS-EDUCA-BORRAS_retina.png\",\"contentUrl\":\"https:\/\/www.educaborras.com\/wp-content\/uploads\/cropped-LOGOS-EDUCA-BORRAS_retina.png\",\"caption\":\"Educa Borras\"},\"image\":{\"@id\":\"https:\/\/www.educaborras.com\/ca\/#\/schema\/logo\/image\/\"}}]}<\/script>\n<!-- \/ Yoast SEO plugin. -->","yoast_head_json":{"title":"Mares i Beb\u00e8s de la Granja My First Puzzles - Educa Borras","robots":{"index":"index","follow":"follow","max-snippet":"max-snippet:-1","max-image-preview":"max-image-preview:large","max-video-preview":"max-video-preview:-1"},"canonical":"https:\/\/www.educaborras.com\/ca\/producte\/18899-ca\/","schema":{"@context":"https:\/\/schema.org","@graph":[{"@type":"WebPage","@id":"https:\/\/www.educaborras.com\/ca\/producte\/18899-ca\/","url":"https:\/\/www.educaborras.com\/ca\/producte\/18899-ca\/","name":"Mares i Beb\u00e8s de la Granja My First Puzzles - Educa Borras","isPartOf":{"@id":"https:\/\/www.educaborras.com\/ca\/#website"},"primaryImageOfPage":{"@id":"https:\/\/www.educaborras.com\/ca\/producte\/18899-ca\/#primaryimage"},"image":{"@id":"https:\/\/www.educaborras.com\/ca\/producte\/18899-ca\/#primaryimage"},"thumbnailUrl":"https:\/\/www.educaborras.com\/wp-content\/uploads\/18899_01_high-13.jpg","datePublished":"2025-06-05T09:15:00+00:00","dateModified":"2026-04-20T00:10:05+00:00","breadcrumb":{"@id":"https:\/\/www.educaborras.com\/ca\/producte\/18899-ca\/#breadcrumb"},"inLanguage":"ca","potentialAction":[{"@type":"ReadAction","target":["https:\/\/www.educaborras.com\/ca\/producte\/18899-ca\/"]}]},{"@type":"ImageObject","inLanguage":"ca","@id":"https:\/\/www.educaborras.com\/ca\/producte\/18899-ca\/#primaryimage","url":"https:\/\/www.educaborras.com\/wp-content\/uploads\/18899_01_high-13.jpg","contentUrl":"https:\/\/www.educaborras.com\/wp-content\/uploads\/18899_01_high-13.jpg"},{"@type":"BreadcrumbList","@id":"https:\/\/www.educaborras.com\/ca\/producte\/18899-ca\/#breadcrumb","itemListElement":[{"@type":"ListItem","position":1,"name":"Portada","item":"https:\/\/www.educaborras.com\/ca\/"},{"@type":"ListItem","position":2,"name":"Productes","item":"https:\/\/www.educaborras.com\/ca\/shop\/"},{"@type":"ListItem","position":3,"name":"Mares i Beb\u00e8s de la Granja My First Puzzles"}]},{"@type":"WebSite","@id":"https:\/\/www.educaborras.com\/ca\/#website","url":"https:\/\/www.educaborras.com\/ca\/","name":"Educa Borras","description":"","publisher":{"@id":"https:\/\/www.educaborras.com\/ca\/#organization"},"potentialAction":[{"@type":"SearchAction","target":{"@type":"EntryPoint","urlTemplate":"https:\/\/www.educaborras.com\/ca\/?s={search_term_string}"},"query-input":{"@type":"PropertyValueSpecification","valueRequired":true,"valueName":"search_term_string"}}],"inLanguage":"ca"},{"@type":"Organization","@id":"https:\/\/www.educaborras.com\/ca\/#organization","name":"Educa Borras","url":"https:\/\/www.educaborras.com\/ca\/","logo":{"@type":"ImageObject","inLanguage":"ca","@id":"https:\/\/www.educaborras.com\/ca\/#\/schema\/logo\/image\/","url":"https:\/\/www.educaborras.com\/wp-content\/uploads\/cropped-LOGOS-EDUCA-BORRAS_retina.png","contentUrl":"https:\/\/www.educaborras.com\/wp-content\/uploads\/cropped-LOGOS-EDUCA-BORRAS_retina.png","caption":"Educa Borras"},"image":{"@id":"https:\/\/www.educaborras.com\/ca\/#\/schema\/logo\/image\/"}}]}},"_links":{"self":[{"href":"https:\/\/www.educaborras.com\/ca\/wp-json\/wp\/v2\/product\/249987","targetHints":{"allow":["GET"]}}],"collection":[{"href":"https:\/\/www.educaborras.com\/ca\/wp-json\/wp\/v2\/product"}],"about":[{"href":"https:\/\/www.educaborras.com\/ca\/wp-json\/wp\/v2\/types\/product"}],"wp:featuredmedia":[{"embeddable":true,"href":"https:\/\/www.educaborras.com\/ca\/wp-json\/wp\/v2\/media\/165763"}],"wp:attachment":[{"href":"https:\/\/www.educaborras.com\/ca\/wp-json\/wp\/v2\/media?parent=249987"}],"wp:term":[{"taxonomy":"product_brand","embeddable":true,"href":"https:\/\/www.educaborras.com\/ca\/wp-json\/wp\/v2\/product_brand?post=249987"},{"taxonomy":"product_cat","embeddable":true,"href":"https:\/\/www.educaborras.com\/ca\/wp-json\/wp\/v2\/product_cat?post=249987"},{"taxonomy":"product_tag","embeddable":true,"href":"https:\/\/www.educaborras.com\/ca\/wp-json\/wp\/v2\/product_tag?post=249987"}],"curies":[{"name":"wp","href":"https:\/\/api.w.org\/{rel}","templated":true}]}}