{"id":249927,"date":"2025-06-05T11:15:25","date_gmt":"2025-06-05T09:15:25","guid":{"rendered":"https:\/\/www.educaborras.com\/product\/18062\/"},"modified":"2026-04-19T02:35:46","modified_gmt":"2026-04-19T00:35:46","slug":"18062-ca","status":"publish","type":"product","link":"https:\/\/www.educaborras.com\/ca\/producte\/18062-ca\/","title":{"rendered":"100 Selfie sota l&#8217;aigua"},"content":{"rendered":"<p>Nova col\u00b7lecci\u00f3 de puzles de cartr\u00f3 amb els millors personatges. Puzles amb una \u00e0rea d&#8217;imatge m\u00e9s gran i acabat brillant. Educa t&#8217;ofereix uns puzles amb peces grans i resistents, especials per a les mans m\u00e9s petites. Mides aproximades del puzle muntat: 40 x 28 cm.<\/p>\n","protected":false},"excerpt":{"rendered":"<p>Educa t&#8217;ofereix uns puzles amb peces grans i resistents, especials per a les mans m\u00e9s petites.<\/p>\n","protected":false},"featured_media":165923,"template":"","meta":{"_acf_changed":false},"product_brand":[],"product_cat":[73226,73526],"product_tag":[74334,94026,94027,94028,76774,84443,94029,91164,83875,94030,75826,94031,91725,83876,74337,94032,94033,83878,74462,77857,74038,74338,94034,83879,83880,83881,83882,83885],"class_list":{"0":"post-249927","1":"product","2":"type-product","3":"status-publish","4":"has-post-thumbnail","6":"product_cat-puzles-de-100-a-199-peces","7":"product_cat-puzles-infantils","8":"product_tag-piezas-ca","9":"product_tag-100-selfie-bajo-el-agua-ca","10":"product_tag-100-selfie-sous-leau-ca","11":"product_tag-18062-ca","12":"product_tag-agua-ca","13":"product_tag-aigua-ca","14":"product_tag-beluga-ca","15":"product_tag-coral-ca","16":"product_tag-delfin-ca","17":"product_tag-dofi-ca","18":"product_tag-lloro-ca","19":"product_tag-ocean-ca","20":"product_tag-oceano-ca","21":"product_tag-orca-ca","22":"product_tag-peca-ca","23":"product_tag-peix-ca","24":"product_tag-pez-ca","25":"product_tag-pez-loro-ca","26":"product_tag-piece-ca","27":"product_tag-pieza-ca","28":"product_tag-puzzle-ca","29":"product_tag-rompecabezas-ca","30":"product_tag-sea-ca","31":"product_tag-selfie-ca","32":"product_tag-shark-ca","33":"product_tag-tiburon-ca","34":"product_tag-tortuga-ca","35":"product_tag-water-ca","37":"first","38":"instock","39":"shipping-taxable","40":"product-type-simple"},"acf":[],"yoast_head":"<!-- This site is optimized with the Yoast SEO plugin v27.1.1 - https:\/\/yoast.com\/product\/yoast-seo-wordpress\/ -->\n<title>100 Selfie sota l&#039;aigua - Educa Borras<\/title>\n<meta name=\"robots\" content=\"index, follow, max-snippet:-1, max-image-preview:large, max-video-preview:-1\" \/>\n<link rel=\"canonical\" href=\"https:\/\/www.educaborras.com\/ca\/producte\/18062-ca\/\" \/>\n<script type=\"application\/ld+json\" class=\"yoast-schema-graph\">{\"@context\":\"https:\/\/schema.org\",\"@graph\":[{\"@type\":\"WebPage\",\"@id\":\"https:\/\/www.educaborras.com\/ca\/producte\/18062-ca\/\",\"url\":\"https:\/\/www.educaborras.com\/ca\/producte\/18062-ca\/\",\"name\":\"100 Selfie sota l'aigua - Educa Borras\",\"isPartOf\":{\"@id\":\"https:\/\/www.educaborras.com\/ca\/#website\"},\"primaryImageOfPage\":{\"@id\":\"https:\/\/www.educaborras.com\/ca\/producte\/18062-ca\/#primaryimage\"},\"image\":{\"@id\":\"https:\/\/www.educaborras.com\/ca\/producte\/18062-ca\/#primaryimage\"},\"thumbnailUrl\":\"https:\/\/www.educaborras.com\/wp-content\/uploads\/18062_01_med-19.jpg\",\"datePublished\":\"2025-06-05T09:15:25+00:00\",\"dateModified\":\"2026-04-19T00:35:46+00:00\",\"breadcrumb\":{\"@id\":\"https:\/\/www.educaborras.com\/ca\/producte\/18062-ca\/#breadcrumb\"},\"inLanguage\":\"ca\",\"potentialAction\":[{\"@type\":\"ReadAction\",\"target\":[\"https:\/\/www.educaborras.com\/ca\/producte\/18062-ca\/\"]}]},{\"@type\":\"ImageObject\",\"inLanguage\":\"ca\",\"@id\":\"https:\/\/www.educaborras.com\/ca\/producte\/18062-ca\/#primaryimage\",\"url\":\"https:\/\/www.educaborras.com\/wp-content\/uploads\/18062_01_med-19.jpg\",\"contentUrl\":\"https:\/\/www.educaborras.com\/wp-content\/uploads\/18062_01_med-19.jpg\"},{\"@type\":\"BreadcrumbList\",\"@id\":\"https:\/\/www.educaborras.com\/ca\/producte\/18062-ca\/#breadcrumb\",\"itemListElement\":[{\"@type\":\"ListItem\",\"position\":1,\"name\":\"Portada\",\"item\":\"https:\/\/www.educaborras.com\/ca\/\"},{\"@type\":\"ListItem\",\"position\":2,\"name\":\"Productes\",\"item\":\"https:\/\/www.educaborras.com\/ca\/shop\/\"},{\"@type\":\"ListItem\",\"position\":3,\"name\":\"100 Selfie sota l&#8217;aigua\"}]},{\"@type\":\"WebSite\",\"@id\":\"https:\/\/www.educaborras.com\/ca\/#website\",\"url\":\"https:\/\/www.educaborras.com\/ca\/\",\"name\":\"Educa Borras\",\"description\":\"\",\"publisher\":{\"@id\":\"https:\/\/www.educaborras.com\/ca\/#organization\"},\"potentialAction\":[{\"@type\":\"SearchAction\",\"target\":{\"@type\":\"EntryPoint\",\"urlTemplate\":\"https:\/\/www.educaborras.com\/ca\/?s={search_term_string}\"},\"query-input\":{\"@type\":\"PropertyValueSpecification\",\"valueRequired\":true,\"valueName\":\"search_term_string\"}}],\"inLanguage\":\"ca\"},{\"@type\":\"Organization\",\"@id\":\"https:\/\/www.educaborras.com\/ca\/#organization\",\"name\":\"Educa Borras\",\"url\":\"https:\/\/www.educaborras.com\/ca\/\",\"logo\":{\"@type\":\"ImageObject\",\"inLanguage\":\"ca\",\"@id\":\"https:\/\/www.educaborras.com\/ca\/#\/schema\/logo\/image\/\",\"url\":\"https:\/\/www.educaborras.com\/wp-content\/uploads\/cropped-LOGOS-EDUCA-BORRAS_retina.png\",\"contentUrl\":\"https:\/\/www.educaborras.com\/wp-content\/uploads\/cropped-LOGOS-EDUCA-BORRAS_retina.png\",\"caption\":\"Educa Borras\"},\"image\":{\"@id\":\"https:\/\/www.educaborras.com\/ca\/#\/schema\/logo\/image\/\"}}]}<\/script>\n<!-- \/ Yoast SEO plugin. -->","yoast_head_json":{"title":"100 Selfie sota l'aigua - Educa Borras","robots":{"index":"index","follow":"follow","max-snippet":"max-snippet:-1","max-image-preview":"max-image-preview:large","max-video-preview":"max-video-preview:-1"},"canonical":"https:\/\/www.educaborras.com\/ca\/producte\/18062-ca\/","schema":{"@context":"https:\/\/schema.org","@graph":[{"@type":"WebPage","@id":"https:\/\/www.educaborras.com\/ca\/producte\/18062-ca\/","url":"https:\/\/www.educaborras.com\/ca\/producte\/18062-ca\/","name":"100 Selfie sota l'aigua - Educa Borras","isPartOf":{"@id":"https:\/\/www.educaborras.com\/ca\/#website"},"primaryImageOfPage":{"@id":"https:\/\/www.educaborras.com\/ca\/producte\/18062-ca\/#primaryimage"},"image":{"@id":"https:\/\/www.educaborras.com\/ca\/producte\/18062-ca\/#primaryimage"},"thumbnailUrl":"https:\/\/www.educaborras.com\/wp-content\/uploads\/18062_01_med-19.jpg","datePublished":"2025-06-05T09:15:25+00:00","dateModified":"2026-04-19T00:35:46+00:00","breadcrumb":{"@id":"https:\/\/www.educaborras.com\/ca\/producte\/18062-ca\/#breadcrumb"},"inLanguage":"ca","potentialAction":[{"@type":"ReadAction","target":["https:\/\/www.educaborras.com\/ca\/producte\/18062-ca\/"]}]},{"@type":"ImageObject","inLanguage":"ca","@id":"https:\/\/www.educaborras.com\/ca\/producte\/18062-ca\/#primaryimage","url":"https:\/\/www.educaborras.com\/wp-content\/uploads\/18062_01_med-19.jpg","contentUrl":"https:\/\/www.educaborras.com\/wp-content\/uploads\/18062_01_med-19.jpg"},{"@type":"BreadcrumbList","@id":"https:\/\/www.educaborras.com\/ca\/producte\/18062-ca\/#breadcrumb","itemListElement":[{"@type":"ListItem","position":1,"name":"Portada","item":"https:\/\/www.educaborras.com\/ca\/"},{"@type":"ListItem","position":2,"name":"Productes","item":"https:\/\/www.educaborras.com\/ca\/shop\/"},{"@type":"ListItem","position":3,"name":"100 Selfie sota l&#8217;aigua"}]},{"@type":"WebSite","@id":"https:\/\/www.educaborras.com\/ca\/#website","url":"https:\/\/www.educaborras.com\/ca\/","name":"Educa Borras","description":"","publisher":{"@id":"https:\/\/www.educaborras.com\/ca\/#organization"},"potentialAction":[{"@type":"SearchAction","target":{"@type":"EntryPoint","urlTemplate":"https:\/\/www.educaborras.com\/ca\/?s={search_term_string}"},"query-input":{"@type":"PropertyValueSpecification","valueRequired":true,"valueName":"search_term_string"}}],"inLanguage":"ca"},{"@type":"Organization","@id":"https:\/\/www.educaborras.com\/ca\/#organization","name":"Educa Borras","url":"https:\/\/www.educaborras.com\/ca\/","logo":{"@type":"ImageObject","inLanguage":"ca","@id":"https:\/\/www.educaborras.com\/ca\/#\/schema\/logo\/image\/","url":"https:\/\/www.educaborras.com\/wp-content\/uploads\/cropped-LOGOS-EDUCA-BORRAS_retina.png","contentUrl":"https:\/\/www.educaborras.com\/wp-content\/uploads\/cropped-LOGOS-EDUCA-BORRAS_retina.png","caption":"Educa Borras"},"image":{"@id":"https:\/\/www.educaborras.com\/ca\/#\/schema\/logo\/image\/"}}]}},"_links":{"self":[{"href":"https:\/\/www.educaborras.com\/ca\/wp-json\/wp\/v2\/product\/249927","targetHints":{"allow":["GET"]}}],"collection":[{"href":"https:\/\/www.educaborras.com\/ca\/wp-json\/wp\/v2\/product"}],"about":[{"href":"https:\/\/www.educaborras.com\/ca\/wp-json\/wp\/v2\/types\/product"}],"wp:featuredmedia":[{"embeddable":true,"href":"https:\/\/www.educaborras.com\/ca\/wp-json\/wp\/v2\/media\/165923"}],"wp:attachment":[{"href":"https:\/\/www.educaborras.com\/ca\/wp-json\/wp\/v2\/media?parent=249927"}],"wp:term":[{"taxonomy":"product_brand","embeddable":true,"href":"https:\/\/www.educaborras.com\/ca\/wp-json\/wp\/v2\/product_brand?post=249927"},{"taxonomy":"product_cat","embeddable":true,"href":"https:\/\/www.educaborras.com\/ca\/wp-json\/wp\/v2\/product_cat?post=249927"},{"taxonomy":"product_tag","embeddable":true,"href":"https:\/\/www.educaborras.com\/ca\/wp-json\/wp\/v2\/product_tag?post=249927"}],"curies":[{"name":"wp","href":"https:\/\/api.w.org\/{rel}","templated":true}]}}