{"id":249863,"date":"2025-06-05T11:15:50","date_gmt":"2025-06-05T09:15:50","guid":{"rendered":"https:\/\/www.educaborras.com\/product\/19967\/"},"modified":"2026-04-28T03:36:51","modified_gmt":"2026-04-28T01:36:51","slug":"19967-ca","status":"publish","type":"product","link":"https:\/\/www.educaborras.com\/ca\/producte\/19967-ca\/","title":{"rendered":"100 Bluey fusta"},"content":{"rendered":"<p>Nova fusta ecol\u00f2gica, m\u00e9s resistent i m\u00e9s segura per als nens (no genera estelles).Imatges m\u00e9s atractives i colors brillants gr\u00e0cies a l&#8217;acabat plastificat. Puzle de 100 peces. Mides del puzle muntat: 36 x 26 cm.<\/p>\n","protected":false},"excerpt":{"rendered":"<p>Super Puzzles EDUCA\u00ae: puzles de fusta \u00fanics.<\/p>\n","protected":false},"featured_media":166093,"template":"","meta":{"_acf_changed":false},"product_brand":[],"product_cat":[73226,73526],"product_tag":[74334,80210,102946,102947,102948,102949,102950,102951,74160,74161,74162,74164,74166,74167,96071,74538,82288,76961,74461,74463,77857,82452,74172,83631,83549,82296],"class_list":{"0":"post-249863","1":"product","2":"type-product","3":"status-publish","4":"has-post-thumbnail","6":"product_cat-puzles-de-100-a-199-peces","7":"product_cat-puzles-infantils","8":"product_tag-piezas-ca","9":"product_tag-100-ca","10":"product_tag-100-bluey-bois-ca","11":"product_tag-100-bluey-holz-ca","12":"product_tag-100-bluey-madeira-ca","13":"product_tag-100-bluey-wooden-ca","14":"product_tag-100-bluey-madera-ca","15":"product_tag-19967-ca","16":"product_tag-educa-ca","17":"product_tag-educa-borras-ca","18":"product_tag-educa-borras-puzzle-ca","19":"product_tag-educa-puzzle-ca","20":"product_tag-educa-puzzle-passion-ca","21":"product_tag-educa-puzzles-ca","22":"product_tag-enfant-ca","23":"product_tag-infantil-ca","24":"product_tag-jigsaw-ca","25":"product_tag-madera-ca","26":"product_tag-peces-ca","27":"product_tag-pieces-ca","28":"product_tag-pieza-ca","29":"product_tag-puzzle-educa-ca","30":"product_tag-puzzle-passion-ca","31":"product_tag-puzzles-educa-ca","32":"product_tag-rompecabezas-educa-ca","33":"product_tag-trencaclosques-ca","35":"first","36":"instock","37":"shipping-taxable","38":"product-type-simple"},"acf":[],"yoast_head":"<!-- This site is optimized with the Yoast SEO plugin v27.1.1 - https:\/\/yoast.com\/product\/yoast-seo-wordpress\/ -->\n<title>100 Bluey fusta - Educa Borras<\/title>\n<meta name=\"description\" content=\"Nueva Madera ecol\u00f3gica, m\u00e1s resistente y m\u00e1s segura para los ni\u00f1os (no genera astillas). Im\u00e1genes m\u00e1s atractivas y colores brillantes gracias al acabado plastificado.\" \/>\n<meta name=\"robots\" content=\"index, follow, max-snippet:-1, max-image-preview:large, max-video-preview:-1\" \/>\n<link rel=\"canonical\" href=\"https:\/\/www.educaborras.com\/ca\/producte\/19967-ca\/\" \/>\n<script type=\"application\/ld+json\" class=\"yoast-schema-graph\">{\"@context\":\"https:\/\/schema.org\",\"@graph\":[{\"@type\":\"WebPage\",\"@id\":\"https:\/\/www.educaborras.com\/ca\/producte\/19967-ca\/\",\"url\":\"https:\/\/www.educaborras.com\/ca\/producte\/19967-ca\/\",\"name\":\"100 Bluey fusta - Educa Borras\",\"isPartOf\":{\"@id\":\"https:\/\/www.educaborras.com\/ca\/#website\"},\"primaryImageOfPage\":{\"@id\":\"https:\/\/www.educaborras.com\/ca\/producte\/19967-ca\/#primaryimage\"},\"image\":{\"@id\":\"https:\/\/www.educaborras.com\/ca\/producte\/19967-ca\/#primaryimage\"},\"thumbnailUrl\":\"https:\/\/www.educaborras.com\/wp-content\/uploads\/19967_01_high-11.jpg\",\"datePublished\":\"2025-06-05T09:15:50+00:00\",\"dateModified\":\"2026-04-28T01:36:51+00:00\",\"description\":\"Nueva Madera ecol\u00f3gica, m\u00e1s resistente y m\u00e1s segura para los ni\u00f1os (no genera astillas). Im\u00e1genes m\u00e1s atractivas y colores brillantes gracias al acabado plastificado.\",\"breadcrumb\":{\"@id\":\"https:\/\/www.educaborras.com\/ca\/producte\/19967-ca\/#breadcrumb\"},\"inLanguage\":\"ca\",\"potentialAction\":[{\"@type\":\"ReadAction\",\"target\":[\"https:\/\/www.educaborras.com\/ca\/producte\/19967-ca\/\"]}]},{\"@type\":\"ImageObject\",\"inLanguage\":\"ca\",\"@id\":\"https:\/\/www.educaborras.com\/ca\/producte\/19967-ca\/#primaryimage\",\"url\":\"https:\/\/www.educaborras.com\/wp-content\/uploads\/19967_01_high-11.jpg\",\"contentUrl\":\"https:\/\/www.educaborras.com\/wp-content\/uploads\/19967_01_high-11.jpg\"},{\"@type\":\"BreadcrumbList\",\"@id\":\"https:\/\/www.educaborras.com\/ca\/producte\/19967-ca\/#breadcrumb\",\"itemListElement\":[{\"@type\":\"ListItem\",\"position\":1,\"name\":\"Portada\",\"item\":\"https:\/\/www.educaborras.com\/ca\/\"},{\"@type\":\"ListItem\",\"position\":2,\"name\":\"Productes\",\"item\":\"https:\/\/www.educaborras.com\/ca\/shop\/\"},{\"@type\":\"ListItem\",\"position\":3,\"name\":\"100 Bluey fusta\"}]},{\"@type\":\"WebSite\",\"@id\":\"https:\/\/www.educaborras.com\/ca\/#website\",\"url\":\"https:\/\/www.educaborras.com\/ca\/\",\"name\":\"Educa Borras\",\"description\":\"\",\"publisher\":{\"@id\":\"https:\/\/www.educaborras.com\/ca\/#organization\"},\"potentialAction\":[{\"@type\":\"SearchAction\",\"target\":{\"@type\":\"EntryPoint\",\"urlTemplate\":\"https:\/\/www.educaborras.com\/ca\/?s={search_term_string}\"},\"query-input\":{\"@type\":\"PropertyValueSpecification\",\"valueRequired\":true,\"valueName\":\"search_term_string\"}}],\"inLanguage\":\"ca\"},{\"@type\":\"Organization\",\"@id\":\"https:\/\/www.educaborras.com\/ca\/#organization\",\"name\":\"Educa Borras\",\"url\":\"https:\/\/www.educaborras.com\/ca\/\",\"logo\":{\"@type\":\"ImageObject\",\"inLanguage\":\"ca\",\"@id\":\"https:\/\/www.educaborras.com\/ca\/#\/schema\/logo\/image\/\",\"url\":\"https:\/\/www.educaborras.com\/wp-content\/uploads\/cropped-LOGOS-EDUCA-BORRAS_retina.png\",\"contentUrl\":\"https:\/\/www.educaborras.com\/wp-content\/uploads\/cropped-LOGOS-EDUCA-BORRAS_retina.png\",\"caption\":\"Educa Borras\"},\"image\":{\"@id\":\"https:\/\/www.educaborras.com\/ca\/#\/schema\/logo\/image\/\"}}]}<\/script>\n<!-- \/ Yoast SEO plugin. -->","yoast_head_json":{"title":"100 Bluey fusta - Educa Borras","description":"Nueva Madera ecol\u00f3gica, m\u00e1s resistente y m\u00e1s segura para los ni\u00f1os (no genera astillas). Im\u00e1genes m\u00e1s atractivas y colores brillantes gracias al acabado plastificado.","robots":{"index":"index","follow":"follow","max-snippet":"max-snippet:-1","max-image-preview":"max-image-preview:large","max-video-preview":"max-video-preview:-1"},"canonical":"https:\/\/www.educaborras.com\/ca\/producte\/19967-ca\/","schema":{"@context":"https:\/\/schema.org","@graph":[{"@type":"WebPage","@id":"https:\/\/www.educaborras.com\/ca\/producte\/19967-ca\/","url":"https:\/\/www.educaborras.com\/ca\/producte\/19967-ca\/","name":"100 Bluey fusta - Educa Borras","isPartOf":{"@id":"https:\/\/www.educaborras.com\/ca\/#website"},"primaryImageOfPage":{"@id":"https:\/\/www.educaborras.com\/ca\/producte\/19967-ca\/#primaryimage"},"image":{"@id":"https:\/\/www.educaborras.com\/ca\/producte\/19967-ca\/#primaryimage"},"thumbnailUrl":"https:\/\/www.educaborras.com\/wp-content\/uploads\/19967_01_high-11.jpg","datePublished":"2025-06-05T09:15:50+00:00","dateModified":"2026-04-28T01:36:51+00:00","description":"Nueva Madera ecol\u00f3gica, m\u00e1s resistente y m\u00e1s segura para los ni\u00f1os (no genera astillas). Im\u00e1genes m\u00e1s atractivas y colores brillantes gracias al acabado plastificado.","breadcrumb":{"@id":"https:\/\/www.educaborras.com\/ca\/producte\/19967-ca\/#breadcrumb"},"inLanguage":"ca","potentialAction":[{"@type":"ReadAction","target":["https:\/\/www.educaborras.com\/ca\/producte\/19967-ca\/"]}]},{"@type":"ImageObject","inLanguage":"ca","@id":"https:\/\/www.educaborras.com\/ca\/producte\/19967-ca\/#primaryimage","url":"https:\/\/www.educaborras.com\/wp-content\/uploads\/19967_01_high-11.jpg","contentUrl":"https:\/\/www.educaborras.com\/wp-content\/uploads\/19967_01_high-11.jpg"},{"@type":"BreadcrumbList","@id":"https:\/\/www.educaborras.com\/ca\/producte\/19967-ca\/#breadcrumb","itemListElement":[{"@type":"ListItem","position":1,"name":"Portada","item":"https:\/\/www.educaborras.com\/ca\/"},{"@type":"ListItem","position":2,"name":"Productes","item":"https:\/\/www.educaborras.com\/ca\/shop\/"},{"@type":"ListItem","position":3,"name":"100 Bluey fusta"}]},{"@type":"WebSite","@id":"https:\/\/www.educaborras.com\/ca\/#website","url":"https:\/\/www.educaborras.com\/ca\/","name":"Educa Borras","description":"","publisher":{"@id":"https:\/\/www.educaborras.com\/ca\/#organization"},"potentialAction":[{"@type":"SearchAction","target":{"@type":"EntryPoint","urlTemplate":"https:\/\/www.educaborras.com\/ca\/?s={search_term_string}"},"query-input":{"@type":"PropertyValueSpecification","valueRequired":true,"valueName":"search_term_string"}}],"inLanguage":"ca"},{"@type":"Organization","@id":"https:\/\/www.educaborras.com\/ca\/#organization","name":"Educa Borras","url":"https:\/\/www.educaborras.com\/ca\/","logo":{"@type":"ImageObject","inLanguage":"ca","@id":"https:\/\/www.educaborras.com\/ca\/#\/schema\/logo\/image\/","url":"https:\/\/www.educaborras.com\/wp-content\/uploads\/cropped-LOGOS-EDUCA-BORRAS_retina.png","contentUrl":"https:\/\/www.educaborras.com\/wp-content\/uploads\/cropped-LOGOS-EDUCA-BORRAS_retina.png","caption":"Educa Borras"},"image":{"@id":"https:\/\/www.educaborras.com\/ca\/#\/schema\/logo\/image\/"}}]}},"_links":{"self":[{"href":"https:\/\/www.educaborras.com\/ca\/wp-json\/wp\/v2\/product\/249863","targetHints":{"allow":["GET"]}}],"collection":[{"href":"https:\/\/www.educaborras.com\/ca\/wp-json\/wp\/v2\/product"}],"about":[{"href":"https:\/\/www.educaborras.com\/ca\/wp-json\/wp\/v2\/types\/product"}],"wp:featuredmedia":[{"embeddable":true,"href":"https:\/\/www.educaborras.com\/ca\/wp-json\/wp\/v2\/media\/166093"}],"wp:attachment":[{"href":"https:\/\/www.educaborras.com\/ca\/wp-json\/wp\/v2\/media?parent=249863"}],"wp:term":[{"taxonomy":"product_brand","embeddable":true,"href":"https:\/\/www.educaborras.com\/ca\/wp-json\/wp\/v2\/product_brand?post=249863"},{"taxonomy":"product_cat","embeddable":true,"href":"https:\/\/www.educaborras.com\/ca\/wp-json\/wp\/v2\/product_cat?post=249863"},{"taxonomy":"product_tag","embeddable":true,"href":"https:\/\/www.educaborras.com\/ca\/wp-json\/wp\/v2\/product_tag?post=249863"}],"curies":[{"name":"wp","href":"https:\/\/api.w.org\/{rel}","templated":true}]}}