{"id":249763,"date":"2025-06-05T11:16:32","date_gmt":"2025-06-05T09:16:32","guid":{"rendered":"https:\/\/www.educaborras.com\/product\/19672\/"},"modified":"2026-04-19T02:41:36","modified_gmt":"2026-04-19T00:41:36","slug":"19672-ca","status":"publish","type":"product","link":"https:\/\/www.educaborras.com\/ca\/producte\/19672-ca\/","title":{"rendered":"2&#215;50 Disney Princess"},"content":{"rendered":"<p>Nova fusta ecol\u00f2gica, m\u00e9s resistent i m\u00e9s segura per als nens (no genera estelles). Imatges m\u00e9s atractives i colors brillants gr\u00e0cies a l&#8217;acabat plastificat. N\u00famero de peces per puzle: 50. Mides del puzle muntat: 26 x 18 cm. \u00a9Disney<\/p>\n","protected":false},"excerpt":{"rendered":"<p>Super Puzzles EDUCA\u00ae: puzles de fusta \u00fanics. \u00a9Disney<\/p>\n","protected":false},"featured_media":166383,"template":"","meta":{"_acf_changed":false},"product_brand":[],"product_cat":[73228],"product_tag":[74334,100645,83256,83257,100646,84853,90160,83258,89772,90161,90162,90163,88071,76271,74405,83259,78541,76359,83260,76959,76961,74337,74461,74462,74463,77857,75637,74038,100647,100648,100649,100650,100651,100652,83481,100653,100654,100655,100656,100657,84408,74338,90164,90165,77324,83261,83262,90166,80400,81859],"class_list":{"0":"post-249763","1":"product","2":"type-product","3":"status-publish","4":"has-post-thumbnail","6":"product_cat-puzles-de-21-a-99-peces","7":"product_tag-piezas-ca","8":"product_tag-19672-ca","9":"product_tag-2x25-frozen-2-ca","10":"product_tag-2x25-reine-des-neiges-2-ca","11":"product_tag-2x50-frozen-2princesas-disney-ca","12":"product_tag-50-ca","13":"product_tag-aletas-ca","14":"product_tag-anna-ca","15":"product_tag-ariel-ca","16":"product_tag-bella-ca","17":"product_tag-cabellera-ca","18":"product_tag-cabello-ca","19":"product_tag-castillo-ca","20":"product_tag-dibujos-animados-ca","21":"product_tag-disney-ca","22":"product_tag-elsa-ca","23":"product_tag-flores-ca","24":"product_tag-frozen-ca","25":"product_tag-frozen-2-ca","26":"product_tag-fusta-ca","27":"product_tag-madera-ca","28":"product_tag-peca-ca","29":"product_tag-peces-ca","30":"product_tag-piece-ca","31":"product_tag-pieces-ca","32":"product_tag-pieza-ca","33":"product_tag-puzle-ca","34":"product_tag-puzzle-ca","35":"product_tag-puzzle-ariel-ca","36":"product_tag-puzzle-aurora-ca","37":"product_tag-puzzle-bella-ca","38":"product_tag-puzzle-bella-durmiente-ca","39":"product_tag-puzzle-blancanieves-ca","40":"product_tag-puzzle-cenicienta-ca","41":"product_tag-puzzle-disney-princess-ca","42":"product_tag-puzzle-jasmine-ca","43":"product_tag-puzzle-mulan-ca","44":"product_tag-puzzle-princesas-disney-ca","45":"product_tag-puzzle-rapunzel-ca","46":"product_tag-puzzle-sirenita-ca","47":"product_tag-rapunzel-ca","48":"product_tag-rompecabezas-ca","49":"product_tag-sebastian-ca","50":"product_tag-sirena-ca","51":"product_tag-sirenita-ca","52":"product_tag-super-puzle-ca","53":"product_tag-super-puzzle-ca","54":"product_tag-super-puzzles-ca","55":"product_tag-torre-ca","56":"product_tag-wood-ca","58":"first","59":"instock","60":"shipping-taxable","61":"product-type-simple"},"acf":[],"yoast_head":"<!-- This site is optimized with the Yoast SEO plugin v27.1.1 - https:\/\/yoast.com\/product\/yoast-seo-wordpress\/ -->\n<title>2x50 Disney Princess - Educa Borras<\/title>\n<meta name=\"robots\" content=\"index, follow, max-snippet:-1, max-image-preview:large, max-video-preview:-1\" \/>\n<link rel=\"canonical\" href=\"https:\/\/www.educaborras.com\/ca\/producte\/19672-ca\/\" \/>\n<script type=\"application\/ld+json\" class=\"yoast-schema-graph\">{\"@context\":\"https:\/\/schema.org\",\"@graph\":[{\"@type\":\"WebPage\",\"@id\":\"https:\/\/www.educaborras.com\/ca\/producte\/19672-ca\/\",\"url\":\"https:\/\/www.educaborras.com\/ca\/producte\/19672-ca\/\",\"name\":\"2x50 Disney Princess - Educa Borras\",\"isPartOf\":{\"@id\":\"https:\/\/www.educaborras.com\/ca\/#website\"},\"primaryImageOfPage\":{\"@id\":\"https:\/\/www.educaborras.com\/ca\/producte\/19672-ca\/#primaryimage\"},\"image\":{\"@id\":\"https:\/\/www.educaborras.com\/ca\/producte\/19672-ca\/#primaryimage\"},\"thumbnailUrl\":\"https:\/\/www.educaborras.com\/wp-content\/uploads\/19672_01_high-12.jpg\",\"datePublished\":\"2025-06-05T09:16:32+00:00\",\"dateModified\":\"2026-04-19T00:41:36+00:00\",\"breadcrumb\":{\"@id\":\"https:\/\/www.educaborras.com\/ca\/producte\/19672-ca\/#breadcrumb\"},\"inLanguage\":\"ca\",\"potentialAction\":[{\"@type\":\"ReadAction\",\"target\":[\"https:\/\/www.educaborras.com\/ca\/producte\/19672-ca\/\"]}]},{\"@type\":\"ImageObject\",\"inLanguage\":\"ca\",\"@id\":\"https:\/\/www.educaborras.com\/ca\/producte\/19672-ca\/#primaryimage\",\"url\":\"https:\/\/www.educaborras.com\/wp-content\/uploads\/19672_01_high-12.jpg\",\"contentUrl\":\"https:\/\/www.educaborras.com\/wp-content\/uploads\/19672_01_high-12.jpg\"},{\"@type\":\"BreadcrumbList\",\"@id\":\"https:\/\/www.educaborras.com\/ca\/producte\/19672-ca\/#breadcrumb\",\"itemListElement\":[{\"@type\":\"ListItem\",\"position\":1,\"name\":\"Portada\",\"item\":\"https:\/\/www.educaborras.com\/ca\/\"},{\"@type\":\"ListItem\",\"position\":2,\"name\":\"Productes\",\"item\":\"https:\/\/www.educaborras.com\/ca\/shop\/\"},{\"@type\":\"ListItem\",\"position\":3,\"name\":\"2&#215;50 Disney Princess\"}]},{\"@type\":\"WebSite\",\"@id\":\"https:\/\/www.educaborras.com\/ca\/#website\",\"url\":\"https:\/\/www.educaborras.com\/ca\/\",\"name\":\"Educa Borras\",\"description\":\"\",\"publisher\":{\"@id\":\"https:\/\/www.educaborras.com\/ca\/#organization\"},\"potentialAction\":[{\"@type\":\"SearchAction\",\"target\":{\"@type\":\"EntryPoint\",\"urlTemplate\":\"https:\/\/www.educaborras.com\/ca\/?s={search_term_string}\"},\"query-input\":{\"@type\":\"PropertyValueSpecification\",\"valueRequired\":true,\"valueName\":\"search_term_string\"}}],\"inLanguage\":\"ca\"},{\"@type\":\"Organization\",\"@id\":\"https:\/\/www.educaborras.com\/ca\/#organization\",\"name\":\"Educa Borras\",\"url\":\"https:\/\/www.educaborras.com\/ca\/\",\"logo\":{\"@type\":\"ImageObject\",\"inLanguage\":\"ca\",\"@id\":\"https:\/\/www.educaborras.com\/ca\/#\/schema\/logo\/image\/\",\"url\":\"https:\/\/www.educaborras.com\/wp-content\/uploads\/cropped-LOGOS-EDUCA-BORRAS_retina.png\",\"contentUrl\":\"https:\/\/www.educaborras.com\/wp-content\/uploads\/cropped-LOGOS-EDUCA-BORRAS_retina.png\",\"caption\":\"Educa Borras\"},\"image\":{\"@id\":\"https:\/\/www.educaborras.com\/ca\/#\/schema\/logo\/image\/\"}}]}<\/script>\n<!-- \/ Yoast SEO plugin. -->","yoast_head_json":{"title":"2x50 Disney Princess - Educa Borras","robots":{"index":"index","follow":"follow","max-snippet":"max-snippet:-1","max-image-preview":"max-image-preview:large","max-video-preview":"max-video-preview:-1"},"canonical":"https:\/\/www.educaborras.com\/ca\/producte\/19672-ca\/","schema":{"@context":"https:\/\/schema.org","@graph":[{"@type":"WebPage","@id":"https:\/\/www.educaborras.com\/ca\/producte\/19672-ca\/","url":"https:\/\/www.educaborras.com\/ca\/producte\/19672-ca\/","name":"2x50 Disney Princess - Educa Borras","isPartOf":{"@id":"https:\/\/www.educaborras.com\/ca\/#website"},"primaryImageOfPage":{"@id":"https:\/\/www.educaborras.com\/ca\/producte\/19672-ca\/#primaryimage"},"image":{"@id":"https:\/\/www.educaborras.com\/ca\/producte\/19672-ca\/#primaryimage"},"thumbnailUrl":"https:\/\/www.educaborras.com\/wp-content\/uploads\/19672_01_high-12.jpg","datePublished":"2025-06-05T09:16:32+00:00","dateModified":"2026-04-19T00:41:36+00:00","breadcrumb":{"@id":"https:\/\/www.educaborras.com\/ca\/producte\/19672-ca\/#breadcrumb"},"inLanguage":"ca","potentialAction":[{"@type":"ReadAction","target":["https:\/\/www.educaborras.com\/ca\/producte\/19672-ca\/"]}]},{"@type":"ImageObject","inLanguage":"ca","@id":"https:\/\/www.educaborras.com\/ca\/producte\/19672-ca\/#primaryimage","url":"https:\/\/www.educaborras.com\/wp-content\/uploads\/19672_01_high-12.jpg","contentUrl":"https:\/\/www.educaborras.com\/wp-content\/uploads\/19672_01_high-12.jpg"},{"@type":"BreadcrumbList","@id":"https:\/\/www.educaborras.com\/ca\/producte\/19672-ca\/#breadcrumb","itemListElement":[{"@type":"ListItem","position":1,"name":"Portada","item":"https:\/\/www.educaborras.com\/ca\/"},{"@type":"ListItem","position":2,"name":"Productes","item":"https:\/\/www.educaborras.com\/ca\/shop\/"},{"@type":"ListItem","position":3,"name":"2&#215;50 Disney Princess"}]},{"@type":"WebSite","@id":"https:\/\/www.educaborras.com\/ca\/#website","url":"https:\/\/www.educaborras.com\/ca\/","name":"Educa Borras","description":"","publisher":{"@id":"https:\/\/www.educaborras.com\/ca\/#organization"},"potentialAction":[{"@type":"SearchAction","target":{"@type":"EntryPoint","urlTemplate":"https:\/\/www.educaborras.com\/ca\/?s={search_term_string}"},"query-input":{"@type":"PropertyValueSpecification","valueRequired":true,"valueName":"search_term_string"}}],"inLanguage":"ca"},{"@type":"Organization","@id":"https:\/\/www.educaborras.com\/ca\/#organization","name":"Educa Borras","url":"https:\/\/www.educaborras.com\/ca\/","logo":{"@type":"ImageObject","inLanguage":"ca","@id":"https:\/\/www.educaborras.com\/ca\/#\/schema\/logo\/image\/","url":"https:\/\/www.educaborras.com\/wp-content\/uploads\/cropped-LOGOS-EDUCA-BORRAS_retina.png","contentUrl":"https:\/\/www.educaborras.com\/wp-content\/uploads\/cropped-LOGOS-EDUCA-BORRAS_retina.png","caption":"Educa Borras"},"image":{"@id":"https:\/\/www.educaborras.com\/ca\/#\/schema\/logo\/image\/"}}]}},"_links":{"self":[{"href":"https:\/\/www.educaborras.com\/ca\/wp-json\/wp\/v2\/product\/249763","targetHints":{"allow":["GET"]}}],"collection":[{"href":"https:\/\/www.educaborras.com\/ca\/wp-json\/wp\/v2\/product"}],"about":[{"href":"https:\/\/www.educaborras.com\/ca\/wp-json\/wp\/v2\/types\/product"}],"wp:featuredmedia":[{"embeddable":true,"href":"https:\/\/www.educaborras.com\/ca\/wp-json\/wp\/v2\/media\/166383"}],"wp:attachment":[{"href":"https:\/\/www.educaborras.com\/ca\/wp-json\/wp\/v2\/media?parent=249763"}],"wp:term":[{"taxonomy":"product_brand","embeddable":true,"href":"https:\/\/www.educaborras.com\/ca\/wp-json\/wp\/v2\/product_brand?post=249763"},{"taxonomy":"product_cat","embeddable":true,"href":"https:\/\/www.educaborras.com\/ca\/wp-json\/wp\/v2\/product_cat?post=249763"},{"taxonomy":"product_tag","embeddable":true,"href":"https:\/\/www.educaborras.com\/ca\/wp-json\/wp\/v2\/product_tag?post=249763"}],"curies":[{"name":"wp","href":"https:\/\/api.w.org\/{rel}","templated":true}]}}