{"id":249759,"date":"2025-06-05T11:16:34","date_gmt":"2025-06-05T09:16:34","guid":{"rendered":"https:\/\/www.educaborras.com\/product\/19831\/"},"modified":"2026-04-29T03:17:03","modified_gmt":"2026-04-29T01:17:03","slug":"19831-ca","status":"publish","type":"product","link":"https:\/\/www.educaborras.com\/ca\/producte\/19831-ca\/","title":{"rendered":"Maleta 2&#215;48 Bluey"},"content":{"rendered":"<p>Ara, una selecci\u00f3 dels millors puzles amb els personatges i la qualitat Educa\u00ae tenen a m\u00e9s&#8230; UN PLUS. Una fant\u00e0stica maleta de pl\u00e0stic on guardar els teus puzles o all\u00f2 que vulguis. Un magn\u00edfic regal. Amb els personatges preferits de nens i nenes. Mides de cada puzle muntat: 28 x 20 cm.<\/p>\n","protected":false},"excerpt":{"rendered":"<p>Els millors puzles amb els millors personatges, ara en una fant\u00e0stica maleta de pl\u00e0stic.<\/p>\n","protected":false},"featured_media":166403,"template":"","meta":{"_acf_changed":false},"product_brand":[],"product_cat":[73228],"product_tag":[100719,98524,98525,98528,79968,75549,98533,74538,98536,98537,77522,100720,74461,76450,77528,75637,74038,100721,100722,98540],"class_list":{"0":"post-249759","1":"product","2":"type-product","3":"status-publish","4":"has-post-thumbnail","6":"product_cat-puzles-de-21-a-99-peces","7":"product_tag-19831-ca","8":"product_tag-bandit-ca","9":"product_tag-bingo-ca","10":"product_tag-chilli-ca","11":"product_tag-dibuixos-ca","12":"product_tag-dibujos-ca","13":"product_tag-honey-ca","14":"product_tag-infantil-ca","15":"product_tag-lucky-ca","16":"product_tag-mackenzie-ca","17":"product_tag-maleta-ca","18":"product_tag-malette-puzzles-progressifs-ca","19":"product_tag-peces-ca","20":"product_tag-progresivos-ca","21":"product_tag-progressius-ca","22":"product_tag-puzle-ca","23":"product_tag-puzzle-ca","24":"product_tag-puzzle-bluey-ca","25":"product_tag-puzzles-bluey-ca","26":"product_tag-rusty-ca","28":"first","29":"instock","30":"shipping-taxable","31":"product-type-simple"},"acf":[],"yoast_head":"<!-- This site is optimized with the Yoast SEO plugin v27.1.1 - https:\/\/yoast.com\/product\/yoast-seo-wordpress\/ -->\n<title>Maleta 2x48 Bluey - Educa Borras<\/title>\n<meta name=\"description\" content=\"Ahora, una selecci\u00f3n de los mejores puzzles de Bluey y la calidad Educa\u00ae tienen adem\u00e1s... UN PLUS. Una magn\u00edfica maleta de pl\u00e1stico donde guardar tus puzzles o lo que t\u00fa quieras.\" \/>\n<meta name=\"robots\" content=\"index, follow, max-snippet:-1, max-image-preview:large, max-video-preview:-1\" \/>\n<link rel=\"canonical\" href=\"https:\/\/www.educaborras.com\/ca\/producte\/19831-ca\/\" \/>\n<script type=\"application\/ld+json\" class=\"yoast-schema-graph\">{\"@context\":\"https:\/\/schema.org\",\"@graph\":[{\"@type\":\"WebPage\",\"@id\":\"https:\/\/www.educaborras.com\/ca\/producte\/19831-ca\/\",\"url\":\"https:\/\/www.educaborras.com\/ca\/producte\/19831-ca\/\",\"name\":\"Maleta 2x48 Bluey - Educa Borras\",\"isPartOf\":{\"@id\":\"https:\/\/www.educaborras.com\/ca\/#website\"},\"primaryImageOfPage\":{\"@id\":\"https:\/\/www.educaborras.com\/ca\/producte\/19831-ca\/#primaryimage\"},\"image\":{\"@id\":\"https:\/\/www.educaborras.com\/ca\/producte\/19831-ca\/#primaryimage\"},\"thumbnailUrl\":\"https:\/\/www.educaborras.com\/wp-content\/uploads\/19831_01_high-11.jpg\",\"datePublished\":\"2025-06-05T09:16:34+00:00\",\"dateModified\":\"2026-04-29T01:17:03+00:00\",\"description\":\"Ahora, una selecci\u00f3n de los mejores puzzles de Bluey y la calidad Educa\u00ae tienen adem\u00e1s... UN PLUS. Una magn\u00edfica maleta de pl\u00e1stico donde guardar tus puzzles o lo que t\u00fa quieras.\",\"breadcrumb\":{\"@id\":\"https:\/\/www.educaborras.com\/ca\/producte\/19831-ca\/#breadcrumb\"},\"inLanguage\":\"ca\",\"potentialAction\":[{\"@type\":\"ReadAction\",\"target\":[\"https:\/\/www.educaborras.com\/ca\/producte\/19831-ca\/\"]}]},{\"@type\":\"ImageObject\",\"inLanguage\":\"ca\",\"@id\":\"https:\/\/www.educaborras.com\/ca\/producte\/19831-ca\/#primaryimage\",\"url\":\"https:\/\/www.educaborras.com\/wp-content\/uploads\/19831_01_high-11.jpg\",\"contentUrl\":\"https:\/\/www.educaborras.com\/wp-content\/uploads\/19831_01_high-11.jpg\"},{\"@type\":\"BreadcrumbList\",\"@id\":\"https:\/\/www.educaborras.com\/ca\/producte\/19831-ca\/#breadcrumb\",\"itemListElement\":[{\"@type\":\"ListItem\",\"position\":1,\"name\":\"Portada\",\"item\":\"https:\/\/www.educaborras.com\/ca\/\"},{\"@type\":\"ListItem\",\"position\":2,\"name\":\"Productes\",\"item\":\"https:\/\/www.educaborras.com\/ca\/shop\/\"},{\"@type\":\"ListItem\",\"position\":3,\"name\":\"Maleta 2&#215;48 Bluey\"}]},{\"@type\":\"WebSite\",\"@id\":\"https:\/\/www.educaborras.com\/ca\/#website\",\"url\":\"https:\/\/www.educaborras.com\/ca\/\",\"name\":\"Educa Borras\",\"description\":\"\",\"publisher\":{\"@id\":\"https:\/\/www.educaborras.com\/ca\/#organization\"},\"potentialAction\":[{\"@type\":\"SearchAction\",\"target\":{\"@type\":\"EntryPoint\",\"urlTemplate\":\"https:\/\/www.educaborras.com\/ca\/?s={search_term_string}\"},\"query-input\":{\"@type\":\"PropertyValueSpecification\",\"valueRequired\":true,\"valueName\":\"search_term_string\"}}],\"inLanguage\":\"ca\"},{\"@type\":\"Organization\",\"@id\":\"https:\/\/www.educaborras.com\/ca\/#organization\",\"name\":\"Educa Borras\",\"url\":\"https:\/\/www.educaborras.com\/ca\/\",\"logo\":{\"@type\":\"ImageObject\",\"inLanguage\":\"ca\",\"@id\":\"https:\/\/www.educaborras.com\/ca\/#\/schema\/logo\/image\/\",\"url\":\"https:\/\/www.educaborras.com\/wp-content\/uploads\/cropped-LOGOS-EDUCA-BORRAS_retina.png\",\"contentUrl\":\"https:\/\/www.educaborras.com\/wp-content\/uploads\/cropped-LOGOS-EDUCA-BORRAS_retina.png\",\"caption\":\"Educa Borras\"},\"image\":{\"@id\":\"https:\/\/www.educaborras.com\/ca\/#\/schema\/logo\/image\/\"}}]}<\/script>\n<!-- \/ Yoast SEO plugin. -->","yoast_head_json":{"title":"Maleta 2x48 Bluey - Educa Borras","description":"Ahora, una selecci\u00f3n de los mejores puzzles de Bluey y la calidad Educa\u00ae tienen adem\u00e1s... UN PLUS. Una magn\u00edfica maleta de pl\u00e1stico donde guardar tus puzzles o lo que t\u00fa quieras.","robots":{"index":"index","follow":"follow","max-snippet":"max-snippet:-1","max-image-preview":"max-image-preview:large","max-video-preview":"max-video-preview:-1"},"canonical":"https:\/\/www.educaborras.com\/ca\/producte\/19831-ca\/","schema":{"@context":"https:\/\/schema.org","@graph":[{"@type":"WebPage","@id":"https:\/\/www.educaborras.com\/ca\/producte\/19831-ca\/","url":"https:\/\/www.educaborras.com\/ca\/producte\/19831-ca\/","name":"Maleta 2x48 Bluey - Educa Borras","isPartOf":{"@id":"https:\/\/www.educaborras.com\/ca\/#website"},"primaryImageOfPage":{"@id":"https:\/\/www.educaborras.com\/ca\/producte\/19831-ca\/#primaryimage"},"image":{"@id":"https:\/\/www.educaborras.com\/ca\/producte\/19831-ca\/#primaryimage"},"thumbnailUrl":"https:\/\/www.educaborras.com\/wp-content\/uploads\/19831_01_high-11.jpg","datePublished":"2025-06-05T09:16:34+00:00","dateModified":"2026-04-29T01:17:03+00:00","description":"Ahora, una selecci\u00f3n de los mejores puzzles de Bluey y la calidad Educa\u00ae tienen adem\u00e1s... UN PLUS. Una magn\u00edfica maleta de pl\u00e1stico donde guardar tus puzzles o lo que t\u00fa quieras.","breadcrumb":{"@id":"https:\/\/www.educaborras.com\/ca\/producte\/19831-ca\/#breadcrumb"},"inLanguage":"ca","potentialAction":[{"@type":"ReadAction","target":["https:\/\/www.educaborras.com\/ca\/producte\/19831-ca\/"]}]},{"@type":"ImageObject","inLanguage":"ca","@id":"https:\/\/www.educaborras.com\/ca\/producte\/19831-ca\/#primaryimage","url":"https:\/\/www.educaborras.com\/wp-content\/uploads\/19831_01_high-11.jpg","contentUrl":"https:\/\/www.educaborras.com\/wp-content\/uploads\/19831_01_high-11.jpg"},{"@type":"BreadcrumbList","@id":"https:\/\/www.educaborras.com\/ca\/producte\/19831-ca\/#breadcrumb","itemListElement":[{"@type":"ListItem","position":1,"name":"Portada","item":"https:\/\/www.educaborras.com\/ca\/"},{"@type":"ListItem","position":2,"name":"Productes","item":"https:\/\/www.educaborras.com\/ca\/shop\/"},{"@type":"ListItem","position":3,"name":"Maleta 2&#215;48 Bluey"}]},{"@type":"WebSite","@id":"https:\/\/www.educaborras.com\/ca\/#website","url":"https:\/\/www.educaborras.com\/ca\/","name":"Educa Borras","description":"","publisher":{"@id":"https:\/\/www.educaborras.com\/ca\/#organization"},"potentialAction":[{"@type":"SearchAction","target":{"@type":"EntryPoint","urlTemplate":"https:\/\/www.educaborras.com\/ca\/?s={search_term_string}"},"query-input":{"@type":"PropertyValueSpecification","valueRequired":true,"valueName":"search_term_string"}}],"inLanguage":"ca"},{"@type":"Organization","@id":"https:\/\/www.educaborras.com\/ca\/#organization","name":"Educa Borras","url":"https:\/\/www.educaborras.com\/ca\/","logo":{"@type":"ImageObject","inLanguage":"ca","@id":"https:\/\/www.educaborras.com\/ca\/#\/schema\/logo\/image\/","url":"https:\/\/www.educaborras.com\/wp-content\/uploads\/cropped-LOGOS-EDUCA-BORRAS_retina.png","contentUrl":"https:\/\/www.educaborras.com\/wp-content\/uploads\/cropped-LOGOS-EDUCA-BORRAS_retina.png","caption":"Educa Borras"},"image":{"@id":"https:\/\/www.educaborras.com\/ca\/#\/schema\/logo\/image\/"}}]}},"_links":{"self":[{"href":"https:\/\/www.educaborras.com\/ca\/wp-json\/wp\/v2\/product\/249759","targetHints":{"allow":["GET"]}}],"collection":[{"href":"https:\/\/www.educaborras.com\/ca\/wp-json\/wp\/v2\/product"}],"about":[{"href":"https:\/\/www.educaborras.com\/ca\/wp-json\/wp\/v2\/types\/product"}],"wp:featuredmedia":[{"embeddable":true,"href":"https:\/\/www.educaborras.com\/ca\/wp-json\/wp\/v2\/media\/166403"}],"wp:attachment":[{"href":"https:\/\/www.educaborras.com\/ca\/wp-json\/wp\/v2\/media?parent=249759"}],"wp:term":[{"taxonomy":"product_brand","embeddable":true,"href":"https:\/\/www.educaborras.com\/ca\/wp-json\/wp\/v2\/product_brand?post=249759"},{"taxonomy":"product_cat","embeddable":true,"href":"https:\/\/www.educaborras.com\/ca\/wp-json\/wp\/v2\/product_cat?post=249759"},{"taxonomy":"product_tag","embeddable":true,"href":"https:\/\/www.educaborras.com\/ca\/wp-json\/wp\/v2\/product_tag?post=249759"}],"curies":[{"name":"wp","href":"https:\/\/api.w.org\/{rel}","templated":true}]}}