{"id":249723,"date":"2025-06-05T11:16:57","date_gmt":"2025-06-05T09:16:57","guid":{"rendered":"https:\/\/www.educaborras.com\/product\/19956\/"},"modified":"2026-04-29T03:17:17","modified_gmt":"2026-04-29T01:17:17","slug":"19956-ca","status":"publish","type":"product","link":"https:\/\/www.educaborras.com\/ca\/producte\/19956-ca\/","title":{"rendered":"28 Animals sota el mar Puzzle Max"},"content":{"rendered":"<p>Peces grans, f\u00e0cils de manipular i d&#8217;encaixar. Mides aproximades del puzle muntat: 68 x 48 cm. Tem\u00e0tica: el fons del mar. Il.lustracions de Kasandra.<\/p>\n","protected":false},"excerpt":{"rendered":"<p>Un puzle de 28 peces grans, ideal per a muntar a terra.<\/p>\n","protected":false},"featured_media":166583,"template":"","meta":{"_acf_changed":false},"product_brand":[],"product_cat":[73228],"product_tag":[74334,102798,97507,102799,102800,102801,102802,102803,74160,74161,74162,74164,74166,74167,82288,74461,74463,77857,82452,74172,83631,83549,82296],"class_list":{"0":"post-249723","1":"product","2":"type-product","3":"status-publish","4":"has-post-thumbnail","6":"product_cat-puzles-de-21-a-99-peces","7":"product_tag-piezas-ca","8":"product_tag-19956-ca","9":"product_tag-28-ca","10":"product_tag-28-animais-no-mar-mar-puzzle-max-ca","11":"product_tag-28-animales-bajo-el-mar-puzzle-max-ca","12":"product_tag-28-animaux-sous-la-mer-puzzle-max-ca","13":"product_tag-28-meerestiere-puzzle-max-ca","14":"product_tag-28-under-the-sea-animals-puzzle-max-ca","15":"product_tag-educa-ca","16":"product_tag-educa-borras-ca","17":"product_tag-educa-borras-puzzle-ca","18":"product_tag-educa-puzzle-ca","19":"product_tag-educa-puzzle-passion-ca","20":"product_tag-educa-puzzles-ca","21":"product_tag-jigsaw-ca","22":"product_tag-peces-ca","23":"product_tag-pieces-ca","24":"product_tag-pieza-ca","25":"product_tag-puzzle-educa-ca","26":"product_tag-puzzle-passion-ca","27":"product_tag-puzzles-educa-ca","28":"product_tag-rompecabezas-educa-ca","29":"product_tag-trencaclosques-ca","31":"first","32":"instock","33":"shipping-taxable","34":"product-type-simple"},"acf":[],"yoast_head":"<!-- This site is optimized with the Yoast SEO plugin v27.1.1 - https:\/\/yoast.com\/product\/yoast-seo-wordpress\/ -->\n<title>28 Animals sota el mar Puzzle Max - Educa Borras<\/title>\n<meta name=\"description\" content=\"Piezas grandes, f\u00e1ciles de manipular y encajar. Tama\u00f1o aproximado del puzzle montado: 68 x 48 cm. Tem\u00e1tica: Vida bajo el mar. Ilustraciones de Kasandra.\" \/>\n<meta name=\"robots\" content=\"index, follow, max-snippet:-1, max-image-preview:large, max-video-preview:-1\" \/>\n<link rel=\"canonical\" href=\"https:\/\/www.educaborras.com\/ca\/producte\/19956-ca\/\" \/>\n<script type=\"application\/ld+json\" class=\"yoast-schema-graph\">{\"@context\":\"https:\/\/schema.org\",\"@graph\":[{\"@type\":\"WebPage\",\"@id\":\"https:\/\/www.educaborras.com\/ca\/producte\/19956-ca\/\",\"url\":\"https:\/\/www.educaborras.com\/ca\/producte\/19956-ca\/\",\"name\":\"28 Animals sota el mar Puzzle Max - Educa Borras\",\"isPartOf\":{\"@id\":\"https:\/\/www.educaborras.com\/ca\/#website\"},\"primaryImageOfPage\":{\"@id\":\"https:\/\/www.educaborras.com\/ca\/producte\/19956-ca\/#primaryimage\"},\"image\":{\"@id\":\"https:\/\/www.educaborras.com\/ca\/producte\/19956-ca\/#primaryimage\"},\"thumbnailUrl\":\"https:\/\/www.educaborras.com\/wp-content\/uploads\/19956_01_high-11.jpg\",\"datePublished\":\"2025-06-05T09:16:57+00:00\",\"dateModified\":\"2026-04-29T01:17:17+00:00\",\"description\":\"Piezas grandes, f\u00e1ciles de manipular y encajar. Tama\u00f1o aproximado del puzzle montado: 68 x 48 cm. Tem\u00e1tica: Vida bajo el mar. Ilustraciones de Kasandra.\",\"breadcrumb\":{\"@id\":\"https:\/\/www.educaborras.com\/ca\/producte\/19956-ca\/#breadcrumb\"},\"inLanguage\":\"ca\",\"potentialAction\":[{\"@type\":\"ReadAction\",\"target\":[\"https:\/\/www.educaborras.com\/ca\/producte\/19956-ca\/\"]}]},{\"@type\":\"ImageObject\",\"inLanguage\":\"ca\",\"@id\":\"https:\/\/www.educaborras.com\/ca\/producte\/19956-ca\/#primaryimage\",\"url\":\"https:\/\/www.educaborras.com\/wp-content\/uploads\/19956_01_high-11.jpg\",\"contentUrl\":\"https:\/\/www.educaborras.com\/wp-content\/uploads\/19956_01_high-11.jpg\"},{\"@type\":\"BreadcrumbList\",\"@id\":\"https:\/\/www.educaborras.com\/ca\/producte\/19956-ca\/#breadcrumb\",\"itemListElement\":[{\"@type\":\"ListItem\",\"position\":1,\"name\":\"Portada\",\"item\":\"https:\/\/www.educaborras.com\/ca\/\"},{\"@type\":\"ListItem\",\"position\":2,\"name\":\"Productes\",\"item\":\"https:\/\/www.educaborras.com\/ca\/shop\/\"},{\"@type\":\"ListItem\",\"position\":3,\"name\":\"28 Animals sota el mar Puzzle Max\"}]},{\"@type\":\"WebSite\",\"@id\":\"https:\/\/www.educaborras.com\/ca\/#website\",\"url\":\"https:\/\/www.educaborras.com\/ca\/\",\"name\":\"Educa Borras\",\"description\":\"\",\"publisher\":{\"@id\":\"https:\/\/www.educaborras.com\/ca\/#organization\"},\"potentialAction\":[{\"@type\":\"SearchAction\",\"target\":{\"@type\":\"EntryPoint\",\"urlTemplate\":\"https:\/\/www.educaborras.com\/ca\/?s={search_term_string}\"},\"query-input\":{\"@type\":\"PropertyValueSpecification\",\"valueRequired\":true,\"valueName\":\"search_term_string\"}}],\"inLanguage\":\"ca\"},{\"@type\":\"Organization\",\"@id\":\"https:\/\/www.educaborras.com\/ca\/#organization\",\"name\":\"Educa Borras\",\"url\":\"https:\/\/www.educaborras.com\/ca\/\",\"logo\":{\"@type\":\"ImageObject\",\"inLanguage\":\"ca\",\"@id\":\"https:\/\/www.educaborras.com\/ca\/#\/schema\/logo\/image\/\",\"url\":\"https:\/\/www.educaborras.com\/wp-content\/uploads\/cropped-LOGOS-EDUCA-BORRAS_retina.png\",\"contentUrl\":\"https:\/\/www.educaborras.com\/wp-content\/uploads\/cropped-LOGOS-EDUCA-BORRAS_retina.png\",\"caption\":\"Educa Borras\"},\"image\":{\"@id\":\"https:\/\/www.educaborras.com\/ca\/#\/schema\/logo\/image\/\"}}]}<\/script>\n<!-- \/ Yoast SEO plugin. -->","yoast_head_json":{"title":"28 Animals sota el mar Puzzle Max - Educa Borras","description":"Piezas grandes, f\u00e1ciles de manipular y encajar. Tama\u00f1o aproximado del puzzle montado: 68 x 48 cm. Tem\u00e1tica: Vida bajo el mar. Ilustraciones de Kasandra.","robots":{"index":"index","follow":"follow","max-snippet":"max-snippet:-1","max-image-preview":"max-image-preview:large","max-video-preview":"max-video-preview:-1"},"canonical":"https:\/\/www.educaborras.com\/ca\/producte\/19956-ca\/","schema":{"@context":"https:\/\/schema.org","@graph":[{"@type":"WebPage","@id":"https:\/\/www.educaborras.com\/ca\/producte\/19956-ca\/","url":"https:\/\/www.educaborras.com\/ca\/producte\/19956-ca\/","name":"28 Animals sota el mar Puzzle Max - Educa Borras","isPartOf":{"@id":"https:\/\/www.educaborras.com\/ca\/#website"},"primaryImageOfPage":{"@id":"https:\/\/www.educaborras.com\/ca\/producte\/19956-ca\/#primaryimage"},"image":{"@id":"https:\/\/www.educaborras.com\/ca\/producte\/19956-ca\/#primaryimage"},"thumbnailUrl":"https:\/\/www.educaborras.com\/wp-content\/uploads\/19956_01_high-11.jpg","datePublished":"2025-06-05T09:16:57+00:00","dateModified":"2026-04-29T01:17:17+00:00","description":"Piezas grandes, f\u00e1ciles de manipular y encajar. Tama\u00f1o aproximado del puzzle montado: 68 x 48 cm. Tem\u00e1tica: Vida bajo el mar. Ilustraciones de Kasandra.","breadcrumb":{"@id":"https:\/\/www.educaborras.com\/ca\/producte\/19956-ca\/#breadcrumb"},"inLanguage":"ca","potentialAction":[{"@type":"ReadAction","target":["https:\/\/www.educaborras.com\/ca\/producte\/19956-ca\/"]}]},{"@type":"ImageObject","inLanguage":"ca","@id":"https:\/\/www.educaborras.com\/ca\/producte\/19956-ca\/#primaryimage","url":"https:\/\/www.educaborras.com\/wp-content\/uploads\/19956_01_high-11.jpg","contentUrl":"https:\/\/www.educaborras.com\/wp-content\/uploads\/19956_01_high-11.jpg"},{"@type":"BreadcrumbList","@id":"https:\/\/www.educaborras.com\/ca\/producte\/19956-ca\/#breadcrumb","itemListElement":[{"@type":"ListItem","position":1,"name":"Portada","item":"https:\/\/www.educaborras.com\/ca\/"},{"@type":"ListItem","position":2,"name":"Productes","item":"https:\/\/www.educaborras.com\/ca\/shop\/"},{"@type":"ListItem","position":3,"name":"28 Animals sota el mar Puzzle Max"}]},{"@type":"WebSite","@id":"https:\/\/www.educaborras.com\/ca\/#website","url":"https:\/\/www.educaborras.com\/ca\/","name":"Educa Borras","description":"","publisher":{"@id":"https:\/\/www.educaborras.com\/ca\/#organization"},"potentialAction":[{"@type":"SearchAction","target":{"@type":"EntryPoint","urlTemplate":"https:\/\/www.educaborras.com\/ca\/?s={search_term_string}"},"query-input":{"@type":"PropertyValueSpecification","valueRequired":true,"valueName":"search_term_string"}}],"inLanguage":"ca"},{"@type":"Organization","@id":"https:\/\/www.educaborras.com\/ca\/#organization","name":"Educa Borras","url":"https:\/\/www.educaborras.com\/ca\/","logo":{"@type":"ImageObject","inLanguage":"ca","@id":"https:\/\/www.educaborras.com\/ca\/#\/schema\/logo\/image\/","url":"https:\/\/www.educaborras.com\/wp-content\/uploads\/cropped-LOGOS-EDUCA-BORRAS_retina.png","contentUrl":"https:\/\/www.educaborras.com\/wp-content\/uploads\/cropped-LOGOS-EDUCA-BORRAS_retina.png","caption":"Educa Borras"},"image":{"@id":"https:\/\/www.educaborras.com\/ca\/#\/schema\/logo\/image\/"}}]}},"_links":{"self":[{"href":"https:\/\/www.educaborras.com\/ca\/wp-json\/wp\/v2\/product\/249723","targetHints":{"allow":["GET"]}}],"collection":[{"href":"https:\/\/www.educaborras.com\/ca\/wp-json\/wp\/v2\/product"}],"about":[{"href":"https:\/\/www.educaborras.com\/ca\/wp-json\/wp\/v2\/types\/product"}],"wp:featuredmedia":[{"embeddable":true,"href":"https:\/\/www.educaborras.com\/ca\/wp-json\/wp\/v2\/media\/166583"}],"wp:attachment":[{"href":"https:\/\/www.educaborras.com\/ca\/wp-json\/wp\/v2\/media?parent=249723"}],"wp:term":[{"taxonomy":"product_brand","embeddable":true,"href":"https:\/\/www.educaborras.com\/ca\/wp-json\/wp\/v2\/product_brand?post=249723"},{"taxonomy":"product_cat","embeddable":true,"href":"https:\/\/www.educaborras.com\/ca\/wp-json\/wp\/v2\/product_cat?post=249723"},{"taxonomy":"product_tag","embeddable":true,"href":"https:\/\/www.educaborras.com\/ca\/wp-json\/wp\/v2\/product_tag?post=249723"}],"curies":[{"name":"wp","href":"https:\/\/api.w.org\/{rel}","templated":true}]}}