{"id":249667,"date":"2025-06-05T11:17:28","date_gmt":"2025-06-05T09:17:28","guid":{"rendered":"https:\/\/www.educaborras.com\/product\/19981\/"},"modified":"2026-04-30T02:55:51","modified_gmt":"2026-04-30T00:55:51","slug":"19981-ca","status":"publish","type":"product","link":"https:\/\/www.educaborras.com\/ca\/producte\/19981-ca\/","title":{"rendered":"2&#215;16 Disney Animals"},"content":{"rendered":"<p>Nova fusta ecolngica, m\u00e9s resistent i m\u00e9s segura per als nens (no genera estelles). Imatges m\u00e9s atractives i colors brillants grrcies a l&#8217;acabat plastificat. N\u00famero de peces per puzle: 16. Mides aproximades del puzle muntat: 26 x 18 cm. \u00a9Disney<\/p>\n","protected":false},"excerpt":{"rendered":"<p>Super Puzzles Educa\u00ae: puzles de fusta \u00fanics. \u00a9Disney<\/p>\n","protected":false},"featured_media":166778,"template":"","meta":{"_acf_changed":false},"product_brand":[],"product_cat":[73229,73526],"product_tag":[74334,90474,90475,74160,74161,74162,74164,74166,74167,76959,82288,76961,74461,74463,77857,82452,74172,83631,83549,82296,81859],"class_list":{"0":"post-249667","1":"product","2":"type-product","3":"status-publish","4":"has-post-thumbnail","6":"product_cat-puzles-de-6-a-20-peces","7":"product_cat-puzles-infantils","8":"product_tag-piezas-ca","9":"product_tag-19981-ca","10":"product_tag-2x16-disney-animals-ca","11":"product_tag-educa-ca","12":"product_tag-educa-borras-ca","13":"product_tag-educa-borras-puzzle-ca","14":"product_tag-educa-puzzle-ca","15":"product_tag-educa-puzzle-passion-ca","16":"product_tag-educa-puzzles-ca","17":"product_tag-fusta-ca","18":"product_tag-jigsaw-ca","19":"product_tag-madera-ca","20":"product_tag-peces-ca","21":"product_tag-pieces-ca","22":"product_tag-pieza-ca","23":"product_tag-puzzle-educa-ca","24":"product_tag-puzzle-passion-ca","25":"product_tag-puzzles-educa-ca","26":"product_tag-rompecabezas-educa-ca","27":"product_tag-trencaclosques-ca","28":"product_tag-wood-ca","30":"first","31":"instock","32":"shipping-taxable","33":"product-type-simple"},"acf":[],"yoast_head":"<!-- This site is optimized with the Yoast SEO plugin v27.1.1 - https:\/\/yoast.com\/product\/yoast-seo-wordpress\/ -->\n<title>2x16 Disney Animals - Educa Borras<\/title>\n<meta name=\"description\" content=\"Nueva madera ecol\u00f3gica, m\u00e1s resistente y m\u00e1s segura para los ninos (no genera astillas). Im\u00e1genes m\u00e1s atractivas y colores brillantes gracias al acabado plastificado.\" \/>\n<meta name=\"robots\" content=\"index, follow, max-snippet:-1, max-image-preview:large, max-video-preview:-1\" \/>\n<link rel=\"canonical\" href=\"https:\/\/www.educaborras.com\/ca\/producte\/19981-ca\/\" \/>\n<script type=\"application\/ld+json\" class=\"yoast-schema-graph\">{\"@context\":\"https:\/\/schema.org\",\"@graph\":[{\"@type\":\"WebPage\",\"@id\":\"https:\/\/www.educaborras.com\/ca\/producte\/19981-ca\/\",\"url\":\"https:\/\/www.educaborras.com\/ca\/producte\/19981-ca\/\",\"name\":\"2x16 Disney Animals - Educa Borras\",\"isPartOf\":{\"@id\":\"https:\/\/www.educaborras.com\/ca\/#website\"},\"primaryImageOfPage\":{\"@id\":\"https:\/\/www.educaborras.com\/ca\/producte\/19981-ca\/#primaryimage\"},\"image\":{\"@id\":\"https:\/\/www.educaborras.com\/ca\/producte\/19981-ca\/#primaryimage\"},\"thumbnailUrl\":\"https:\/\/www.educaborras.com\/wp-content\/uploads\/19981_01_high-11.jpg\",\"datePublished\":\"2025-06-05T09:17:28+00:00\",\"dateModified\":\"2026-04-30T00:55:51+00:00\",\"description\":\"Nueva madera ecol\u00f3gica, m\u00e1s resistente y m\u00e1s segura para los ninos (no genera astillas). Im\u00e1genes m\u00e1s atractivas y colores brillantes gracias al acabado plastificado.\",\"breadcrumb\":{\"@id\":\"https:\/\/www.educaborras.com\/ca\/producte\/19981-ca\/#breadcrumb\"},\"inLanguage\":\"ca\",\"potentialAction\":[{\"@type\":\"ReadAction\",\"target\":[\"https:\/\/www.educaborras.com\/ca\/producte\/19981-ca\/\"]}]},{\"@type\":\"ImageObject\",\"inLanguage\":\"ca\",\"@id\":\"https:\/\/www.educaborras.com\/ca\/producte\/19981-ca\/#primaryimage\",\"url\":\"https:\/\/www.educaborras.com\/wp-content\/uploads\/19981_01_high-11.jpg\",\"contentUrl\":\"https:\/\/www.educaborras.com\/wp-content\/uploads\/19981_01_high-11.jpg\"},{\"@type\":\"BreadcrumbList\",\"@id\":\"https:\/\/www.educaborras.com\/ca\/producte\/19981-ca\/#breadcrumb\",\"itemListElement\":[{\"@type\":\"ListItem\",\"position\":1,\"name\":\"Portada\",\"item\":\"https:\/\/www.educaborras.com\/ca\/\"},{\"@type\":\"ListItem\",\"position\":2,\"name\":\"Productes\",\"item\":\"https:\/\/www.educaborras.com\/ca\/shop\/\"},{\"@type\":\"ListItem\",\"position\":3,\"name\":\"2&#215;16 Disney Animals\"}]},{\"@type\":\"WebSite\",\"@id\":\"https:\/\/www.educaborras.com\/ca\/#website\",\"url\":\"https:\/\/www.educaborras.com\/ca\/\",\"name\":\"Educa Borras\",\"description\":\"\",\"publisher\":{\"@id\":\"https:\/\/www.educaborras.com\/ca\/#organization\"},\"potentialAction\":[{\"@type\":\"SearchAction\",\"target\":{\"@type\":\"EntryPoint\",\"urlTemplate\":\"https:\/\/www.educaborras.com\/ca\/?s={search_term_string}\"},\"query-input\":{\"@type\":\"PropertyValueSpecification\",\"valueRequired\":true,\"valueName\":\"search_term_string\"}}],\"inLanguage\":\"ca\"},{\"@type\":\"Organization\",\"@id\":\"https:\/\/www.educaborras.com\/ca\/#organization\",\"name\":\"Educa Borras\",\"url\":\"https:\/\/www.educaborras.com\/ca\/\",\"logo\":{\"@type\":\"ImageObject\",\"inLanguage\":\"ca\",\"@id\":\"https:\/\/www.educaborras.com\/ca\/#\/schema\/logo\/image\/\",\"url\":\"https:\/\/www.educaborras.com\/wp-content\/uploads\/cropped-LOGOS-EDUCA-BORRAS_retina.png\",\"contentUrl\":\"https:\/\/www.educaborras.com\/wp-content\/uploads\/cropped-LOGOS-EDUCA-BORRAS_retina.png\",\"caption\":\"Educa Borras\"},\"image\":{\"@id\":\"https:\/\/www.educaborras.com\/ca\/#\/schema\/logo\/image\/\"}}]}<\/script>\n<!-- \/ Yoast SEO plugin. -->","yoast_head_json":{"title":"2x16 Disney Animals - Educa Borras","description":"Nueva madera ecol\u00f3gica, m\u00e1s resistente y m\u00e1s segura para los ninos (no genera astillas). Im\u00e1genes m\u00e1s atractivas y colores brillantes gracias al acabado plastificado.","robots":{"index":"index","follow":"follow","max-snippet":"max-snippet:-1","max-image-preview":"max-image-preview:large","max-video-preview":"max-video-preview:-1"},"canonical":"https:\/\/www.educaborras.com\/ca\/producte\/19981-ca\/","schema":{"@context":"https:\/\/schema.org","@graph":[{"@type":"WebPage","@id":"https:\/\/www.educaborras.com\/ca\/producte\/19981-ca\/","url":"https:\/\/www.educaborras.com\/ca\/producte\/19981-ca\/","name":"2x16 Disney Animals - Educa Borras","isPartOf":{"@id":"https:\/\/www.educaborras.com\/ca\/#website"},"primaryImageOfPage":{"@id":"https:\/\/www.educaborras.com\/ca\/producte\/19981-ca\/#primaryimage"},"image":{"@id":"https:\/\/www.educaborras.com\/ca\/producte\/19981-ca\/#primaryimage"},"thumbnailUrl":"https:\/\/www.educaborras.com\/wp-content\/uploads\/19981_01_high-11.jpg","datePublished":"2025-06-05T09:17:28+00:00","dateModified":"2026-04-30T00:55:51+00:00","description":"Nueva madera ecol\u00f3gica, m\u00e1s resistente y m\u00e1s segura para los ninos (no genera astillas). Im\u00e1genes m\u00e1s atractivas y colores brillantes gracias al acabado plastificado.","breadcrumb":{"@id":"https:\/\/www.educaborras.com\/ca\/producte\/19981-ca\/#breadcrumb"},"inLanguage":"ca","potentialAction":[{"@type":"ReadAction","target":["https:\/\/www.educaborras.com\/ca\/producte\/19981-ca\/"]}]},{"@type":"ImageObject","inLanguage":"ca","@id":"https:\/\/www.educaborras.com\/ca\/producte\/19981-ca\/#primaryimage","url":"https:\/\/www.educaborras.com\/wp-content\/uploads\/19981_01_high-11.jpg","contentUrl":"https:\/\/www.educaborras.com\/wp-content\/uploads\/19981_01_high-11.jpg"},{"@type":"BreadcrumbList","@id":"https:\/\/www.educaborras.com\/ca\/producte\/19981-ca\/#breadcrumb","itemListElement":[{"@type":"ListItem","position":1,"name":"Portada","item":"https:\/\/www.educaborras.com\/ca\/"},{"@type":"ListItem","position":2,"name":"Productes","item":"https:\/\/www.educaborras.com\/ca\/shop\/"},{"@type":"ListItem","position":3,"name":"2&#215;16 Disney Animals"}]},{"@type":"WebSite","@id":"https:\/\/www.educaborras.com\/ca\/#website","url":"https:\/\/www.educaborras.com\/ca\/","name":"Educa Borras","description":"","publisher":{"@id":"https:\/\/www.educaborras.com\/ca\/#organization"},"potentialAction":[{"@type":"SearchAction","target":{"@type":"EntryPoint","urlTemplate":"https:\/\/www.educaborras.com\/ca\/?s={search_term_string}"},"query-input":{"@type":"PropertyValueSpecification","valueRequired":true,"valueName":"search_term_string"}}],"inLanguage":"ca"},{"@type":"Organization","@id":"https:\/\/www.educaborras.com\/ca\/#organization","name":"Educa Borras","url":"https:\/\/www.educaborras.com\/ca\/","logo":{"@type":"ImageObject","inLanguage":"ca","@id":"https:\/\/www.educaborras.com\/ca\/#\/schema\/logo\/image\/","url":"https:\/\/www.educaborras.com\/wp-content\/uploads\/cropped-LOGOS-EDUCA-BORRAS_retina.png","contentUrl":"https:\/\/www.educaborras.com\/wp-content\/uploads\/cropped-LOGOS-EDUCA-BORRAS_retina.png","caption":"Educa Borras"},"image":{"@id":"https:\/\/www.educaborras.com\/ca\/#\/schema\/logo\/image\/"}}]}},"_links":{"self":[{"href":"https:\/\/www.educaborras.com\/ca\/wp-json\/wp\/v2\/product\/249667","targetHints":{"allow":["GET"]}}],"collection":[{"href":"https:\/\/www.educaborras.com\/ca\/wp-json\/wp\/v2\/product"}],"about":[{"href":"https:\/\/www.educaborras.com\/ca\/wp-json\/wp\/v2\/types\/product"}],"wp:featuredmedia":[{"embeddable":true,"href":"https:\/\/www.educaborras.com\/ca\/wp-json\/wp\/v2\/media\/166778"}],"wp:attachment":[{"href":"https:\/\/www.educaborras.com\/ca\/wp-json\/wp\/v2\/media?parent=249667"}],"wp:term":[{"taxonomy":"product_brand","embeddable":true,"href":"https:\/\/www.educaborras.com\/ca\/wp-json\/wp\/v2\/product_brand?post=249667"},{"taxonomy":"product_cat","embeddable":true,"href":"https:\/\/www.educaborras.com\/ca\/wp-json\/wp\/v2\/product_cat?post=249667"},{"taxonomy":"product_tag","embeddable":true,"href":"https:\/\/www.educaborras.com\/ca\/wp-json\/wp\/v2\/product_tag?post=249667"}],"curies":[{"name":"wp","href":"https:\/\/api.w.org\/{rel}","templated":true}]}}