{"id":249563,"date":"2025-06-05T11:18:07","date_gmt":"2025-06-05T09:18:07","guid":{"rendered":"https:\/\/www.educaborras.com\/product\/19580\/"},"modified":"2026-04-29T03:23:01","modified_gmt":"2026-04-29T01:23:01","slug":"19580-ca","status":"publish","type":"product","link":"https:\/\/www.educaborras.com\/ca\/producte\/19580-ca\/","title":{"rendered":"Maleta Progressius Spidey &amp; His Amazing Friends 6+9+12+16"},"content":{"rendered":"<p>Ara, una selecci\u00f3 dels millors puzles amb els personatges i la qualitat Educa\u00ae tenen a m\u00e9s&#8230; UN PLUS. Una fant\u00e0stica maleta de pl\u00e0stic on guardar els teus puzles o all\u00f2 que vulguis. Un magn\u00edfic regal. Amb els personatges preferits de nens i nenes. Mides de cada puzle muntat: 16 x 16 cm.<\/p>\n","protected":false},"excerpt":{"rendered":"<p>Els millors puzles amb els millors personatges, ara en una fant\u00e0stica maleta de pl\u00e0stic.<\/p>\n","protected":false},"featured_media":167013,"template":"","meta":{"_acf_changed":false},"product_brand":[],"product_cat":[73230],"product_tag":[86005,76510,86006,75549,86007,86008,77423,77522,86009,86010,86011,86012,76118,86013,74461,76450,75637,74038,86014,86015,86016,86017,86018,86019,86020,86021,86022,75689,86023],"class_list":{"0":"post-249563","1":"product","2":"type-product","3":"status-publish","4":"has-post-thumbnail","6":"product_cat-puzles-progressius","7":"product_tag-19580-ca","8":"product_tag-avengers-ca","9":"product_tag-capitan-america-ca","10":"product_tag-dibujos-ca","11":"product_tag-hulk-ca","12":"product_tag-infantil-marvel-ca","13":"product_tag-iron-man-ca","14":"product_tag-maleta-ca","15":"product_tag-maleta-progresivos-spidey-ca","16":"product_tag-maleta-puzzles-ca","17":"product_tag-maleta-puzzles-educa-ca","18":"product_tag-maleta-puzzles-progresivos-spidey-ca","19":"product_tag-marvel-ca","20":"product_tag-ms-marvel-ca","21":"product_tag-peces-ca","22":"product_tag-progresivos-ca","23":"product_tag-puzle-ca","24":"product_tag-puzzle-ca","25":"product_tag-puzzle-avengers-ca","26":"product_tag-puzzle-capitan-america-ca","27":"product_tag-puzzle-hulk-ca","28":"product_tag-puzzle-infantil-marvel-ca","29":"product_tag-puzzle-iron-man-ca","30":"product_tag-puzzle-marvel-ca","31":"product_tag-puzzle-ms-marvel-ca","32":"product_tag-puzzle-spiderman-ca","33":"product_tag-puzzle-vengadores-ca","34":"product_tag-spiderman-ca","35":"product_tag-vengadores-ca","37":"first","38":"instock","39":"shipping-taxable","40":"product-type-simple"},"acf":[],"yoast_head":"<!-- This site is optimized with the Yoast SEO plugin v27.1.1 - https:\/\/yoast.com\/product\/yoast-seo-wordpress\/ -->\n<title>Maleta Progressius Spidey &amp; His Amazing Friends 6+9+12+16 - Educa Borras<\/title>\n<meta name=\"robots\" content=\"index, follow, max-snippet:-1, max-image-preview:large, max-video-preview:-1\" \/>\n<link rel=\"canonical\" href=\"https:\/\/www.educaborras.com\/ca\/producte\/19580-ca\/\" \/>\n<script type=\"application\/ld+json\" class=\"yoast-schema-graph\">{\"@context\":\"https:\/\/schema.org\",\"@graph\":[{\"@type\":\"WebPage\",\"@id\":\"https:\/\/www.educaborras.com\/ca\/producte\/19580-ca\/\",\"url\":\"https:\/\/www.educaborras.com\/ca\/producte\/19580-ca\/\",\"name\":\"Maleta Progressius Spidey &amp; His Amazing Friends 6+9+12+16 - Educa Borras\",\"isPartOf\":{\"@id\":\"https:\/\/www.educaborras.com\/ca\/#website\"},\"primaryImageOfPage\":{\"@id\":\"https:\/\/www.educaborras.com\/ca\/producte\/19580-ca\/#primaryimage\"},\"image\":{\"@id\":\"https:\/\/www.educaborras.com\/ca\/producte\/19580-ca\/#primaryimage\"},\"thumbnailUrl\":\"https:\/\/www.educaborras.com\/wp-content\/uploads\/19580_01_high-scaled-12.jpg\",\"datePublished\":\"2025-06-05T09:18:07+00:00\",\"dateModified\":\"2026-04-29T01:23:01+00:00\",\"breadcrumb\":{\"@id\":\"https:\/\/www.educaborras.com\/ca\/producte\/19580-ca\/#breadcrumb\"},\"inLanguage\":\"ca\",\"potentialAction\":[{\"@type\":\"ReadAction\",\"target\":[\"https:\/\/www.educaborras.com\/ca\/producte\/19580-ca\/\"]}]},{\"@type\":\"ImageObject\",\"inLanguage\":\"ca\",\"@id\":\"https:\/\/www.educaborras.com\/ca\/producte\/19580-ca\/#primaryimage\",\"url\":\"https:\/\/www.educaborras.com\/wp-content\/uploads\/19580_01_high-scaled-12.jpg\",\"contentUrl\":\"https:\/\/www.educaborras.com\/wp-content\/uploads\/19580_01_high-scaled-12.jpg\"},{\"@type\":\"BreadcrumbList\",\"@id\":\"https:\/\/www.educaborras.com\/ca\/producte\/19580-ca\/#breadcrumb\",\"itemListElement\":[{\"@type\":\"ListItem\",\"position\":1,\"name\":\"Portada\",\"item\":\"https:\/\/www.educaborras.com\/ca\/\"},{\"@type\":\"ListItem\",\"position\":2,\"name\":\"Productes\",\"item\":\"https:\/\/www.educaborras.com\/ca\/shop\/\"},{\"@type\":\"ListItem\",\"position\":3,\"name\":\"Maleta Progressius Spidey &amp; His Amazing Friends 6+9+12+16\"}]},{\"@type\":\"WebSite\",\"@id\":\"https:\/\/www.educaborras.com\/ca\/#website\",\"url\":\"https:\/\/www.educaborras.com\/ca\/\",\"name\":\"Educa Borras\",\"description\":\"\",\"publisher\":{\"@id\":\"https:\/\/www.educaborras.com\/ca\/#organization\"},\"potentialAction\":[{\"@type\":\"SearchAction\",\"target\":{\"@type\":\"EntryPoint\",\"urlTemplate\":\"https:\/\/www.educaborras.com\/ca\/?s={search_term_string}\"},\"query-input\":{\"@type\":\"PropertyValueSpecification\",\"valueRequired\":true,\"valueName\":\"search_term_string\"}}],\"inLanguage\":\"ca\"},{\"@type\":\"Organization\",\"@id\":\"https:\/\/www.educaborras.com\/ca\/#organization\",\"name\":\"Educa Borras\",\"url\":\"https:\/\/www.educaborras.com\/ca\/\",\"logo\":{\"@type\":\"ImageObject\",\"inLanguage\":\"ca\",\"@id\":\"https:\/\/www.educaborras.com\/ca\/#\/schema\/logo\/image\/\",\"url\":\"https:\/\/www.educaborras.com\/wp-content\/uploads\/cropped-LOGOS-EDUCA-BORRAS_retina.png\",\"contentUrl\":\"https:\/\/www.educaborras.com\/wp-content\/uploads\/cropped-LOGOS-EDUCA-BORRAS_retina.png\",\"caption\":\"Educa Borras\"},\"image\":{\"@id\":\"https:\/\/www.educaborras.com\/ca\/#\/schema\/logo\/image\/\"}}]}<\/script>\n<!-- \/ Yoast SEO plugin. -->","yoast_head_json":{"title":"Maleta Progressius Spidey &amp; His Amazing Friends 6+9+12+16 - Educa Borras","robots":{"index":"index","follow":"follow","max-snippet":"max-snippet:-1","max-image-preview":"max-image-preview:large","max-video-preview":"max-video-preview:-1"},"canonical":"https:\/\/www.educaborras.com\/ca\/producte\/19580-ca\/","schema":{"@context":"https:\/\/schema.org","@graph":[{"@type":"WebPage","@id":"https:\/\/www.educaborras.com\/ca\/producte\/19580-ca\/","url":"https:\/\/www.educaborras.com\/ca\/producte\/19580-ca\/","name":"Maleta Progressius Spidey &amp; His Amazing Friends 6+9+12+16 - Educa Borras","isPartOf":{"@id":"https:\/\/www.educaborras.com\/ca\/#website"},"primaryImageOfPage":{"@id":"https:\/\/www.educaborras.com\/ca\/producte\/19580-ca\/#primaryimage"},"image":{"@id":"https:\/\/www.educaborras.com\/ca\/producte\/19580-ca\/#primaryimage"},"thumbnailUrl":"https:\/\/www.educaborras.com\/wp-content\/uploads\/19580_01_high-scaled-12.jpg","datePublished":"2025-06-05T09:18:07+00:00","dateModified":"2026-04-29T01:23:01+00:00","breadcrumb":{"@id":"https:\/\/www.educaborras.com\/ca\/producte\/19580-ca\/#breadcrumb"},"inLanguage":"ca","potentialAction":[{"@type":"ReadAction","target":["https:\/\/www.educaborras.com\/ca\/producte\/19580-ca\/"]}]},{"@type":"ImageObject","inLanguage":"ca","@id":"https:\/\/www.educaborras.com\/ca\/producte\/19580-ca\/#primaryimage","url":"https:\/\/www.educaborras.com\/wp-content\/uploads\/19580_01_high-scaled-12.jpg","contentUrl":"https:\/\/www.educaborras.com\/wp-content\/uploads\/19580_01_high-scaled-12.jpg"},{"@type":"BreadcrumbList","@id":"https:\/\/www.educaborras.com\/ca\/producte\/19580-ca\/#breadcrumb","itemListElement":[{"@type":"ListItem","position":1,"name":"Portada","item":"https:\/\/www.educaborras.com\/ca\/"},{"@type":"ListItem","position":2,"name":"Productes","item":"https:\/\/www.educaborras.com\/ca\/shop\/"},{"@type":"ListItem","position":3,"name":"Maleta Progressius Spidey &amp; His Amazing Friends 6+9+12+16"}]},{"@type":"WebSite","@id":"https:\/\/www.educaborras.com\/ca\/#website","url":"https:\/\/www.educaborras.com\/ca\/","name":"Educa Borras","description":"","publisher":{"@id":"https:\/\/www.educaborras.com\/ca\/#organization"},"potentialAction":[{"@type":"SearchAction","target":{"@type":"EntryPoint","urlTemplate":"https:\/\/www.educaborras.com\/ca\/?s={search_term_string}"},"query-input":{"@type":"PropertyValueSpecification","valueRequired":true,"valueName":"search_term_string"}}],"inLanguage":"ca"},{"@type":"Organization","@id":"https:\/\/www.educaborras.com\/ca\/#organization","name":"Educa Borras","url":"https:\/\/www.educaborras.com\/ca\/","logo":{"@type":"ImageObject","inLanguage":"ca","@id":"https:\/\/www.educaborras.com\/ca\/#\/schema\/logo\/image\/","url":"https:\/\/www.educaborras.com\/wp-content\/uploads\/cropped-LOGOS-EDUCA-BORRAS_retina.png","contentUrl":"https:\/\/www.educaborras.com\/wp-content\/uploads\/cropped-LOGOS-EDUCA-BORRAS_retina.png","caption":"Educa Borras"},"image":{"@id":"https:\/\/www.educaborras.com\/ca\/#\/schema\/logo\/image\/"}}]}},"_links":{"self":[{"href":"https:\/\/www.educaborras.com\/ca\/wp-json\/wp\/v2\/product\/249563","targetHints":{"allow":["GET"]}}],"collection":[{"href":"https:\/\/www.educaborras.com\/ca\/wp-json\/wp\/v2\/product"}],"about":[{"href":"https:\/\/www.educaborras.com\/ca\/wp-json\/wp\/v2\/types\/product"}],"wp:featuredmedia":[{"embeddable":true,"href":"https:\/\/www.educaborras.com\/ca\/wp-json\/wp\/v2\/media\/167013"}],"wp:attachment":[{"href":"https:\/\/www.educaborras.com\/ca\/wp-json\/wp\/v2\/media?parent=249563"}],"wp:term":[{"taxonomy":"product_brand","embeddable":true,"href":"https:\/\/www.educaborras.com\/ca\/wp-json\/wp\/v2\/product_brand?post=249563"},{"taxonomy":"product_cat","embeddable":true,"href":"https:\/\/www.educaborras.com\/ca\/wp-json\/wp\/v2\/product_cat?post=249563"},{"taxonomy":"product_tag","embeddable":true,"href":"https:\/\/www.educaborras.com\/ca\/wp-json\/wp\/v2\/product_tag?post=249563"}],"curies":[{"name":"wp","href":"https:\/\/api.w.org\/{rel}","templated":true}]}}