{"id":249543,"date":"2025-06-05T11:18:20","date_gmt":"2025-06-05T09:18:20","guid":{"rendered":"https:\/\/www.educaborras.com\/product\/19830\/"},"modified":"2025-11-15T03:59:20","modified_gmt":"2025-11-15T01:59:20","slug":"19830-ca","status":"publish","type":"product","link":"https:\/\/www.educaborras.com\/ca\/producte\/19830-ca\/","title":{"rendered":"Maleta Puzles Progressius Bluey 12+16+20+25"},"content":{"rendered":"<p>Ara, una selecci\u00f3 dels millors puzles amb els personatges i la qualitat Educa\u00ae tenen a m\u00e9s&#8230; UN PLUS. Una fant\u00e0stica maleta de pl\u00e0stic on guardar els teus puzles o all\u00f2 que vulguis. Un magn\u00edfic regal. Amb els personatges preferits de nens i nenes. Mides de cada puzle muntat: 16 x 16 cm.<\/p>\n","protected":false},"excerpt":{"rendered":"<p>Els millors puzles amb els millors personatges, ara en una fant\u00e0stica maleta de pl\u00e0stic.<\/p>\n","protected":false},"featured_media":167103,"template":"","meta":{"_acf_changed":false},"product_brand":[],"product_cat":[73230],"product_tag":[86750,73974,73972,73973,78729,75527,73976,74521,73975,73978,77508,86753,74437,76439,77509,73994,73995,86752,86751,73977],"class_list":{"0":"post-249543","1":"product","2":"type-product","3":"status-publish","4":"has-post-thumbnail","6":"product_cat-puzles-progressius","7":"product_tag-86750","8":"product_tag-bandit","9":"product_tag-bingo","10":"product_tag-chilli","11":"product_tag-dibuixos","12":"product_tag-dibujos","13":"product_tag-honey","14":"product_tag-infantil","15":"product_tag-lucky","16":"product_tag-mackenzie","17":"product_tag-maleta","18":"product_tag-malette-puzzles-progressifs","19":"product_tag-peces","20":"product_tag-progresivos","21":"product_tag-progressius","22":"product_tag-puzle","23":"product_tag-puzzle","24":"product_tag-puzzle-bluey","25":"product_tag-puzzles-bluey","26":"product_tag-rusty","28":"first","29":"instock","30":"shipping-taxable","31":"product-type-simple"},"acf":[],"yoast_head":"<!-- This site is optimized with the Yoast SEO plugin v27.1.1 - https:\/\/yoast.com\/product\/yoast-seo-wordpress\/ -->\n<title>Maleta Puzles Progressius Bluey 12+16+20+25 - Educa Borras<\/title>\n<meta name=\"description\" content=\"Ahora, una selecci\u00f3n de los mejores puzzles de Bluey y la calidad Educa\u00ae tienen adem\u00e1s... UN PLUS. Una magn\u00edfica maleta de pl\u00e1stico donde guardar tus puzzles.\" \/>\n<meta name=\"robots\" content=\"index, follow, max-snippet:-1, max-image-preview:large, max-video-preview:-1\" \/>\n<link rel=\"canonical\" href=\"https:\/\/www.educaborras.com\/ca\/producte\/19830-ca\/\" \/>\n<script type=\"application\/ld+json\" class=\"yoast-schema-graph\">{\"@context\":\"https:\/\/schema.org\",\"@graph\":[{\"@type\":\"WebPage\",\"@id\":\"https:\/\/www.educaborras.com\/ca\/producte\/19830-ca\/\",\"url\":\"https:\/\/www.educaborras.com\/ca\/producte\/19830-ca\/\",\"name\":\"Maleta Puzles Progressius Bluey 12+16+20+25 - Educa Borras\",\"isPartOf\":{\"@id\":\"https:\/\/www.educaborras.com\/ca\/#website\"},\"primaryImageOfPage\":{\"@id\":\"https:\/\/www.educaborras.com\/ca\/producte\/19830-ca\/#primaryimage\"},\"image\":{\"@id\":\"https:\/\/www.educaborras.com\/ca\/producte\/19830-ca\/#primaryimage\"},\"thumbnailUrl\":\"https:\/\/www.educaborras.com\/wp-content\/uploads\/19830_01_high-11.jpg\",\"datePublished\":\"2025-06-05T09:18:20+00:00\",\"dateModified\":\"2025-11-15T01:59:20+00:00\",\"description\":\"Ahora, una selecci\u00f3n de los mejores puzzles de Bluey y la calidad Educa\u00ae tienen adem\u00e1s... UN PLUS. Una magn\u00edfica maleta de pl\u00e1stico donde guardar tus puzzles.\",\"breadcrumb\":{\"@id\":\"https:\/\/www.educaborras.com\/ca\/producte\/19830-ca\/#breadcrumb\"},\"inLanguage\":\"ca\",\"potentialAction\":[{\"@type\":\"ReadAction\",\"target\":[\"https:\/\/www.educaborras.com\/ca\/producte\/19830-ca\/\"]}]},{\"@type\":\"ImageObject\",\"inLanguage\":\"ca\",\"@id\":\"https:\/\/www.educaborras.com\/ca\/producte\/19830-ca\/#primaryimage\",\"url\":\"https:\/\/www.educaborras.com\/wp-content\/uploads\/19830_01_high-11.jpg\",\"contentUrl\":\"https:\/\/www.educaborras.com\/wp-content\/uploads\/19830_01_high-11.jpg\"},{\"@type\":\"BreadcrumbList\",\"@id\":\"https:\/\/www.educaborras.com\/ca\/producte\/19830-ca\/#breadcrumb\",\"itemListElement\":[{\"@type\":\"ListItem\",\"position\":1,\"name\":\"Portada\",\"item\":\"https:\/\/www.educaborras.com\/ca\/\"},{\"@type\":\"ListItem\",\"position\":2,\"name\":\"Productes\",\"item\":\"https:\/\/www.educaborras.com\/ca\/shop\/\"},{\"@type\":\"ListItem\",\"position\":3,\"name\":\"Maleta Puzles Progressius Bluey 12+16+20+25\"}]},{\"@type\":\"WebSite\",\"@id\":\"https:\/\/www.educaborras.com\/ca\/#website\",\"url\":\"https:\/\/www.educaborras.com\/ca\/\",\"name\":\"Educa Borras\",\"description\":\"\",\"publisher\":{\"@id\":\"https:\/\/www.educaborras.com\/ca\/#organization\"},\"potentialAction\":[{\"@type\":\"SearchAction\",\"target\":{\"@type\":\"EntryPoint\",\"urlTemplate\":\"https:\/\/www.educaborras.com\/ca\/?s={search_term_string}\"},\"query-input\":{\"@type\":\"PropertyValueSpecification\",\"valueRequired\":true,\"valueName\":\"search_term_string\"}}],\"inLanguage\":\"ca\"},{\"@type\":\"Organization\",\"@id\":\"https:\/\/www.educaborras.com\/ca\/#organization\",\"name\":\"Educa Borras\",\"url\":\"https:\/\/www.educaborras.com\/ca\/\",\"logo\":{\"@type\":\"ImageObject\",\"inLanguage\":\"ca\",\"@id\":\"https:\/\/www.educaborras.com\/ca\/#\/schema\/logo\/image\/\",\"url\":\"https:\/\/www.educaborras.com\/wp-content\/uploads\/cropped-LOGOS-EDUCA-BORRAS_retina.png\",\"contentUrl\":\"https:\/\/www.educaborras.com\/wp-content\/uploads\/cropped-LOGOS-EDUCA-BORRAS_retina.png\",\"caption\":\"Educa Borras\"},\"image\":{\"@id\":\"https:\/\/www.educaborras.com\/ca\/#\/schema\/logo\/image\/\"}}]}<\/script>\n<!-- \/ Yoast SEO plugin. -->","yoast_head_json":{"title":"Maleta Puzles Progressius Bluey 12+16+20+25 - Educa Borras","description":"Ahora, una selecci\u00f3n de los mejores puzzles de Bluey y la calidad Educa\u00ae tienen adem\u00e1s... UN PLUS. Una magn\u00edfica maleta de pl\u00e1stico donde guardar tus puzzles.","robots":{"index":"index","follow":"follow","max-snippet":"max-snippet:-1","max-image-preview":"max-image-preview:large","max-video-preview":"max-video-preview:-1"},"canonical":"https:\/\/www.educaborras.com\/ca\/producte\/19830-ca\/","schema":{"@context":"https:\/\/schema.org","@graph":[{"@type":"WebPage","@id":"https:\/\/www.educaborras.com\/ca\/producte\/19830-ca\/","url":"https:\/\/www.educaborras.com\/ca\/producte\/19830-ca\/","name":"Maleta Puzles Progressius Bluey 12+16+20+25 - Educa Borras","isPartOf":{"@id":"https:\/\/www.educaborras.com\/ca\/#website"},"primaryImageOfPage":{"@id":"https:\/\/www.educaborras.com\/ca\/producte\/19830-ca\/#primaryimage"},"image":{"@id":"https:\/\/www.educaborras.com\/ca\/producte\/19830-ca\/#primaryimage"},"thumbnailUrl":"https:\/\/www.educaborras.com\/wp-content\/uploads\/19830_01_high-11.jpg","datePublished":"2025-06-05T09:18:20+00:00","dateModified":"2025-11-15T01:59:20+00:00","description":"Ahora, una selecci\u00f3n de los mejores puzzles de Bluey y la calidad Educa\u00ae tienen adem\u00e1s... UN PLUS. Una magn\u00edfica maleta de pl\u00e1stico donde guardar tus puzzles.","breadcrumb":{"@id":"https:\/\/www.educaborras.com\/ca\/producte\/19830-ca\/#breadcrumb"},"inLanguage":"ca","potentialAction":[{"@type":"ReadAction","target":["https:\/\/www.educaborras.com\/ca\/producte\/19830-ca\/"]}]},{"@type":"ImageObject","inLanguage":"ca","@id":"https:\/\/www.educaborras.com\/ca\/producte\/19830-ca\/#primaryimage","url":"https:\/\/www.educaborras.com\/wp-content\/uploads\/19830_01_high-11.jpg","contentUrl":"https:\/\/www.educaborras.com\/wp-content\/uploads\/19830_01_high-11.jpg"},{"@type":"BreadcrumbList","@id":"https:\/\/www.educaborras.com\/ca\/producte\/19830-ca\/#breadcrumb","itemListElement":[{"@type":"ListItem","position":1,"name":"Portada","item":"https:\/\/www.educaborras.com\/ca\/"},{"@type":"ListItem","position":2,"name":"Productes","item":"https:\/\/www.educaborras.com\/ca\/shop\/"},{"@type":"ListItem","position":3,"name":"Maleta Puzles Progressius Bluey 12+16+20+25"}]},{"@type":"WebSite","@id":"https:\/\/www.educaborras.com\/ca\/#website","url":"https:\/\/www.educaborras.com\/ca\/","name":"Educa Borras","description":"","publisher":{"@id":"https:\/\/www.educaborras.com\/ca\/#organization"},"potentialAction":[{"@type":"SearchAction","target":{"@type":"EntryPoint","urlTemplate":"https:\/\/www.educaborras.com\/ca\/?s={search_term_string}"},"query-input":{"@type":"PropertyValueSpecification","valueRequired":true,"valueName":"search_term_string"}}],"inLanguage":"ca"},{"@type":"Organization","@id":"https:\/\/www.educaborras.com\/ca\/#organization","name":"Educa Borras","url":"https:\/\/www.educaborras.com\/ca\/","logo":{"@type":"ImageObject","inLanguage":"ca","@id":"https:\/\/www.educaborras.com\/ca\/#\/schema\/logo\/image\/","url":"https:\/\/www.educaborras.com\/wp-content\/uploads\/cropped-LOGOS-EDUCA-BORRAS_retina.png","contentUrl":"https:\/\/www.educaborras.com\/wp-content\/uploads\/cropped-LOGOS-EDUCA-BORRAS_retina.png","caption":"Educa Borras"},"image":{"@id":"https:\/\/www.educaborras.com\/ca\/#\/schema\/logo\/image\/"}}]}},"_links":{"self":[{"href":"https:\/\/www.educaborras.com\/ca\/wp-json\/wp\/v2\/product\/249543","targetHints":{"allow":["GET"]}}],"collection":[{"href":"https:\/\/www.educaborras.com\/ca\/wp-json\/wp\/v2\/product"}],"about":[{"href":"https:\/\/www.educaborras.com\/ca\/wp-json\/wp\/v2\/types\/product"}],"wp:featuredmedia":[{"embeddable":true,"href":"https:\/\/www.educaborras.com\/ca\/wp-json\/wp\/v2\/media\/167103"}],"wp:attachment":[{"href":"https:\/\/www.educaborras.com\/ca\/wp-json\/wp\/v2\/media?parent=249543"}],"wp:term":[{"taxonomy":"product_brand","embeddable":true,"href":"https:\/\/www.educaborras.com\/ca\/wp-json\/wp\/v2\/product_brand?post=249543"},{"taxonomy":"product_cat","embeddable":true,"href":"https:\/\/www.educaborras.com\/ca\/wp-json\/wp\/v2\/product_cat?post=249543"},{"taxonomy":"product_tag","embeddable":true,"href":"https:\/\/www.educaborras.com\/ca\/wp-json\/wp\/v2\/product_tag?post=249543"}],"curies":[{"name":"wp","href":"https:\/\/api.w.org\/{rel}","templated":true}]}}