{"id":249535,"date":"2025-06-05T11:18:25","date_gmt":"2025-06-05T09:18:25","guid":{"rendered":"https:\/\/www.educaborras.com\/product\/19884\/"},"modified":"2026-04-15T02:33:48","modified_gmt":"2026-04-15T00:33:48","slug":"19830-ca-2","status":"publish","type":"product","link":"https:\/\/www.educaborras.com\/ca\/producte\/19830-ca-2\/","title":{"rendered":"Maleta Puzles Progressius Bluey 12+16+20+25"},"content":{"rendered":"<p>Ara, una selecci\u00f3 dels millors puzles amb els personatges i la qualitat Educa\u00ae tenen a m\u00e9s&#8230; UN PLUS. Una fant\u00e0stica maleta de pl\u00e0stic on guardar els teus puzles o all\u00f2 que vulguis. Un magn\u00edfic regal. Amb els personatges preferits de nens i nenes. Mides de cada puzle muntat: 16 x 16 cm.<\/p>\n","protected":false},"excerpt":{"rendered":"<p>Els millors puzles amb els millors personatges, ara en una fant\u00e0stica maleta de pl\u00e0stic.<\/p>\n","protected":false},"featured_media":167148,"template":"","meta":{"_acf_changed":false},"product_brand":[],"product_cat":[73230],"product_tag":[101020,98524,98525,98528,79968,75549,98533,74538,98536,98537,77522,100720,86753,74461,76450,77528,75637,74038,100721,100722,98540],"class_list":{"0":"post-249535","1":"product","2":"type-product","3":"status-publish","4":"has-post-thumbnail","6":"product_cat-puzles-progressius","7":"product_tag-19830-ca","8":"product_tag-bandit-ca","9":"product_tag-bingo-ca","10":"product_tag-chilli-ca","11":"product_tag-dibuixos-ca","12":"product_tag-dibujos-ca","13":"product_tag-honey-ca","14":"product_tag-infantil-ca","15":"product_tag-lucky-ca","16":"product_tag-mackenzie-ca","17":"product_tag-maleta-ca","18":"product_tag-malette-puzzles-progressifs-ca","19":"product_tag-malette-puzzles-progressifs","20":"product_tag-peces-ca","21":"product_tag-progresivos-ca","22":"product_tag-progressius-ca","23":"product_tag-puzle-ca","24":"product_tag-puzzle-ca","25":"product_tag-puzzle-bluey-ca","26":"product_tag-puzzles-bluey-ca","27":"product_tag-rusty-ca","29":"first","30":"instock","31":"shipping-taxable","32":"product-type-simple"},"acf":[],"yoast_head":"<!-- This site is optimized with the Yoast SEO plugin v27.1.1 - https:\/\/yoast.com\/product\/yoast-seo-wordpress\/ -->\n<title>Maleta Puzles Progressius Bluey 12+16+20+25 - Educa Borras<\/title>\n<meta name=\"description\" content=\"Nuevos y atractivos puzles se unen a la colecci\u00f3n infantil de Educa\u00ae, una divertida manera para que los m\u00e1s peque\u00f1os de la casa aprendan a hacer puzles con diferentes niveles de dificultad.\" \/>\n<meta name=\"robots\" content=\"index, follow, max-snippet:-1, max-image-preview:large, max-video-preview:-1\" \/>\n<link rel=\"canonical\" href=\"https:\/\/www.educaborras.com\/ca\/producte\/19830-ca-2\/\" \/>\n<script type=\"application\/ld+json\" class=\"yoast-schema-graph\">{\"@context\":\"https:\/\/schema.org\",\"@graph\":[{\"@type\":\"WebPage\",\"@id\":\"https:\/\/www.educaborras.com\/ca\/producte\/19830-ca-2\/\",\"url\":\"https:\/\/www.educaborras.com\/ca\/producte\/19830-ca-2\/\",\"name\":\"Maleta Puzles Progressius Bluey 12+16+20+25 - Educa Borras\",\"isPartOf\":{\"@id\":\"https:\/\/www.educaborras.com\/ca\/#website\"},\"primaryImageOfPage\":{\"@id\":\"https:\/\/www.educaborras.com\/ca\/producte\/19830-ca-2\/#primaryimage\"},\"image\":{\"@id\":\"https:\/\/www.educaborras.com\/ca\/producte\/19830-ca-2\/#primaryimage\"},\"thumbnailUrl\":\"https:\/\/www.educaborras.com\/wp-content\/uploads\/19884_01_high-11.jpg\",\"datePublished\":\"2025-06-05T09:18:25+00:00\",\"dateModified\":\"2026-04-15T00:33:48+00:00\",\"description\":\"Nuevos y atractivos puzles se unen a la colecci\u00f3n infantil de Educa\u00ae, una divertida manera para que los m\u00e1s peque\u00f1os de la casa aprendan a hacer puzles con diferentes niveles de dificultad.\",\"breadcrumb\":{\"@id\":\"https:\/\/www.educaborras.com\/ca\/producte\/19830-ca-2\/#breadcrumb\"},\"inLanguage\":\"ca\",\"potentialAction\":[{\"@type\":\"ReadAction\",\"target\":[\"https:\/\/www.educaborras.com\/ca\/producte\/19830-ca-2\/\"]}]},{\"@type\":\"ImageObject\",\"inLanguage\":\"ca\",\"@id\":\"https:\/\/www.educaborras.com\/ca\/producte\/19830-ca-2\/#primaryimage\",\"url\":\"https:\/\/www.educaborras.com\/wp-content\/uploads\/19884_01_high-11.jpg\",\"contentUrl\":\"https:\/\/www.educaborras.com\/wp-content\/uploads\/19884_01_high-11.jpg\"},{\"@type\":\"BreadcrumbList\",\"@id\":\"https:\/\/www.educaborras.com\/ca\/producte\/19830-ca-2\/#breadcrumb\",\"itemListElement\":[{\"@type\":\"ListItem\",\"position\":1,\"name\":\"Portada\",\"item\":\"https:\/\/www.educaborras.com\/ca\/\"},{\"@type\":\"ListItem\",\"position\":2,\"name\":\"Productes\",\"item\":\"https:\/\/www.educaborras.com\/ca\/shop\/\"},{\"@type\":\"ListItem\",\"position\":3,\"name\":\"Maleta Puzles Progressius Bluey 12+16+20+25\"}]},{\"@type\":\"WebSite\",\"@id\":\"https:\/\/www.educaborras.com\/ca\/#website\",\"url\":\"https:\/\/www.educaborras.com\/ca\/\",\"name\":\"Educa Borras\",\"description\":\"\",\"publisher\":{\"@id\":\"https:\/\/www.educaborras.com\/ca\/#organization\"},\"potentialAction\":[{\"@type\":\"SearchAction\",\"target\":{\"@type\":\"EntryPoint\",\"urlTemplate\":\"https:\/\/www.educaborras.com\/ca\/?s={search_term_string}\"},\"query-input\":{\"@type\":\"PropertyValueSpecification\",\"valueRequired\":true,\"valueName\":\"search_term_string\"}}],\"inLanguage\":\"ca\"},{\"@type\":\"Organization\",\"@id\":\"https:\/\/www.educaborras.com\/ca\/#organization\",\"name\":\"Educa Borras\",\"url\":\"https:\/\/www.educaborras.com\/ca\/\",\"logo\":{\"@type\":\"ImageObject\",\"inLanguage\":\"ca\",\"@id\":\"https:\/\/www.educaborras.com\/ca\/#\/schema\/logo\/image\/\",\"url\":\"https:\/\/www.educaborras.com\/wp-content\/uploads\/cropped-LOGOS-EDUCA-BORRAS_retina.png\",\"contentUrl\":\"https:\/\/www.educaborras.com\/wp-content\/uploads\/cropped-LOGOS-EDUCA-BORRAS_retina.png\",\"caption\":\"Educa Borras\"},\"image\":{\"@id\":\"https:\/\/www.educaborras.com\/ca\/#\/schema\/logo\/image\/\"}}]}<\/script>\n<!-- \/ Yoast SEO plugin. -->","yoast_head_json":{"title":"Maleta Puzles Progressius Bluey 12+16+20+25 - Educa Borras","description":"Nuevos y atractivos puzles se unen a la colecci\u00f3n infantil de Educa\u00ae, una divertida manera para que los m\u00e1s peque\u00f1os de la casa aprendan a hacer puzles con diferentes niveles de dificultad.","robots":{"index":"index","follow":"follow","max-snippet":"max-snippet:-1","max-image-preview":"max-image-preview:large","max-video-preview":"max-video-preview:-1"},"canonical":"https:\/\/www.educaborras.com\/ca\/producte\/19830-ca-2\/","schema":{"@context":"https:\/\/schema.org","@graph":[{"@type":"WebPage","@id":"https:\/\/www.educaborras.com\/ca\/producte\/19830-ca-2\/","url":"https:\/\/www.educaborras.com\/ca\/producte\/19830-ca-2\/","name":"Maleta Puzles Progressius Bluey 12+16+20+25 - Educa Borras","isPartOf":{"@id":"https:\/\/www.educaborras.com\/ca\/#website"},"primaryImageOfPage":{"@id":"https:\/\/www.educaborras.com\/ca\/producte\/19830-ca-2\/#primaryimage"},"image":{"@id":"https:\/\/www.educaborras.com\/ca\/producte\/19830-ca-2\/#primaryimage"},"thumbnailUrl":"https:\/\/www.educaborras.com\/wp-content\/uploads\/19884_01_high-11.jpg","datePublished":"2025-06-05T09:18:25+00:00","dateModified":"2026-04-15T00:33:48+00:00","description":"Nuevos y atractivos puzles se unen a la colecci\u00f3n infantil de Educa\u00ae, una divertida manera para que los m\u00e1s peque\u00f1os de la casa aprendan a hacer puzles con diferentes niveles de dificultad.","breadcrumb":{"@id":"https:\/\/www.educaborras.com\/ca\/producte\/19830-ca-2\/#breadcrumb"},"inLanguage":"ca","potentialAction":[{"@type":"ReadAction","target":["https:\/\/www.educaborras.com\/ca\/producte\/19830-ca-2\/"]}]},{"@type":"ImageObject","inLanguage":"ca","@id":"https:\/\/www.educaborras.com\/ca\/producte\/19830-ca-2\/#primaryimage","url":"https:\/\/www.educaborras.com\/wp-content\/uploads\/19884_01_high-11.jpg","contentUrl":"https:\/\/www.educaborras.com\/wp-content\/uploads\/19884_01_high-11.jpg"},{"@type":"BreadcrumbList","@id":"https:\/\/www.educaborras.com\/ca\/producte\/19830-ca-2\/#breadcrumb","itemListElement":[{"@type":"ListItem","position":1,"name":"Portada","item":"https:\/\/www.educaborras.com\/ca\/"},{"@type":"ListItem","position":2,"name":"Productes","item":"https:\/\/www.educaborras.com\/ca\/shop\/"},{"@type":"ListItem","position":3,"name":"Maleta Puzles Progressius Bluey 12+16+20+25"}]},{"@type":"WebSite","@id":"https:\/\/www.educaborras.com\/ca\/#website","url":"https:\/\/www.educaborras.com\/ca\/","name":"Educa Borras","description":"","publisher":{"@id":"https:\/\/www.educaborras.com\/ca\/#organization"},"potentialAction":[{"@type":"SearchAction","target":{"@type":"EntryPoint","urlTemplate":"https:\/\/www.educaborras.com\/ca\/?s={search_term_string}"},"query-input":{"@type":"PropertyValueSpecification","valueRequired":true,"valueName":"search_term_string"}}],"inLanguage":"ca"},{"@type":"Organization","@id":"https:\/\/www.educaborras.com\/ca\/#organization","name":"Educa Borras","url":"https:\/\/www.educaborras.com\/ca\/","logo":{"@type":"ImageObject","inLanguage":"ca","@id":"https:\/\/www.educaborras.com\/ca\/#\/schema\/logo\/image\/","url":"https:\/\/www.educaborras.com\/wp-content\/uploads\/cropped-LOGOS-EDUCA-BORRAS_retina.png","contentUrl":"https:\/\/www.educaborras.com\/wp-content\/uploads\/cropped-LOGOS-EDUCA-BORRAS_retina.png","caption":"Educa Borras"},"image":{"@id":"https:\/\/www.educaborras.com\/ca\/#\/schema\/logo\/image\/"}}]}},"_links":{"self":[{"href":"https:\/\/www.educaborras.com\/ca\/wp-json\/wp\/v2\/product\/249535","targetHints":{"allow":["GET"]}}],"collection":[{"href":"https:\/\/www.educaborras.com\/ca\/wp-json\/wp\/v2\/product"}],"about":[{"href":"https:\/\/www.educaborras.com\/ca\/wp-json\/wp\/v2\/types\/product"}],"wp:featuredmedia":[{"embeddable":true,"href":"https:\/\/www.educaborras.com\/ca\/wp-json\/wp\/v2\/media\/167148"}],"wp:attachment":[{"href":"https:\/\/www.educaborras.com\/ca\/wp-json\/wp\/v2\/media?parent=249535"}],"wp:term":[{"taxonomy":"product_brand","embeddable":true,"href":"https:\/\/www.educaborras.com\/ca\/wp-json\/wp\/v2\/product_brand?post=249535"},{"taxonomy":"product_cat","embeddable":true,"href":"https:\/\/www.educaborras.com\/ca\/wp-json\/wp\/v2\/product_cat?post=249535"},{"taxonomy":"product_tag","embeddable":true,"href":"https:\/\/www.educaborras.com\/ca\/wp-json\/wp\/v2\/product_tag?post=249535"}],"curies":[{"name":"wp","href":"https:\/\/api.w.org\/{rel}","templated":true}]}}