{"id":249143,"date":"2025-06-05T11:22:44","date_gmt":"2025-06-05T09:22:44","guid":{"rendered":"https:\/\/www.educaborras.com\/product\/18583\/"},"modified":"2026-04-27T03:50:39","modified_gmt":"2026-04-27T01:50:39","slug":"18583-ca","status":"publish","type":"product","link":"https:\/\/www.educaborras.com\/ca\/producte\/18583-ca\/","title":{"rendered":"5000 La millor llibreria del m\u00f3n"},"content":{"rendered":"<p>Educa\u00ae t&#8217;ofereix la col\u00b7lecci\u00f3 de puzles adults m\u00e9s completa del mercat, amb formats des de les 500 fins a les 42000 peces i amb les millors imatges i els personatges m\u00e9s divertits. Mides aproximades del puzle muntat: 157 x 107 cm. En tots els puzles de 3000 peces o m\u00e9s, i sempre que hi hagi exist\u00e8ncies, EDUCA\u00ae ofereix el servei de pe\u00e7a perduda. M\u00e9s informaci\u00f3 a www.puzzlepassion.com<\/p>\n","protected":false},"excerpt":{"rendered":"<p>Educa\u00ae t&#8217;ofereix la col\u00b7lecci\u00f3 de puzles adults m\u00e9s completa del mercat, amb formats des de les 500 fins a les 42000 peces i amb les millors imatges i els personatges m\u00e9s divertits.<\/p>\n","protected":false},"featured_media":169083,"template":"","meta":{"_acf_changed":false},"product_brand":[],"product_cat":[73232,73238],"product_tag":[74334,95662,82347,88362,95663,95664,95665,95666,95667,95668,76873,76874,91236,95570,95571,95572,95573,88427,95574,74160,74162,95575,80284,78541,78542,94371,95576,95579,74337,74461,74462,74463,88281,75637,74038,95669,95581,95582,82291,74172,95583,82292,82293,74338,95584,91243,95585,95589],"class_list":{"0":"post-249143","1":"product","2":"type-product","3":"status-publish","4":"has-post-thumbnail","6":"product_cat-puzles-adults","7":"product_cat-puzles-de-4000-a-8000-peces","8":"product_tag-piezas-ca","9":"product_tag-18583-ca","10":"product_tag-2020-ca","11":"product_tag-5000-ca","12":"product_tag-5000-a-melhor-livraria-do-mundo-ca","13":"product_tag-5000-die-grosartigste-bucherei-der-welt-ca","14":"product_tag-5000-greatest-bookshop-in-the-world-ca","15":"product_tag-5000-la-meilleure-librairie-du-monde-ca","16":"product_tag-5000-la-mejor-libreria-del-mundo-ca","17":"product_tag-5000-puzzle-ca","18":"product_tag-bici-ca","19":"product_tag-bicicleta-ca","20":"product_tag-bike-ca","21":"product_tag-books-ca","22":"product_tag-bookshop-puzzle-ca","23":"product_tag-cadira-ca","24":"product_tag-cadires-ca","25":"product_tag-cafe-ca","26":"product_tag-cofee-ca","27":"product_tag-educa-ca","28":"product_tag-educa-borras-puzzle-ca","29":"product_tag-escaparate-libreria-ca","30":"product_tag-fix-puzzle-ca","31":"product_tag-flores-ca","32":"product_tag-flowers-ca","33":"product_tag-libros-ca","34":"product_tag-llibres-ca","35":"product_tag-oldbooks-and-prints-ca","36":"product_tag-peca-ca","37":"product_tag-peces-ca","38":"product_tag-piece-ca","39":"product_tag-pieces-ca","40":"product_tag-pueblo-ca","41":"product_tag-puzle-ca","42":"product_tag-puzzle-ca","43":"product_tag-puzzle-5000-ca","44":"product_tag-puzzle-bookshop-ca","45":"product_tag-puzzle-libreria-ca","46":"product_tag-puzzle-pasion-ca","47":"product_tag-puzzle-passion-ca","48":"product_tag-puzzle-vintage-bookshop-ca","49":"product_tag-puzzlemania-ca","50":"product_tag-puzzlepassion-ca","51":"product_tag-rompecabezas-ca","52":"product_tag-sillas-ca","53":"product_tag-street-ca","54":"product_tag-tranquilidad-ca","55":"product_tag-vintage-bookshop-ca","57":"first","58":"instock","59":"shipping-taxable","60":"product-type-simple"},"acf":[],"yoast_head":"<!-- This site is optimized with the Yoast SEO plugin v27.1.1 - https:\/\/yoast.com\/product\/yoast-seo-wordpress\/ -->\n<title>5000 La millor llibreria del m\u00f3n - Educa Borras<\/title>\n<meta name=\"robots\" content=\"index, follow, max-snippet:-1, max-image-preview:large, max-video-preview:-1\" \/>\n<link rel=\"canonical\" href=\"https:\/\/www.educaborras.com\/ca\/producte\/18583-ca\/\" \/>\n<script type=\"application\/ld+json\" class=\"yoast-schema-graph\">{\"@context\":\"https:\/\/schema.org\",\"@graph\":[{\"@type\":\"WebPage\",\"@id\":\"https:\/\/www.educaborras.com\/ca\/producte\/18583-ca\/\",\"url\":\"https:\/\/www.educaborras.com\/ca\/producte\/18583-ca\/\",\"name\":\"5000 La millor llibreria del m\u00f3n - Educa Borras\",\"isPartOf\":{\"@id\":\"https:\/\/www.educaborras.com\/ca\/#website\"},\"primaryImageOfPage\":{\"@id\":\"https:\/\/www.educaborras.com\/ca\/producte\/18583-ca\/#primaryimage\"},\"image\":{\"@id\":\"https:\/\/www.educaborras.com\/ca\/producte\/18583-ca\/#primaryimage\"},\"thumbnailUrl\":\"https:\/\/www.educaborras.com\/wp-content\/uploads\/18583_01_high-12.jpg\",\"datePublished\":\"2025-06-05T09:22:44+00:00\",\"dateModified\":\"2026-04-27T01:50:39+00:00\",\"breadcrumb\":{\"@id\":\"https:\/\/www.educaborras.com\/ca\/producte\/18583-ca\/#breadcrumb\"},\"inLanguage\":\"ca\",\"potentialAction\":[{\"@type\":\"ReadAction\",\"target\":[\"https:\/\/www.educaborras.com\/ca\/producte\/18583-ca\/\"]}]},{\"@type\":\"ImageObject\",\"inLanguage\":\"ca\",\"@id\":\"https:\/\/www.educaborras.com\/ca\/producte\/18583-ca\/#primaryimage\",\"url\":\"https:\/\/www.educaborras.com\/wp-content\/uploads\/18583_01_high-12.jpg\",\"contentUrl\":\"https:\/\/www.educaborras.com\/wp-content\/uploads\/18583_01_high-12.jpg\"},{\"@type\":\"BreadcrumbList\",\"@id\":\"https:\/\/www.educaborras.com\/ca\/producte\/18583-ca\/#breadcrumb\",\"itemListElement\":[{\"@type\":\"ListItem\",\"position\":1,\"name\":\"Portada\",\"item\":\"https:\/\/www.educaborras.com\/ca\/\"},{\"@type\":\"ListItem\",\"position\":2,\"name\":\"Productes\",\"item\":\"https:\/\/www.educaborras.com\/ca\/shop\/\"},{\"@type\":\"ListItem\",\"position\":3,\"name\":\"5000 La millor llibreria del m\u00f3n\"}]},{\"@type\":\"WebSite\",\"@id\":\"https:\/\/www.educaborras.com\/ca\/#website\",\"url\":\"https:\/\/www.educaborras.com\/ca\/\",\"name\":\"Educa Borras\",\"description\":\"\",\"publisher\":{\"@id\":\"https:\/\/www.educaborras.com\/ca\/#organization\"},\"potentialAction\":[{\"@type\":\"SearchAction\",\"target\":{\"@type\":\"EntryPoint\",\"urlTemplate\":\"https:\/\/www.educaborras.com\/ca\/?s={search_term_string}\"},\"query-input\":{\"@type\":\"PropertyValueSpecification\",\"valueRequired\":true,\"valueName\":\"search_term_string\"}}],\"inLanguage\":\"ca\"},{\"@type\":\"Organization\",\"@id\":\"https:\/\/www.educaborras.com\/ca\/#organization\",\"name\":\"Educa Borras\",\"url\":\"https:\/\/www.educaborras.com\/ca\/\",\"logo\":{\"@type\":\"ImageObject\",\"inLanguage\":\"ca\",\"@id\":\"https:\/\/www.educaborras.com\/ca\/#\/schema\/logo\/image\/\",\"url\":\"https:\/\/www.educaborras.com\/wp-content\/uploads\/cropped-LOGOS-EDUCA-BORRAS_retina.png\",\"contentUrl\":\"https:\/\/www.educaborras.com\/wp-content\/uploads\/cropped-LOGOS-EDUCA-BORRAS_retina.png\",\"caption\":\"Educa Borras\"},\"image\":{\"@id\":\"https:\/\/www.educaborras.com\/ca\/#\/schema\/logo\/image\/\"}}]}<\/script>\n<!-- \/ Yoast SEO plugin. -->","yoast_head_json":{"title":"5000 La millor llibreria del m\u00f3n - Educa Borras","robots":{"index":"index","follow":"follow","max-snippet":"max-snippet:-1","max-image-preview":"max-image-preview:large","max-video-preview":"max-video-preview:-1"},"canonical":"https:\/\/www.educaborras.com\/ca\/producte\/18583-ca\/","schema":{"@context":"https:\/\/schema.org","@graph":[{"@type":"WebPage","@id":"https:\/\/www.educaborras.com\/ca\/producte\/18583-ca\/","url":"https:\/\/www.educaborras.com\/ca\/producte\/18583-ca\/","name":"5000 La millor llibreria del m\u00f3n - Educa Borras","isPartOf":{"@id":"https:\/\/www.educaborras.com\/ca\/#website"},"primaryImageOfPage":{"@id":"https:\/\/www.educaborras.com\/ca\/producte\/18583-ca\/#primaryimage"},"image":{"@id":"https:\/\/www.educaborras.com\/ca\/producte\/18583-ca\/#primaryimage"},"thumbnailUrl":"https:\/\/www.educaborras.com\/wp-content\/uploads\/18583_01_high-12.jpg","datePublished":"2025-06-05T09:22:44+00:00","dateModified":"2026-04-27T01:50:39+00:00","breadcrumb":{"@id":"https:\/\/www.educaborras.com\/ca\/producte\/18583-ca\/#breadcrumb"},"inLanguage":"ca","potentialAction":[{"@type":"ReadAction","target":["https:\/\/www.educaborras.com\/ca\/producte\/18583-ca\/"]}]},{"@type":"ImageObject","inLanguage":"ca","@id":"https:\/\/www.educaborras.com\/ca\/producte\/18583-ca\/#primaryimage","url":"https:\/\/www.educaborras.com\/wp-content\/uploads\/18583_01_high-12.jpg","contentUrl":"https:\/\/www.educaborras.com\/wp-content\/uploads\/18583_01_high-12.jpg"},{"@type":"BreadcrumbList","@id":"https:\/\/www.educaborras.com\/ca\/producte\/18583-ca\/#breadcrumb","itemListElement":[{"@type":"ListItem","position":1,"name":"Portada","item":"https:\/\/www.educaborras.com\/ca\/"},{"@type":"ListItem","position":2,"name":"Productes","item":"https:\/\/www.educaborras.com\/ca\/shop\/"},{"@type":"ListItem","position":3,"name":"5000 La millor llibreria del m\u00f3n"}]},{"@type":"WebSite","@id":"https:\/\/www.educaborras.com\/ca\/#website","url":"https:\/\/www.educaborras.com\/ca\/","name":"Educa Borras","description":"","publisher":{"@id":"https:\/\/www.educaborras.com\/ca\/#organization"},"potentialAction":[{"@type":"SearchAction","target":{"@type":"EntryPoint","urlTemplate":"https:\/\/www.educaborras.com\/ca\/?s={search_term_string}"},"query-input":{"@type":"PropertyValueSpecification","valueRequired":true,"valueName":"search_term_string"}}],"inLanguage":"ca"},{"@type":"Organization","@id":"https:\/\/www.educaborras.com\/ca\/#organization","name":"Educa Borras","url":"https:\/\/www.educaborras.com\/ca\/","logo":{"@type":"ImageObject","inLanguage":"ca","@id":"https:\/\/www.educaborras.com\/ca\/#\/schema\/logo\/image\/","url":"https:\/\/www.educaborras.com\/wp-content\/uploads\/cropped-LOGOS-EDUCA-BORRAS_retina.png","contentUrl":"https:\/\/www.educaborras.com\/wp-content\/uploads\/cropped-LOGOS-EDUCA-BORRAS_retina.png","caption":"Educa Borras"},"image":{"@id":"https:\/\/www.educaborras.com\/ca\/#\/schema\/logo\/image\/"}}]}},"_links":{"self":[{"href":"https:\/\/www.educaborras.com\/ca\/wp-json\/wp\/v2\/product\/249143","targetHints":{"allow":["GET"]}}],"collection":[{"href":"https:\/\/www.educaborras.com\/ca\/wp-json\/wp\/v2\/product"}],"about":[{"href":"https:\/\/www.educaborras.com\/ca\/wp-json\/wp\/v2\/types\/product"}],"wp:featuredmedia":[{"embeddable":true,"href":"https:\/\/www.educaborras.com\/ca\/wp-json\/wp\/v2\/media\/169083"}],"wp:attachment":[{"href":"https:\/\/www.educaborras.com\/ca\/wp-json\/wp\/v2\/media?parent=249143"}],"wp:term":[{"taxonomy":"product_brand","embeddable":true,"href":"https:\/\/www.educaborras.com\/ca\/wp-json\/wp\/v2\/product_brand?post=249143"},{"taxonomy":"product_cat","embeddable":true,"href":"https:\/\/www.educaborras.com\/ca\/wp-json\/wp\/v2\/product_cat?post=249143"},{"taxonomy":"product_tag","embeddable":true,"href":"https:\/\/www.educaborras.com\/ca\/wp-json\/wp\/v2\/product_tag?post=249143"}],"curies":[{"name":"wp","href":"https:\/\/api.w.org\/{rel}","templated":true}]}}