{"id":248803,"date":"2025-06-05T11:24:46","date_gmt":"2025-06-05T09:24:46","guid":{"rendered":"https:\/\/www.educaborras.com\/product\/19057\/"},"modified":"2026-04-19T02:26:38","modified_gmt":"2026-04-19T00:26:38","slug":"19057-ca","status":"publish","type":"product","link":"https:\/\/www.educaborras.com\/ca\/producte\/19057-ca\/","title":{"rendered":"12000 Meravelles el M\u00f3n"},"content":{"rendered":"<p>Educa\u00ae t&#8217;ofereix la col\u00b7lecci\u00f3 de puzles adults m\u00e9s completa del mercat, amb formats des de les 500 fins a les 42000 peces i amb les millors imatges i els personatges m\u00e9s divertits. Mides aproximades del puzle muntat: 214 x 157 cm. 2 bosses de 6.000 peces, inclou l\u00e0mina.<\/p>\n","protected":false},"excerpt":{"rendered":"<p>Educa\u00ae t&#8217;ofereix la col\u00b7lecci\u00f3 de puzles adults m\u00e9s completa del mercat, amb formats des de les 500 fins a les 42000 peces i amb les millors imatges i els personatges m\u00e9s divertits.<\/p>\n","protected":false},"featured_media":170088,"template":"","meta":{"_acf_changed":false},"product_brand":[],"product_cat":[73232,73240],"product_tag":[74334,97130,97131,97132,82287,74160,95982,82438,82439,97133,82440,82288,82289,96939,96940,97134,74337,74461,82349,74462,74463,75637,82448,82449,74038,97135,97136,97137,97138,83322,96942,96943,74172,97139,97140,82292,82293,74338,82296,96944],"class_list":{"0":"post-248803","1":"product","2":"type-product","3":"status-publish","4":"has-post-thumbnail","6":"product_cat-puzles-adults","7":"product_cat-puzles-de-9000-a-42000-peces","8":"product_tag-piezas-ca","9":"product_tag-12000-ca","10":"product_tag-12000-piezas-ca","11":"product_tag-19057-ca","12":"product_tag-500-ca","13":"product_tag-educa-ca","14":"product_tag-educa-borras-puzle-ca","15":"product_tag-educa-borras-puzzle-educa-puzzles-puzzle-passion-puzle-passion-ca","16":"product_tag-educa-puzzle-passion-rompecabezas-educa-puzzle-adultos-puzzles-para-adultos-puzzles-adultos-rompecabezas-adultos-puzzle-dificil-puzzle-grande-puzle-adultos-ca","17":"product_tag-educa-xxlpuzzle-mapa-ca","18":"product_tag-educa-educa-borras-educa-puzzle-educa-puzle-ca","19":"product_tag-jigsaw-ca","20":"product_tag-jigsaw-puzzle-ca","21":"product_tag-maravilhas-ca","22":"product_tag-maravillas-del-mundo-ca","23":"product_tag-megapuzzles-ca","24":"product_tag-peca-ca","25":"product_tag-peces-ca","26":"product_tag-picce-ca","27":"product_tag-piece-ca","28":"product_tag-pieces-ca","29":"product_tag-puzle-ca","30":"product_tag-puzle-dificil-ca","31":"product_tag-puzle-para-adultos-ca","32":"product_tag-puzzle-ca","33":"product_tag-puzzle-12000-ca","34":"product_tag-puzzle-12000-piezas-ca","35":"product_tag-puzzle-gigante-ca","36":"product_tag-puzzle-grande-ca","37":"product_tag-puzzle-mapamundi-ca","38":"product_tag-puzzle-maravillas-del-mundo-ca","39":"product_tag-puzzle-maravillas-mundo-ca","40":"product_tag-puzzle-passion-ca","41":"product_tag-puzzle-xl-ca","42":"product_tag-puzzle-xxl-ca","43":"product_tag-puzzlemania-ca","44":"product_tag-puzzlepassion-ca","45":"product_tag-rompecabezas-ca","46":"product_tag-trencaclosques-ca","47":"product_tag-wonders-of-the-world-ca","49":"first","50":"instock","51":"shipping-taxable","52":"product-type-simple"},"acf":[],"yoast_head":"<!-- This site is optimized with the Yoast SEO plugin v27.1.1 - https:\/\/yoast.com\/product\/yoast-seo-wordpress\/ -->\n<title>12000 Meravelles el M\u00f3n - Educa Borras<\/title>\n<meta name=\"robots\" content=\"index, follow, max-snippet:-1, max-image-preview:large, max-video-preview:-1\" \/>\n<link rel=\"canonical\" href=\"https:\/\/www.educaborras.com\/ca\/producte\/19057-ca\/\" \/>\n<script type=\"application\/ld+json\" class=\"yoast-schema-graph\">{\"@context\":\"https:\/\/schema.org\",\"@graph\":[{\"@type\":\"WebPage\",\"@id\":\"https:\/\/www.educaborras.com\/ca\/producte\/19057-ca\/\",\"url\":\"https:\/\/www.educaborras.com\/ca\/producte\/19057-ca\/\",\"name\":\"12000 Meravelles el M\u00f3n - Educa Borras\",\"isPartOf\":{\"@id\":\"https:\/\/www.educaborras.com\/ca\/#website\"},\"primaryImageOfPage\":{\"@id\":\"https:\/\/www.educaborras.com\/ca\/producte\/19057-ca\/#primaryimage\"},\"image\":{\"@id\":\"https:\/\/www.educaborras.com\/ca\/producte\/19057-ca\/#primaryimage\"},\"thumbnailUrl\":\"https:\/\/www.educaborras.com\/wp-content\/uploads\/19057_01_high-11.jpg\",\"datePublished\":\"2025-06-05T09:24:46+00:00\",\"dateModified\":\"2026-04-19T00:26:38+00:00\",\"breadcrumb\":{\"@id\":\"https:\/\/www.educaborras.com\/ca\/producte\/19057-ca\/#breadcrumb\"},\"inLanguage\":\"ca\",\"potentialAction\":[{\"@type\":\"ReadAction\",\"target\":[\"https:\/\/www.educaborras.com\/ca\/producte\/19057-ca\/\"]}]},{\"@type\":\"ImageObject\",\"inLanguage\":\"ca\",\"@id\":\"https:\/\/www.educaborras.com\/ca\/producte\/19057-ca\/#primaryimage\",\"url\":\"https:\/\/www.educaborras.com\/wp-content\/uploads\/19057_01_high-11.jpg\",\"contentUrl\":\"https:\/\/www.educaborras.com\/wp-content\/uploads\/19057_01_high-11.jpg\"},{\"@type\":\"BreadcrumbList\",\"@id\":\"https:\/\/www.educaborras.com\/ca\/producte\/19057-ca\/#breadcrumb\",\"itemListElement\":[{\"@type\":\"ListItem\",\"position\":1,\"name\":\"Portada\",\"item\":\"https:\/\/www.educaborras.com\/ca\/\"},{\"@type\":\"ListItem\",\"position\":2,\"name\":\"Productes\",\"item\":\"https:\/\/www.educaborras.com\/ca\/shop\/\"},{\"@type\":\"ListItem\",\"position\":3,\"name\":\"12000 Meravelles el M\u00f3n\"}]},{\"@type\":\"WebSite\",\"@id\":\"https:\/\/www.educaborras.com\/ca\/#website\",\"url\":\"https:\/\/www.educaborras.com\/ca\/\",\"name\":\"Educa Borras\",\"description\":\"\",\"publisher\":{\"@id\":\"https:\/\/www.educaborras.com\/ca\/#organization\"},\"potentialAction\":[{\"@type\":\"SearchAction\",\"target\":{\"@type\":\"EntryPoint\",\"urlTemplate\":\"https:\/\/www.educaborras.com\/ca\/?s={search_term_string}\"},\"query-input\":{\"@type\":\"PropertyValueSpecification\",\"valueRequired\":true,\"valueName\":\"search_term_string\"}}],\"inLanguage\":\"ca\"},{\"@type\":\"Organization\",\"@id\":\"https:\/\/www.educaborras.com\/ca\/#organization\",\"name\":\"Educa Borras\",\"url\":\"https:\/\/www.educaborras.com\/ca\/\",\"logo\":{\"@type\":\"ImageObject\",\"inLanguage\":\"ca\",\"@id\":\"https:\/\/www.educaborras.com\/ca\/#\/schema\/logo\/image\/\",\"url\":\"https:\/\/www.educaborras.com\/wp-content\/uploads\/cropped-LOGOS-EDUCA-BORRAS_retina.png\",\"contentUrl\":\"https:\/\/www.educaborras.com\/wp-content\/uploads\/cropped-LOGOS-EDUCA-BORRAS_retina.png\",\"caption\":\"Educa Borras\"},\"image\":{\"@id\":\"https:\/\/www.educaborras.com\/ca\/#\/schema\/logo\/image\/\"}}]}<\/script>\n<!-- \/ Yoast SEO plugin. -->","yoast_head_json":{"title":"12000 Meravelles el M\u00f3n - Educa Borras","robots":{"index":"index","follow":"follow","max-snippet":"max-snippet:-1","max-image-preview":"max-image-preview:large","max-video-preview":"max-video-preview:-1"},"canonical":"https:\/\/www.educaborras.com\/ca\/producte\/19057-ca\/","schema":{"@context":"https:\/\/schema.org","@graph":[{"@type":"WebPage","@id":"https:\/\/www.educaborras.com\/ca\/producte\/19057-ca\/","url":"https:\/\/www.educaborras.com\/ca\/producte\/19057-ca\/","name":"12000 Meravelles el M\u00f3n - Educa Borras","isPartOf":{"@id":"https:\/\/www.educaborras.com\/ca\/#website"},"primaryImageOfPage":{"@id":"https:\/\/www.educaborras.com\/ca\/producte\/19057-ca\/#primaryimage"},"image":{"@id":"https:\/\/www.educaborras.com\/ca\/producte\/19057-ca\/#primaryimage"},"thumbnailUrl":"https:\/\/www.educaborras.com\/wp-content\/uploads\/19057_01_high-11.jpg","datePublished":"2025-06-05T09:24:46+00:00","dateModified":"2026-04-19T00:26:38+00:00","breadcrumb":{"@id":"https:\/\/www.educaborras.com\/ca\/producte\/19057-ca\/#breadcrumb"},"inLanguage":"ca","potentialAction":[{"@type":"ReadAction","target":["https:\/\/www.educaborras.com\/ca\/producte\/19057-ca\/"]}]},{"@type":"ImageObject","inLanguage":"ca","@id":"https:\/\/www.educaborras.com\/ca\/producte\/19057-ca\/#primaryimage","url":"https:\/\/www.educaborras.com\/wp-content\/uploads\/19057_01_high-11.jpg","contentUrl":"https:\/\/www.educaborras.com\/wp-content\/uploads\/19057_01_high-11.jpg"},{"@type":"BreadcrumbList","@id":"https:\/\/www.educaborras.com\/ca\/producte\/19057-ca\/#breadcrumb","itemListElement":[{"@type":"ListItem","position":1,"name":"Portada","item":"https:\/\/www.educaborras.com\/ca\/"},{"@type":"ListItem","position":2,"name":"Productes","item":"https:\/\/www.educaborras.com\/ca\/shop\/"},{"@type":"ListItem","position":3,"name":"12000 Meravelles el M\u00f3n"}]},{"@type":"WebSite","@id":"https:\/\/www.educaborras.com\/ca\/#website","url":"https:\/\/www.educaborras.com\/ca\/","name":"Educa Borras","description":"","publisher":{"@id":"https:\/\/www.educaborras.com\/ca\/#organization"},"potentialAction":[{"@type":"SearchAction","target":{"@type":"EntryPoint","urlTemplate":"https:\/\/www.educaborras.com\/ca\/?s={search_term_string}"},"query-input":{"@type":"PropertyValueSpecification","valueRequired":true,"valueName":"search_term_string"}}],"inLanguage":"ca"},{"@type":"Organization","@id":"https:\/\/www.educaborras.com\/ca\/#organization","name":"Educa Borras","url":"https:\/\/www.educaborras.com\/ca\/","logo":{"@type":"ImageObject","inLanguage":"ca","@id":"https:\/\/www.educaborras.com\/ca\/#\/schema\/logo\/image\/","url":"https:\/\/www.educaborras.com\/wp-content\/uploads\/cropped-LOGOS-EDUCA-BORRAS_retina.png","contentUrl":"https:\/\/www.educaborras.com\/wp-content\/uploads\/cropped-LOGOS-EDUCA-BORRAS_retina.png","caption":"Educa Borras"},"image":{"@id":"https:\/\/www.educaborras.com\/ca\/#\/schema\/logo\/image\/"}}]}},"_links":{"self":[{"href":"https:\/\/www.educaborras.com\/ca\/wp-json\/wp\/v2\/product\/248803","targetHints":{"allow":["GET"]}}],"collection":[{"href":"https:\/\/www.educaborras.com\/ca\/wp-json\/wp\/v2\/product"}],"about":[{"href":"https:\/\/www.educaborras.com\/ca\/wp-json\/wp\/v2\/types\/product"}],"wp:featuredmedia":[{"embeddable":true,"href":"https:\/\/www.educaborras.com\/ca\/wp-json\/wp\/v2\/media\/170088"}],"wp:attachment":[{"href":"https:\/\/www.educaborras.com\/ca\/wp-json\/wp\/v2\/media?parent=248803"}],"wp:term":[{"taxonomy":"product_brand","embeddable":true,"href":"https:\/\/www.educaborras.com\/ca\/wp-json\/wp\/v2\/product_brand?post=248803"},{"taxonomy":"product_cat","embeddable":true,"href":"https:\/\/www.educaborras.com\/ca\/wp-json\/wp\/v2\/product_cat?post=248803"},{"taxonomy":"product_tag","embeddable":true,"href":"https:\/\/www.educaborras.com\/ca\/wp-json\/wp\/v2\/product_tag?post=248803"}],"curies":[{"name":"wp","href":"https:\/\/api.w.org\/{rel}","templated":true}]}}