{"id":248735,"date":"2025-06-05T11:25:34","date_gmt":"2025-06-05T09:25:34","guid":{"rendered":"https:\/\/www.educaborras.com\/product\/19986\/"},"modified":"2026-05-03T03:20:43","modified_gmt":"2026-05-03T01:20:43","slug":"19986-ca","status":"publish","type":"product","link":"https:\/\/www.educaborras.com\/ca\/producte\/19986-ca\/","title":{"rendered":"Round 3D Puzzle Elizabeth Sutton"},"content":{"rendered":"<p>14 anelles conc\u00e8ntriques: gira, volteja, tor\u00e7a i llisca per a resoldre les imatges. 2 reptes en 1: imatges a les dues cares per a diversi\u00f3 doble! Di\u00e0metre de 12,7 cm. https:\/\/youtu.be\/nyOXKq8iRNY<\/p>\n","protected":false},"excerpt":{"rendered":"<p>Gira, volteja i resol! Un nou concepte de 360 graus pels amants dels trencaclosques.<\/p>\n","protected":false},"featured_media":170403,"template":"","meta":{"_acf_changed":false},"product_brand":[],"product_cat":[73467],"product_tag":[74334,104496,74160,74161,74162,74164,74166,74167,104497,85720,82288,74461,74463,77857,82452,74172,83631,83549,104498,82296],"class_list":{"0":"post-248735","1":"product","2":"type-product","3":"status-publish","4":"has-post-thumbnail","6":"product_cat-round-3d-puzzle-ca","7":"product_tag-piezas-ca","8":"product_tag-19986-ca","9":"product_tag-educa-ca","10":"product_tag-educa-borras-ca","11":"product_tag-educa-borras-puzzle-ca","12":"product_tag-educa-puzzle-ca","13":"product_tag-educa-puzzle-passion-ca","14":"product_tag-educa-puzzles-ca","15":"product_tag-elizabeth-sutton-ca","16":"product_tag-ilustracion-ca","17":"product_tag-jigsaw-ca","18":"product_tag-peces-ca","19":"product_tag-pieces-ca","20":"product_tag-pieza-ca","21":"product_tag-puzzle-educa-ca","22":"product_tag-puzzle-passion-ca","23":"product_tag-puzzles-educa-ca","24":"product_tag-rompecabezas-educa-ca","25":"product_tag-round-3d-puzzle-elizabeth-sutton-ca","26":"product_tag-trencaclosques-ca","28":"first","29":"instock","30":"shipping-taxable","31":"product-type-simple"},"acf":[],"yoast_head":"<!-- This site is optimized with the Yoast SEO plugin v27.1.1 - https:\/\/yoast.com\/product\/yoast-seo-wordpress\/ -->\n<title>Round 3D Puzzle Elizabeth Sutton - Educa Borras<\/title>\n<meta name=\"description\" content=\"Gira, voltea y \u00a1resuelve! Un nuevo concepto de 360 grados para los amantes de los rompecabezas. 14 anillos conc\u00e9ntricos.\" \/>\n<meta name=\"robots\" content=\"index, follow, max-snippet:-1, max-image-preview:large, max-video-preview:-1\" \/>\n<link rel=\"canonical\" href=\"https:\/\/www.educaborras.com\/ca\/producte\/19986-ca\/\" \/>\n<script type=\"application\/ld+json\" class=\"yoast-schema-graph\">{\"@context\":\"https:\/\/schema.org\",\"@graph\":[{\"@type\":\"WebPage\",\"@id\":\"https:\/\/www.educaborras.com\/ca\/producte\/19986-ca\/\",\"url\":\"https:\/\/www.educaborras.com\/ca\/producte\/19986-ca\/\",\"name\":\"Round 3D Puzzle Elizabeth Sutton - Educa Borras\",\"isPartOf\":{\"@id\":\"https:\/\/www.educaborras.com\/ca\/#website\"},\"primaryImageOfPage\":{\"@id\":\"https:\/\/www.educaborras.com\/ca\/producte\/19986-ca\/#primaryimage\"},\"image\":{\"@id\":\"https:\/\/www.educaborras.com\/ca\/producte\/19986-ca\/#primaryimage\"},\"thumbnailUrl\":\"https:\/\/www.educaborras.com\/wp-content\/uploads\/19986_01_high-9.jpg\",\"datePublished\":\"2025-06-05T09:25:34+00:00\",\"dateModified\":\"2026-05-03T01:20:43+00:00\",\"description\":\"Gira, voltea y \u00a1resuelve! Un nuevo concepto de 360 grados para los amantes de los rompecabezas. 14 anillos conc\u00e9ntricos.\",\"breadcrumb\":{\"@id\":\"https:\/\/www.educaborras.com\/ca\/producte\/19986-ca\/#breadcrumb\"},\"inLanguage\":\"ca\",\"potentialAction\":[{\"@type\":\"ReadAction\",\"target\":[\"https:\/\/www.educaborras.com\/ca\/producte\/19986-ca\/\"]}]},{\"@type\":\"ImageObject\",\"inLanguage\":\"ca\",\"@id\":\"https:\/\/www.educaborras.com\/ca\/producte\/19986-ca\/#primaryimage\",\"url\":\"https:\/\/www.educaborras.com\/wp-content\/uploads\/19986_01_high-9.jpg\",\"contentUrl\":\"https:\/\/www.educaborras.com\/wp-content\/uploads\/19986_01_high-9.jpg\"},{\"@type\":\"BreadcrumbList\",\"@id\":\"https:\/\/www.educaborras.com\/ca\/producte\/19986-ca\/#breadcrumb\",\"itemListElement\":[{\"@type\":\"ListItem\",\"position\":1,\"name\":\"Portada\",\"item\":\"https:\/\/www.educaborras.com\/ca\/\"},{\"@type\":\"ListItem\",\"position\":2,\"name\":\"Productes\",\"item\":\"https:\/\/www.educaborras.com\/ca\/shop\/\"},{\"@type\":\"ListItem\",\"position\":3,\"name\":\"Round 3D Puzzle Elizabeth Sutton\"}]},{\"@type\":\"WebSite\",\"@id\":\"https:\/\/www.educaborras.com\/ca\/#website\",\"url\":\"https:\/\/www.educaborras.com\/ca\/\",\"name\":\"Educa Borras\",\"description\":\"\",\"publisher\":{\"@id\":\"https:\/\/www.educaborras.com\/ca\/#organization\"},\"potentialAction\":[{\"@type\":\"SearchAction\",\"target\":{\"@type\":\"EntryPoint\",\"urlTemplate\":\"https:\/\/www.educaborras.com\/ca\/?s={search_term_string}\"},\"query-input\":{\"@type\":\"PropertyValueSpecification\",\"valueRequired\":true,\"valueName\":\"search_term_string\"}}],\"inLanguage\":\"ca\"},{\"@type\":\"Organization\",\"@id\":\"https:\/\/www.educaborras.com\/ca\/#organization\",\"name\":\"Educa Borras\",\"url\":\"https:\/\/www.educaborras.com\/ca\/\",\"logo\":{\"@type\":\"ImageObject\",\"inLanguage\":\"ca\",\"@id\":\"https:\/\/www.educaborras.com\/ca\/#\/schema\/logo\/image\/\",\"url\":\"https:\/\/www.educaborras.com\/wp-content\/uploads\/cropped-LOGOS-EDUCA-BORRAS_retina.png\",\"contentUrl\":\"https:\/\/www.educaborras.com\/wp-content\/uploads\/cropped-LOGOS-EDUCA-BORRAS_retina.png\",\"caption\":\"Educa Borras\"},\"image\":{\"@id\":\"https:\/\/www.educaborras.com\/ca\/#\/schema\/logo\/image\/\"}}]}<\/script>\n<!-- \/ Yoast SEO plugin. -->","yoast_head_json":{"title":"Round 3D Puzzle Elizabeth Sutton - Educa Borras","description":"Gira, voltea y \u00a1resuelve! Un nuevo concepto de 360 grados para los amantes de los rompecabezas. 14 anillos conc\u00e9ntricos.","robots":{"index":"index","follow":"follow","max-snippet":"max-snippet:-1","max-image-preview":"max-image-preview:large","max-video-preview":"max-video-preview:-1"},"canonical":"https:\/\/www.educaborras.com\/ca\/producte\/19986-ca\/","schema":{"@context":"https:\/\/schema.org","@graph":[{"@type":"WebPage","@id":"https:\/\/www.educaborras.com\/ca\/producte\/19986-ca\/","url":"https:\/\/www.educaborras.com\/ca\/producte\/19986-ca\/","name":"Round 3D Puzzle Elizabeth Sutton - Educa Borras","isPartOf":{"@id":"https:\/\/www.educaborras.com\/ca\/#website"},"primaryImageOfPage":{"@id":"https:\/\/www.educaborras.com\/ca\/producte\/19986-ca\/#primaryimage"},"image":{"@id":"https:\/\/www.educaborras.com\/ca\/producte\/19986-ca\/#primaryimage"},"thumbnailUrl":"https:\/\/www.educaborras.com\/wp-content\/uploads\/19986_01_high-9.jpg","datePublished":"2025-06-05T09:25:34+00:00","dateModified":"2026-05-03T01:20:43+00:00","description":"Gira, voltea y \u00a1resuelve! Un nuevo concepto de 360 grados para los amantes de los rompecabezas. 14 anillos conc\u00e9ntricos.","breadcrumb":{"@id":"https:\/\/www.educaborras.com\/ca\/producte\/19986-ca\/#breadcrumb"},"inLanguage":"ca","potentialAction":[{"@type":"ReadAction","target":["https:\/\/www.educaborras.com\/ca\/producte\/19986-ca\/"]}]},{"@type":"ImageObject","inLanguage":"ca","@id":"https:\/\/www.educaborras.com\/ca\/producte\/19986-ca\/#primaryimage","url":"https:\/\/www.educaborras.com\/wp-content\/uploads\/19986_01_high-9.jpg","contentUrl":"https:\/\/www.educaborras.com\/wp-content\/uploads\/19986_01_high-9.jpg"},{"@type":"BreadcrumbList","@id":"https:\/\/www.educaborras.com\/ca\/producte\/19986-ca\/#breadcrumb","itemListElement":[{"@type":"ListItem","position":1,"name":"Portada","item":"https:\/\/www.educaborras.com\/ca\/"},{"@type":"ListItem","position":2,"name":"Productes","item":"https:\/\/www.educaborras.com\/ca\/shop\/"},{"@type":"ListItem","position":3,"name":"Round 3D Puzzle Elizabeth Sutton"}]},{"@type":"WebSite","@id":"https:\/\/www.educaborras.com\/ca\/#website","url":"https:\/\/www.educaborras.com\/ca\/","name":"Educa Borras","description":"","publisher":{"@id":"https:\/\/www.educaborras.com\/ca\/#organization"},"potentialAction":[{"@type":"SearchAction","target":{"@type":"EntryPoint","urlTemplate":"https:\/\/www.educaborras.com\/ca\/?s={search_term_string}"},"query-input":{"@type":"PropertyValueSpecification","valueRequired":true,"valueName":"search_term_string"}}],"inLanguage":"ca"},{"@type":"Organization","@id":"https:\/\/www.educaborras.com\/ca\/#organization","name":"Educa Borras","url":"https:\/\/www.educaborras.com\/ca\/","logo":{"@type":"ImageObject","inLanguage":"ca","@id":"https:\/\/www.educaborras.com\/ca\/#\/schema\/logo\/image\/","url":"https:\/\/www.educaborras.com\/wp-content\/uploads\/cropped-LOGOS-EDUCA-BORRAS_retina.png","contentUrl":"https:\/\/www.educaborras.com\/wp-content\/uploads\/cropped-LOGOS-EDUCA-BORRAS_retina.png","caption":"Educa Borras"},"image":{"@id":"https:\/\/www.educaborras.com\/ca\/#\/schema\/logo\/image\/"}}]}},"_links":{"self":[{"href":"https:\/\/www.educaborras.com\/ca\/wp-json\/wp\/v2\/product\/248735","targetHints":{"allow":["GET"]}}],"collection":[{"href":"https:\/\/www.educaborras.com\/ca\/wp-json\/wp\/v2\/product"}],"about":[{"href":"https:\/\/www.educaborras.com\/ca\/wp-json\/wp\/v2\/types\/product"}],"wp:featuredmedia":[{"embeddable":true,"href":"https:\/\/www.educaborras.com\/ca\/wp-json\/wp\/v2\/media\/170403"}],"wp:attachment":[{"href":"https:\/\/www.educaborras.com\/ca\/wp-json\/wp\/v2\/media?parent=248735"}],"wp:term":[{"taxonomy":"product_brand","embeddable":true,"href":"https:\/\/www.educaborras.com\/ca\/wp-json\/wp\/v2\/product_brand?post=248735"},{"taxonomy":"product_cat","embeddable":true,"href":"https:\/\/www.educaborras.com\/ca\/wp-json\/wp\/v2\/product_cat?post=248735"},{"taxonomy":"product_tag","embeddable":true,"href":"https:\/\/www.educaborras.com\/ca\/wp-json\/wp\/v2\/product_tag?post=248735"}],"curies":[{"name":"wp","href":"https:\/\/api.w.org\/{rel}","templated":true}]}}