{"id":248727,"date":"2025-06-05T11:25:46","date_gmt":"2025-06-05T09:25:46","guid":{"rendered":"https:\/\/www.educaborras.com\/product\/20053\/"},"modified":"2026-04-17T03:23:29","modified_gmt":"2026-04-17T01:23:29","slug":"20053-ca","status":"publish","type":"product","link":"https:\/\/www.educaborras.com\/ca\/producte\/20053-ca\/","title":{"rendered":"Slida Puzzle 3D Educa Colours"},"content":{"rendered":"<p>El trencaclosques m\u00e9s enginy\u00f3s. Atreveix-te amb el repte! Troba la combinaci\u00f3 exacta de peces i aconsegueix muntar una esfera fant\u00e0stica de 4 colors. Inclou suport. https:\/\/youtu.be\/bT5a&#8211;Sy67I<\/p>\n","protected":false},"excerpt":{"rendered":"<p>El trencaclosques m\u00e9s enginy\u00f3s en forma d&#8217;esfera.<\/p>\n","protected":false},"featured_media":170468,"template":"","meta":{"_acf_changed":false},"product_brand":[],"product_cat":[73381,73471],"product_tag":[104544,104545,82173,104411,82452,74338,104546,104547,104548,104549,82296],"class_list":{"0":"post-248727","1":"product","2":"type-product","3":"status-publish","4":"has-post-thumbnail","6":"product_cat-puzles-3d-ca","7":"product_cat-slida-3d-ca","8":"product_tag-20053-ca","9":"product_tag-brain-teaser-ca","10":"product_tag-puzzle-3d-ca","11":"product_tag-puzzle-3d-educa-ca","12":"product_tag-puzzle-educa-ca","13":"product_tag-rompecabezas-ca","14":"product_tag-slida-ca","15":"product_tag-slida-3d-ca","16":"product_tag-slida-3d-puzzle-ca","17":"product_tag-slida-puzzle-3d-ca","18":"product_tag-trencaclosques-ca","20":"first","21":"instock","22":"shipping-taxable","23":"product-type-simple"},"acf":[],"yoast_head":"<!-- This site is optimized with the Yoast SEO plugin v27.1.1 - https:\/\/yoast.com\/product\/yoast-seo-wordpress\/ -->\n<title>Slida Puzzle 3D Educa Colours - Educa Borras<\/title>\n<meta name=\"description\" content=\"El rompecabezas m\u00e1s ingenioso. \u00a1Atr\u00e9vete con el reto! Encuentra la combinaci\u00f3n exacta de piezas y consigue montar una fant\u00e1stica esfera de 4 colores.\" \/>\n<meta name=\"robots\" content=\"index, follow, max-snippet:-1, max-image-preview:large, max-video-preview:-1\" \/>\n<link rel=\"canonical\" href=\"https:\/\/www.educaborras.com\/ca\/producte\/20053-ca\/\" \/>\n<script type=\"application\/ld+json\" class=\"yoast-schema-graph\">{\"@context\":\"https:\/\/schema.org\",\"@graph\":[{\"@type\":\"WebPage\",\"@id\":\"https:\/\/www.educaborras.com\/ca\/producte\/20053-ca\/\",\"url\":\"https:\/\/www.educaborras.com\/ca\/producte\/20053-ca\/\",\"name\":\"Slida Puzzle 3D Educa Colours - Educa Borras\",\"isPartOf\":{\"@id\":\"https:\/\/www.educaborras.com\/ca\/#website\"},\"primaryImageOfPage\":{\"@id\":\"https:\/\/www.educaborras.com\/ca\/producte\/20053-ca\/#primaryimage\"},\"image\":{\"@id\":\"https:\/\/www.educaborras.com\/ca\/producte\/20053-ca\/#primaryimage\"},\"thumbnailUrl\":\"https:\/\/www.educaborras.com\/wp-content\/uploads\/20053_01_high-1-8.jpg\",\"datePublished\":\"2025-06-05T09:25:46+00:00\",\"dateModified\":\"2026-04-17T01:23:29+00:00\",\"description\":\"El rompecabezas m\u00e1s ingenioso. \u00a1Atr\u00e9vete con el reto! Encuentra la combinaci\u00f3n exacta de piezas y consigue montar una fant\u00e1stica esfera de 4 colores.\",\"breadcrumb\":{\"@id\":\"https:\/\/www.educaborras.com\/ca\/producte\/20053-ca\/#breadcrumb\"},\"inLanguage\":\"ca\",\"potentialAction\":[{\"@type\":\"ReadAction\",\"target\":[\"https:\/\/www.educaborras.com\/ca\/producte\/20053-ca\/\"]}]},{\"@type\":\"ImageObject\",\"inLanguage\":\"ca\",\"@id\":\"https:\/\/www.educaborras.com\/ca\/producte\/20053-ca\/#primaryimage\",\"url\":\"https:\/\/www.educaborras.com\/wp-content\/uploads\/20053_01_high-1-8.jpg\",\"contentUrl\":\"https:\/\/www.educaborras.com\/wp-content\/uploads\/20053_01_high-1-8.jpg\"},{\"@type\":\"BreadcrumbList\",\"@id\":\"https:\/\/www.educaborras.com\/ca\/producte\/20053-ca\/#breadcrumb\",\"itemListElement\":[{\"@type\":\"ListItem\",\"position\":1,\"name\":\"Portada\",\"item\":\"https:\/\/www.educaborras.com\/ca\/\"},{\"@type\":\"ListItem\",\"position\":2,\"name\":\"Productes\",\"item\":\"https:\/\/www.educaborras.com\/ca\/shop\/\"},{\"@type\":\"ListItem\",\"position\":3,\"name\":\"Slida Puzzle 3D Educa Colours\"}]},{\"@type\":\"WebSite\",\"@id\":\"https:\/\/www.educaborras.com\/ca\/#website\",\"url\":\"https:\/\/www.educaborras.com\/ca\/\",\"name\":\"Educa Borras\",\"description\":\"\",\"publisher\":{\"@id\":\"https:\/\/www.educaborras.com\/ca\/#organization\"},\"potentialAction\":[{\"@type\":\"SearchAction\",\"target\":{\"@type\":\"EntryPoint\",\"urlTemplate\":\"https:\/\/www.educaborras.com\/ca\/?s={search_term_string}\"},\"query-input\":{\"@type\":\"PropertyValueSpecification\",\"valueRequired\":true,\"valueName\":\"search_term_string\"}}],\"inLanguage\":\"ca\"},{\"@type\":\"Organization\",\"@id\":\"https:\/\/www.educaborras.com\/ca\/#organization\",\"name\":\"Educa Borras\",\"url\":\"https:\/\/www.educaborras.com\/ca\/\",\"logo\":{\"@type\":\"ImageObject\",\"inLanguage\":\"ca\",\"@id\":\"https:\/\/www.educaborras.com\/ca\/#\/schema\/logo\/image\/\",\"url\":\"https:\/\/www.educaborras.com\/wp-content\/uploads\/cropped-LOGOS-EDUCA-BORRAS_retina.png\",\"contentUrl\":\"https:\/\/www.educaborras.com\/wp-content\/uploads\/cropped-LOGOS-EDUCA-BORRAS_retina.png\",\"caption\":\"Educa Borras\"},\"image\":{\"@id\":\"https:\/\/www.educaborras.com\/ca\/#\/schema\/logo\/image\/\"}}]}<\/script>\n<!-- \/ Yoast SEO plugin. -->","yoast_head_json":{"title":"Slida Puzzle 3D Educa Colours - Educa Borras","description":"El rompecabezas m\u00e1s ingenioso. \u00a1Atr\u00e9vete con el reto! Encuentra la combinaci\u00f3n exacta de piezas y consigue montar una fant\u00e1stica esfera de 4 colores.","robots":{"index":"index","follow":"follow","max-snippet":"max-snippet:-1","max-image-preview":"max-image-preview:large","max-video-preview":"max-video-preview:-1"},"canonical":"https:\/\/www.educaborras.com\/ca\/producte\/20053-ca\/","schema":{"@context":"https:\/\/schema.org","@graph":[{"@type":"WebPage","@id":"https:\/\/www.educaborras.com\/ca\/producte\/20053-ca\/","url":"https:\/\/www.educaborras.com\/ca\/producte\/20053-ca\/","name":"Slida Puzzle 3D Educa Colours - Educa Borras","isPartOf":{"@id":"https:\/\/www.educaborras.com\/ca\/#website"},"primaryImageOfPage":{"@id":"https:\/\/www.educaborras.com\/ca\/producte\/20053-ca\/#primaryimage"},"image":{"@id":"https:\/\/www.educaborras.com\/ca\/producte\/20053-ca\/#primaryimage"},"thumbnailUrl":"https:\/\/www.educaborras.com\/wp-content\/uploads\/20053_01_high-1-8.jpg","datePublished":"2025-06-05T09:25:46+00:00","dateModified":"2026-04-17T01:23:29+00:00","description":"El rompecabezas m\u00e1s ingenioso. \u00a1Atr\u00e9vete con el reto! Encuentra la combinaci\u00f3n exacta de piezas y consigue montar una fant\u00e1stica esfera de 4 colores.","breadcrumb":{"@id":"https:\/\/www.educaborras.com\/ca\/producte\/20053-ca\/#breadcrumb"},"inLanguage":"ca","potentialAction":[{"@type":"ReadAction","target":["https:\/\/www.educaborras.com\/ca\/producte\/20053-ca\/"]}]},{"@type":"ImageObject","inLanguage":"ca","@id":"https:\/\/www.educaborras.com\/ca\/producte\/20053-ca\/#primaryimage","url":"https:\/\/www.educaborras.com\/wp-content\/uploads\/20053_01_high-1-8.jpg","contentUrl":"https:\/\/www.educaborras.com\/wp-content\/uploads\/20053_01_high-1-8.jpg"},{"@type":"BreadcrumbList","@id":"https:\/\/www.educaborras.com\/ca\/producte\/20053-ca\/#breadcrumb","itemListElement":[{"@type":"ListItem","position":1,"name":"Portada","item":"https:\/\/www.educaborras.com\/ca\/"},{"@type":"ListItem","position":2,"name":"Productes","item":"https:\/\/www.educaborras.com\/ca\/shop\/"},{"@type":"ListItem","position":3,"name":"Slida Puzzle 3D Educa Colours"}]},{"@type":"WebSite","@id":"https:\/\/www.educaborras.com\/ca\/#website","url":"https:\/\/www.educaborras.com\/ca\/","name":"Educa Borras","description":"","publisher":{"@id":"https:\/\/www.educaborras.com\/ca\/#organization"},"potentialAction":[{"@type":"SearchAction","target":{"@type":"EntryPoint","urlTemplate":"https:\/\/www.educaborras.com\/ca\/?s={search_term_string}"},"query-input":{"@type":"PropertyValueSpecification","valueRequired":true,"valueName":"search_term_string"}}],"inLanguage":"ca"},{"@type":"Organization","@id":"https:\/\/www.educaborras.com\/ca\/#organization","name":"Educa Borras","url":"https:\/\/www.educaborras.com\/ca\/","logo":{"@type":"ImageObject","inLanguage":"ca","@id":"https:\/\/www.educaborras.com\/ca\/#\/schema\/logo\/image\/","url":"https:\/\/www.educaborras.com\/wp-content\/uploads\/cropped-LOGOS-EDUCA-BORRAS_retina.png","contentUrl":"https:\/\/www.educaborras.com\/wp-content\/uploads\/cropped-LOGOS-EDUCA-BORRAS_retina.png","caption":"Educa Borras"},"image":{"@id":"https:\/\/www.educaborras.com\/ca\/#\/schema\/logo\/image\/"}}]}},"_links":{"self":[{"href":"https:\/\/www.educaborras.com\/ca\/wp-json\/wp\/v2\/product\/248727","targetHints":{"allow":["GET"]}}],"collection":[{"href":"https:\/\/www.educaborras.com\/ca\/wp-json\/wp\/v2\/product"}],"about":[{"href":"https:\/\/www.educaborras.com\/ca\/wp-json\/wp\/v2\/types\/product"}],"wp:featuredmedia":[{"embeddable":true,"href":"https:\/\/www.educaborras.com\/ca\/wp-json\/wp\/v2\/media\/170468"}],"wp:attachment":[{"href":"https:\/\/www.educaborras.com\/ca\/wp-json\/wp\/v2\/media?parent=248727"}],"wp:term":[{"taxonomy":"product_brand","embeddable":true,"href":"https:\/\/www.educaborras.com\/ca\/wp-json\/wp\/v2\/product_brand?post=248727"},{"taxonomy":"product_cat","embeddable":true,"href":"https:\/\/www.educaborras.com\/ca\/wp-json\/wp\/v2\/product_cat?post=248727"},{"taxonomy":"product_tag","embeddable":true,"href":"https:\/\/www.educaborras.com\/ca\/wp-json\/wp\/v2\/product_tag?post=248727"}],"curies":[{"name":"wp","href":"https:\/\/api.w.org\/{rel}","templated":true}]}}