{"id":248707,"date":"2025-06-05T11:25:59","date_gmt":"2025-06-05T09:25:59","guid":{"rendered":"https:\/\/www.educaborras.com\/product\/20121\/"},"modified":"2026-04-29T02:45:51","modified_gmt":"2026-04-29T00:45:51","slug":"20121-ca","status":"publish","type":"product","link":"https:\/\/www.educaborras.com\/ca\/producte\/20121-ca\/","title":{"rendered":"Puzzle Battle Travel"},"content":{"rendered":"<p>Educa\u00ae t&#8217;ofereix la col\u00b7lecci\u00f3 de jocs de Puzles battle paisatges m\u00e9s completa del mercat, amb les millors imatges. Cont\u00e9 12 puzles de 42 peces (504 peces), 12 cartes d&#8217;imatge, instruccions<\/p>\n","protected":false},"excerpt":{"rendered":"<p>Educa\u00ae t&#8217;ofereix el nou jugo Puzles battle paisatges m\u00e9s complet del mercat, amb les millors imatges.<\/p>\n","protected":false},"featured_media":170583,"template":"","meta":{"_acf_changed":false},"product_brand":[],"product_cat":[73210,73244],"product_tag":[74334,103810,103955,76871,74160,74162,99730,99731,99732,80284,103956,103957,77374,78420,82288,84634,103958,75176,75178,75181,74337,74461,103959,82349,74462,74463,74038,103960,103961,84637,82291,74172,82292,74338,103962,103963,103964,82296,98763,77467,103965,77468,103966],"class_list":{"0":"post-248707","1":"product","2":"type-product","3":"status-publish","4":"has-post-thumbnail","6":"product_cat-jocs-de-taula","7":"product_cat-puzzle-battle-ca","8":"product_tag-piezas-ca","9":"product_tag-12-ca","10":"product_tag-20121-ca","11":"product_tag-amsterdam-ca","12":"product_tag-educa-ca","13":"product_tag-educa-borras-puzzle-ca","14":"product_tag-egipte-ca","15":"product_tag-egipto-ca","16":"product_tag-egypt-ca","17":"product_tag-fix-puzzle-ca","18":"product_tag-florence-ca","19":"product_tag-florencia-ca","20":"product_tag-italia-ca","21":"product_tag-italy-ca","22":"product_tag-jigsaw-ca","23":"product_tag-jigsaw-puzzle-battle-ca","24":"product_tag-locomotora-ca","25":"product_tag-manhattan-ca","26":"product_tag-new-york-ca","27":"product_tag-nueva-york-ca","28":"product_tag-peca-ca","29":"product_tag-peces-ca","30":"product_tag-peru-ca","31":"product_tag-picce-ca","32":"product_tag-piece-ca","33":"product_tag-pieces-ca","34":"product_tag-puzzle-ca","35":"product_tag-puzzle-battle-paisajes-ca","36":"product_tag-puzzle-battle-paisatges-ca","37":"product_tag-puzzle-juego-ca","38":"product_tag-puzzle-pasion-ca","39":"product_tag-puzzle-passion-ca","40":"product_tag-puzzlemania-ca","41":"product_tag-rompecabezas-ca","42":"product_tag-seychelles-ca","43":"product_tag-train-ca","44":"product_tag-tren-ca","45":"product_tag-trencaclosques-ca","46":"product_tag-velero-ca","47":"product_tag-viaje-ca","48":"product_tag-viajes-ca","49":"product_tag-viatge-ca","50":"product_tag-viatges-ca","52":"first","53":"instock","54":"shipping-taxable","55":"product-type-simple"},"acf":[],"yoast_head":"<!-- This site is optimized with the Yoast SEO plugin v27.1.1 - https:\/\/yoast.com\/product\/yoast-seo-wordpress\/ -->\n<title>Puzzle Battle Travel - Educa Borras<\/title>\n<meta name=\"robots\" content=\"index, follow, max-snippet:-1, max-image-preview:large, max-video-preview:-1\" \/>\n<link rel=\"canonical\" href=\"https:\/\/www.educaborras.com\/ca\/producte\/20121-ca\/\" \/>\n<script type=\"application\/ld+json\" class=\"yoast-schema-graph\">{\"@context\":\"https:\/\/schema.org\",\"@graph\":[{\"@type\":\"WebPage\",\"@id\":\"https:\/\/www.educaborras.com\/ca\/producte\/20121-ca\/\",\"url\":\"https:\/\/www.educaborras.com\/ca\/producte\/20121-ca\/\",\"name\":\"Puzzle Battle Travel - Educa Borras\",\"isPartOf\":{\"@id\":\"https:\/\/www.educaborras.com\/ca\/#website\"},\"primaryImageOfPage\":{\"@id\":\"https:\/\/www.educaborras.com\/ca\/producte\/20121-ca\/#primaryimage\"},\"image\":{\"@id\":\"https:\/\/www.educaborras.com\/ca\/producte\/20121-ca\/#primaryimage\"},\"thumbnailUrl\":\"https:\/\/www.educaborras.com\/wp-content\/uploads\/20121_01_high-1-11.jpg\",\"datePublished\":\"2025-06-05T09:25:59+00:00\",\"dateModified\":\"2026-04-29T00:45:51+00:00\",\"breadcrumb\":{\"@id\":\"https:\/\/www.educaborras.com\/ca\/producte\/20121-ca\/#breadcrumb\"},\"inLanguage\":\"ca\",\"potentialAction\":[{\"@type\":\"ReadAction\",\"target\":[\"https:\/\/www.educaborras.com\/ca\/producte\/20121-ca\/\"]}]},{\"@type\":\"ImageObject\",\"inLanguage\":\"ca\",\"@id\":\"https:\/\/www.educaborras.com\/ca\/producte\/20121-ca\/#primaryimage\",\"url\":\"https:\/\/www.educaborras.com\/wp-content\/uploads\/20121_01_high-1-11.jpg\",\"contentUrl\":\"https:\/\/www.educaborras.com\/wp-content\/uploads\/20121_01_high-1-11.jpg\"},{\"@type\":\"BreadcrumbList\",\"@id\":\"https:\/\/www.educaborras.com\/ca\/producte\/20121-ca\/#breadcrumb\",\"itemListElement\":[{\"@type\":\"ListItem\",\"position\":1,\"name\":\"Portada\",\"item\":\"https:\/\/www.educaborras.com\/ca\/\"},{\"@type\":\"ListItem\",\"position\":2,\"name\":\"Productes\",\"item\":\"https:\/\/www.educaborras.com\/ca\/shop\/\"},{\"@type\":\"ListItem\",\"position\":3,\"name\":\"Puzzle Battle Travel\"}]},{\"@type\":\"WebSite\",\"@id\":\"https:\/\/www.educaborras.com\/ca\/#website\",\"url\":\"https:\/\/www.educaborras.com\/ca\/\",\"name\":\"Educa Borras\",\"description\":\"\",\"publisher\":{\"@id\":\"https:\/\/www.educaborras.com\/ca\/#organization\"},\"potentialAction\":[{\"@type\":\"SearchAction\",\"target\":{\"@type\":\"EntryPoint\",\"urlTemplate\":\"https:\/\/www.educaborras.com\/ca\/?s={search_term_string}\"},\"query-input\":{\"@type\":\"PropertyValueSpecification\",\"valueRequired\":true,\"valueName\":\"search_term_string\"}}],\"inLanguage\":\"ca\"},{\"@type\":\"Organization\",\"@id\":\"https:\/\/www.educaborras.com\/ca\/#organization\",\"name\":\"Educa Borras\",\"url\":\"https:\/\/www.educaborras.com\/ca\/\",\"logo\":{\"@type\":\"ImageObject\",\"inLanguage\":\"ca\",\"@id\":\"https:\/\/www.educaborras.com\/ca\/#\/schema\/logo\/image\/\",\"url\":\"https:\/\/www.educaborras.com\/wp-content\/uploads\/cropped-LOGOS-EDUCA-BORRAS_retina.png\",\"contentUrl\":\"https:\/\/www.educaborras.com\/wp-content\/uploads\/cropped-LOGOS-EDUCA-BORRAS_retina.png\",\"caption\":\"Educa Borras\"},\"image\":{\"@id\":\"https:\/\/www.educaborras.com\/ca\/#\/schema\/logo\/image\/\"}}]}<\/script>\n<!-- \/ Yoast SEO plugin. -->","yoast_head_json":{"title":"Puzzle Battle Travel - Educa Borras","robots":{"index":"index","follow":"follow","max-snippet":"max-snippet:-1","max-image-preview":"max-image-preview:large","max-video-preview":"max-video-preview:-1"},"canonical":"https:\/\/www.educaborras.com\/ca\/producte\/20121-ca\/","schema":{"@context":"https:\/\/schema.org","@graph":[{"@type":"WebPage","@id":"https:\/\/www.educaborras.com\/ca\/producte\/20121-ca\/","url":"https:\/\/www.educaborras.com\/ca\/producte\/20121-ca\/","name":"Puzzle Battle Travel - Educa Borras","isPartOf":{"@id":"https:\/\/www.educaborras.com\/ca\/#website"},"primaryImageOfPage":{"@id":"https:\/\/www.educaborras.com\/ca\/producte\/20121-ca\/#primaryimage"},"image":{"@id":"https:\/\/www.educaborras.com\/ca\/producte\/20121-ca\/#primaryimage"},"thumbnailUrl":"https:\/\/www.educaborras.com\/wp-content\/uploads\/20121_01_high-1-11.jpg","datePublished":"2025-06-05T09:25:59+00:00","dateModified":"2026-04-29T00:45:51+00:00","breadcrumb":{"@id":"https:\/\/www.educaborras.com\/ca\/producte\/20121-ca\/#breadcrumb"},"inLanguage":"ca","potentialAction":[{"@type":"ReadAction","target":["https:\/\/www.educaborras.com\/ca\/producte\/20121-ca\/"]}]},{"@type":"ImageObject","inLanguage":"ca","@id":"https:\/\/www.educaborras.com\/ca\/producte\/20121-ca\/#primaryimage","url":"https:\/\/www.educaborras.com\/wp-content\/uploads\/20121_01_high-1-11.jpg","contentUrl":"https:\/\/www.educaborras.com\/wp-content\/uploads\/20121_01_high-1-11.jpg"},{"@type":"BreadcrumbList","@id":"https:\/\/www.educaborras.com\/ca\/producte\/20121-ca\/#breadcrumb","itemListElement":[{"@type":"ListItem","position":1,"name":"Portada","item":"https:\/\/www.educaborras.com\/ca\/"},{"@type":"ListItem","position":2,"name":"Productes","item":"https:\/\/www.educaborras.com\/ca\/shop\/"},{"@type":"ListItem","position":3,"name":"Puzzle Battle Travel"}]},{"@type":"WebSite","@id":"https:\/\/www.educaborras.com\/ca\/#website","url":"https:\/\/www.educaborras.com\/ca\/","name":"Educa Borras","description":"","publisher":{"@id":"https:\/\/www.educaborras.com\/ca\/#organization"},"potentialAction":[{"@type":"SearchAction","target":{"@type":"EntryPoint","urlTemplate":"https:\/\/www.educaborras.com\/ca\/?s={search_term_string}"},"query-input":{"@type":"PropertyValueSpecification","valueRequired":true,"valueName":"search_term_string"}}],"inLanguage":"ca"},{"@type":"Organization","@id":"https:\/\/www.educaborras.com\/ca\/#organization","name":"Educa Borras","url":"https:\/\/www.educaborras.com\/ca\/","logo":{"@type":"ImageObject","inLanguage":"ca","@id":"https:\/\/www.educaborras.com\/ca\/#\/schema\/logo\/image\/","url":"https:\/\/www.educaborras.com\/wp-content\/uploads\/cropped-LOGOS-EDUCA-BORRAS_retina.png","contentUrl":"https:\/\/www.educaborras.com\/wp-content\/uploads\/cropped-LOGOS-EDUCA-BORRAS_retina.png","caption":"Educa Borras"},"image":{"@id":"https:\/\/www.educaborras.com\/ca\/#\/schema\/logo\/image\/"}}]}},"_links":{"self":[{"href":"https:\/\/www.educaborras.com\/ca\/wp-json\/wp\/v2\/product\/248707","targetHints":{"allow":["GET"]}}],"collection":[{"href":"https:\/\/www.educaborras.com\/ca\/wp-json\/wp\/v2\/product"}],"about":[{"href":"https:\/\/www.educaborras.com\/ca\/wp-json\/wp\/v2\/types\/product"}],"wp:featuredmedia":[{"embeddable":true,"href":"https:\/\/www.educaborras.com\/ca\/wp-json\/wp\/v2\/media\/170583"}],"wp:attachment":[{"href":"https:\/\/www.educaborras.com\/ca\/wp-json\/wp\/v2\/media?parent=248707"}],"wp:term":[{"taxonomy":"product_brand","embeddable":true,"href":"https:\/\/www.educaborras.com\/ca\/wp-json\/wp\/v2\/product_brand?post=248707"},{"taxonomy":"product_cat","embeddable":true,"href":"https:\/\/www.educaborras.com\/ca\/wp-json\/wp\/v2\/product_cat?post=248707"},{"taxonomy":"product_tag","embeddable":true,"href":"https:\/\/www.educaborras.com\/ca\/wp-json\/wp\/v2\/product_tag?post=248707"}],"curies":[{"name":"wp","href":"https:\/\/api.w.org\/{rel}","templated":true}]}}