{"id":248467,"date":"2025-09-17T12:36:39","date_gmt":"2025-09-17T10:36:39","guid":{"rendered":"https:\/\/www.educaborras.com\/product\/20264\/"},"modified":"2026-04-28T03:22:32","modified_gmt":"2026-04-28T01:22:32","slug":"20264-ca","status":"publish","type":"product","link":"https:\/\/www.educaborras.com\/ca\/producte\/20264-ca\/","title":{"rendered":"2000 La Botiga de Formatges Fins"},"content":{"rendered":"<p>Educa\u00ae t&#8217;ofereix la col\u00b7lecci\u00f3 de puzles adults m\u00e9s completa del mercat, amb formats des de les 500 fins a les 42000 peces i amb les millors imatges i els personatges m\u00e9s divertits. Mides aproximades del puzle muntat: 96 x 68 cm.<\/p>\n","protected":false},"excerpt":{"rendered":"<p>Educa\u00ae t&#8217;ofereix la col\u00b7lecci\u00f3 de puzles adults m\u00e9s completa del mercat, amb formats des de les 500 fins a les 42000 peces i amb les millors imatges i els personatges m\u00e9s divertits.<\/p>\n","protected":false},"featured_media":124782,"template":"","meta":{"_acf_changed":false},"product_brand":[],"product_cat":[73232,73236],"product_tag":[74334,88468,88469,88470,88471,88472,88473,79487,74160,74161,74162,74164,74166,74167,88474,78541,88475,82288,74862,74461,88476,74463,77857,74866,82452,74172,83631,83549,82296],"class_list":{"0":"post-248467","1":"product","2":"type-product","3":"status-publish","4":"has-post-thumbnail","6":"product_cat-puzles-adults","7":"product_cat-puzles-de-2000-peces","8":"product_tag-piezas-ca","9":"product_tag-2000-a-loja-de-queijos-finos-ca","10":"product_tag-2000-la-botiga-de-formatges-fins-ca","11":"product_tag-2000-la-boutique-de-fromages-fins-ca","12":"product_tag-2000-la-tienda-de-quesos-finos-ca","13":"product_tag-2000-the-fine-cheese-shop-ca","14":"product_tag-20264-ca","15":"product_tag-comida-ca","16":"product_tag-educa-ca","17":"product_tag-educa-borras-ca","18":"product_tag-educa-borras-puzzle-ca","19":"product_tag-educa-puzzle-ca","20":"product_tag-educa-puzzle-passion-ca","21":"product_tag-educa-puzzles-ca","22":"product_tag-flor-ca","23":"product_tag-flores-ca","24":"product_tag-fromagerie-ca","25":"product_tag-jigsaw-ca","26":"product_tag-obra-de-arte-ca","27":"product_tag-peces-ca","28":"product_tag-perrito-ca","29":"product_tag-pieces-ca","30":"product_tag-pieza-ca","31":"product_tag-pintura-ca","32":"product_tag-puzzle-educa-ca","33":"product_tag-puzzle-passion-ca","34":"product_tag-puzzles-educa-ca","35":"product_tag-rompecabezas-educa-ca","36":"product_tag-trencaclosques-ca","38":"first","39":"instock","40":"shipping-taxable","41":"product-type-simple"},"acf":[],"yoast_head":"<!-- This site is optimized with the Yoast SEO plugin v27.1.1 - https:\/\/yoast.com\/product\/yoast-seo-wordpress\/ -->\n<title>2000 La Botiga de Formatges Fins - Educa Borras<\/title>\n<meta name=\"robots\" content=\"index, follow, max-snippet:-1, max-image-preview:large, max-video-preview:-1\" \/>\n<link rel=\"canonical\" href=\"https:\/\/www.educaborras.com\/ca\/producte\/20264-ca\/\" \/>\n<script type=\"application\/ld+json\" class=\"yoast-schema-graph\">{\"@context\":\"https:\/\/schema.org\",\"@graph\":[{\"@type\":\"WebPage\",\"@id\":\"https:\/\/www.educaborras.com\/ca\/producte\/20264-ca\/\",\"url\":\"https:\/\/www.educaborras.com\/ca\/producte\/20264-ca\/\",\"name\":\"2000 La Botiga de Formatges Fins - Educa Borras\",\"isPartOf\":{\"@id\":\"https:\/\/www.educaborras.com\/ca\/#website\"},\"primaryImageOfPage\":{\"@id\":\"https:\/\/www.educaborras.com\/ca\/producte\/20264-ca\/#primaryimage\"},\"image\":{\"@id\":\"https:\/\/www.educaborras.com\/ca\/producte\/20264-ca\/#primaryimage\"},\"thumbnailUrl\":\"https:\/\/www.educaborras.com\/wp-content\/uploads\/20264_01_high.jpg\",\"datePublished\":\"2025-09-17T10:36:39+00:00\",\"dateModified\":\"2026-04-28T01:22:32+00:00\",\"breadcrumb\":{\"@id\":\"https:\/\/www.educaborras.com\/ca\/producte\/20264-ca\/#breadcrumb\"},\"inLanguage\":\"ca\",\"potentialAction\":[{\"@type\":\"ReadAction\",\"target\":[\"https:\/\/www.educaborras.com\/ca\/producte\/20264-ca\/\"]}]},{\"@type\":\"ImageObject\",\"inLanguage\":\"ca\",\"@id\":\"https:\/\/www.educaborras.com\/ca\/producte\/20264-ca\/#primaryimage\",\"url\":\"https:\/\/www.educaborras.com\/wp-content\/uploads\/20264_01_high.jpg\",\"contentUrl\":\"https:\/\/www.educaborras.com\/wp-content\/uploads\/20264_01_high.jpg\",\"width\":2400,\"height\":2400},{\"@type\":\"BreadcrumbList\",\"@id\":\"https:\/\/www.educaborras.com\/ca\/producte\/20264-ca\/#breadcrumb\",\"itemListElement\":[{\"@type\":\"ListItem\",\"position\":1,\"name\":\"Portada\",\"item\":\"https:\/\/www.educaborras.com\/ca\/\"},{\"@type\":\"ListItem\",\"position\":2,\"name\":\"Productes\",\"item\":\"https:\/\/www.educaborras.com\/ca\/shop\/\"},{\"@type\":\"ListItem\",\"position\":3,\"name\":\"2000 La Botiga de Formatges Fins\"}]},{\"@type\":\"WebSite\",\"@id\":\"https:\/\/www.educaborras.com\/ca\/#website\",\"url\":\"https:\/\/www.educaborras.com\/ca\/\",\"name\":\"Educa Borras\",\"description\":\"\",\"publisher\":{\"@id\":\"https:\/\/www.educaborras.com\/ca\/#organization\"},\"potentialAction\":[{\"@type\":\"SearchAction\",\"target\":{\"@type\":\"EntryPoint\",\"urlTemplate\":\"https:\/\/www.educaborras.com\/ca\/?s={search_term_string}\"},\"query-input\":{\"@type\":\"PropertyValueSpecification\",\"valueRequired\":true,\"valueName\":\"search_term_string\"}}],\"inLanguage\":\"ca\"},{\"@type\":\"Organization\",\"@id\":\"https:\/\/www.educaborras.com\/ca\/#organization\",\"name\":\"Educa Borras\",\"url\":\"https:\/\/www.educaborras.com\/ca\/\",\"logo\":{\"@type\":\"ImageObject\",\"inLanguage\":\"ca\",\"@id\":\"https:\/\/www.educaborras.com\/ca\/#\/schema\/logo\/image\/\",\"url\":\"https:\/\/www.educaborras.com\/wp-content\/uploads\/cropped-LOGOS-EDUCA-BORRAS_retina.png\",\"contentUrl\":\"https:\/\/www.educaborras.com\/wp-content\/uploads\/cropped-LOGOS-EDUCA-BORRAS_retina.png\",\"caption\":\"Educa Borras\"},\"image\":{\"@id\":\"https:\/\/www.educaborras.com\/ca\/#\/schema\/logo\/image\/\"}}]}<\/script>\n<!-- \/ Yoast SEO plugin. -->","yoast_head_json":{"title":"2000 La Botiga de Formatges Fins - Educa Borras","robots":{"index":"index","follow":"follow","max-snippet":"max-snippet:-1","max-image-preview":"max-image-preview:large","max-video-preview":"max-video-preview:-1"},"canonical":"https:\/\/www.educaborras.com\/ca\/producte\/20264-ca\/","schema":{"@context":"https:\/\/schema.org","@graph":[{"@type":"WebPage","@id":"https:\/\/www.educaborras.com\/ca\/producte\/20264-ca\/","url":"https:\/\/www.educaborras.com\/ca\/producte\/20264-ca\/","name":"2000 La Botiga de Formatges Fins - Educa Borras","isPartOf":{"@id":"https:\/\/www.educaborras.com\/ca\/#website"},"primaryImageOfPage":{"@id":"https:\/\/www.educaborras.com\/ca\/producte\/20264-ca\/#primaryimage"},"image":{"@id":"https:\/\/www.educaborras.com\/ca\/producte\/20264-ca\/#primaryimage"},"thumbnailUrl":"https:\/\/www.educaborras.com\/wp-content\/uploads\/20264_01_high.jpg","datePublished":"2025-09-17T10:36:39+00:00","dateModified":"2026-04-28T01:22:32+00:00","breadcrumb":{"@id":"https:\/\/www.educaborras.com\/ca\/producte\/20264-ca\/#breadcrumb"},"inLanguage":"ca","potentialAction":[{"@type":"ReadAction","target":["https:\/\/www.educaborras.com\/ca\/producte\/20264-ca\/"]}]},{"@type":"ImageObject","inLanguage":"ca","@id":"https:\/\/www.educaborras.com\/ca\/producte\/20264-ca\/#primaryimage","url":"https:\/\/www.educaborras.com\/wp-content\/uploads\/20264_01_high.jpg","contentUrl":"https:\/\/www.educaborras.com\/wp-content\/uploads\/20264_01_high.jpg","width":2400,"height":2400},{"@type":"BreadcrumbList","@id":"https:\/\/www.educaborras.com\/ca\/producte\/20264-ca\/#breadcrumb","itemListElement":[{"@type":"ListItem","position":1,"name":"Portada","item":"https:\/\/www.educaborras.com\/ca\/"},{"@type":"ListItem","position":2,"name":"Productes","item":"https:\/\/www.educaborras.com\/ca\/shop\/"},{"@type":"ListItem","position":3,"name":"2000 La Botiga de Formatges Fins"}]},{"@type":"WebSite","@id":"https:\/\/www.educaborras.com\/ca\/#website","url":"https:\/\/www.educaborras.com\/ca\/","name":"Educa Borras","description":"","publisher":{"@id":"https:\/\/www.educaborras.com\/ca\/#organization"},"potentialAction":[{"@type":"SearchAction","target":{"@type":"EntryPoint","urlTemplate":"https:\/\/www.educaborras.com\/ca\/?s={search_term_string}"},"query-input":{"@type":"PropertyValueSpecification","valueRequired":true,"valueName":"search_term_string"}}],"inLanguage":"ca"},{"@type":"Organization","@id":"https:\/\/www.educaborras.com\/ca\/#organization","name":"Educa Borras","url":"https:\/\/www.educaborras.com\/ca\/","logo":{"@type":"ImageObject","inLanguage":"ca","@id":"https:\/\/www.educaborras.com\/ca\/#\/schema\/logo\/image\/","url":"https:\/\/www.educaborras.com\/wp-content\/uploads\/cropped-LOGOS-EDUCA-BORRAS_retina.png","contentUrl":"https:\/\/www.educaborras.com\/wp-content\/uploads\/cropped-LOGOS-EDUCA-BORRAS_retina.png","caption":"Educa Borras"},"image":{"@id":"https:\/\/www.educaborras.com\/ca\/#\/schema\/logo\/image\/"}}]}},"_links":{"self":[{"href":"https:\/\/www.educaborras.com\/ca\/wp-json\/wp\/v2\/product\/248467","targetHints":{"allow":["GET"]}}],"collection":[{"href":"https:\/\/www.educaborras.com\/ca\/wp-json\/wp\/v2\/product"}],"about":[{"href":"https:\/\/www.educaborras.com\/ca\/wp-json\/wp\/v2\/types\/product"}],"wp:featuredmedia":[{"embeddable":true,"href":"https:\/\/www.educaborras.com\/ca\/wp-json\/wp\/v2\/media\/124782"}],"wp:attachment":[{"href":"https:\/\/www.educaborras.com\/ca\/wp-json\/wp\/v2\/media?parent=248467"}],"wp:term":[{"taxonomy":"product_brand","embeddable":true,"href":"https:\/\/www.educaborras.com\/ca\/wp-json\/wp\/v2\/product_brand?post=248467"},{"taxonomy":"product_cat","embeddable":true,"href":"https:\/\/www.educaborras.com\/ca\/wp-json\/wp\/v2\/product_cat?post=248467"},{"taxonomy":"product_tag","embeddable":true,"href":"https:\/\/www.educaborras.com\/ca\/wp-json\/wp\/v2\/product_tag?post=248467"}],"curies":[{"name":"wp","href":"https:\/\/api.w.org\/{rel}","templated":true}]}}