{"id":248463,"date":"2025-09-17T12:36:56","date_gmt":"2025-09-17T10:36:56","guid":{"rendered":"https:\/\/www.educaborras.com\/product\/20265\/"},"modified":"2026-04-29T03:00:27","modified_gmt":"2026-04-29T01:00:27","slug":"20265-ca","status":"publish","type":"product","link":"https:\/\/www.educaborras.com\/ca\/producte\/20265-ca\/","title":{"rendered":"3000 Vida &#8220;Panorama&#8221;"},"content":{"rendered":"<p>Educa\u00ae t&#8217;ofereix la col\u00b7lecci\u00f3 de puzles adults m\u00e9s completa del mercat, amb formats des de les 500 fins a les 42000 peces i amb les millors imatges i els personatges m\u00e9s divertits. Mides aproximades del puzle muntat: 144 x 68 cm. En tots els puzles de 3000 peces o m\u00e9s, i sempre que hi hagi exist\u00e8ncies, EDUCA\u00ae ofereix el servei de pe\u00e7a perduda.<\/p>\n","protected":false},"excerpt":{"rendered":"<p>Educa\u00ae t&#8217;ofereix la col\u00b7lecci\u00f3 de puzles adults m\u00e9s completa del mercat, amb formats des de les 500 fins a les 42000 peces i amb les millors imatges i els personatges m\u00e9s divertits.<\/p>\n","protected":false},"featured_media":124807,"template":"","meta":{"_acf_changed":false},"product_brand":[],"product_cat":[73232,73237],"product_tag":[74334,104932,104933,104934,104935,104936,104937,104938,92127,74530,104939,91162,104940,83875,91166,74160,74161,74162,74164,74166,74167,91937,84197,104941,104942,82288,104943,104944,104945,104946,74461,104947,74463,77857,74932,74933,82452,74172,83631,83549,104948,74935,82296,74466,75910],"class_list":{"0":"post-248463","1":"product","2":"type-product","3":"status-publish","4":"has-post-thumbnail","6":"product_cat-puzles-adults","7":"product_cat-puzles-de-3000-peces","8":"product_tag-piezas-ca","9":"product_tag-20265-ca","10":"product_tag-24000-piezas-ca","11":"product_tag-3000-life-ca","12":"product_tag-3000-life-panorama-ca","13":"product_tag-3000-piezas-ca","14":"product_tag-3000-vida-panorama-ca","15":"product_tag-3000-vie-panorama-ca","16":"product_tag-aguila-ca","17":"product_tag-animales-ca","18":"product_tag-antlantida-ca","19":"product_tag-atlantis-ca","20":"product_tag-camello-ca","21":"product_tag-delfin-ca","22":"product_tag-delfines-ca","23":"product_tag-educa-ca","24":"product_tag-educa-borras-ca","25":"product_tag-educa-borras-puzzle-ca","26":"product_tag-educa-puzzle-ca","27":"product_tag-educa-puzzle-passion-ca","28":"product_tag-educa-puzzles-ca","29":"product_tag-estrellas-ca","30":"product_tag-faro-ca","31":"product_tag-fondo-del-mar-ca","32":"product_tag-galaxia-ca","33":"product_tag-jigsaw-ca","34":"product_tag-jorafa-ca","35":"product_tag-mc-clure-ca","36":"product_tag-mcclure-ca","37":"product_tag-panoramico-ca","38":"product_tag-peces-ca","39":"product_tag-pez-payaos-ca","40":"product_tag-pieces-ca","41":"product_tag-pieza-ca","42":"product_tag-planeta-ca","43":"product_tag-planetas-ca","44":"product_tag-puzzle-educa-ca","45":"product_tag-puzzle-passion-ca","46":"product_tag-puzzles-educa-ca","47":"product_tag-rompecabezas-educa-ca","48":"product_tag-royce-ca","49":"product_tag-saturno-ca","50":"product_tag-trencaclosques-ca","51":"product_tag-vida-ca","52":"product_tag-zebra-ca","54":"first","55":"instock","56":"shipping-taxable","57":"product-type-simple"},"acf":[],"yoast_head":"<!-- This site is optimized with the Yoast SEO plugin v27.1.1 - https:\/\/yoast.com\/product\/yoast-seo-wordpress\/ -->\n<title>3000 Vida &quot;Panorama&quot; - Educa Borras<\/title>\n<meta name=\"robots\" content=\"index, follow, max-snippet:-1, max-image-preview:large, max-video-preview:-1\" \/>\n<link rel=\"canonical\" href=\"https:\/\/www.educaborras.com\/ca\/producte\/20265-ca\/\" \/>\n<script type=\"application\/ld+json\" class=\"yoast-schema-graph\">{\"@context\":\"https:\/\/schema.org\",\"@graph\":[{\"@type\":\"WebPage\",\"@id\":\"https:\/\/www.educaborras.com\/ca\/producte\/20265-ca\/\",\"url\":\"https:\/\/www.educaborras.com\/ca\/producte\/20265-ca\/\",\"name\":\"3000 Vida \\\"Panorama\\\" - Educa Borras\",\"isPartOf\":{\"@id\":\"https:\/\/www.educaborras.com\/ca\/#website\"},\"primaryImageOfPage\":{\"@id\":\"https:\/\/www.educaborras.com\/ca\/producte\/20265-ca\/#primaryimage\"},\"image\":{\"@id\":\"https:\/\/www.educaborras.com\/ca\/producte\/20265-ca\/#primaryimage\"},\"thumbnailUrl\":\"https:\/\/www.educaborras.com\/wp-content\/uploads\/20265_01_high.jpg\",\"datePublished\":\"2025-09-17T10:36:56+00:00\",\"dateModified\":\"2026-04-29T01:00:27+00:00\",\"breadcrumb\":{\"@id\":\"https:\/\/www.educaborras.com\/ca\/producte\/20265-ca\/#breadcrumb\"},\"inLanguage\":\"ca\",\"potentialAction\":[{\"@type\":\"ReadAction\",\"target\":[\"https:\/\/www.educaborras.com\/ca\/producte\/20265-ca\/\"]}]},{\"@type\":\"ImageObject\",\"inLanguage\":\"ca\",\"@id\":\"https:\/\/www.educaborras.com\/ca\/producte\/20265-ca\/#primaryimage\",\"url\":\"https:\/\/www.educaborras.com\/wp-content\/uploads\/20265_01_high.jpg\",\"contentUrl\":\"https:\/\/www.educaborras.com\/wp-content\/uploads\/20265_01_high.jpg\",\"width\":2400,\"height\":2400},{\"@type\":\"BreadcrumbList\",\"@id\":\"https:\/\/www.educaborras.com\/ca\/producte\/20265-ca\/#breadcrumb\",\"itemListElement\":[{\"@type\":\"ListItem\",\"position\":1,\"name\":\"Portada\",\"item\":\"https:\/\/www.educaborras.com\/ca\/\"},{\"@type\":\"ListItem\",\"position\":2,\"name\":\"Productes\",\"item\":\"https:\/\/www.educaborras.com\/ca\/shop\/\"},{\"@type\":\"ListItem\",\"position\":3,\"name\":\"3000 Vida &#8220;Panorama&#8221;\"}]},{\"@type\":\"WebSite\",\"@id\":\"https:\/\/www.educaborras.com\/ca\/#website\",\"url\":\"https:\/\/www.educaborras.com\/ca\/\",\"name\":\"Educa Borras\",\"description\":\"\",\"publisher\":{\"@id\":\"https:\/\/www.educaborras.com\/ca\/#organization\"},\"potentialAction\":[{\"@type\":\"SearchAction\",\"target\":{\"@type\":\"EntryPoint\",\"urlTemplate\":\"https:\/\/www.educaborras.com\/ca\/?s={search_term_string}\"},\"query-input\":{\"@type\":\"PropertyValueSpecification\",\"valueRequired\":true,\"valueName\":\"search_term_string\"}}],\"inLanguage\":\"ca\"},{\"@type\":\"Organization\",\"@id\":\"https:\/\/www.educaborras.com\/ca\/#organization\",\"name\":\"Educa Borras\",\"url\":\"https:\/\/www.educaborras.com\/ca\/\",\"logo\":{\"@type\":\"ImageObject\",\"inLanguage\":\"ca\",\"@id\":\"https:\/\/www.educaborras.com\/ca\/#\/schema\/logo\/image\/\",\"url\":\"https:\/\/www.educaborras.com\/wp-content\/uploads\/cropped-LOGOS-EDUCA-BORRAS_retina.png\",\"contentUrl\":\"https:\/\/www.educaborras.com\/wp-content\/uploads\/cropped-LOGOS-EDUCA-BORRAS_retina.png\",\"caption\":\"Educa Borras\"},\"image\":{\"@id\":\"https:\/\/www.educaborras.com\/ca\/#\/schema\/logo\/image\/\"}}]}<\/script>\n<!-- \/ Yoast SEO plugin. -->","yoast_head_json":{"title":"3000 Vida \"Panorama\" - Educa Borras","robots":{"index":"index","follow":"follow","max-snippet":"max-snippet:-1","max-image-preview":"max-image-preview:large","max-video-preview":"max-video-preview:-1"},"canonical":"https:\/\/www.educaborras.com\/ca\/producte\/20265-ca\/","schema":{"@context":"https:\/\/schema.org","@graph":[{"@type":"WebPage","@id":"https:\/\/www.educaborras.com\/ca\/producte\/20265-ca\/","url":"https:\/\/www.educaborras.com\/ca\/producte\/20265-ca\/","name":"3000 Vida \"Panorama\" - Educa Borras","isPartOf":{"@id":"https:\/\/www.educaborras.com\/ca\/#website"},"primaryImageOfPage":{"@id":"https:\/\/www.educaborras.com\/ca\/producte\/20265-ca\/#primaryimage"},"image":{"@id":"https:\/\/www.educaborras.com\/ca\/producte\/20265-ca\/#primaryimage"},"thumbnailUrl":"https:\/\/www.educaborras.com\/wp-content\/uploads\/20265_01_high.jpg","datePublished":"2025-09-17T10:36:56+00:00","dateModified":"2026-04-29T01:00:27+00:00","breadcrumb":{"@id":"https:\/\/www.educaborras.com\/ca\/producte\/20265-ca\/#breadcrumb"},"inLanguage":"ca","potentialAction":[{"@type":"ReadAction","target":["https:\/\/www.educaborras.com\/ca\/producte\/20265-ca\/"]}]},{"@type":"ImageObject","inLanguage":"ca","@id":"https:\/\/www.educaborras.com\/ca\/producte\/20265-ca\/#primaryimage","url":"https:\/\/www.educaborras.com\/wp-content\/uploads\/20265_01_high.jpg","contentUrl":"https:\/\/www.educaborras.com\/wp-content\/uploads\/20265_01_high.jpg","width":2400,"height":2400},{"@type":"BreadcrumbList","@id":"https:\/\/www.educaborras.com\/ca\/producte\/20265-ca\/#breadcrumb","itemListElement":[{"@type":"ListItem","position":1,"name":"Portada","item":"https:\/\/www.educaborras.com\/ca\/"},{"@type":"ListItem","position":2,"name":"Productes","item":"https:\/\/www.educaborras.com\/ca\/shop\/"},{"@type":"ListItem","position":3,"name":"3000 Vida &#8220;Panorama&#8221;"}]},{"@type":"WebSite","@id":"https:\/\/www.educaborras.com\/ca\/#website","url":"https:\/\/www.educaborras.com\/ca\/","name":"Educa Borras","description":"","publisher":{"@id":"https:\/\/www.educaborras.com\/ca\/#organization"},"potentialAction":[{"@type":"SearchAction","target":{"@type":"EntryPoint","urlTemplate":"https:\/\/www.educaborras.com\/ca\/?s={search_term_string}"},"query-input":{"@type":"PropertyValueSpecification","valueRequired":true,"valueName":"search_term_string"}}],"inLanguage":"ca"},{"@type":"Organization","@id":"https:\/\/www.educaborras.com\/ca\/#organization","name":"Educa Borras","url":"https:\/\/www.educaborras.com\/ca\/","logo":{"@type":"ImageObject","inLanguage":"ca","@id":"https:\/\/www.educaborras.com\/ca\/#\/schema\/logo\/image\/","url":"https:\/\/www.educaborras.com\/wp-content\/uploads\/cropped-LOGOS-EDUCA-BORRAS_retina.png","contentUrl":"https:\/\/www.educaborras.com\/wp-content\/uploads\/cropped-LOGOS-EDUCA-BORRAS_retina.png","caption":"Educa Borras"},"image":{"@id":"https:\/\/www.educaborras.com\/ca\/#\/schema\/logo\/image\/"}}]}},"_links":{"self":[{"href":"https:\/\/www.educaborras.com\/ca\/wp-json\/wp\/v2\/product\/248463","targetHints":{"allow":["GET"]}}],"collection":[{"href":"https:\/\/www.educaborras.com\/ca\/wp-json\/wp\/v2\/product"}],"about":[{"href":"https:\/\/www.educaborras.com\/ca\/wp-json\/wp\/v2\/types\/product"}],"wp:featuredmedia":[{"embeddable":true,"href":"https:\/\/www.educaborras.com\/ca\/wp-json\/wp\/v2\/media\/124807"}],"wp:attachment":[{"href":"https:\/\/www.educaborras.com\/ca\/wp-json\/wp\/v2\/media?parent=248463"}],"wp:term":[{"taxonomy":"product_brand","embeddable":true,"href":"https:\/\/www.educaborras.com\/ca\/wp-json\/wp\/v2\/product_brand?post=248463"},{"taxonomy":"product_cat","embeddable":true,"href":"https:\/\/www.educaborras.com\/ca\/wp-json\/wp\/v2\/product_cat?post=248463"},{"taxonomy":"product_tag","embeddable":true,"href":"https:\/\/www.educaborras.com\/ca\/wp-json\/wp\/v2\/product_tag?post=248463"}],"curies":[{"name":"wp","href":"https:\/\/api.w.org\/{rel}","templated":true}]}}