{"id":248311,"date":"2025-09-17T12:55:36","date_gmt":"2025-09-17T10:55:36","guid":{"rendered":"https:\/\/www.educaborras.com\/product\/20359\/"},"modified":"2026-04-20T02:41:06","modified_gmt":"2026-04-20T00:41:06","slug":"20359-ca","status":"publish","type":"product","link":"https:\/\/www.educaborras.com\/ca\/producte\/20359-ca\/","title":{"rendered":"Lince Electronic Bluey"},"content":{"rendered":"<p>Descobreix el Lince Electrnnic amb veu Bluey! Un joc de rapidesa visual amb 100 imatges de l\u2019univers Bluey i un mndul electrnnic que et diu quc has de buscar. Prem el bot\u00f3, escolta i sigues el m\u00e9s rrpid a trobar la imatge al tauler. Estimula la concentraci\u00f3, la memnria i la velocitat mental mentre jugues amb Bluey i els seus amics. A partir de 5 anys.<\/p>\n","protected":false},"excerpt":{"rendered":"<p>Prem el bot\u00f3, escolta i troba! Amb Bluey, el Lince \u00e9s encara m\u00e9s divertit.<\/p>\n","protected":false},"featured_media":246730,"template":"","meta":{"_acf_changed":false},"product_brand":[],"product_cat":[73211,73210],"product_tag":[99208,99209,99210,99211,99212,99213,99214,99215,99216,99217,99218,99219,99220,99221,99222,99223,99224,99225,99226,99227,99228,99229,99230,99231],"class_list":{"0":"post-248311","1":"product","2":"type-product","3":"status-publish","4":"has-post-thumbnail","6":"product_cat-el-lince-ca","7":"product_cat-jocs-de-taula","8":"product_tag-20359-ca","9":"product_tag-20359-bluey-ca","10":"product_tag-20359-lince-ca","11":"product_tag-bluey-educativo-ca","12":"product_tag-bluey-juego-educativo-ca","13":"product_tag-bluey-juguete-interactivo-ca","14":"product_tag-bluey-voz-espanol-ca","15":"product_tag-juego-atencion-auditiva-ca","16":"product_tag-juego-concentracion-ninos-ca","17":"product_tag-juego-lince-bluey-ca","18":"product_tag-juego-mesa-bluey-ca","19":"product_tag-juego-oficial-bluey-ca","20":"product_tag-juego-rapidez-visual-ca","21":"product_tag-juego-visual-bluey-ca","22":"product_tag-lince-bluey-5-anos-ca","23":"product_tag-lince-bluey-electronico-ca","24":"product_tag-lince-con-voz-ca","25":"product_tag-lince-educa-bluey-ca","26":"product_tag-lince-electronico-bluey-ca","27":"product_tag-lince-electronico-con-sonido-ca","28":"product_tag-lince-interactivo-ca","29":"product_tag-lince-multilingue-ca","30":"product_tag-lince-voz-4-idiomas-ca","31":"product_tag-regalo-bluey-ca","33":"first","34":"instock","35":"shipping-taxable","36":"product-type-simple"},"acf":[],"yoast_head":"<!-- This site is optimized with the Yoast SEO plugin v27.1.1 - https:\/\/yoast.com\/product\/yoast-seo-wordpress\/ -->\n<title>Lince Electronic Bluey - Educa Borras<\/title>\n<meta name=\"robots\" content=\"index, follow, max-snippet:-1, max-image-preview:large, max-video-preview:-1\" \/>\n<link rel=\"canonical\" href=\"https:\/\/www.educaborras.com\/ca\/producte\/20359-ca\/\" \/>\n<script type=\"application\/ld+json\" class=\"yoast-schema-graph\">{\"@context\":\"https:\/\/schema.org\",\"@graph\":[{\"@type\":\"WebPage\",\"@id\":\"https:\/\/www.educaborras.com\/ca\/producte\/20359-ca\/\",\"url\":\"https:\/\/www.educaborras.com\/ca\/producte\/20359-ca\/\",\"name\":\"Lince Electronic Bluey - Educa Borras\",\"isPartOf\":{\"@id\":\"https:\/\/www.educaborras.com\/ca\/#website\"},\"primaryImageOfPage\":{\"@id\":\"https:\/\/www.educaborras.com\/ca\/producte\/20359-ca\/#primaryimage\"},\"image\":{\"@id\":\"https:\/\/www.educaborras.com\/ca\/producte\/20359-ca\/#primaryimage\"},\"thumbnailUrl\":\"https:\/\/www.educaborras.com\/wp-content\/uploads\/20359_01_high.jpg\",\"datePublished\":\"2025-09-17T10:55:36+00:00\",\"dateModified\":\"2026-04-20T00:41:06+00:00\",\"breadcrumb\":{\"@id\":\"https:\/\/www.educaborras.com\/ca\/producte\/20359-ca\/#breadcrumb\"},\"inLanguage\":\"ca\",\"potentialAction\":[{\"@type\":\"ReadAction\",\"target\":[\"https:\/\/www.educaborras.com\/ca\/producte\/20359-ca\/\"]}]},{\"@type\":\"ImageObject\",\"inLanguage\":\"ca\",\"@id\":\"https:\/\/www.educaborras.com\/ca\/producte\/20359-ca\/#primaryimage\",\"url\":\"https:\/\/www.educaborras.com\/wp-content\/uploads\/20359_01_high.jpg\",\"contentUrl\":\"https:\/\/www.educaborras.com\/wp-content\/uploads\/20359_01_high.jpg\",\"width\":3000,\"height\":3000},{\"@type\":\"BreadcrumbList\",\"@id\":\"https:\/\/www.educaborras.com\/ca\/producte\/20359-ca\/#breadcrumb\",\"itemListElement\":[{\"@type\":\"ListItem\",\"position\":1,\"name\":\"Portada\",\"item\":\"https:\/\/www.educaborras.com\/ca\/\"},{\"@type\":\"ListItem\",\"position\":2,\"name\":\"Productes\",\"item\":\"https:\/\/www.educaborras.com\/ca\/shop\/\"},{\"@type\":\"ListItem\",\"position\":3,\"name\":\"Lince Electronic Bluey\"}]},{\"@type\":\"WebSite\",\"@id\":\"https:\/\/www.educaborras.com\/ca\/#website\",\"url\":\"https:\/\/www.educaborras.com\/ca\/\",\"name\":\"Educa Borras\",\"description\":\"\",\"publisher\":{\"@id\":\"https:\/\/www.educaborras.com\/ca\/#organization\"},\"potentialAction\":[{\"@type\":\"SearchAction\",\"target\":{\"@type\":\"EntryPoint\",\"urlTemplate\":\"https:\/\/www.educaborras.com\/ca\/?s={search_term_string}\"},\"query-input\":{\"@type\":\"PropertyValueSpecification\",\"valueRequired\":true,\"valueName\":\"search_term_string\"}}],\"inLanguage\":\"ca\"},{\"@type\":\"Organization\",\"@id\":\"https:\/\/www.educaborras.com\/ca\/#organization\",\"name\":\"Educa Borras\",\"url\":\"https:\/\/www.educaborras.com\/ca\/\",\"logo\":{\"@type\":\"ImageObject\",\"inLanguage\":\"ca\",\"@id\":\"https:\/\/www.educaborras.com\/ca\/#\/schema\/logo\/image\/\",\"url\":\"https:\/\/www.educaborras.com\/wp-content\/uploads\/cropped-LOGOS-EDUCA-BORRAS_retina.png\",\"contentUrl\":\"https:\/\/www.educaborras.com\/wp-content\/uploads\/cropped-LOGOS-EDUCA-BORRAS_retina.png\",\"caption\":\"Educa Borras\"},\"image\":{\"@id\":\"https:\/\/www.educaborras.com\/ca\/#\/schema\/logo\/image\/\"}}]}<\/script>\n<!-- \/ Yoast SEO plugin. -->","yoast_head_json":{"title":"Lince Electronic Bluey - Educa Borras","robots":{"index":"index","follow":"follow","max-snippet":"max-snippet:-1","max-image-preview":"max-image-preview:large","max-video-preview":"max-video-preview:-1"},"canonical":"https:\/\/www.educaborras.com\/ca\/producte\/20359-ca\/","schema":{"@context":"https:\/\/schema.org","@graph":[{"@type":"WebPage","@id":"https:\/\/www.educaborras.com\/ca\/producte\/20359-ca\/","url":"https:\/\/www.educaborras.com\/ca\/producte\/20359-ca\/","name":"Lince Electronic Bluey - Educa Borras","isPartOf":{"@id":"https:\/\/www.educaborras.com\/ca\/#website"},"primaryImageOfPage":{"@id":"https:\/\/www.educaborras.com\/ca\/producte\/20359-ca\/#primaryimage"},"image":{"@id":"https:\/\/www.educaborras.com\/ca\/producte\/20359-ca\/#primaryimage"},"thumbnailUrl":"https:\/\/www.educaborras.com\/wp-content\/uploads\/20359_01_high.jpg","datePublished":"2025-09-17T10:55:36+00:00","dateModified":"2026-04-20T00:41:06+00:00","breadcrumb":{"@id":"https:\/\/www.educaborras.com\/ca\/producte\/20359-ca\/#breadcrumb"},"inLanguage":"ca","potentialAction":[{"@type":"ReadAction","target":["https:\/\/www.educaborras.com\/ca\/producte\/20359-ca\/"]}]},{"@type":"ImageObject","inLanguage":"ca","@id":"https:\/\/www.educaborras.com\/ca\/producte\/20359-ca\/#primaryimage","url":"https:\/\/www.educaborras.com\/wp-content\/uploads\/20359_01_high.jpg","contentUrl":"https:\/\/www.educaborras.com\/wp-content\/uploads\/20359_01_high.jpg","width":3000,"height":3000},{"@type":"BreadcrumbList","@id":"https:\/\/www.educaborras.com\/ca\/producte\/20359-ca\/#breadcrumb","itemListElement":[{"@type":"ListItem","position":1,"name":"Portada","item":"https:\/\/www.educaborras.com\/ca\/"},{"@type":"ListItem","position":2,"name":"Productes","item":"https:\/\/www.educaborras.com\/ca\/shop\/"},{"@type":"ListItem","position":3,"name":"Lince Electronic Bluey"}]},{"@type":"WebSite","@id":"https:\/\/www.educaborras.com\/ca\/#website","url":"https:\/\/www.educaborras.com\/ca\/","name":"Educa Borras","description":"","publisher":{"@id":"https:\/\/www.educaborras.com\/ca\/#organization"},"potentialAction":[{"@type":"SearchAction","target":{"@type":"EntryPoint","urlTemplate":"https:\/\/www.educaborras.com\/ca\/?s={search_term_string}"},"query-input":{"@type":"PropertyValueSpecification","valueRequired":true,"valueName":"search_term_string"}}],"inLanguage":"ca"},{"@type":"Organization","@id":"https:\/\/www.educaborras.com\/ca\/#organization","name":"Educa Borras","url":"https:\/\/www.educaborras.com\/ca\/","logo":{"@type":"ImageObject","inLanguage":"ca","@id":"https:\/\/www.educaborras.com\/ca\/#\/schema\/logo\/image\/","url":"https:\/\/www.educaborras.com\/wp-content\/uploads\/cropped-LOGOS-EDUCA-BORRAS_retina.png","contentUrl":"https:\/\/www.educaborras.com\/wp-content\/uploads\/cropped-LOGOS-EDUCA-BORRAS_retina.png","caption":"Educa Borras"},"image":{"@id":"https:\/\/www.educaborras.com\/ca\/#\/schema\/logo\/image\/"}}]}},"_links":{"self":[{"href":"https:\/\/www.educaborras.com\/ca\/wp-json\/wp\/v2\/product\/248311","targetHints":{"allow":["GET"]}}],"collection":[{"href":"https:\/\/www.educaborras.com\/ca\/wp-json\/wp\/v2\/product"}],"about":[{"href":"https:\/\/www.educaborras.com\/ca\/wp-json\/wp\/v2\/types\/product"}],"wp:featuredmedia":[{"embeddable":true,"href":"https:\/\/www.educaborras.com\/ca\/wp-json\/wp\/v2\/media\/246730"}],"wp:attachment":[{"href":"https:\/\/www.educaborras.com\/ca\/wp-json\/wp\/v2\/media?parent=248311"}],"wp:term":[{"taxonomy":"product_brand","embeddable":true,"href":"https:\/\/www.educaborras.com\/ca\/wp-json\/wp\/v2\/product_brand?post=248311"},{"taxonomy":"product_cat","embeddable":true,"href":"https:\/\/www.educaborras.com\/ca\/wp-json\/wp\/v2\/product_cat?post=248311"},{"taxonomy":"product_tag","embeddable":true,"href":"https:\/\/www.educaborras.com\/ca\/wp-json\/wp\/v2\/product_tag?post=248311"}],"curies":[{"name":"wp","href":"https:\/\/api.w.org\/{rel}","templated":true}]}}