{"id":248307,"date":"2025-09-17T12:55:52","date_gmt":"2025-09-17T10:55:52","guid":{"rendered":"https:\/\/www.educaborras.com\/product\/20360\/"},"modified":"2026-04-20T02:41:10","modified_gmt":"2026-04-20T00:41:10","slug":"20360-ca","status":"publish","type":"product","link":"https:\/\/www.educaborras.com\/ca\/producte\/20360-ca\/","title":{"rendered":"Lince Cuentacuentos"},"content":{"rendered":"<p>Lince Explica Contes \u2013 El peluix m\u00e0gic que cobra vida i parla 4 idiomes! Prepara\u2019t per a una hora del conte \u00fanica amb Lince Explica Contes, el peluix interactiu que combina cl\u00e0ssics infantils amb un toc de realisme m\u00e0gic. Mentre narra, mou la boca al ritme del relat, fent que els nens sentin que el seu amic de peluix els parla de deb\u00f2! Aquest explica contes multiling\u00fce dona vida a 8 contes cl\u00e0ssics en espanyol, portugu\u00e8s, angl\u00e8s i franc\u00e8s, i tamb\u00e9 inclou 6 melodies instrumentals. Gr\u00e0cies als botons a cada pota, els petits poden escoltar, canviar d\u2019idioma o passar d\u2019hist\u00f2ria sense necessitat de saber llegir. En Lince no \u00e9s nom\u00e9s una joguina\u2014\u00e9s un company entranyable que estimula la connexi\u00f3 emocional, la comprensi\u00f3 auditiva i la curiositat per les lleng\u00fces i la cultura. Tant si \u00e9s Els tres porquets en franc\u00e8s com la Blancaneu en angl\u00e8s, cada conte esdev\u00e9 una aventura inoblidable gr\u00e0cies a la seva boca en moviment i el seu encant natural. Caracter\u00edstiques: \u2705 Boca en moviment sincronitzada amb la narraci\u00f3 per a una experi\u00e8ncia realista \u2705 8 contes cl\u00e0ssics \u2705 6 melodies \u2705 Peluix suau i abra\u00e7able + botons interactius a les potes \u2705 Estimula el llenguatge, la imaginaci\u00f3 i la comprensi\u00f3 oral \ud83c\udfa4\ud83e\udd8a En Lince no nom\u00e9s explica contes&#8230; els fa viure!<\/p>\n","protected":false},"excerpt":{"rendered":"<p>Lince Explica Contes \u2013 El teu amic de contes multiling\u00fce i amb moviment! Aquest peluix encantador explica 8 contes clrssics i canta 6 melodies en 4 idiomes \u2014 i mou la boca mentre parla per fer-ho encara m\u00e9s real!<\/p>\n","protected":false},"featured_media":245886,"template":"","meta":{"_acf_changed":false},"product_brand":[],"product_cat":[73211,73210],"product_tag":[99378,99379,99380,99381,99382,99383,99384,99385,99386,99387,99388,99389,99390,99391,99392,99393,99394,99395,99396,99397,99398,99399,99400,84491,99401,99402,99403,99404,99405,99406,99407,99408,99409,99410,99411,99412,99413,99414,99415,99416,99417,99418,99419,99420,99421,99422,99423,99424,99425,99426,99427,99428,99429,99430,99431,99432,99433,99434,99435,99436,99437,99438,99439,99440,99441,99442,99443,99444,99445,99446,99447,99448,99449,99450,99451],"class_list":{"0":"post-248307","1":"product","2":"type-product","3":"status-publish","4":"has-post-thumbnail","6":"product_cat-el-lince-ca","7":"product_cat-jocs-de-taula","8":"product_tag-20360-ca","9":"product_tag-6-canciones-ca","10":"product_tag-6-musicas-ca","11":"product_tag-8-contos-classicos-ca","12":"product_tag-8-cuentos-clasicos-ca","13":"product_tag-aprendizagem-de-linguas-ca","14":"product_tag-aprendizaje-de-idiomas-ca","15":"product_tag-brincadeira-autonoma-ca","16":"product_tag-brinquedo-4-anos-ca","17":"product_tag-brinquedo-bilingue-ca","18":"product_tag-brinquedo-educativo-ca","19":"product_tag-brinquedo-educativo-infantil-ca","20":"product_tag-brinquedo-em-4-linguas-ca","21":"product_tag-brinquedo-multilingue-ca","22":"product_tag-brinquedo-para-momentos-calmos-ca","23":"product_tag-canciones-relajantes-ca","24":"product_tag-canta-canciones-ca","25":"product_tag-canta-musicas-ca","26":"product_tag-compreensao-auditiva-ca","27":"product_tag-comprension-auditiva-ca","28":"product_tag-conexion-emocional-ca","29":"product_tag-conta-historias-ca","30":"product_tag-contos-classicos-infantis-ca","31":"product_tag-cuenta-cuentos-ca","32":"product_tag-cuentos-clasicos-infantiles-ca","33":"product_tag-desarrollo-del-lenguaje-ca","34":"product_tag-desenvolvimento-da-linguagem-ca","35":"product_tag-espanol-ingles-frances-portugues-ca","36":"product_tag-estimulacao-da-imaginacao-ca","37":"product_tag-estimulacion-de-la-imaginacion-ca","38":"product_tag-historias-interactivas-ca","39":"product_tag-historias-interativas-ca","40":"product_tag-juego-independiente-ca","41":"product_tag-juguete-4-anos-ca","42":"product_tag-juguete-bilingue-ca","43":"product_tag-juguete-de-peluche-interactivo-ca","44":"product_tag-juguete-educativo-ca","45":"product_tag-juguete-educativo-para-ninos-ca","46":"product_tag-juguete-en-4-idiomas-ca","47":"product_tag-juguete-multilingue-ca","48":"product_tag-juguete-para-momentos-tranquilos-ca","49":"product_tag-ligacao-emocional-ca","50":"product_tag-mexe-a-boca-ca","51":"product_tag-mueve-la-boca-ca","52":"product_tag-musicas-relaxantes-ca","53":"product_tag-narracao-em-audio-ca","54":"product_tag-narracion-de-audio-ca","55":"product_tag-para-criancas-pequenas-ca","56":"product_tag-para-ninos-pequenos-ca","57":"product_tag-para-pre-escolares-ca","58":"product_tag-para-preescolares-ca","59":"product_tag-peluche-contador-de-historias-ca","60":"product_tag-peluche-cuentacuentos-ca","61":"product_tag-peluche-electronico-ca","62":"product_tag-peluche-eletronico-ca","63":"product_tag-peluche-interativo-ca","64":"product_tag-peluche-narrador-ca","65":"product_tag-peluche-oferta-ca","66":"product_tag-peluche-para-dormir-ca","67":"product_tag-peluche-que-fala-ca","68":"product_tag-peluche-que-habla-ca","69":"product_tag-peluche-regalo-ca","70":"product_tag-portugues-ingles-espanhol-frances-ca","71":"product_tag-prenda-contador-de-historias-ca","72":"product_tag-prenda-de-aniversario-ca","73":"product_tag-prenda-de-natal-ca","74":"product_tag-prenda-educativa-ca","75":"product_tag-prenda-para-criancas-de-4-anos-ca","76":"product_tag-regalo-cuentacuentos-ca","77":"product_tag-regalo-de-cumpleanos-ca","78":"product_tag-regalo-de-navidad-ca","79":"product_tag-regalo-educativo-ca","80":"product_tag-regalo-para-ninos-de-4-anos-ca","81":"product_tag-rotina-de-sono-ca","82":"product_tag-rutina-de-sueno-ca","84":"first","85":"instock","86":"shipping-taxable","87":"product-type-simple"},"acf":[],"yoast_head":"<!-- This site is optimized with the Yoast SEO plugin v27.1.1 - https:\/\/yoast.com\/product\/yoast-seo-wordpress\/ -->\n<title>Lince Cuentacuentos - Educa Borras<\/title>\n<meta name=\"robots\" content=\"index, follow, max-snippet:-1, max-image-preview:large, max-video-preview:-1\" \/>\n<link rel=\"canonical\" href=\"https:\/\/www.educaborras.com\/ca\/producte\/20360-ca\/\" \/>\n<meta name=\"twitter:label1\" content=\"Temps estimat de lectura\" \/>\n\t<meta name=\"twitter:data1\" content=\"1 minut\" \/>\n<script type=\"application\/ld+json\" class=\"yoast-schema-graph\">{\"@context\":\"https:\/\/schema.org\",\"@graph\":[{\"@type\":\"WebPage\",\"@id\":\"https:\/\/www.educaborras.com\/ca\/producte\/20360-ca\/\",\"url\":\"https:\/\/www.educaborras.com\/ca\/producte\/20360-ca\/\",\"name\":\"Lince Cuentacuentos - Educa Borras\",\"isPartOf\":{\"@id\":\"https:\/\/www.educaborras.com\/ca\/#website\"},\"primaryImageOfPage\":{\"@id\":\"https:\/\/www.educaborras.com\/ca\/producte\/20360-ca\/#primaryimage\"},\"image\":{\"@id\":\"https:\/\/www.educaborras.com\/ca\/producte\/20360-ca\/#primaryimage\"},\"thumbnailUrl\":\"https:\/\/www.educaborras.com\/wp-content\/uploads\/20360_01_high.jpg\",\"datePublished\":\"2025-09-17T10:55:52+00:00\",\"dateModified\":\"2026-04-20T00:41:10+00:00\",\"breadcrumb\":{\"@id\":\"https:\/\/www.educaborras.com\/ca\/producte\/20360-ca\/#breadcrumb\"},\"inLanguage\":\"ca\",\"potentialAction\":[{\"@type\":\"ReadAction\",\"target\":[\"https:\/\/www.educaborras.com\/ca\/producte\/20360-ca\/\"]}]},{\"@type\":\"ImageObject\",\"inLanguage\":\"ca\",\"@id\":\"https:\/\/www.educaborras.com\/ca\/producte\/20360-ca\/#primaryimage\",\"url\":\"https:\/\/www.educaborras.com\/wp-content\/uploads\/20360_01_high.jpg\",\"contentUrl\":\"https:\/\/www.educaborras.com\/wp-content\/uploads\/20360_01_high.jpg\",\"width\":2400,\"height\":2400},{\"@type\":\"BreadcrumbList\",\"@id\":\"https:\/\/www.educaborras.com\/ca\/producte\/20360-ca\/#breadcrumb\",\"itemListElement\":[{\"@type\":\"ListItem\",\"position\":1,\"name\":\"Portada\",\"item\":\"https:\/\/www.educaborras.com\/ca\/\"},{\"@type\":\"ListItem\",\"position\":2,\"name\":\"Productes\",\"item\":\"https:\/\/www.educaborras.com\/ca\/shop\/\"},{\"@type\":\"ListItem\",\"position\":3,\"name\":\"Lince Cuentacuentos\"}]},{\"@type\":\"WebSite\",\"@id\":\"https:\/\/www.educaborras.com\/ca\/#website\",\"url\":\"https:\/\/www.educaborras.com\/ca\/\",\"name\":\"Educa Borras\",\"description\":\"\",\"publisher\":{\"@id\":\"https:\/\/www.educaborras.com\/ca\/#organization\"},\"potentialAction\":[{\"@type\":\"SearchAction\",\"target\":{\"@type\":\"EntryPoint\",\"urlTemplate\":\"https:\/\/www.educaborras.com\/ca\/?s={search_term_string}\"},\"query-input\":{\"@type\":\"PropertyValueSpecification\",\"valueRequired\":true,\"valueName\":\"search_term_string\"}}],\"inLanguage\":\"ca\"},{\"@type\":\"Organization\",\"@id\":\"https:\/\/www.educaborras.com\/ca\/#organization\",\"name\":\"Educa Borras\",\"url\":\"https:\/\/www.educaborras.com\/ca\/\",\"logo\":{\"@type\":\"ImageObject\",\"inLanguage\":\"ca\",\"@id\":\"https:\/\/www.educaborras.com\/ca\/#\/schema\/logo\/image\/\",\"url\":\"https:\/\/www.educaborras.com\/wp-content\/uploads\/cropped-LOGOS-EDUCA-BORRAS_retina.png\",\"contentUrl\":\"https:\/\/www.educaborras.com\/wp-content\/uploads\/cropped-LOGOS-EDUCA-BORRAS_retina.png\",\"caption\":\"Educa Borras\"},\"image\":{\"@id\":\"https:\/\/www.educaborras.com\/ca\/#\/schema\/logo\/image\/\"}}]}<\/script>\n<!-- \/ Yoast SEO plugin. -->","yoast_head_json":{"title":"Lince Cuentacuentos - Educa Borras","robots":{"index":"index","follow":"follow","max-snippet":"max-snippet:-1","max-image-preview":"max-image-preview:large","max-video-preview":"max-video-preview:-1"},"canonical":"https:\/\/www.educaborras.com\/ca\/producte\/20360-ca\/","twitter_misc":{"Temps estimat de lectura":"1 minut"},"schema":{"@context":"https:\/\/schema.org","@graph":[{"@type":"WebPage","@id":"https:\/\/www.educaborras.com\/ca\/producte\/20360-ca\/","url":"https:\/\/www.educaborras.com\/ca\/producte\/20360-ca\/","name":"Lince Cuentacuentos - Educa Borras","isPartOf":{"@id":"https:\/\/www.educaborras.com\/ca\/#website"},"primaryImageOfPage":{"@id":"https:\/\/www.educaborras.com\/ca\/producte\/20360-ca\/#primaryimage"},"image":{"@id":"https:\/\/www.educaborras.com\/ca\/producte\/20360-ca\/#primaryimage"},"thumbnailUrl":"https:\/\/www.educaborras.com\/wp-content\/uploads\/20360_01_high.jpg","datePublished":"2025-09-17T10:55:52+00:00","dateModified":"2026-04-20T00:41:10+00:00","breadcrumb":{"@id":"https:\/\/www.educaborras.com\/ca\/producte\/20360-ca\/#breadcrumb"},"inLanguage":"ca","potentialAction":[{"@type":"ReadAction","target":["https:\/\/www.educaborras.com\/ca\/producte\/20360-ca\/"]}]},{"@type":"ImageObject","inLanguage":"ca","@id":"https:\/\/www.educaborras.com\/ca\/producte\/20360-ca\/#primaryimage","url":"https:\/\/www.educaborras.com\/wp-content\/uploads\/20360_01_high.jpg","contentUrl":"https:\/\/www.educaborras.com\/wp-content\/uploads\/20360_01_high.jpg","width":2400,"height":2400},{"@type":"BreadcrumbList","@id":"https:\/\/www.educaborras.com\/ca\/producte\/20360-ca\/#breadcrumb","itemListElement":[{"@type":"ListItem","position":1,"name":"Portada","item":"https:\/\/www.educaborras.com\/ca\/"},{"@type":"ListItem","position":2,"name":"Productes","item":"https:\/\/www.educaborras.com\/ca\/shop\/"},{"@type":"ListItem","position":3,"name":"Lince Cuentacuentos"}]},{"@type":"WebSite","@id":"https:\/\/www.educaborras.com\/ca\/#website","url":"https:\/\/www.educaborras.com\/ca\/","name":"Educa Borras","description":"","publisher":{"@id":"https:\/\/www.educaborras.com\/ca\/#organization"},"potentialAction":[{"@type":"SearchAction","target":{"@type":"EntryPoint","urlTemplate":"https:\/\/www.educaborras.com\/ca\/?s={search_term_string}"},"query-input":{"@type":"PropertyValueSpecification","valueRequired":true,"valueName":"search_term_string"}}],"inLanguage":"ca"},{"@type":"Organization","@id":"https:\/\/www.educaborras.com\/ca\/#organization","name":"Educa Borras","url":"https:\/\/www.educaborras.com\/ca\/","logo":{"@type":"ImageObject","inLanguage":"ca","@id":"https:\/\/www.educaborras.com\/ca\/#\/schema\/logo\/image\/","url":"https:\/\/www.educaborras.com\/wp-content\/uploads\/cropped-LOGOS-EDUCA-BORRAS_retina.png","contentUrl":"https:\/\/www.educaborras.com\/wp-content\/uploads\/cropped-LOGOS-EDUCA-BORRAS_retina.png","caption":"Educa Borras"},"image":{"@id":"https:\/\/www.educaborras.com\/ca\/#\/schema\/logo\/image\/"}}]}},"_links":{"self":[{"href":"https:\/\/www.educaborras.com\/ca\/wp-json\/wp\/v2\/product\/248307","targetHints":{"allow":["GET"]}}],"collection":[{"href":"https:\/\/www.educaborras.com\/ca\/wp-json\/wp\/v2\/product"}],"about":[{"href":"https:\/\/www.educaborras.com\/ca\/wp-json\/wp\/v2\/types\/product"}],"wp:featuredmedia":[{"embeddable":true,"href":"https:\/\/www.educaborras.com\/ca\/wp-json\/wp\/v2\/media\/245886"}],"wp:attachment":[{"href":"https:\/\/www.educaborras.com\/ca\/wp-json\/wp\/v2\/media?parent=248307"}],"wp:term":[{"taxonomy":"product_brand","embeddable":true,"href":"https:\/\/www.educaborras.com\/ca\/wp-json\/wp\/v2\/product_brand?post=248307"},{"taxonomy":"product_cat","embeddable":true,"href":"https:\/\/www.educaborras.com\/ca\/wp-json\/wp\/v2\/product_cat?post=248307"},{"taxonomy":"product_tag","embeddable":true,"href":"https:\/\/www.educaborras.com\/ca\/wp-json\/wp\/v2\/product_tag?post=248307"}],"curies":[{"name":"wp","href":"https:\/\/api.w.org\/{rel}","templated":true}]}}