{"id":936,"date":"2017-09-04T16:48:40","date_gmt":"2017-09-04T14:48:40","guid":{"rendered":"http:\/\/2017.educaborras.com\/seguretat\/"},"modified":"2024-11-19T10:35:03","modified_gmt":"2024-11-19T08:35:03","slug":"seguretat","status":"publish","type":"page","link":"https:\/\/www.educaborras.com\/ca\/seguretat\/","title":{"rendered":"Seguretat"},"content":{"rendered":"\t\t<div data-elementor-type=\"wp-page\" data-elementor-id=\"936\" class=\"elementor elementor-936 elementor-932\" data-elementor-post-type=\"page\">\n\t\t\t\t\t\t<section class=\"elementor-section elementor-top-section elementor-element elementor-element-47d91f3c elementor-section-boxed elementor-section-height-default elementor-section-height-default\" data-id=\"47d91f3c\" data-element_type=\"section\" data-e-type=\"section\">\n\t\t\t\t\t\t<div class=\"elementor-container elementor-column-gap-default\">\n\t\t\t\t\t<div class=\"elementor-column elementor-col-100 elementor-top-column elementor-element elementor-element-7a9bc128\" data-id=\"7a9bc128\" data-element_type=\"column\" data-e-type=\"column\">\n\t\t\t<div class=\"elementor-widget-wrap elementor-element-populated\">\n\t\t\t\t\t\t<div class=\"elementor-element elementor-element-4f12ce90 elementor-widget elementor-widget-text-editor\" data-id=\"4f12ce90\" data-element_type=\"widget\" data-e-type=\"widget\" data-widget_type=\"text-editor.default\">\n\t\t\t\t<div class=\"elementor-widget-container\">\n\t\t\t\t\t\t\t\t\t<p>L\u2019Institut Internacional per la Promoci\u00f3 de la Bona Joguina ha definit els aspectes que tota bona joguina ha de complir:<\/p><ul><li>Qualitat material: els materials, la confecci\u00f3 i l\u2019acabat han de ser s\u00f2lids, estar exempts de perill i no ser t\u00f2xics.<\/li><li>Qualitat formal: la forma i l\u2019aspecte de la joguina ha de ser agradable i simple.<\/li><li>Qualitat educativa o adaptaci\u00f3 a les necessitats del nen o nena, al seu nivell de desenvolupament i facilitar una activitat l\u00fadica creadora.<\/li><\/ul><p><span style=\"color: var( --e-global-color-text );\">Educa nom\u00e9s ofereix productes que compleixin aquests requisits, respectant plenament la normativa Europea de Seguretat de la Joguina i evitant els components que puguin suposar cap risc pels nens. A m\u00e9s, la nostra empresa es basa en la innovaci\u00f3 i en la preocupaci\u00f3 pedag\u00f2gica per fer unes joguines que s\u2019adaptin plenament a les necessitats de cada nen o nena i serveixin tant com a element l\u00fadic com a instrument educatiu.<\/span><\/p><h3>Qu\u00e8 \u00e9s la Guia de Jocs i Joguines AIJU<\/h3><p>La Guia de Jocs i Joguines AIJU \u00e9s una guia que edita anualment l\u2019Institut Tecnol\u00f2gic de la Joguina amb la finalitat d\u2019oferir als consumidors informaci\u00f3 detallada i \u00fatil sobre joguines i jocs de qualitat, que resultin adients a les necessitats l\u00fadiques i pedag\u00f2giques dels infants. En aquesta Guia es recomanen una selecci\u00f3 de bones joguines que els consumidors podran trobar al mercat. Aquesta selecci\u00f3 sorgeix de la realitzaci\u00f3 de rigorosos estudis; per una banda, la joguina haur\u00e0 de complir la normativa de seguretat EN-71: 1988, i, per una altra, es realitza un estudi pedag\u00f2gic on s\u2019avaluen els seg\u00fcents criteris: valor de joc, durada, reaccions dels infants i fam\u00edlies, versatilitat, disseny i env\u00e0s, potencial d\u2019aprenentatge segons el sistema ESAR, claredat i presentaci\u00f3 de les instruccions, accessibilitat de la joguina, inter\u00e8s per est\u00edmuls sensorials espec\u00edfics, etc. Les joguines d\u2019Educa estan presents cada any en aquesta prestigiosa guia, obtenint unes valoracions molt altes en quant a les seves caracter\u00edstiques pedag\u00f2giques i de seguretat.<\/p><p><a href=\"https:\/\/www.guiaaiju.com\/\">Poden consultar la Guia de Jocs i Joguines AIJU online aqu\u00ed<\/a><\/p>\t\t\t\t\t\t\t\t<\/div>\n\t\t\t\t<\/div>\n\t\t\t\t\t<\/div>\n\t\t<\/div>\n\t\t\t\t\t<\/div>\n\t\t<\/section>\n\t\t\t\t<\/div>\n\t\t","protected":false},"excerpt":{"rendered":"<p>L\u2019Institut Internacional per la Promoci\u00f3 de la Bona Joguina ha definit els aspectes que tota bona joguina ha de complir: Qualitat material: els materials, la confecci\u00f3 i l\u2019acabat han de ser s\u00f2lids, estar exempts de perill i no ser t\u00f2xics. Qualitat formal: la forma i l\u2019aspecte de la joguina ha de ser agradable i simple. &#8230; <a title=\"Seguretat\" class=\"read-more\" href=\"https:\/\/www.educaborras.com\/ca\/seguretat\/\" aria-label=\"M\u00e9s informaci\u00f3 sobre Seguretat\">Llegiu m\u00e9s<\/a><\/p>\n","protected":false},"author":1,"featured_media":0,"parent":0,"menu_order":0,"comment_status":"closed","ping_status":"closed","template":"","meta":{"_acf_changed":false,"footnotes":""},"class_list":["post-936","page","type-page","status-publish"],"acf":[],"yoast_head":"<!-- This site is optimized with the Yoast SEO plugin v27.1.1 - https:\/\/yoast.com\/product\/yoast-seo-wordpress\/ -->\n<title>Seguretat - Educa Borras<\/title>\n<meta name=\"robots\" content=\"index, follow, max-snippet:-1, max-image-preview:large, max-video-preview:-1\" \/>\n<link rel=\"canonical\" href=\"https:\/\/www.educaborras.com\/ca\/seguretat\/\" \/>\n<meta name=\"twitter:label1\" content=\"Temps estimat de lectura\" \/>\n\t<meta name=\"twitter:data1\" content=\"2 minuts\" \/>\n<script type=\"application\/ld+json\" class=\"yoast-schema-graph\">{\"@context\":\"https:\/\/schema.org\",\"@graph\":[{\"@type\":\"WebPage\",\"@id\":\"https:\/\/www.educaborras.com\/ca\/seguretat\/\",\"url\":\"https:\/\/www.educaborras.com\/ca\/seguretat\/\",\"name\":\"Seguretat - Educa Borras\",\"isPartOf\":{\"@id\":\"https:\/\/www.educaborras.com\/ca\/#website\"},\"datePublished\":\"2017-09-04T14:48:40+00:00\",\"dateModified\":\"2024-11-19T08:35:03+00:00\",\"breadcrumb\":{\"@id\":\"https:\/\/www.educaborras.com\/ca\/seguretat\/#breadcrumb\"},\"inLanguage\":\"ca\",\"potentialAction\":[{\"@type\":\"ReadAction\",\"target\":[\"https:\/\/www.educaborras.com\/ca\/seguretat\/\"]}]},{\"@type\":\"BreadcrumbList\",\"@id\":\"https:\/\/www.educaborras.com\/ca\/seguretat\/#breadcrumb\",\"itemListElement\":[{\"@type\":\"ListItem\",\"position\":1,\"name\":\"Portada\",\"item\":\"https:\/\/www.educaborras.com\/ca\/\"},{\"@type\":\"ListItem\",\"position\":2,\"name\":\"Seguretat\"}]},{\"@type\":\"WebSite\",\"@id\":\"https:\/\/www.educaborras.com\/ca\/#website\",\"url\":\"https:\/\/www.educaborras.com\/ca\/\",\"name\":\"Educa Borras\",\"description\":\"\",\"publisher\":{\"@id\":\"https:\/\/www.educaborras.com\/ca\/#organization\"},\"potentialAction\":[{\"@type\":\"SearchAction\",\"target\":{\"@type\":\"EntryPoint\",\"urlTemplate\":\"https:\/\/www.educaborras.com\/ca\/?s={search_term_string}\"},\"query-input\":{\"@type\":\"PropertyValueSpecification\",\"valueRequired\":true,\"valueName\":\"search_term_string\"}}],\"inLanguage\":\"ca\"},{\"@type\":\"Organization\",\"@id\":\"https:\/\/www.educaborras.com\/ca\/#organization\",\"name\":\"Educa Borras\",\"url\":\"https:\/\/www.educaborras.com\/ca\/\",\"logo\":{\"@type\":\"ImageObject\",\"inLanguage\":\"ca\",\"@id\":\"https:\/\/www.educaborras.com\/ca\/#\/schema\/logo\/image\/\",\"url\":\"https:\/\/www.educaborras.com\/wp-content\/uploads\/cropped-LOGOS-EDUCA-BORRAS_retina.png\",\"contentUrl\":\"https:\/\/www.educaborras.com\/wp-content\/uploads\/cropped-LOGOS-EDUCA-BORRAS_retina.png\",\"caption\":\"Educa Borras\"},\"image\":{\"@id\":\"https:\/\/www.educaborras.com\/ca\/#\/schema\/logo\/image\/\"}}]}<\/script>\n<!-- \/ Yoast SEO plugin. -->","yoast_head_json":{"title":"Seguretat - Educa Borras","robots":{"index":"index","follow":"follow","max-snippet":"max-snippet:-1","max-image-preview":"max-image-preview:large","max-video-preview":"max-video-preview:-1"},"canonical":"https:\/\/www.educaborras.com\/ca\/seguretat\/","twitter_misc":{"Temps estimat de lectura":"2 minuts"},"schema":{"@context":"https:\/\/schema.org","@graph":[{"@type":"WebPage","@id":"https:\/\/www.educaborras.com\/ca\/seguretat\/","url":"https:\/\/www.educaborras.com\/ca\/seguretat\/","name":"Seguretat - Educa Borras","isPartOf":{"@id":"https:\/\/www.educaborras.com\/ca\/#website"},"datePublished":"2017-09-04T14:48:40+00:00","dateModified":"2024-11-19T08:35:03+00:00","breadcrumb":{"@id":"https:\/\/www.educaborras.com\/ca\/seguretat\/#breadcrumb"},"inLanguage":"ca","potentialAction":[{"@type":"ReadAction","target":["https:\/\/www.educaborras.com\/ca\/seguretat\/"]}]},{"@type":"BreadcrumbList","@id":"https:\/\/www.educaborras.com\/ca\/seguretat\/#breadcrumb","itemListElement":[{"@type":"ListItem","position":1,"name":"Portada","item":"https:\/\/www.educaborras.com\/ca\/"},{"@type":"ListItem","position":2,"name":"Seguretat"}]},{"@type":"WebSite","@id":"https:\/\/www.educaborras.com\/ca\/#website","url":"https:\/\/www.educaborras.com\/ca\/","name":"Educa Borras","description":"","publisher":{"@id":"https:\/\/www.educaborras.com\/ca\/#organization"},"potentialAction":[{"@type":"SearchAction","target":{"@type":"EntryPoint","urlTemplate":"https:\/\/www.educaborras.com\/ca\/?s={search_term_string}"},"query-input":{"@type":"PropertyValueSpecification","valueRequired":true,"valueName":"search_term_string"}}],"inLanguage":"ca"},{"@type":"Organization","@id":"https:\/\/www.educaborras.com\/ca\/#organization","name":"Educa Borras","url":"https:\/\/www.educaborras.com\/ca\/","logo":{"@type":"ImageObject","inLanguage":"ca","@id":"https:\/\/www.educaborras.com\/ca\/#\/schema\/logo\/image\/","url":"https:\/\/www.educaborras.com\/wp-content\/uploads\/cropped-LOGOS-EDUCA-BORRAS_retina.png","contentUrl":"https:\/\/www.educaborras.com\/wp-content\/uploads\/cropped-LOGOS-EDUCA-BORRAS_retina.png","caption":"Educa Borras"},"image":{"@id":"https:\/\/www.educaborras.com\/ca\/#\/schema\/logo\/image\/"}}]}},"_links":{"self":[{"href":"https:\/\/www.educaborras.com\/ca\/wp-json\/wp\/v2\/pages\/936","targetHints":{"allow":["GET"]}}],"collection":[{"href":"https:\/\/www.educaborras.com\/ca\/wp-json\/wp\/v2\/pages"}],"about":[{"href":"https:\/\/www.educaborras.com\/ca\/wp-json\/wp\/v2\/types\/page"}],"author":[{"embeddable":true,"href":"https:\/\/www.educaborras.com\/ca\/wp-json\/wp\/v2\/users\/1"}],"replies":[{"embeddable":true,"href":"https:\/\/www.educaborras.com\/ca\/wp-json\/wp\/v2\/comments?post=936"}],"version-history":[{"count":0,"href":"https:\/\/www.educaborras.com\/ca\/wp-json\/wp\/v2\/pages\/936\/revisions"}],"wp:attachment":[{"href":"https:\/\/www.educaborras.com\/ca\/wp-json\/wp\/v2\/media?parent=936"}],"curies":[{"name":"wp","href":"https:\/\/api.w.org\/{rel}","templated":true}]}}