{"id":1539,"date":"2017-09-28T08:32:50","date_gmt":"2017-09-28T06:32:50","guid":{"rendered":"http:\/\/2017.educaborras.com\/qui-som\/"},"modified":"2024-03-06T17:57:38","modified_gmt":"2024-03-06T15:57:38","slug":"qui-som","status":"publish","type":"page","link":"https:\/\/www.educaborras.com\/ca\/qui-som\/","title":{"rendered":"Qui som"},"content":{"rendered":"\t\t<div data-elementor-type=\"wp-page\" data-elementor-id=\"1539\" class=\"elementor elementor-1539 elementor-21\" data-elementor-post-type=\"page\">\n\t\t\t\t\t\t<section class=\"elementor-section elementor-top-section elementor-element elementor-element-23df232a elementor-section-boxed elementor-section-height-default elementor-section-height-default\" data-id=\"23df232a\" data-element_type=\"section\" data-e-type=\"section\">\n\t\t\t\t\t\t<div class=\"elementor-container elementor-column-gap-default\">\n\t\t\t\t\t<div class=\"elementor-column elementor-col-100 elementor-top-column elementor-element elementor-element-36ddfba6\" data-id=\"36ddfba6\" data-element_type=\"column\" data-e-type=\"column\">\n\t\t\t<div class=\"elementor-widget-wrap elementor-element-populated\">\n\t\t\t\t\t\t<div class=\"elementor-element elementor-element-5fba00c9 elementor-widget elementor-widget-text-editor\" data-id=\"5fba00c9\" data-element_type=\"widget\" data-e-type=\"widget\" data-widget_type=\"text-editor.default\">\n\t\t\t\t<div class=\"elementor-widget-container\">\n\t\t\t\t\t\t\t\t\t<p>Els or\u00edgens d\u2019Educa Borras es remunten a l\u2019any\u00a0<strong>1.894<\/strong>, any de fundaci\u00f3 de Borras Plana S.A. EDUCA\u00a9 \u00e9s una marca de refer\u00e8ncia en jocs educatius i trencaclosques. BORRAS\u00a9, coneguda pels seus aclamats jocs de m\u00e0gia, tamb\u00e9 ho \u00e9s en el camp dels jocs d\u2019entreteniment i familiars. Actualment, els seus productes\u00a0<strong>es distribueixen a m\u00e9s de 75 pa\u00efsos de tot el m\u00f3n<\/strong>.<\/p><p>Educa Borras, empresa l\u00edder en les categories de m\u00e0gia, puzles i jocs educatius, ha estat considerada l\u2019any 2011 la\u00a0<strong>marca de joguines amb m\u00e9s notorietat entre les fam\u00edlies espanyoles amb nens entre 0 i 12 anys<\/strong>, segons un estudi realitzat per l\u2019Observatori del Mercat del Joguet de AIJU en col\u00b7laboraci\u00f3 amb el Ministeri d\u2019Ind\u00fastria, Turisme i Comer\u00e7.<\/p><p>Des de la idea inicial de producte, passant pel disseny, desenvolupament, fabricaci\u00f3 i comercialitzaci\u00f3, Educa Borras no estalvia esfor\u00e7os\u00a0<strong>per tal de satisfer tots els seus clients i consumidors<\/strong>.<br \/>A m\u00e9s, Educa Borras ofereix serveis \u00fanics al m\u00f3n, com ara el\u00a0<strong>Servei de Peces Perdudes de Puzles<\/strong>, que permet que els apassionats pels puzles puguin acabar la seva obra en el cas que hagin perdut alguna pe\u00e7a durant el muntatge del trencaclosques.<\/p><p>QUALITAT I SEGURETAT<br \/>Educa \u00e9s garantia de qualitat, un dels atributs que els consumidors associen als nostres productes. El\u00a0<strong>90% dels productes<\/strong>\u00a0es fabriquen a les instal.lacions de Sant Quirze del Vall\u00e8s,\u00a0<strong>Barcelona<\/strong>, seguint\u00a0<strong>estrictes controls de seguretat i qualitat<\/strong>\u00a0i fent servir\u00a0<strong>mat\u00e8ries primeres de gran qualitat, reciclables i respectuoses amb el medi ambient<\/strong>.<\/p><p>INNOVACI\u00d3<br \/>Sabem que la millor manera de satisfer els desitjos dels nostres consumidors \u00e9s reinventar-nos cada dia, i \u00e9s amb aquest objectiu que treballen els nostres equips de\u00a0<strong>desenvolupament de producte, disseny, pedagogia i d\u2019especialistes en jocs<\/strong>.<\/p><p>VARIETAT<br \/>El cat\u00e0leg d\u2019Educa Borras compta amb una\u00a0<strong>\u00e0mplia oferta de productes<\/strong>\u00a0per a totes les edats, que combina\u00a0<strong>marques pr\u00f2pies<\/strong>\u00a0de reconegut prestigi amb les\u00a0<strong>llic\u00e8ncies m\u00e9s populars<\/strong>.<\/p><p>A EDUCA BORRAS, a banda de tenir cura dels nostres productes, clients i consumidors, considerem a la nostra plantilla un actiu molt valu\u00f3s, motiu pel qual disposem d&#8217;un <strong>Pla d&#8217;Igualtat<\/strong> que va ser acordat amb la representaci\u00f3 legal de la plantilla el desembre de 2023, el qual recull una s\u00e8rie de mesures i compromisos per tal de garantir la igualtat de tracte i oportunitats de totes les persones treballadores de l&#8217;Empresa.<\/p>\t\t\t\t\t\t\t\t<\/div>\n\t\t\t\t<\/div>\n\t\t\t\t\t<\/div>\n\t\t<\/div>\n\t\t\t\t\t<\/div>\n\t\t<\/section>\n\t\t\t\t<\/div>\n\t\t","protected":false},"excerpt":{"rendered":"<p>Els or\u00edgens d\u2019Educa Borras es remunten a l\u2019any\u00a01.894, any de fundaci\u00f3 de Borras Plana S.A. EDUCA\u00a9 \u00e9s una marca de refer\u00e8ncia en jocs educatius i trencaclosques. BORRAS\u00a9, coneguda pels seus aclamats jocs de m\u00e0gia, tamb\u00e9 ho \u00e9s en el camp dels jocs d\u2019entreteniment i familiars. Actualment, els seus productes\u00a0es distribueixen a m\u00e9s de 75 pa\u00efsos &#8230; <a title=\"Qui som\" class=\"read-more\" href=\"https:\/\/www.educaborras.com\/ca\/qui-som\/\" aria-label=\"M\u00e9s informaci\u00f3 sobre Qui som\">Llegiu m\u00e9s<\/a><\/p>\n","protected":false},"author":1,"featured_media":0,"parent":0,"menu_order":0,"comment_status":"closed","ping_status":"closed","template":"","meta":{"_acf_changed":false,"footnotes":""},"class_list":["post-1539","page","type-page","status-publish"],"acf":[],"yoast_head":"<!-- This site is optimized with the Yoast SEO plugin v27.1.1 - https:\/\/yoast.com\/product\/yoast-seo-wordpress\/ -->\n<title>Qui som - Educa Borras<\/title>\n<meta name=\"description\" content=\"Educa Borras, empresa l\u00edder en les categories de m\u00e0gia, puzles i jocs educatius, ha estat considerada l\u2019any 2011 la marca de joguines amb m\u00e9s notorietat entre les fam\u00edlies espanyoles amb nens entre 0 i 12 anys\" \/>\n<meta name=\"robots\" content=\"index, follow, max-snippet:-1, max-image-preview:large, max-video-preview:-1\" \/>\n<link rel=\"canonical\" href=\"https:\/\/www.educaborras.com\/ca\/qui-som\/\" \/>\n<meta name=\"twitter:label1\" content=\"Temps estimat de lectura\" \/>\n\t<meta name=\"twitter:data1\" content=\"3 minuts\" \/>\n<script type=\"application\/ld+json\" class=\"yoast-schema-graph\">{\"@context\":\"https:\/\/schema.org\",\"@graph\":[{\"@type\":\"WebPage\",\"@id\":\"https:\/\/www.educaborras.com\/ca\/qui-som\/\",\"url\":\"https:\/\/www.educaborras.com\/ca\/qui-som\/\",\"name\":\"Qui som - Educa Borras\",\"isPartOf\":{\"@id\":\"https:\/\/www.educaborras.com\/ca\/#website\"},\"datePublished\":\"2017-09-28T06:32:50+00:00\",\"dateModified\":\"2024-03-06T15:57:38+00:00\",\"description\":\"Educa Borras, empresa l\u00edder en les categories de m\u00e0gia, puzles i jocs educatius, ha estat considerada l\u2019any 2011 la marca de joguines amb m\u00e9s notorietat entre les fam\u00edlies espanyoles amb nens entre 0 i 12 anys\",\"breadcrumb\":{\"@id\":\"https:\/\/www.educaborras.com\/ca\/qui-som\/#breadcrumb\"},\"inLanguage\":\"ca\",\"potentialAction\":[{\"@type\":\"ReadAction\",\"target\":[\"https:\/\/www.educaborras.com\/ca\/qui-som\/\"]}]},{\"@type\":\"BreadcrumbList\",\"@id\":\"https:\/\/www.educaborras.com\/ca\/qui-som\/#breadcrumb\",\"itemListElement\":[{\"@type\":\"ListItem\",\"position\":1,\"name\":\"Portada\",\"item\":\"https:\/\/www.educaborras.com\/ca\/\"},{\"@type\":\"ListItem\",\"position\":2,\"name\":\"Qui som\"}]},{\"@type\":\"WebSite\",\"@id\":\"https:\/\/www.educaborras.com\/ca\/#website\",\"url\":\"https:\/\/www.educaborras.com\/ca\/\",\"name\":\"Educa Borras\",\"description\":\"\",\"publisher\":{\"@id\":\"https:\/\/www.educaborras.com\/ca\/#organization\"},\"potentialAction\":[{\"@type\":\"SearchAction\",\"target\":{\"@type\":\"EntryPoint\",\"urlTemplate\":\"https:\/\/www.educaborras.com\/ca\/?s={search_term_string}\"},\"query-input\":{\"@type\":\"PropertyValueSpecification\",\"valueRequired\":true,\"valueName\":\"search_term_string\"}}],\"inLanguage\":\"ca\"},{\"@type\":\"Organization\",\"@id\":\"https:\/\/www.educaborras.com\/ca\/#organization\",\"name\":\"Educa Borras\",\"url\":\"https:\/\/www.educaborras.com\/ca\/\",\"logo\":{\"@type\":\"ImageObject\",\"inLanguage\":\"ca\",\"@id\":\"https:\/\/www.educaborras.com\/ca\/#\/schema\/logo\/image\/\",\"url\":\"https:\/\/www.educaborras.com\/wp-content\/uploads\/cropped-LOGOS-EDUCA-BORRAS_retina.png\",\"contentUrl\":\"https:\/\/www.educaborras.com\/wp-content\/uploads\/cropped-LOGOS-EDUCA-BORRAS_retina.png\",\"caption\":\"Educa Borras\"},\"image\":{\"@id\":\"https:\/\/www.educaborras.com\/ca\/#\/schema\/logo\/image\/\"}}]}<\/script>\n<!-- \/ Yoast SEO plugin. -->","yoast_head_json":{"title":"Qui som - Educa Borras","description":"Educa Borras, empresa l\u00edder en les categories de m\u00e0gia, puzles i jocs educatius, ha estat considerada l\u2019any 2011 la marca de joguines amb m\u00e9s notorietat entre les fam\u00edlies espanyoles amb nens entre 0 i 12 anys","robots":{"index":"index","follow":"follow","max-snippet":"max-snippet:-1","max-image-preview":"max-image-preview:large","max-video-preview":"max-video-preview:-1"},"canonical":"https:\/\/www.educaborras.com\/ca\/qui-som\/","twitter_misc":{"Temps estimat de lectura":"3 minuts"},"schema":{"@context":"https:\/\/schema.org","@graph":[{"@type":"WebPage","@id":"https:\/\/www.educaborras.com\/ca\/qui-som\/","url":"https:\/\/www.educaborras.com\/ca\/qui-som\/","name":"Qui som - Educa Borras","isPartOf":{"@id":"https:\/\/www.educaborras.com\/ca\/#website"},"datePublished":"2017-09-28T06:32:50+00:00","dateModified":"2024-03-06T15:57:38+00:00","description":"Educa Borras, empresa l\u00edder en les categories de m\u00e0gia, puzles i jocs educatius, ha estat considerada l\u2019any 2011 la marca de joguines amb m\u00e9s notorietat entre les fam\u00edlies espanyoles amb nens entre 0 i 12 anys","breadcrumb":{"@id":"https:\/\/www.educaborras.com\/ca\/qui-som\/#breadcrumb"},"inLanguage":"ca","potentialAction":[{"@type":"ReadAction","target":["https:\/\/www.educaborras.com\/ca\/qui-som\/"]}]},{"@type":"BreadcrumbList","@id":"https:\/\/www.educaborras.com\/ca\/qui-som\/#breadcrumb","itemListElement":[{"@type":"ListItem","position":1,"name":"Portada","item":"https:\/\/www.educaborras.com\/ca\/"},{"@type":"ListItem","position":2,"name":"Qui som"}]},{"@type":"WebSite","@id":"https:\/\/www.educaborras.com\/ca\/#website","url":"https:\/\/www.educaborras.com\/ca\/","name":"Educa Borras","description":"","publisher":{"@id":"https:\/\/www.educaborras.com\/ca\/#organization"},"potentialAction":[{"@type":"SearchAction","target":{"@type":"EntryPoint","urlTemplate":"https:\/\/www.educaborras.com\/ca\/?s={search_term_string}"},"query-input":{"@type":"PropertyValueSpecification","valueRequired":true,"valueName":"search_term_string"}}],"inLanguage":"ca"},{"@type":"Organization","@id":"https:\/\/www.educaborras.com\/ca\/#organization","name":"Educa Borras","url":"https:\/\/www.educaborras.com\/ca\/","logo":{"@type":"ImageObject","inLanguage":"ca","@id":"https:\/\/www.educaborras.com\/ca\/#\/schema\/logo\/image\/","url":"https:\/\/www.educaborras.com\/wp-content\/uploads\/cropped-LOGOS-EDUCA-BORRAS_retina.png","contentUrl":"https:\/\/www.educaborras.com\/wp-content\/uploads\/cropped-LOGOS-EDUCA-BORRAS_retina.png","caption":"Educa Borras"},"image":{"@id":"https:\/\/www.educaborras.com\/ca\/#\/schema\/logo\/image\/"}}]}},"_links":{"self":[{"href":"https:\/\/www.educaborras.com\/ca\/wp-json\/wp\/v2\/pages\/1539","targetHints":{"allow":["GET"]}}],"collection":[{"href":"https:\/\/www.educaborras.com\/ca\/wp-json\/wp\/v2\/pages"}],"about":[{"href":"https:\/\/www.educaborras.com\/ca\/wp-json\/wp\/v2\/types\/page"}],"author":[{"embeddable":true,"href":"https:\/\/www.educaborras.com\/ca\/wp-json\/wp\/v2\/users\/1"}],"replies":[{"embeddable":true,"href":"https:\/\/www.educaborras.com\/ca\/wp-json\/wp\/v2\/comments?post=1539"}],"version-history":[{"count":0,"href":"https:\/\/www.educaborras.com\/ca\/wp-json\/wp\/v2\/pages\/1539\/revisions"}],"wp:attachment":[{"href":"https:\/\/www.educaborras.com\/ca\/wp-json\/wp\/v2\/media?parent=1539"}],"curies":[{"name":"wp","href":"https:\/\/api.w.org\/{rel}","templated":true}]}}