{"id":105,"date":"2017-06-21T15:58:42","date_gmt":"2017-06-21T15:58:42","guid":{"rendered":"http:\/\/educaborras.espaistelematics.com\/politica-de-privacitat\/"},"modified":"2021-07-22T19:15:08","modified_gmt":"2021-07-22T17:15:08","slug":"xarxes-socials","status":"publish","type":"page","link":"https:\/\/www.educaborras.com\/ca\/xarxes-socials\/","title":{"rendered":"Xarxes Socials"},"content":{"rendered":"\t\t<div data-elementor-type=\"wp-page\" data-elementor-id=\"105\" class=\"elementor elementor-105 elementor-99\" data-elementor-post-type=\"page\">\n\t\t\t\t\t\t<section class=\"elementor-section elementor-top-section elementor-element elementor-element-5c30e3f9 elementor-section-boxed elementor-section-height-default elementor-section-height-default\" data-id=\"5c30e3f9\" data-element_type=\"section\" data-e-type=\"section\">\n\t\t\t\t\t\t<div class=\"elementor-container elementor-column-gap-default\">\n\t\t\t\t\t<div class=\"elementor-column elementor-col-100 elementor-top-column elementor-element elementor-element-2c191154\" data-id=\"2c191154\" data-element_type=\"column\" data-e-type=\"column\">\n\t\t\t<div class=\"elementor-widget-wrap elementor-element-populated\">\n\t\t\t\t\t\t<div class=\"elementor-element elementor-element-570f90b3 elementor-widget elementor-widget-text-editor\" data-id=\"570f90b3\" data-element_type=\"widget\" data-e-type=\"widget\" data-widget_type=\"text-editor.default\">\n\t\t\t\t<div class=\"elementor-widget-container\">\n\t\t\t\t\t\t\t\t\t<h1>Pol\u00edtica de privacitat en les xarxes socials oficials d\u2019EDUCA BORRAS, SAU<\/h1>\n<h3>1 . Informaci\u00f3 sobre el responsable del tractament de les dades allotjades a la p\u00e0gina oficial de EDUCA BORRAS, SAU a la xarxa social<\/h3>\n<p>En compliment del que disposa la Llei Org\u00e0nica 15\/1999 , de 13 de desembre , de Protecci\u00f3 de Dades de Car\u00e0cter Personal (en endavant LOPD ) i el Reial Decret 1720 \/2007, de 21 de desembre , pel qual s&#8217;aprova el Reglament de desenvolupament de la LOPD ( en endavant, RDLOPD ) EDUCA BORRAS, SAU desitja posar en coneixement dels usuaris d&#8217;aquesta xarxa social la pol\u00edtica respecte del tractament i protecci\u00f3 de les dades de car\u00e0cter personal d&#8217;aquelles persones que volunt\u00e0riament accedeixen i utilitzen la p\u00e0gina oficial d\u2019EDUCA BORRAS, SAU en la mateixa . L&#8217;acc\u00e9s i \u00fas per l&#8217;usuari d&#8217;aquesta p\u00e0gina oficial d\u2019EDUCA BORRAS, SAU suposa que accepta expressament aquesta pol\u00edtica de privacitat i que presta el seu consentiment per al tractament de les seves dades personals segons el que preveu la mateixa .<\/p>\n<h3>2 . Dades de menors d&#8217;edat o incapa\u00e7os<\/h3>\n<p>L&#8217;acc\u00e9s i registre en aquesta xarxa social est\u00e0 prohibit als menors de catorze ( 14 ) anys , de manera que igualment queda prohibit l&#8217;acc\u00e9s i \u00fas dels menors de catorze ( 14 anys) a la p\u00e0gina oficial d\u2019EDUCA BORRAS, SAU en la mateixa . Per la seva banda, si l&#8217;usuari \u00e9s incapa\u00e7 , EDUCA BORRAS, SAU adverteix que ser\u00e0 necess\u00e0ria l&#8217;assist\u00e8ncia consentida del titular de la p\u00e0tria potestat o tutela de l&#8217;usuari o el seu representant legal per a l&#8217;acc\u00e9s i \u00fas d&#8217;aquesta p\u00e0gina oficial d\u2019EDUCA BORRAS, SAU. EDUCA BORRAS, SAU quedar\u00e0 expressament exonerada de qualsevol responsabilitat que pogu\u00e9s derivar de l&#8217;\u00fas de la seva p\u00e0gina oficial per menors i incapa\u00e7os sent aquesta responsabilitat dels seus representants legals en cada cas.<\/p>\n<h3>3 . Identificaci\u00f3 de la ra\u00f3 social del responsable del fitxer<\/h3>\n<p>L&#8217;usuari queda informat que EDUCA BORRAS, SAU, amb domicili social a C\/ OSONA, 1 &#8211; 08192 SANT QUIRZE DEL VALL\u00c8S (BARCELONA) , ostenta la condici\u00f3 de responsable dels fitxers i tractaments a trav\u00e9s dels quals es recullen i emmagatzemen les dades personals de l&#8217;usuari com a conseq\u00fc\u00e8ncia del registre i \u00fas de la p\u00e0gina oficial d\u2019EDUCA BORRAS, SAU en aquesta xarxa social , sense perjudici dels tractaments dels que \u00e9s responsable l&#8217;entitat titular de la xarxa social en qu\u00e8 es troba la nostra p\u00e0gina oficial.<\/p>\n<h3>4 . Finalitats a qu\u00e8 es destinen les dades de car\u00e0cter personal , informaci\u00f3 i consentiment<\/h3>\n<p>Les dades personals proporcionades volunt\u00e0riament per l&#8217;usuari a EDUCA BORRAS, SAU a trav\u00e9s de la seva p\u00e0gina oficial formaran part d&#8217;un tractament de dades responsabilitat d\u2019EDUCA BORRAS, SAU amb la finalitat d&#8217;oferir informaci\u00f3 d\u2019EDUCA BORRAS, SAU, per correu electr\u00f2nic , fax , SMS , MMS , comunitats socials o qualssevol altre mitj\u00e0 electr\u00f2nic o f\u00edsic , present o futur , que possibiliti realitzar comunicaci\u00f3 comercials , enviament de newsletter a aquells usuaris que es subscriguin , intercanviar informaci\u00f3 amb EDUCA BORRAS, SAU i altres usuaris i establir comunicaci\u00f3 amb tercers .<\/p>\n<p>Des del moment en qu\u00e8 l&#8217;usuari utilitza aquesta p\u00e0gina oficial presta el seu consentiment lliure , inequ\u00edvoc , espec\u00edfic , informat i expr\u00e9s per al tractament de les seves dades personals per EDUCA BORRAS, SAU per a la correcta prestaci\u00f3 d&#8217;aquests serveis d&#8217;acord amb el que estableix la present pol\u00edtica .<\/p>\n<p>L&#8217;usuari \u00e9s lliure d&#8217;utilitzar la p\u00e0gina oficial d\u2019EDUCA BORRAS, SAU en aquesta xarxa social , de manera que en cas que l&#8217;usuari no estigui d&#8217;acord amb el tractament de les seves dades amb aquestes finalitats , no ha d&#8217; utilitzar- ni proporcionar les seves dades personals .<\/p>\n<p>A trav\u00e9s d&#8217;aquesta p\u00e0gina oficial d\u2019EDUCA BORRAS, SAU l&#8217;usuari pot compartir textos , fotos , v\u00eddeos i altre tipus d&#8217;informaci\u00f3 i \/ o continguts que estaran subjectes tant a la present pol\u00edtica com a les Normes i Condicions de la Plataforma . L&#8217;usuari ser\u00e0 responsable de que tots els continguts que publiqui respectin la legislaci\u00f3 vigent , la present pol\u00edtica i les Normes de la Plataforma.<\/p>\n<p>L&#8217;usuari \u00fanicament podr\u00e0 publicar en aquesta p\u00e0gina oficial d\u2019EDUCA BORRAS, SAU dades personals , fotografies i informacions o altres continguts la titularitat i propietat li pertanyin o respecte de les quals tingui l&#8217;autoritzaci\u00f3 de tercers.<\/p>\n<p>EDUCA BORRAS, SAU tindr\u00e0 dret a eliminar d&#8217;aquesta p\u00e0gina oficial &#8211; de forma unilateral i sense pr\u00e8via comunicaci\u00f3 ni autoritzaci\u00f3 de l&#8217;usuari- qualssevol continguts publicats per l&#8217;usuari quan l&#8217;usuari infringeixi o vulneri la legislaci\u00f3 vigent, les normes establertes en aquesta pol\u00edtica i les Normes de la Plataforma.<\/p>\n<h3>5 . Identificaci\u00f3 dels destinataris respecte dels quals EDUCA BORRAS, SAU tingui previst la realitzaci\u00f3 de cessions o comunicacions de dades<\/h3>\n<p>S&#8217;adverteix a l&#8217;usuari que tota la informaci\u00f3 i continguts que publiqui a la p\u00e0gina oficial d\u2019EDUCA BORRAS, SAU a la xarxa social podr\u00e0 ser coneguda pels restants usuaris de la p\u00e0gina oficial i de la plataforma de xarxa social. En conseq\u00fc\u00e8ncia, tota la informaci\u00f3 i continguts publicats per l&#8217;usuari a la p\u00e0gina oficial d\u2019EDUCA BORRAS, SAU en aquesta xarxa social ser\u00e0 objecte de comunicaci\u00f3 de la resta dels usuaris per la pr\u00f2pia naturalesa del servei.<\/p>\n<p>EDUCA BORRAS, SAU \u00fanicament t\u00e9 prevista la realitzaci\u00f3 de cessions o comunicacions de dades que per ra\u00f3 de la normativa vigent hagi de realitzar a jutges, tribunals, administracions p\u00fabliques i autoritats competents de car\u00e0cter administratiu.<\/p>\n<h3>6 . Altres tercers prestadors de serveis<\/h3>\n<p>EDUCA BORRAS, SAU adverteix l&#8217;usuari que aquesta entitat nom\u00e9s \u00e9s responsable i garanteix la confidencialitat, seguretat i tractament de les dades d&#8217;acord amb la present pol\u00edtica, respecte de les dades de car\u00e0cter personal que reculli l&#8217;usuari a trav\u00e9s de la present p\u00e0gina oficial en aquesta xarxa social, no tenint cap tipus de responsabilitat respecte dels tractaments i posteriors utilitzacions de les dades personals que es puguin efectuar tant pel titular de la xarxa social com per tercers prestadors de serveis de la societat de la informaci\u00f3 que poguessin accedir a aquestes dades per ra\u00f3 de la prestaci\u00f3 dels seus serveis o exercici de la seva activitat, tercers que estableixin hiperenlla\u00e7os a la xarxa social, ni d&#8217;aquells responsables a qui a trav\u00e9s d&#8217;hiperenlla\u00e7os EDUCA BORRAS, SAU remet als usuaris adherits a la present p\u00e0gina oficial.<\/p>\n<h3>7 . Qualitat de les dades<\/h3>\n<p>EDUCA BORRAS, SAU adverteix l&#8217;usuari que, llevat l&#8217;exist\u00e8ncia d&#8217;una representaci\u00f3 legalment constitu\u00efda , cap usuari pot utilitzar la identitat d&#8217;una altra persona i comunicar les seves dades personals, de manera que l&#8217; usuari en tot moment haur\u00e0 de tenir en compte que nom\u00e9s pot proporcionar dades personals corresponents a la seva pr\u00f2pia identitat i que siguin adequades, pertinents, actuals, exactes i veritables. En qualsevol cas, l&#8217;usuari haur\u00e0 de respectar la privacitat de tercers, siguin aquests usuaris o no de la xarxa social o de la p\u00e0gina oficial d\u2019EDUCA BORRAS, SAU en la mateixa.<\/p>\n<h3>8 . Exercici dels drets d&#8217;acc\u00e9s , rectificaci\u00f3 , cancel\u00b7laci\u00f3 i oposici\u00f3 de les dades<\/h3>\n<p>EDUCA BORRAS, SAU informa a l&#8217;usuari de la possibilitat d&#8217; exercir els drets d&#8217; acc\u00e9s , rectificaci\u00f3 , cancel\u00b7laci\u00f3 i oposici\u00f3 mitjan\u00e7ant sol \u00b7 licitud escrita dirigida a EDUCA BORRAS, SAU amb domicili social a C\/ OSONA, 1 &#8211; 08192 SANT QUIRZE DEL VALL\u00c8S (BARCELONA), o aquella que li substitueixi i es comuniqui al Registre General de Protecci\u00f3 de Dades. A aquests efectes, l&#8217;interessat haur\u00e0 d&#8217;enviar a EDUCA BORRAS, SAU la comunicaci\u00f3 escrita indicant la petici\u00f3 o dret que exercita juntament amb una c\u00f2pia del seu DNI o document v\u00e0lid en dret que acrediti la seva identitat, indicant expressament el seu nom d&#8217;usuari a la p\u00e0gina oficial d\u2019EDUCA BORRAS, SAU en la xarxa social, per tal d&#8217;identificar inequ\u00edvocament.<\/p>\n<h3>9 . Altra informaci\u00f3 d&#8217;inter\u00e8s<\/h3>\n<p>EDUCA BORRAS, SAU podr\u00e0 modificar i \/ o substituir en qualsevol moment la present pol\u00edtica que, segons els casos, substituir\u00e0, completar\u00e0 i\/o modificar\u00e0 la actualment publicada aqu\u00ed recollida. Per aix\u00f2 l&#8217;usuari haur\u00e0 d&#8217;accedir peri\u00f2dicament a aquestes per tal de mantenir actualitzat .<\/p>\n<p>L&#8217;usuari pot contactar amb EDUCA BORRAS, SAU mitjan\u00e7ant el servei de missatgeria interna de la xarxa social o a trav\u00e9s de les seg\u00fcents adreces i dades de contacte:<br>\nEDUCA BORRAS, SAU<br>\nDomicili: C\/ OSONA, 1 &#8211; 08192 SANT QUIRZE DEL VALL\u00c8S (BARCELONA)<br>\nEmail: marketing@educaborras.com<\/p>\n<p>Aix\u00ed mateix l&#8217; usuari pot consultar les normes i pol\u00edtiques publicades pel titular de la xarxa social per a l&#8217;\u00fas de la mateixa.<\/p>\t\t\t\t\t\t\t\t<\/div>\n\t\t\t\t<\/div>\n\t\t\t\t\t<\/div>\n\t\t<\/div>\n\t\t\t\t\t<\/div>\n\t\t<\/section>\n\t\t\t\t<\/div>\n\t\t","protected":false},"excerpt":{"rendered":"<p>Pol\u00edtica de privacitat en les xarxes socials oficials d\u2019EDUCA BORRAS, SAU 1 . Informaci\u00f3 sobre el responsable del tractament de les dades allotjades a la p\u00e0gina oficial de EDUCA BORRAS, SAU a la xarxa social En compliment del que disposa la Llei Org\u00e0nica 15\/1999 , de 13 de desembre , de Protecci\u00f3 de Dades de &#8230; <a title=\"Xarxes Socials\" class=\"read-more\" href=\"https:\/\/www.educaborras.com\/ca\/xarxes-socials\/\" aria-label=\"M\u00e9s informaci\u00f3 sobre Xarxes Socials\">Llegiu m\u00e9s<\/a><\/p>\n","protected":false},"author":1,"featured_media":0,"parent":0,"menu_order":0,"comment_status":"closed","ping_status":"closed","template":"","meta":{"_acf_changed":false,"footnotes":""},"class_list":["post-105","page","type-page","status-publish"],"acf":[],"yoast_head":"<!-- This site is optimized with the Yoast SEO plugin v27.1.1 - https:\/\/yoast.com\/product\/yoast-seo-wordpress\/ -->\n<title>Xarxes Socials - Educa Borras<\/title>\n<meta name=\"robots\" content=\"index, follow, max-snippet:-1, max-image-preview:large, max-video-preview:-1\" \/>\n<link rel=\"canonical\" href=\"https:\/\/www.educaborras.com\/ca\/xarxes-socials\/\" \/>\n<meta name=\"twitter:label1\" content=\"Temps estimat de lectura\" \/>\n\t<meta name=\"twitter:data1\" content=\"7 minuts\" \/>\n<script type=\"application\/ld+json\" class=\"yoast-schema-graph\">{\"@context\":\"https:\/\/schema.org\",\"@graph\":[{\"@type\":\"WebPage\",\"@id\":\"https:\/\/www.educaborras.com\/ca\/xarxes-socials\/\",\"url\":\"https:\/\/www.educaborras.com\/ca\/xarxes-socials\/\",\"name\":\"Xarxes Socials - Educa Borras\",\"isPartOf\":{\"@id\":\"https:\/\/www.educaborras.com\/ca\/#website\"},\"datePublished\":\"2017-06-21T15:58:42+00:00\",\"dateModified\":\"2021-07-22T17:15:08+00:00\",\"breadcrumb\":{\"@id\":\"https:\/\/www.educaborras.com\/ca\/xarxes-socials\/#breadcrumb\"},\"inLanguage\":\"ca\",\"potentialAction\":[{\"@type\":\"ReadAction\",\"target\":[\"https:\/\/www.educaborras.com\/ca\/xarxes-socials\/\"]}]},{\"@type\":\"BreadcrumbList\",\"@id\":\"https:\/\/www.educaborras.com\/ca\/xarxes-socials\/#breadcrumb\",\"itemListElement\":[{\"@type\":\"ListItem\",\"position\":1,\"name\":\"Portada\",\"item\":\"https:\/\/www.educaborras.com\/ca\/\"},{\"@type\":\"ListItem\",\"position\":2,\"name\":\"Xarxes Socials\"}]},{\"@type\":\"WebSite\",\"@id\":\"https:\/\/www.educaborras.com\/ca\/#website\",\"url\":\"https:\/\/www.educaborras.com\/ca\/\",\"name\":\"Educa Borras\",\"description\":\"\",\"publisher\":{\"@id\":\"https:\/\/www.educaborras.com\/ca\/#organization\"},\"potentialAction\":[{\"@type\":\"SearchAction\",\"target\":{\"@type\":\"EntryPoint\",\"urlTemplate\":\"https:\/\/www.educaborras.com\/ca\/?s={search_term_string}\"},\"query-input\":{\"@type\":\"PropertyValueSpecification\",\"valueRequired\":true,\"valueName\":\"search_term_string\"}}],\"inLanguage\":\"ca\"},{\"@type\":\"Organization\",\"@id\":\"https:\/\/www.educaborras.com\/ca\/#organization\",\"name\":\"Educa Borras\",\"url\":\"https:\/\/www.educaborras.com\/ca\/\",\"logo\":{\"@type\":\"ImageObject\",\"inLanguage\":\"ca\",\"@id\":\"https:\/\/www.educaborras.com\/ca\/#\/schema\/logo\/image\/\",\"url\":\"https:\/\/www.educaborras.com\/wp-content\/uploads\/cropped-LOGOS-EDUCA-BORRAS_retina.png\",\"contentUrl\":\"https:\/\/www.educaborras.com\/wp-content\/uploads\/cropped-LOGOS-EDUCA-BORRAS_retina.png\",\"caption\":\"Educa Borras\"},\"image\":{\"@id\":\"https:\/\/www.educaborras.com\/ca\/#\/schema\/logo\/image\/\"}}]}<\/script>\n<!-- \/ Yoast SEO plugin. -->","yoast_head_json":{"title":"Xarxes Socials - Educa Borras","robots":{"index":"index","follow":"follow","max-snippet":"max-snippet:-1","max-image-preview":"max-image-preview:large","max-video-preview":"max-video-preview:-1"},"canonical":"https:\/\/www.educaborras.com\/ca\/xarxes-socials\/","twitter_misc":{"Temps estimat de lectura":"7 minuts"},"schema":{"@context":"https:\/\/schema.org","@graph":[{"@type":"WebPage","@id":"https:\/\/www.educaborras.com\/ca\/xarxes-socials\/","url":"https:\/\/www.educaborras.com\/ca\/xarxes-socials\/","name":"Xarxes Socials - Educa Borras","isPartOf":{"@id":"https:\/\/www.educaborras.com\/ca\/#website"},"datePublished":"2017-06-21T15:58:42+00:00","dateModified":"2021-07-22T17:15:08+00:00","breadcrumb":{"@id":"https:\/\/www.educaborras.com\/ca\/xarxes-socials\/#breadcrumb"},"inLanguage":"ca","potentialAction":[{"@type":"ReadAction","target":["https:\/\/www.educaborras.com\/ca\/xarxes-socials\/"]}]},{"@type":"BreadcrumbList","@id":"https:\/\/www.educaborras.com\/ca\/xarxes-socials\/#breadcrumb","itemListElement":[{"@type":"ListItem","position":1,"name":"Portada","item":"https:\/\/www.educaborras.com\/ca\/"},{"@type":"ListItem","position":2,"name":"Xarxes Socials"}]},{"@type":"WebSite","@id":"https:\/\/www.educaborras.com\/ca\/#website","url":"https:\/\/www.educaborras.com\/ca\/","name":"Educa Borras","description":"","publisher":{"@id":"https:\/\/www.educaborras.com\/ca\/#organization"},"potentialAction":[{"@type":"SearchAction","target":{"@type":"EntryPoint","urlTemplate":"https:\/\/www.educaborras.com\/ca\/?s={search_term_string}"},"query-input":{"@type":"PropertyValueSpecification","valueRequired":true,"valueName":"search_term_string"}}],"inLanguage":"ca"},{"@type":"Organization","@id":"https:\/\/www.educaborras.com\/ca\/#organization","name":"Educa Borras","url":"https:\/\/www.educaborras.com\/ca\/","logo":{"@type":"ImageObject","inLanguage":"ca","@id":"https:\/\/www.educaborras.com\/ca\/#\/schema\/logo\/image\/","url":"https:\/\/www.educaborras.com\/wp-content\/uploads\/cropped-LOGOS-EDUCA-BORRAS_retina.png","contentUrl":"https:\/\/www.educaborras.com\/wp-content\/uploads\/cropped-LOGOS-EDUCA-BORRAS_retina.png","caption":"Educa Borras"},"image":{"@id":"https:\/\/www.educaborras.com\/ca\/#\/schema\/logo\/image\/"}}]}},"_links":{"self":[{"href":"https:\/\/www.educaborras.com\/ca\/wp-json\/wp\/v2\/pages\/105","targetHints":{"allow":["GET"]}}],"collection":[{"href":"https:\/\/www.educaborras.com\/ca\/wp-json\/wp\/v2\/pages"}],"about":[{"href":"https:\/\/www.educaborras.com\/ca\/wp-json\/wp\/v2\/types\/page"}],"author":[{"embeddable":true,"href":"https:\/\/www.educaborras.com\/ca\/wp-json\/wp\/v2\/users\/1"}],"replies":[{"embeddable":true,"href":"https:\/\/www.educaborras.com\/ca\/wp-json\/wp\/v2\/comments?post=105"}],"version-history":[{"count":0,"href":"https:\/\/www.educaborras.com\/ca\/wp-json\/wp\/v2\/pages\/105\/revisions"}],"wp:attachment":[{"href":"https:\/\/www.educaborras.com\/ca\/wp-json\/wp\/v2\/media?parent=105"}],"curies":[{"name":"wp","href":"https:\/\/api.w.org\/{rel}","templated":true}]}}